{"id":946,"date":"2019-08-31T09:33:32","date_gmt":"2019-08-31T07:33:32","guid":{"rendered":"http:\/\/esomus.com\/?page_id=946"},"modified":"2019-10-21T14:23:55","modified_gmt":"2019-10-21T12:23:55","slug":"plan-interne-urgence","status":"publish","type":"page","link":"https:\/\/esomus.com\/index.php\/plan-interne-urgence\/","title":{"rendered":"Plan Interne d&#8217;urgence"},"content":{"rendered":"\n<h1 style=\"text-align:center\" class=\"ticss-124f72ba wp-block-heading\"><strong>Acc\u00e9dez facilement \u00e0 votre plan interne d&#8217;urgence<\/strong><\/h1>\n\n\n\n<figure><div id=\"metaslider-id-3071\" style=\"width: 100%;\" class=\"ml-slider-3-107-0 metaslider metaslider-flex metaslider-3071 ml-slider has-dots-nav ms-theme-default\" role=\"region\" aria-label=\"plan d urgence\" data-height=\"300\" data-width=\"700\">\n    <div id=\"metaslider_container_3071\">\n        <div id=\"metaslider_3071\">\n            <ul class='slides'>\n                <li style=\"display: block; width: 100%;\" class=\"slide-3075 ms-image \" aria-roledescription=\"slide\" data-date=\"2019-09-22 10:12:42\" data-filename=\"collector-3930337_1280-700x300.jpg\" data-slide-type=\"image\"><img data-recalc-dims=\"1\" loading=\"lazy\" decoding=\"async\" src=\"https:\/\/i0.wp.com\/esomus.com\/wp-content\/uploads\/2019\/09\/collector-3930337_1280.jpg?resize=700%2C300&#038;ssl=1\" height=\"300\" width=\"700\" alt=\"Votre plan d&#039;urgence n&#039;est pas jour !!!\" class=\"slider-3071 slide-3075 msDefaultImage\" title=\"Votre plan d&#039;urgence n&#039;est pas jour !!!\" \/><div class=\"caption-wrap\"><div class=\"caption\">Votre plan d'urgence n'est pas jour !!!<\/div><\/div><\/li>\n                <li style=\"display: none; width: 100%;\" class=\"slide-3076 ms-image \" aria-roledescription=\"slide\" data-date=\"2019-09-22 10:12:42\" data-filename=\"time-371226_1280-700x300.jpg\" data-slide-type=\"image\"><img data-recalc-dims=\"1\" loading=\"lazy\" decoding=\"async\" src=\"https:\/\/i0.wp.com\/esomus.com\/wp-content\/uploads\/2019\/09\/time-371226_1280.jpg?resize=700%2C300&#038;ssl=1\" height=\"300\" width=\"700\" alt=\"Il est important de l&#039;avoir toujours \u00e0 jour ...\" class=\"slider-3071 slide-3076 msDefaultImage\" title=\"Il est important de l&#039;avoir toujours \u00e0 jour ...\" \/><div class=\"caption-wrap\"><div class=\"caption\">Il est important de l'avoir toujours \u00e0 jour<\/div><\/div><\/li>\n                <li style=\"display: none; width: 100%;\" class=\"slide-3077 ms-image \" aria-roledescription=\"slide\" data-date=\"2019-09-22 10:12:43\" data-filename=\"fire-2498795_1280-700x300.jpg\" data-slide-type=\"image\"><img data-recalc-dims=\"1\" loading=\"lazy\" decoding=\"async\" src=\"https:\/\/i0.wp.com\/esomus.com\/wp-content\/uploads\/2019\/09\/fire-2498795_1280.jpg?resize=700%2C300&#038;ssl=1\" height=\"300\" width=\"700\" alt=\"Les services de secours en ont besoin pour vous secourir rapidement et efficacement !!!\" class=\"slider-3071 slide-3077 msDefaultImage\" title=\"Les services de secours en ont besoin pour vous secourir rapidement et efficacement !!!\" \/><div class=\"caption-wrap\"><div class=\"caption\">Les services de secours en ont besoin !!!<\/div><\/div><\/li>\n            <\/ul>\n        <\/div>\n        \n    <\/div>\n<\/div><\/figure>\n\n\n\n<h2 class=\"wp-block-heading\" style=\"text-align:center\">Votre plan interne d&#8217;urgence (PIU) est-il \u00e0 jour ?<\/h2>\n\n\n\n<p style=\"color:#6b6b6b;text-align:center\" class=\"has-text-color has-medium-font-size\">Votre soci\u00e9t\u00e9 a oubli\u00e9 de renvoyer le plan d&#8217;urgence aux services de secours comme le pr\u00e9voit la loi ?  Pour chaque b\u00e2timent, le PIU peut \u00eatre int\u00e9gr\u00e9 dans votre ESOMUS. D\u00e8s que votre PIU est \u00e0 jour, il est possible de le faire parvenir aux pompiers.<\/p>\n\n\n\n<h2 class=\"wp-block-heading\" style=\"text-align:center\">Et si ESOMUS automatisait votre plan interne d&#8217;urgence ?<\/h2>\n\n\n\n<p style=\"color:#6a6a6a;text-align:center\" class=\"has-text-color has-medium-font-size\"><strong>ESOMUS<\/strong>, de par son module &#8220;Plan Interne d&#8217;urgence&#8221; <strong>automatise sa g\u00e9n\u00e9ration<\/strong> et fait en sorte que vous n&#8217;oubliez plus sa mise \u00e0 jour. <strong><em>En temps r\u00e9el, le PIU va se modifier de par lui-m\u00eame par l&#8217;ajout, le d\u00e9placement de tout \u00e9quipement \u00e0 risques de votre entreprise.<\/em><\/strong><\/p>\n\n\n\n<h2 style=\"text-align:center\" class=\"ticss-41557681 wp-block-heading\"><span style=\"color: #2F65B0;\">Envoyez votre plan d&#8217;urgence<\/span><br><span style=\"color: #2F65B0;\">aux services de secours comme le pr\u00e9voit la loi.<\/span><\/h2>\n\n\n\n<p style=\"text-align:center\" class=\"has-medium-font-size\">En cas d&#8217;incident, vous pourrez envoyer le dernier PIU aux services de secours, ainsi ils pourront anticiper le risque li\u00e9 \u00e0 votre entreprise. <strong>Ces informations sont cruciales pour eux !<\/strong><\/p>\n\n\n\n\n\n<h3 class=\"wp-block-heading\" style=\"text-align:center\"><span style=\"color: #800000;\"><strong>Votre entreprise a de la valeur, ne la n\u00e9gligez pas !!!<\/strong><\/span><\/h3>\n\n\n\n\n\n\n\n\n<style id=\"ea_dynamic_css947\">#sp-ea-947 .spcollapsing{height: 0; overflow: hidden; transition-property: height; transition-duration: 10ms;}#sp-ea-947.sp-easy-accordion>.sp-ea-single.eap_inactive>.ea-header a {background-color: #bb0000 !important; color: #fff !important;}#sp-ea-947.sp-easy-accordion>.sp-ea-single{ margin-bottom: 10px; border: 1px none #2f65b0; border-radius: 0;}#sp-ea-947.sp-easy-accordion>.sp-ea-single.ea-expand{ border-color: #2f65b0;}#sp-ea-947.sp-easy-accordion>.sp-ea-single:hover{ border-color: #2f65b0;}#sp-ea-947.sp-easy-accordion>.sp-ea-single>.ea-header a {background: #ffffff;}#sp-ea-947.sp-easy-accordion>.sp-ea-single.ea-expand>.ea-header a {background: #ffffff;}#sp-ea-947.sp-easy-accordion>.sp-ea-single>.ea-header:hover a {background: #ffffff;}#sp-ea-947.sp-easy-accordion>.sp-ea-single>.ea-header a .eap-title-icon { color: #dd3333;font-size: 20px;} #sp-ea-947.sp-easy-accordion>.sp-ea-single>.ea-header a .eap-title-custom-icon {max-width: 20px;}#sp-ea-947.sp-easy-accordion>.sp-ea-single>.ea-header:hover a .eap-title-icon {color: #dd3333;}#sp-ea-947.sp-easy-accordion>.sp-ea-single.ea-expand>.ea-header a .eap-title-icon {color: #dd3333;}#sp-ea-947.sp-easy-accordion>.sp-ea-single>.ea-header a {padding: 15px 15px 15px 15px; color: #444; font-size: 20px; line-height: 30px; text-align: left; letter-spacing: 0px; text-transform: none;}#sp-ea-947.sp-easy-accordion>.sp-ea-single>.ea-header:hover a {color: #444;}#sp-ea-947.sp-easy-accordion>.sp-ea-single.ea-expand>.ea-header a {color: #444;}#sp-ea-947.sp-easy-accordion>.sp-ea-single>.sp-collapse>.ea-body p,#sp-ea-947.sp-easy-accordion>.sp-ea-single>.sp-collapse>.ea-body{background: #fff; padding: 15px 15px 15px 15px; border-radius: 0 0 0 0; color: #444; font-size: 16px; text-align: left; letter-spacing: 0px; line-height: 26px; animation-delay: 200ms; text-transform: none;}#sp-ea-947.sp-easy-accordion>.sp-ea-single>.ea-header a .ea-expand-icon.fa:before {color: #ffffff; font-size: 16px; font-style: normal;}#sp-ea-947.sp-easy-accordion>.sp-ea-single>.ea-header:hover a .ea-expand-icon.fa:before {color: #ffffff;}#sp-ea-947.sp-easy-accordion>.sp-ea-single.ea-expand>.ea-header a .ea-expand-icon.fa:before {color: #ffffff;}#sp-ea-947.sp-easy-accordion>.sp-ea-single>.ea-header a {border-radius: 0;}#sp-ea-947.sp-easy-accordion>.sp-ea-single>.ea-header a .sp-numbering .ea-expand-icon {background: none;}#sp-ea-947.sp-easy-accordion>.sp-ea-single>.ea-header a .sp-numbering {background: #2f65b0; color: #ffffff; line-height: 56px;}#sp-ea-947.sp-easy-accordion>.sp-ea-single>.ea-header:hover a .sp-numbering {background: #2f65b0; color: #ffffff;}#sp-ea-947.sp-easy-accordion>.sp-ea-single.ea-expand>.ea-header a .sp-numbering {background: #2f65b0; color: #ffffff;}#sp-ea-947.sp-easy-accordion>.sp-ea-single{background: none; overflow: visible;}#sp-ea-947.sp-easy-accordion>.sp-ea-single>.ea-header a .sp-numbering {line-height: 60px; color: #ffffff; background: #2f65b0; top: 0;}#sp-ea-947.sp-easy-accordion>.sp-ea-single>.ea-header:hover a .sp-numbering {color: #ffffff; background: #2f65b0;}#sp-ea-947.sp-easy-accordion>.sp-ea-single.ea-expand>.ea-header a .sp-numbering {color: #ffffff; background: #2f65b0;}#sp-ea-947 #eap_faq_search_bar_container {display:none; opacity:0;}#sp-ea-947 #eap_faq_search_bar_container span::before{content:\"\";}#sp-ea-947.sp-easy-accordion>.sp-ea-single>.sp-collapse>.ea-body p{ padding:0px}#sp-ea-947>.sp-ea-single>.sp-collapse>.ea-body .eap-product-price {color: #444;}#sp-ea-947.sp-easy-accordion>.sp-ea-single>.sp-collapse>.ea-body .eap-product-price del{color: rgba(68,68,68,0.71);}#sp-ea-947.sp-easy-accordion>.sp-ea-single>.sp-collapse>.ea-body .eap-product-cart-button .woocommerce a { border: 1px solid #DAD6DA;border-radius: 2px;background-color: transparent;color: #444;}#sp-ea-947.sp-easy-accordion>.sp-ea-single>.sp-collapse>.ea-body .eap-product-cart-button .woocommerce a:hover { border-color: #444;background-color: #444;color: #fff;}#sp-ea-947.sp-easy-accordion>.sp-ea-single>>.sp-collapse>.ea-body .eap-product-cart-button .eap-product-quantity .eap_input_text {border: 1px solid #DAD6DA;}#sp-ea-947.sp-easy-accordion>.sp-ea-single>.sp-collapse>.ea-body .eap-product-cart-button a.add_to_cart_button{position: relative;}<\/style><div id=\"sp-eap-accordion-section-947\" class=\"sp-eap-container\"><div id=\"sp-ea-947\" class=\"sp-ea-fourteen sp-ea-thirteen sp-easy-accordion \" data-ex-icon=\"fa-chevron-right\" data-col-icon=\"fa-chevron-down\" data-ea-active=\"ea-hover\" data-ea-mode=\"vertical\" data-ea-multi-column=\"\" data-ea-coll=\"\" data-keep-accordion=\"\" data-autoclose=\"\" data-preloader=\"\" data-scroll-active-item=\"\" data-offset-to-scroll=\"0\" data-autoplaytime=\"3000\" data-expand=\"\" data-post-id=\"947\" >\t<div class=\"ea-card  sp-ea-single\"  data-accordion-id= \"0\">\n\n\t\t<h2 class=\"ea-header\">\n\t\t\t<a class=\"collapsed\" data-sptoggle=\"spcollapse\" rel=\"nofollow\" data-sptarget=\"#collapse9470\" href=\"#\" data-title=\"efaq-zut-mon-plan-durgence\" aria-expanded=\"false\">\n\t\t\t\t<span class=\"sp-numbering\"> <i class=\"ea-expand-icon fa fa-chevron-down\"><\/i> <\/span>  Zut, mon plan d'urgence !!\t\t\t<\/a>\n\t\t<\/h2>\n\n\t\t<div class=\"sp-collapse spcollapse spcollapse\" id=\"collapse9470\" data-parent=\"#sp-ea-947\">\n\t\t<div class=\"ea-body\"> \n<div class=\"ea-content-wrapper animated fadeIn\"> \n\t<p>Oubli, pas en ordre, vous devez envoyer votre PIU rapidement.<br \/>\nGr\u00e2ce \u00e0 <strong>ESOMUS<\/strong>, vous pourrez l'alimenter automatiquement et en cas de besoin, l'envoyer aux service de secours en direct.<br \/>\nIls pourront vous assister plus rapidement et plus efficacement car ils sauront, gr\u00e2ce \u00e0 votre PIU, <a href=\"http:\/\/esomus.com\/index.php\/cadastre\/\" target=\"_blank\" rel=\"noopener\">o\u00f9 se trouvent<\/a> toutes vos installations, les coupures d\u2019\u00e9nergies, et bien d'autres ...<\/p>\n<\/div>\n<\/div>\n\t\t\t<\/div>\n\t<\/div>\n\t\t<div class=\"ea-card  sp-ea-single\"  data-accordion-id= \"1\">\n\n\t\t<h2 class=\"ea-header\">\n\t\t\t<a class=\"collapsed\" data-sptoggle=\"spcollapse\" rel=\"nofollow\" data-sptarget=\"#collapse9471\" href=\"#\" data-title=\"efaq-esomus-fait-il-lui-meme-mon-piu\" aria-expanded=\"false\">\n\t\t\t\t<span class=\"sp-numbering\"> <i class=\"ea-expand-icon fa fa-chevron-down\"><\/i> <\/span>  ESOMUS fait-il lui m\u00eame mon PIU ?\t\t\t<\/a>\n\t\t<\/h2>\n\n\t\t<div class=\"sp-collapse spcollapse spcollapse\" id=\"collapse9471\" data-parent=\"#sp-ea-947\">\n\t\t<div class=\"ea-body\"> \n<div class=\"ea-content-wrapper animated fadeIn\"> \n\t<p><strong>ESOMUS<\/strong>, gr\u00e2ce \u00e0 son module PIU, lors de l'<a href=\"http:\/\/esomus.com\/index.php\/cadastre\/\" target=\"_blank\" rel=\"noopener\">ajout d\u2019\u00e9quipement<\/a> dans un local, le PIU va s'incr\u00e9menter\u00a0 et en cas de d\u00e9placement de l'\u00e9quipement, il va aussi se modifier <a href=\"http:\/\/esomus.com\/index.php\/temps-reel\/\" target=\"_blank\" rel=\"noopener\">en temps r\u00e9el<\/a>.<br \/>\nN\u00e9anmoins, vous devrez quand m\u00eame encoder quelques informations de base.<\/p>\n<\/div>\n<\/div>\n\t\t\t<\/div>\n\t<\/div>\n\t\t<div class=\"ea-card  sp-ea-single\"  data-accordion-id= \"2\">\n\n\t\t<h2 class=\"ea-header\">\n\t\t\t<a class=\"collapsed\" data-sptoggle=\"spcollapse\" rel=\"nofollow\" data-sptarget=\"#collapse9472\" href=\"#\" data-title=\"efaq-comment-les-pompiers-peuvent-ils-recevoir-mon-piu\" aria-expanded=\"false\">\n\t\t\t\t<span class=\"sp-numbering\"> <i class=\"ea-expand-icon fa fa-chevron-down\"><\/i> <\/span>  Comment les pompiers peuvent-ils recevoir mon PIU ?\t\t\t<\/a>\n\t\t<\/h2>\n\n\t\t<div class=\"sp-collapse spcollapse spcollapse\" id=\"collapse9472\" data-parent=\"#sp-ea-947\">\n\t\t<div class=\"ea-body\"> \n<div class=\"ea-content-wrapper animated fadeIn\"> \n\t<p>Vous pouvez fournir un acc\u00e8s sp\u00e9cifique <strong>ESOMUS <\/strong>aux services de secours<em><span style=\"color: #333399;\">.<\/span><strong><span style=\"color: #333399;\"><br \/>\n<\/span><\/strong><\/em><span style=\"color: #333333;\">Ainsi, ils pourront anticiper leur intervention et vous garantir une prise en charge plus rapide<\/span><em><strong><span style=\"color: #333399;\">.<br \/>\n<\/span><\/strong><\/em><em><strong><span style=\"color: #333399;\"><br \/>\n<\/span><\/strong><\/em><\/p>\n<\/div>\n<\/div>\n\t\t\t<\/div>\n\t<\/div>\n\t<\/div><\/div>\n\n\n\n\n\n<div class=\"wp-block-button alignright\"><a class=\"wp-block-button__link has-text-color has-background\" href=\"https:\/\/www.esomus.com\" style=\"background-color:#2f65b0;color:#ffffff\">Retour accueil<\/a><\/div>\n","protected":false},"excerpt":{"rendered":"<p>Acc\u00e9dez facilement \u00e0 votre plan interne d&#8217;urgence Votre plan interne d&#8217;urgence (PIU) est-il \u00e0 jour ? Votre soci\u00e9t\u00e9 a oubli\u00e9 de renvoyer le plan d&#8217;urgence aux services de secours comme le pr\u00e9voit la loi ? Pour chaque b\u00e2timent, le PIU peut \u00eatre int\u00e9gr\u00e9 dans votre ESOMUS. D\u00e8s que votre PIU est \u00e0 jour, il est&hellip; <br \/> <a class=\"read-more\" href=\"https:\/\/esomus.com\/index.php\/plan-interne-urgence\/\">Lire la suite<\/a><\/p>\n","protected":false},"author":1,"featured_media":0,"parent":0,"menu_order":0,"comment_status":"closed","ping_status":"closed","template":"","meta":{"_seopress_robots_primary_cat":"","_seopress_titles_title":"Avez-vous mis \u00e0 jour, votre plan interne d&#039;urgence !!!","_seopress_titles_desc":"ESOMUS, de par son module &quot;Plan Interne d&#039;urgence&quot; automatise l&#039;encodage et fait en sorte que vous n&#039;oublier plus sa mise \u00e0 jour et l&#039;envoi du document.\r\nEn temps r\u00e9el, le PIU va se modifier de par lui-m\u00eame par l&#039;ajout, le d\u00e9placement de tout  \u00e9quipements \u00e0 risques de votre entreprise.\r\nEn cas d&#039;incident, vous  pourrez envoyer le dernier PIU au service de secours directement, ainsi  il pourront anticiper le risque li\u00e9 \u00e0 votre entreprise.  ","_seopress_robots_index":"","_themeisle_gutenberg_block_has_review":false,"footnotes":""},"class_list":["post-946","page","type-page","status-publish","hentry"],"jetpack_sharing_enabled":true,"_links":{"self":[{"href":"https:\/\/esomus.com\/index.php\/wp-json\/wp\/v2\/pages\/946","targetHints":{"allow":["GET"]}}],"collection":[{"href":"https:\/\/esomus.com\/index.php\/wp-json\/wp\/v2\/pages"}],"about":[{"href":"https:\/\/esomus.com\/index.php\/wp-json\/wp\/v2\/types\/page"}],"author":[{"embeddable":true,"href":"https:\/\/esomus.com\/index.php\/wp-json\/wp\/v2\/users\/1"}],"replies":[{"embeddable":true,"href":"https:\/\/esomus.com\/index.php\/wp-json\/wp\/v2\/comments?post=946"}],"version-history":[{"count":22,"href":"https:\/\/esomus.com\/index.php\/wp-json\/wp\/v2\/pages\/946\/revisions"}],"predecessor-version":[{"id":4560,"href":"https:\/\/esomus.com\/index.php\/wp-json\/wp\/v2\/pages\/946\/revisions\/4560"}],"wp:attachment":[{"href":"https:\/\/esomus.com\/index.php\/wp-json\/wp\/v2\/media?parent=946"}],"curies":[{"name":"wp","href":"https:\/\/api.w.org\/{rel}","templated":true}]}}