{"id":941,"date":"2019-08-31T09:29:15","date_gmt":"2019-08-31T07:29:15","guid":{"rendered":"http:\/\/esomus.com\/?page_id=941"},"modified":"2019-10-12T14:11:58","modified_gmt":"2019-10-12T12:11:58","slug":"vehicules","status":"publish","type":"page","link":"https:\/\/esomus.com\/index.php\/vehicules\/","title":{"rendered":"V\u00e9hicules"},"content":{"rendered":"\n<h1 style=\"text-align:center\" class=\"ticss-c70388d3 wp-block-heading\"><strong>La gestion de votre flotte v\u00e9hicules est importante \u00e0 tout niveau !<\/strong><\/h1>\n\n\n\n<ul class=\"wp-block-gallery columns-3 is-cropped wp-block-gallery-1 is-layout-flex wp-block-gallery-is-layout-flex\"><li class=\"blocks-gallery-item\"><figure><img data-recalc-dims=\"1\" loading=\"lazy\" decoding=\"async\" width=\"1024\" height=\"682\" src=\"https:\/\/i0.wp.com\/newsite.ESOMUS.com\/wp-content\/uploads\/2019\/09\/bmw-918408_1280a-1024x682.jpg?resize=1024%2C682\" alt=\"\" data-id=\"1596\" data-link=\"http:\/\/newsite.ESOMUS.com\/index.php\/vehicules\/bmw-918408_1280a\/\" class=\"wp-image-1596\" srcset=\"https:\/\/i0.wp.com\/esomus.com\/wp-content\/uploads\/2019\/09\/bmw-918408_1280a.jpg?resize=1024%2C682&amp;ssl=1 1024w, https:\/\/i0.wp.com\/esomus.com\/wp-content\/uploads\/2019\/09\/bmw-918408_1280a.jpg?resize=300%2C200&amp;ssl=1 300w, https:\/\/i0.wp.com\/esomus.com\/wp-content\/uploads\/2019\/09\/bmw-918408_1280a.jpg?resize=768%2C512&amp;ssl=1 768w, https:\/\/i0.wp.com\/esomus.com\/wp-content\/uploads\/2019\/09\/bmw-918408_1280a.jpg?w=1280&amp;ssl=1 1280w\" sizes=\"auto, (max-width: 1024px) 100vw, 1024px\" \/><\/figure><\/li><li class=\"blocks-gallery-item\"><figure><img data-recalc-dims=\"1\" loading=\"lazy\" decoding=\"async\" width=\"1024\" height=\"666\" src=\"https:\/\/i0.wp.com\/newsite.ESOMUS.com\/wp-content\/uploads\/2019\/09\/fire-1006924_1280-1024x666.jpg?resize=1024%2C666\" alt=\"\" data-id=\"1594\" data-link=\"http:\/\/newsite.ESOMUS.com\/index.php\/vehicules\/fire-1006924_1280\/\" class=\"wp-image-1594\" srcset=\"https:\/\/i0.wp.com\/esomus.com\/wp-content\/uploads\/2019\/09\/fire-1006924_1280.jpg?resize=1024%2C666&amp;ssl=1 1024w, https:\/\/i0.wp.com\/esomus.com\/wp-content\/uploads\/2019\/09\/fire-1006924_1280.jpg?resize=300%2C195&amp;ssl=1 300w, https:\/\/i0.wp.com\/esomus.com\/wp-content\/uploads\/2019\/09\/fire-1006924_1280.jpg?resize=768%2C500&amp;ssl=1 768w, https:\/\/i0.wp.com\/esomus.com\/wp-content\/uploads\/2019\/09\/fire-1006924_1280.jpg?w=1280&amp;ssl=1 1280w\" sizes=\"auto, (max-width: 1024px) 100vw, 1024px\" \/><\/figure><\/li><li class=\"blocks-gallery-item\"><figure><img data-recalc-dims=\"1\" loading=\"lazy\" decoding=\"async\" width=\"1024\" height=\"682\" src=\"https:\/\/i0.wp.com\/newsite.ESOMUS.com\/wp-content\/uploads\/2019\/09\/truck-3910170_1280-1024x682.jpg?resize=1024%2C682\" alt=\"\" data-id=\"1597\" data-link=\"http:\/\/newsite.ESOMUS.com\/index.php\/vehicules\/truck-3910170_1280\/\" class=\"wp-image-1597\" srcset=\"https:\/\/i0.wp.com\/esomus.com\/wp-content\/uploads\/2019\/09\/truck-3910170_1280.jpg?resize=1024%2C682&amp;ssl=1 1024w, https:\/\/i0.wp.com\/esomus.com\/wp-content\/uploads\/2019\/09\/truck-3910170_1280.jpg?resize=300%2C200&amp;ssl=1 300w, https:\/\/i0.wp.com\/esomus.com\/wp-content\/uploads\/2019\/09\/truck-3910170_1280.jpg?resize=768%2C512&amp;ssl=1 768w, https:\/\/i0.wp.com\/esomus.com\/wp-content\/uploads\/2019\/09\/truck-3910170_1280.jpg?w=1280&amp;ssl=1 1280w\" sizes=\"auto, (max-width: 1024px) 100vw, 1024px\" \/><\/figure><\/li><\/ul>\n\n\n\n<h2 class=\"wp-block-heading\" style=\"text-align:center\">ESOMUS int\u00e8gre la gestion de votre flotte de v\u00e9hicules<\/h2>\n\n\n\n<p style=\"color:#6b6b6b;text-align:center\" class=\"has-text-color has-medium-font-size\">L&#8217;ensemble de votre flotte de v\u00e9hicules peut \u00eatre suivi.<br>D&#8217;une simple voiture jusqu&#8217;\u00e0 une grande flotte de camions, en passant par la camionnette remplie d&#8217;\u00e9quipements, on retrouve toutes les informations li\u00e9es tels que les documents, la planification des contr\u00f4les techniques, la maintenance et o\u00f9 se trouve habituellement le v\u00e9hicule et \u00e0 qui il est normalement attribu\u00e9.<\/p>\n\n\n\n<h2 class=\"wp-block-heading\" style=\"text-align:center\">Ce qui se trouve dans la voiture doit aussi \u00eatre en ordre<\/h2>\n\n\n\n<p style=\"color:#6a6a6a;text-align:center\" class=\"has-text-color has-medium-font-size\">Il faut \u00e9galement v\u00e9rifier les \u00e9quipements des v\u00e9hicules, afin de connaitre le statut de ceux-ci, <br>savoir s&#8217;ils sont ordre d&#8217;utilisation et si rien ne manque. <br>Le contr\u00f4le des \u00e9quipements pr\u00e9sents dans les v\u00e9hicules peut \u00eatre trait\u00e9 s\u00e9par\u00e9ment dans le processus de l&#8217;entreprise.<\/p>\n\n\n\n<h2 class=\"wp-block-heading\" style=\"text-align:center\">Le mat\u00e9riel n\u00e9cessaire pour les missions de la journ\u00e9e <br>est-il pr\u00e9sent dans le v\u00e9hicule ? <\/h2>\n\n\n\n<p style=\"color:#6b6b6b;text-align:center\" class=\"has-text-color has-medium-font-size\">En fonction des t\u00e2ches pr\u00e9vues, une liste du mat\u00e9riel n\u00e9cessaire peut \u00eatre g\u00e9n\u00e9r\u00e9e.<\/p>\n\n\n\n\n\n<h2 class=\"wp-block-heading\" style=\"text-align:center\"> Le mat\u00e9riel doit \u00e9galement \u00eatre contr\u00f4l\u00e9, <br><strong>ne l&#8217;oubliez plus !<\/strong><\/h2>\n\n\n\n<p style=\"color:#6b6b6b;text-align:center\" class=\"has-text-color has-medium-font-size\">L&#8217;ensemble des \u00e9quipements du v\u00e9hicule est-il en ordre d&#8217;utilisation ?<br>Avec ESOMUS, vous pourrez suivre, en temps r\u00e9el, tout le mat\u00e9riel  utilis\u00e9 et savoir s&#8217;il est en ordre.<\/p>\n\n\n\n\n\n\n\n\n<style id=\"ea_dynamic_css944\">#sp-ea-944 .spcollapsing{height: 0; overflow: hidden; transition-property: height; transition-duration: 10ms;}#sp-ea-944.sp-easy-accordion>.sp-ea-single.eap_inactive>.ea-header a {background-color: #bb0000 !important; color: #fff !important;}#sp-ea-944.sp-easy-accordion>.sp-ea-single{ margin-bottom: 10px; border: 1px none #2f65b0; border-radius: 0;}#sp-ea-944.sp-easy-accordion>.sp-ea-single.ea-expand{ border-color: #2f65b0;}#sp-ea-944.sp-easy-accordion>.sp-ea-single:hover{ border-color: #2f65b0;}#sp-ea-944.sp-easy-accordion>.sp-ea-single>.ea-header a {background: #ffffff;}#sp-ea-944.sp-easy-accordion>.sp-ea-single.ea-expand>.ea-header a {background: #ffffff;}#sp-ea-944.sp-easy-accordion>.sp-ea-single>.ea-header:hover a {background: #ffffff;}#sp-ea-944.sp-easy-accordion>.sp-ea-single>.ea-header a .eap-title-icon { color: #2f65b0;font-size: 20px;} #sp-ea-944.sp-easy-accordion>.sp-ea-single>.ea-header a .eap-title-custom-icon {max-width: 20px;}#sp-ea-944.sp-easy-accordion>.sp-ea-single>.ea-header:hover a .eap-title-icon {color: #2f65b0;}#sp-ea-944.sp-easy-accordion>.sp-ea-single.ea-expand>.ea-header a .eap-title-icon {color: #2f65b0;}#sp-ea-944.sp-easy-accordion>.sp-ea-single>.ea-header a {padding: 15px 15px 15px 15px; color: #444; font-size: 20px; line-height: 30px; text-align: left; letter-spacing: 0px; text-transform: none;}#sp-ea-944.sp-easy-accordion>.sp-ea-single>.ea-header:hover a {color: #444;}#sp-ea-944.sp-easy-accordion>.sp-ea-single.ea-expand>.ea-header a {color: #444;}#sp-ea-944.sp-easy-accordion>.sp-ea-single>.sp-collapse>.ea-body p,#sp-ea-944.sp-easy-accordion>.sp-ea-single>.sp-collapse>.ea-body{background: #fff; padding: 15px 15px 15px 15px; border-radius: 0 0 0 0; color: #444; font-size: 16px; text-align: left; letter-spacing: 0px; line-height: 26px; animation-delay: 200ms; text-transform: none;}#sp-ea-944.sp-easy-accordion>.sp-ea-single>.ea-header a .ea-expand-icon.fa:before {color: #ffffff; font-size: 16px; font-style: normal;}#sp-ea-944.sp-easy-accordion>.sp-ea-single>.ea-header:hover a .ea-expand-icon.fa:before {color: #ffffff;}#sp-ea-944.sp-easy-accordion>.sp-ea-single.ea-expand>.ea-header a .ea-expand-icon.fa:before {color: #ffffff;}#sp-ea-944.sp-easy-accordion>.sp-ea-single>.ea-header a {border-radius: 0;}#sp-ea-944.sp-easy-accordion>.sp-ea-single>.ea-header a .sp-numbering .ea-expand-icon {background: none;}#sp-ea-944.sp-easy-accordion>.sp-ea-single>.ea-header a .sp-numbering {background: #2f65b0; color: #ffffff; line-height: 56px;}#sp-ea-944.sp-easy-accordion>.sp-ea-single>.ea-header:hover a .sp-numbering {background: #2f65b0; color: #ffffff;}#sp-ea-944.sp-easy-accordion>.sp-ea-single.ea-expand>.ea-header a .sp-numbering {background: #2f65b0; color: #ffffff;}#sp-ea-944.sp-easy-accordion>.sp-ea-single{background: none; overflow: visible;}#sp-ea-944.sp-easy-accordion>.sp-ea-single>.ea-header a .sp-numbering {line-height: 60px; color: #ffffff; background: #2f65b0; top: 0;}#sp-ea-944.sp-easy-accordion>.sp-ea-single>.ea-header:hover a .sp-numbering {color: #ffffff; background: #2f65b0;}#sp-ea-944.sp-easy-accordion>.sp-ea-single.ea-expand>.ea-header a .sp-numbering {color: #ffffff; background: #2f65b0;}#sp-ea-944 #eap_faq_search_bar_container {display:none; opacity:0;}#sp-ea-944 #eap_faq_search_bar_container span::before{content:\"\";}#sp-ea-944.sp-easy-accordion>.sp-ea-single>.sp-collapse>.ea-body p{ padding:0px}#sp-ea-944>.sp-ea-single>.sp-collapse>.ea-body .eap-product-price {color: #444;}#sp-ea-944.sp-easy-accordion>.sp-ea-single>.sp-collapse>.ea-body .eap-product-price del{color: rgba(68,68,68,0.71);}#sp-ea-944.sp-easy-accordion>.sp-ea-single>.sp-collapse>.ea-body .eap-product-cart-button .woocommerce a { border: 1px solid #DAD6DA;border-radius: 2px;background-color: transparent;color: #444;}#sp-ea-944.sp-easy-accordion>.sp-ea-single>.sp-collapse>.ea-body .eap-product-cart-button .woocommerce a:hover { border-color: #444;background-color: #444;color: #fff;}#sp-ea-944.sp-easy-accordion>.sp-ea-single>>.sp-collapse>.ea-body .eap-product-cart-button .eap-product-quantity .eap_input_text {border: 1px solid #DAD6DA;}#sp-ea-944.sp-easy-accordion>.sp-ea-single>.sp-collapse>.ea-body .eap-product-cart-button a.add_to_cart_button{position: relative;}<\/style><div id=\"sp-eap-accordion-section-944\" class=\"sp-eap-container\"><div id=\"sp-ea-944\" class=\"sp-ea-fourteen sp-ea-thirteen sp-easy-accordion \" data-ex-icon=\"fa-chevron-right\" data-col-icon=\"fa-chevron-down\" data-ea-active=\"ea-hover\" data-ea-mode=\"vertical\" data-ea-multi-column=\"\" data-ea-coll=\"\" data-keep-accordion=\"\" data-autoclose=\"\" data-preloader=\"\" data-scroll-active-item=\"\" data-offset-to-scroll=\"0\" data-autoplaytime=\"3000\" data-expand=\"\" data-post-id=\"944\" >\t<div class=\"ea-card  sp-ea-single\"  data-accordion-id= \"0\">\n\n\t\t<h2 class=\"ea-header\">\n\t\t\t<a class=\"collapsed\" data-sptoggle=\"spcollapse\" rel=\"nofollow\" data-sptarget=\"#collapse9440\" href=\"#\" data-title=\"efaq-puis-je-suivre-mes-vehicules\" aria-expanded=\"false\">\n\t\t\t\t<span class=\"sp-numbering\"> <i class=\"ea-expand-icon fa fa-chevron-down\"><\/i> <\/span>  Puis-je suivre mes v\u00e9hicules ?\t\t\t<\/a>\n\t\t<\/h2>\n\n\t\t<div class=\"sp-collapse spcollapse spcollapse\" id=\"collapse9440\" data-parent=\"#sp-ea-944\">\n\t\t<div class=\"ea-body\"> \n<div class=\"ea-content-wrapper animated fadeIn\"> \n\t<p><strong>ESOMUS<\/strong> peut suivre l'ensemble de la flotte de vos v\u00e9hicules car il est pr\u00e9vu <a href=\"http:\/\/esomus.com\/index.php\/vehicules\/\" target=\"_blank\" rel=\"noopener\">pour la mobilit\u00e9<\/a>.<br \/>\nVous pourrez suivre \u00e0 tout moment, vos v\u00e9hicules, l<a href=\"http:\/\/esomus.com\/index.php\/controle\/\" target=\"_blank\" rel=\"noopener\">es contr\u00f4les obligatoires<\/a>, ainsi que tous les \u00e9quipements qui y sont utilis\u00e9s pour votre travail quotidien.<br \/>\nTout \u00e9quipement pr\u00e9sent dans un v\u00e9hicule sera consid\u00e9r\u00e9 comme \"<strong>\u00e9quipement mobile<\/strong>\".<\/p>\n<\/div>\n<\/div>\n\t\t\t<\/div>\n\t<\/div>\n\t\t<div class=\"ea-card  sp-ea-single\"  data-accordion-id= \"1\">\n\n\t\t<h2 class=\"ea-header\">\n\t\t\t<a class=\"collapsed\" data-sptoggle=\"spcollapse\" rel=\"nofollow\" data-sptarget=\"#collapse9441\" href=\"#\" data-title=\"efaq-puis-je-programmer-des-deadlines-pour-mes-vehicules\" aria-expanded=\"false\">\n\t\t\t\t<span class=\"sp-numbering\"> <i class=\"ea-expand-icon fa fa-chevron-down\"><\/i> <\/span>  Puis-je programmer des deadlines pour mes v\u00e9hicules ?\t\t\t<\/a>\n\t\t<\/h2>\n\n\t\t<div class=\"sp-collapse spcollapse spcollapse\" id=\"collapse9441\" data-parent=\"#sp-ea-944\">\n\t\t<div class=\"ea-body\"> \n<div class=\"ea-content-wrapper animated fadeIn\"> \n\t<p><strong>ESOMUS<\/strong> y a pens\u00e9, il suffit de programmer <a href=\"http:\/\/esomus.com\/index.php\/controle\/\" target=\"_blank\" rel=\"noopener\">les fonctions de rappels<\/a>, pour cr\u00e9er toutes vos actions, tels\u00a0 que : le passage \u00e0 l'auto s\u00e9curit\u00e9, une maintenance, un changement de pneu, pour aller jusqu'\u00e0 l'\u00e9ch\u00e9ance du payement de l'assurance...<\/p>\n<\/div>\n<\/div>\n\t\t\t<\/div>\n\t<\/div>\n\t\t<div class=\"ea-card  sp-ea-single\"  data-accordion-id= \"2\">\n\n\t\t<h2 class=\"ea-header\">\n\t\t\t<a class=\"collapsed\" data-sptoggle=\"spcollapse\" rel=\"nofollow\" data-sptarget=\"#collapse9442\" href=\"#\" data-title=\"efaq-comment-fait-on-si-mon-vehicule-change-dutilisateur\" aria-expanded=\"false\">\n\t\t\t\t<span class=\"sp-numbering\"> <i class=\"ea-expand-icon fa fa-chevron-down\"><\/i> <\/span>  Comment fait-on si mon v\u00e9hicule change d'utilisateur ?\t\t\t<\/a>\n\t\t<\/h2>\n\n\t\t<div class=\"sp-collapse spcollapse spcollapse\" id=\"collapse9442\" data-parent=\"#sp-ea-944\">\n\t\t<div class=\"ea-body\"> \n<div class=\"ea-content-wrapper animated fadeIn\"> \n\t<p>Il suffit de changer dans <strong>ESOMUS<\/strong> l'utilisateur principal du v\u00e9hicule et de l'attribuer \u00e0 la nouvelle personne.<br \/>\nDans ce cadre, <strong>ESOMUS<\/strong> transfert automatiquement, l'historique complet du v\u00e9hicule et son mat\u00e9riel\u00a0 vers la nouvelle personne.<\/p>\n<\/div>\n<\/div>\n\t\t\t<\/div>\n\t<\/div>\n\t<\/div><\/div>\n\n\n\n\n\n<div class=\"wp-block-button alignright\"><a class=\"wp-block-button__link has-text-color has-background\" href=\"https:\/\/www.esomus.com\" style=\"background-color:#2f65b0;color:#ffffff\">Retour accueil<\/a><\/div>\n","protected":false},"excerpt":{"rendered":"<p>La gestion de votre flotte v\u00e9hicules est importante \u00e0 tout niveau ! ESOMUS int\u00e8gre la gestion de votre flotte de v\u00e9hicules L&#8217;ensemble de votre flotte de v\u00e9hicules peut \u00eatre suivi.D&#8217;une simple voiture jusqu&#8217;\u00e0 une grande flotte de camions, en passant par la camionnette remplie d&#8217;\u00e9quipements, on retrouve toutes les informations li\u00e9es tels que les documents,&hellip; <br \/> <a class=\"read-more\" href=\"https:\/\/esomus.com\/index.php\/vehicules\/\">Lire la suite<\/a><\/p>\n","protected":false},"author":1,"featured_media":0,"parent":0,"menu_order":0,"comment_status":"closed","ping_status":"closed","template":"","meta":{"_seopress_robots_primary_cat":"","_seopress_titles_title":"La gestion de tous les \u00e9quipements qui composent vos v\u00e9hicules avec ESOMUS","_seopress_titles_desc":"L&#039;ensemble de votre flotte de v\u00e9hicule peut-\u00eatre suivi.\r\nD&#039;une simple voiture jusqu&#039;\u00e0 une grande flotte de camion, en passant par la camionnette remplie d&#039;\u00e9quipements \u00e0 suivre, a connaitre le statut de ceux-ci , est-ce que mon mat\u00e9riel est ordre d&#039;utilisation !!!\r\nLe mat\u00e9riel qui s&#039;y trouve doit \u00eatre \u00e9galement suivi, que ce soit un v\u00e9hicule avec tout le mat\u00e9riel utile, qui doit \u00eatre contr\u00f4l\u00e9 r\u00e9guli\u00e8rement, quotidiennement, vous pourrez avec ESOMUS , suivre tous vos v\u00e9hicules, les \u00e9quipements qui le compose, et de savoir, a tout moment, si tout est en ordre et en temps r\u00e9el.","_seopress_robots_index":"","_themeisle_gutenberg_block_has_review":false,"footnotes":""},"class_list":["post-941","page","type-page","status-publish","hentry"],"jetpack_sharing_enabled":true,"_links":{"self":[{"href":"https:\/\/esomus.com\/index.php\/wp-json\/wp\/v2\/pages\/941","targetHints":{"allow":["GET"]}}],"collection":[{"href":"https:\/\/esomus.com\/index.php\/wp-json\/wp\/v2\/pages"}],"about":[{"href":"https:\/\/esomus.com\/index.php\/wp-json\/wp\/v2\/types\/page"}],"author":[{"embeddable":true,"href":"https:\/\/esomus.com\/index.php\/wp-json\/wp\/v2\/users\/1"}],"replies":[{"embeddable":true,"href":"https:\/\/esomus.com\/index.php\/wp-json\/wp\/v2\/comments?post=941"}],"version-history":[{"count":27,"href":"https:\/\/esomus.com\/index.php\/wp-json\/wp\/v2\/pages\/941\/revisions"}],"predecessor-version":[{"id":4277,"href":"https:\/\/esomus.com\/index.php\/wp-json\/wp\/v2\/pages\/941\/revisions\/4277"}],"wp:attachment":[{"href":"https:\/\/esomus.com\/index.php\/wp-json\/wp\/v2\/media?parent=941"}],"curies":[{"name":"wp","href":"https:\/\/api.w.org\/{rel}","templated":true}]}}