{"id":937,"date":"2019-08-31T09:27:27","date_gmt":"2019-08-31T07:27:27","guid":{"rendered":"http:\/\/esomus.com\/?page_id=937"},"modified":"2019-10-21T14:22:17","modified_gmt":"2019-10-21T12:22:17","slug":"dashboard","status":"publish","type":"page","link":"https:\/\/esomus.com\/index.php\/dashboard\/","title":{"rendered":"Dashboards"},"content":{"rendered":"\n<h1 style=\"text-align:center\" class=\"ticss-6b64e44b wp-block-heading\"><strong>Vos dashboards personnalisables <br>selon votre fonction<\/strong><\/h1>\n\n\n\n<figure><div id=\"metaslider-id-3054\" style=\"width: 100%;\" class=\"ml-slider-3-108-0 metaslider metaslider-flex metaslider-3054 ml-slider has-dots-nav ms-theme-default\" role=\"region\" aria-label=\"dashboard\" data-height=\"300\" data-width=\"700\">\n    <div id=\"metaslider_container_3054\">\n        <div id=\"metaslider_3054\">\n            <ul class='slides'>\n                <li style=\"display: block; width: 100%;\" class=\"slide-3058 ms-image \" aria-roledescription=\"slide\" data-date=\"2019-09-20 13:06:06\" data-filename=\"airport-2384847_1280-700x300.jpg\" data-slide-type=\"image\"><img data-recalc-dims=\"1\" loading=\"lazy\" decoding=\"async\" src=\"https:\/\/i0.wp.com\/esomus.com\/wp-content\/uploads\/2019\/09\/airport-2384847_1280.jpg?resize=700%2C300&#038;ssl=1\" height=\"300\" width=\"700\" alt=\"Pilotez la pr\u00e9vention et vos risque avec ESOMUS\" class=\"slider-3054 slide-3058 msDefaultImage\" title=\"Pilotez la pr\u00e9vention et vos risque avec ESOMUS\" \/><div class=\"caption-wrap\"><div class=\"caption\">Pilotez la pr\u00e9vention et vos risque avec ESOMUS<\/div><\/div><\/li>\n                <li style=\"display: none; width: 100%;\" class=\"slide-3059 ms-image \" aria-roledescription=\"slide\" data-date=\"2019-09-20 13:06:06\" data-filename=\"office-2717014_1280-700x300.jpg\" data-slide-type=\"image\"><img data-recalc-dims=\"1\" loading=\"lazy\" decoding=\"async\" src=\"https:\/\/i0.wp.com\/esomus.com\/wp-content\/uploads\/2019\/09\/office-2717014_1280.jpg?resize=700%2C300&#038;ssl=1\" height=\"300\" width=\"700\" alt=\"Votre dashboard personnalis\u00e9 pour connaitre le statut de votre entreprise ..\" class=\"slider-3054 slide-3059 msDefaultImage\" title=\"Votre dashboard personnalis\u00e9 pour connaitre le statut de votre entreprise ..\" \/><div class=\"caption-wrap\"><div class=\"caption\">Votre dashboard pour connaitre le statut de votre entreprise<\/div><\/div><\/li>\n                <li style=\"display: none; width: 100%;\" class=\"slide-3060 ms-image \" aria-roledescription=\"slide\" data-date=\"2019-09-20 13:06:06\" data-filename=\"time-371226_1280-700x300.jpg\" data-slide-type=\"image\"><img data-recalc-dims=\"1\" loading=\"lazy\" decoding=\"async\" src=\"https:\/\/i0.wp.com\/esomus.com\/wp-content\/uploads\/2019\/09\/time-371226_1280.jpg?resize=700%2C300&#038;ssl=1\" height=\"300\" width=\"700\" alt=\"A tout moment, un acc\u00e8s \u00e0 votre dasboard !!!\" class=\"slider-3054 slide-3060 msDefaultImage\" title=\"A tout moment, un acc\u00e8s \u00e0 votre dasboard !!!\" \/><div class=\"caption-wrap\"><div class=\"caption\">A tout moment, un acc\u00e8s \u00e0 votre dasboard<\/div><\/div><\/li>\n            <\/ul>\n        <\/div>\n        \n    <\/div>\n<\/div><\/figure>\n<p>&nbsp;<\/p>\n\n\n\n<h2 class=\"wp-block-heading\" style=\"text-align:center\">Tout voir pour bien piloter son entreprise<\/h2>\n\n\n\n<p style=\"text-align:center\" class=\"has-medium-font-size\">Comment un pilote d\u2019avion pourrait-il voler sans avoir un \u0153il sur tous ses \u00e9quipements et \u00e9tats de vol ? <br>Il faut pouvoir suivre son entreprise en temps r\u00e9el, pr\u00e9venir ce qui pourrait arriver et, \u00e0 partir du v\u00e9cu, <br>planifier le long terme pour ne plus refaire les m\u00eames erreurs.<\/p>\n\n\n\n<h2 class=\"wp-block-heading\" style=\"text-align:center\">Le temps r\u00e9el, le court terme <br>mais aussi regarder l&#8217;ann\u00e9e \u00e9coul\u00e9e<\/h2>\n\n\n\n<p style=\"text-align:center\" class=\"has-medium-font-size\">Gr\u00e2ce au module Dashboard inclus dans ESOMUS, vous pourrez suivre en permanence l\u2019\u00e9tat de vos \u00e9quipements, pr\u00e9voir ceux \u00e0 remplacer, suivre les probl\u00e8mes en cours et l\u2019efficacit\u00e9 des actions mise en place.<\/p>\n\n\n\n<p style=\"text-align:center\" class=\"has-medium-font-size\">Vous pourrez suivre le travail de vos \u00e9quipes \u00e0 tout moment et v\u00e9rifier l&#8217;\u00e9tat d&#8217;avancement des t\u00e2ches, <br>les retards anodins ou \u00e0 hauts risques.<\/p>\n\n\n\n<p style=\"text-align:center\" class=\"has-medium-font-size\">Et enfin, en temps que responsable de la s\u00e9curit\u00e9 de votre entreprise, vous pourrez \u00e9diter des statistiques pour mettre en \u00e9vidence les probl\u00e8mes r\u00e9currents et ainsi mettre en \u0153uvre le plan d&#8217;action de la pr\u00e9vention <br>et de l&#8217;am\u00e9lioration des conditions de travail.<\/p>\n\n\n\n<h2 class=\"wp-block-heading\" style=\"text-align:center\">Chacun a besoin de voir les informations <br>n\u00e9cessaires \u00e0 ses responsabilit\u00e9s<\/h2>\n\n\n\n<p style=\"text-align:center\" class=\"has-medium-font-size\"><strong>Le technicien <br><\/strong>y trouvera son agenda de la journ\u00e9e et des jours \u00e0 venir, ainsi que les actions en retard.<\/p>\n\n\n\n<p style=\"text-align:center\" class=\"has-medium-font-size\"><strong>Le chef d\u2019\u00e9quipe<\/strong> <br>verra toutes les actions \u00e0 planifier, les t\u00e2ches \u00e0 programmer, les nouvelles anomalies \u00e0 prendre en charge\u2026<\/p>\n\n\n\n<p style=\"text-align:center\" class=\"has-medium-font-size\"><strong>Le conseiller en pr\u00e9vention<\/strong> <br>pourra suivre la pr\u00e9vention et la gestion des risques ainsi que toutes les actions correctrices en cours, la liste des dossiers d\u2019incidents ou d&#8217;accidents.<\/p>\n\n\n\n<p style=\"text-align:center\" class=\"has-medium-font-size\"><strong>Le directeur <br><\/strong>trouvera les chiffres et les graphiques pr\u00e9sentant un r\u00e9sum\u00e9 de l\u2019\u00e9tat de son entreprise, les KPI d\u2019efficacit\u00e9.<br>Ainsi que toutes les alertes qui mettrait l&#8217;entreprise en danger au niveau de sa responsabilit\u00e9 l\u00e9gale.<\/p>\n\n\n\n<p style=\"text-align:center\" class=\"has-medium-font-size\"><strong>Le sous-traitant<\/strong><br>pourra avoir acc\u00e8s, selon les droits fournis, \u00e0 toutes les informations utiles concernant l&#8217;entreprise, ses documents, ses contr\u00f4les&#8230;<\/p>\n\n\n\n\n\n\n\n\n<style id=\"ea_dynamic_css791\">#sp-ea-791 .spcollapsing{height: 0; overflow: hidden; transition-property: height; transition-duration: 10ms;}#sp-ea-791.sp-easy-accordion>.sp-ea-single.eap_inactive>.ea-header a {background-color: #bb0000 !important; color: #fff !important;}#sp-ea-791.sp-easy-accordion>.sp-ea-single{ margin-bottom: 10px; border: 1px none #2f65b0; border-radius: 0;}#sp-ea-791.sp-easy-accordion>.sp-ea-single.ea-expand{ border-color: #2f65b0;}#sp-ea-791.sp-easy-accordion>.sp-ea-single:hover{ border-color: #2f65b0;}#sp-ea-791.sp-easy-accordion>.sp-ea-single>.ea-header a {background: #ffffff;}#sp-ea-791.sp-easy-accordion>.sp-ea-single.ea-expand>.ea-header a {background: #ffffff;}#sp-ea-791.sp-easy-accordion>.sp-ea-single>.ea-header:hover a {background: #ffffff;}#sp-ea-791.sp-easy-accordion>.sp-ea-single>.ea-header a .eap-title-icon { color: #dd3333;font-size: 20px;} #sp-ea-791.sp-easy-accordion>.sp-ea-single>.ea-header a .eap-title-custom-icon {max-width: 20px;}#sp-ea-791.sp-easy-accordion>.sp-ea-single>.ea-header:hover a .eap-title-icon {color: #dd3333;}#sp-ea-791.sp-easy-accordion>.sp-ea-single.ea-expand>.ea-header a .eap-title-icon {color: #dd3333;}#sp-ea-791.sp-easy-accordion>.sp-ea-single>.ea-header a {padding: 15px 15px 15px 15px; color: #444; font-size: 20px; line-height: 30px; text-align: left; letter-spacing: 0px; text-transform: none;}#sp-ea-791.sp-easy-accordion>.sp-ea-single>.ea-header:hover a {color: #444;}#sp-ea-791.sp-easy-accordion>.sp-ea-single.ea-expand>.ea-header a {color: #444;}#sp-ea-791.sp-easy-accordion>.sp-ea-single>.sp-collapse>.ea-body p,#sp-ea-791.sp-easy-accordion>.sp-ea-single>.sp-collapse>.ea-body{background: #fff; padding: 15px 15px 15px 15px; border-radius: 0 0 0 0; color: #444; font-size: 16px; text-align: left; letter-spacing: 0px; line-height: 26px; animation-delay: 200ms; text-transform: none;}#sp-ea-791.sp-easy-accordion>.sp-ea-single>.ea-header a .ea-expand-icon.fa:before {color: #ffffff; font-size: 16px; font-style: normal;}#sp-ea-791.sp-easy-accordion>.sp-ea-single>.ea-header:hover a .ea-expand-icon.fa:before {color: #ffffff;}#sp-ea-791.sp-easy-accordion>.sp-ea-single.ea-expand>.ea-header a .ea-expand-icon.fa:before {color: #ffffff;}#sp-ea-791.sp-easy-accordion>.sp-ea-single>.ea-header a {border-radius: 0;}#sp-ea-791.sp-easy-accordion>.sp-ea-single>.ea-header a .sp-numbering .ea-expand-icon {background: none;}#sp-ea-791.sp-easy-accordion>.sp-ea-single>.ea-header a .sp-numbering {background: #2f65b0; color: #ffffff; line-height: 56px;}#sp-ea-791.sp-easy-accordion>.sp-ea-single>.ea-header:hover a .sp-numbering {background: #2f65b0; color: #ffffff;}#sp-ea-791.sp-easy-accordion>.sp-ea-single.ea-expand>.ea-header a .sp-numbering {background: #2f65b0; color: #ffffff;}#sp-ea-791.sp-easy-accordion>.sp-ea-single{background: none; overflow: visible;}#sp-ea-791.sp-easy-accordion>.sp-ea-single>.ea-header a .sp-numbering {line-height: 60px; color: #ffffff; background: #2f65b0; top: 0;}#sp-ea-791.sp-easy-accordion>.sp-ea-single>.ea-header:hover a .sp-numbering {color: #ffffff; background: #2f65b0;}#sp-ea-791.sp-easy-accordion>.sp-ea-single.ea-expand>.ea-header a .sp-numbering {color: #ffffff; background: #2f65b0;}#sp-ea-791 #eap_faq_search_bar_container {display:none; opacity:0;}#sp-ea-791 #eap_faq_search_bar_container span::before{content:\"\";}#sp-ea-791.sp-easy-accordion>.sp-ea-single>.sp-collapse>.ea-body p{ padding:0px}#sp-ea-791>.sp-ea-single>.sp-collapse>.ea-body .eap-product-price {color: #444;}#sp-ea-791.sp-easy-accordion>.sp-ea-single>.sp-collapse>.ea-body .eap-product-price del{color: rgba(68,68,68,0.71);}#sp-ea-791.sp-easy-accordion>.sp-ea-single>.sp-collapse>.ea-body .eap-product-cart-button .woocommerce a { border: 1px solid #DAD6DA;border-radius: 2px;background-color: transparent;color: #444;}#sp-ea-791.sp-easy-accordion>.sp-ea-single>.sp-collapse>.ea-body .eap-product-cart-button .woocommerce a:hover { border-color: #444;background-color: #444;color: #fff;}#sp-ea-791.sp-easy-accordion>.sp-ea-single>>.sp-collapse>.ea-body .eap-product-cart-button .eap-product-quantity .eap_input_text {border: 1px solid #DAD6DA;}#sp-ea-791.sp-easy-accordion>.sp-ea-single>.sp-collapse>.ea-body .eap-product-cart-button a.add_to_cart_button{position: relative;}<\/style><div id=\"sp-eap-accordion-section-791\" class=\"sp-eap-container\"><div id=\"sp-ea-791\" class=\"sp-ea-fourteen sp-ea-thirteen sp-easy-accordion \" data-ex-icon=\"fa-chevron-right\" data-col-icon=\"fa-chevron-down\" data-ea-active=\"ea-hover\" data-ea-mode=\"vertical\" data-ea-multi-column=\"\" data-ea-coll=\"\" data-keep-accordion=\"\" data-autoclose=\"\" data-preloader=\"\" data-scroll-active-item=\"\" data-offset-to-scroll=\"0\" data-autoplaytime=\"3000\" data-expand=\"\" data-post-id=\"791\" >\t<div class=\"ea-card  sp-ea-single\"  data-accordion-id= \"0\">\n\n\t\t<h2 class=\"ea-header\">\n\t\t\t<a class=\"collapsed\" data-sptoggle=\"spcollapse\" rel=\"nofollow\" data-sptarget=\"#collapse7910\" href=\"#\" data-title=\"efaq-quels-sont-les-problemes-du-jour\" aria-expanded=\"false\">\n\t\t\t\t<span class=\"sp-numbering\"> <i class=\"ea-expand-icon fa fa-chevron-down\"><\/i> <\/span>  Quels sont les probl\u00e8mes du jour ?\t\t\t<\/a>\n\t\t<\/h2>\n\n\t\t<div class=\"sp-collapse spcollapse spcollapse\" id=\"collapse7910\" data-parent=\"#sp-ea-791\">\n\t\t<div class=\"ea-body\"> \n<div class=\"ea-content-wrapper animated fadeIn\"> \n\t<p><span lang=\"FR\">Un tableau montre tous les probl\u00e8mes rencontr\u00e9s sur le terrain.<br \/>\n<strong>ESOMUS<\/strong> les classe par urgence et gravit\u00e9.<br \/>\nLe dashboard signale ceux qui ne sont pas encore pris en charge.<\/span><\/p>\n<\/div>\n<\/div>\n\t\t\t<\/div>\n\t<\/div>\n\t\t<div class=\"ea-card  sp-ea-single\"  data-accordion-id= \"1\">\n\n\t\t<h2 class=\"ea-header\">\n\t\t\t<a class=\"collapsed\" data-sptoggle=\"spcollapse\" rel=\"nofollow\" data-sptarget=\"#collapse7911\" href=\"#\" data-title=\"efaq-dans-quel-secteur-survient-il-le-plus-dincident-et-daccident\" aria-expanded=\"false\">\n\t\t\t\t<span class=\"sp-numbering\"> <i class=\"ea-expand-icon fa fa-chevron-down\"><\/i> <\/span>  Dans quel secteur survient-il le plus d\u2019incident et d\u2019accident ?\t\t\t<\/a>\n\t\t<\/h2>\n\n\t\t<div class=\"sp-collapse spcollapse spcollapse\" id=\"collapse7911\" data-parent=\"#sp-ea-791\">\n\t\t<div class=\"ea-body\"> \n<div class=\"ea-content-wrapper animated fadeIn\"> \n\t<p><span lang=\"FR\">Un graphique permet de montrer secteur par secteur, voire par cat\u00e9gorie de poste de travail, le nombre de probl\u00e8mes rencontr\u00e9s sur les X derniers mois...<\/span><\/p>\n<\/div>\n<\/div>\n\t\t\t<\/div>\n\t<\/div>\n\t\t<div class=\"ea-card  sp-ea-single\"  data-accordion-id= \"2\">\n\n\t\t<h2 class=\"ea-header\">\n\t\t\t<a class=\"collapsed\" data-sptoggle=\"spcollapse\" rel=\"nofollow\" data-sptarget=\"#collapse7912\" href=\"#\" data-title=\"efaq-je-nai-pas-le-dashboard-lie-a-ma-fonction-de-responsable\" aria-expanded=\"false\">\n\t\t\t\t<span class=\"sp-numbering\"> <i class=\"ea-expand-icon fa fa-chevron-down\"><\/i> <\/span>  Je n'ai pas le dashboard li\u00e9 \u00e0 ma fonction de responsable.\t\t\t<\/a>\n\t\t<\/h2>\n\n\t\t<div class=\"sp-collapse spcollapse spcollapse\" id=\"collapse7912\" data-parent=\"#sp-ea-791\">\n\t\t<div class=\"ea-body\"> \n<div class=\"ea-content-wrapper animated fadeIn\"> \n\t<p><span lang=\"FR\"><strong>ESOMUS<\/strong> peut vous cr\u00e9er les tableaux de bord n\u00e9cessaires avec les informations tels que : les retards, les accidents, les incidents, les t\u00e2ches en cours ... <\/span><span lang=\"FR\">et les rapports<\/span><span lang=\"FR\"> li\u00e9s \u00e0 votre fonction.<br \/>\n<\/span><\/p>\n<\/div>\n<\/div>\n\t\t\t<\/div>\n\t<\/div>\n\t<\/div><\/div>\n\n\n\n\n\n<div class=\"wp-block-button alignright\"><a class=\"wp-block-button__link has-text-color has-background\" href=\"https:\/\/www.esomus.com\" style=\"background-color:#2f65b0;color:#ffffff\">Retour accueil<\/a><\/div>\n","protected":false},"excerpt":{"rendered":"<p>Vos dashboards personnalisables selon votre fonction &nbsp; Tout voir pour bien piloter son entreprise Comment un pilote d\u2019avion pourrait-il voler sans avoir un \u0153il sur tous ses \u00e9quipements et \u00e9tats de vol ? Il faut pouvoir suivre son entreprise en temps r\u00e9el, pr\u00e9venir ce qui pourrait arriver et, \u00e0 partir du v\u00e9cu, planifier le long&hellip; <br \/> <a class=\"read-more\" href=\"https:\/\/esomus.com\/index.php\/dashboard\/\">Lire la suite<\/a><\/p>\n","protected":false},"author":1,"featured_media":0,"parent":0,"menu_order":0,"comment_status":"closed","ping_status":"closed","template":"","meta":{"_seopress_robots_primary_cat":"","_seopress_titles_title":"Vos dashbords personnalisables selon votre fonction !!!  ","_seopress_titles_desc":"Esomus a cr\u00e9er les dashbords personnalisable selon votre fonction, il sera votre assistant, vos yeux, votre outil de contr\u00f4les pour \u00eatre encore plus efficace au quotidien. \r\nVous \u00eates directeur, votre Dashboard, sera optimalis\u00e9 pour votre fonction et ainsi piloter votre entreprise et savoir en temps r\u00e9el si votre entreprise est en ordre ","_seopress_robots_index":"","_themeisle_gutenberg_block_has_review":false,"footnotes":""},"class_list":["post-937","page","type-page","status-publish","hentry"],"jetpack_sharing_enabled":true,"_links":{"self":[{"href":"https:\/\/esomus.com\/index.php\/wp-json\/wp\/v2\/pages\/937","targetHints":{"allow":["GET"]}}],"collection":[{"href":"https:\/\/esomus.com\/index.php\/wp-json\/wp\/v2\/pages"}],"about":[{"href":"https:\/\/esomus.com\/index.php\/wp-json\/wp\/v2\/types\/page"}],"author":[{"embeddable":true,"href":"https:\/\/esomus.com\/index.php\/wp-json\/wp\/v2\/users\/1"}],"replies":[{"embeddable":true,"href":"https:\/\/esomus.com\/index.php\/wp-json\/wp\/v2\/comments?post=937"}],"version-history":[{"count":43,"href":"https:\/\/esomus.com\/index.php\/wp-json\/wp\/v2\/pages\/937\/revisions"}],"predecessor-version":[{"id":4559,"href":"https:\/\/esomus.com\/index.php\/wp-json\/wp\/v2\/pages\/937\/revisions\/4559"}],"wp:attachment":[{"href":"https:\/\/esomus.com\/index.php\/wp-json\/wp\/v2\/media?parent=937"}],"curies":[{"name":"wp","href":"https:\/\/api.w.org\/{rel}","templated":true}]}}