{"id":931,"date":"2019-08-31T09:24:28","date_gmt":"2019-08-31T07:24:28","guid":{"rendered":"http:\/\/esomus.com\/?page_id=931"},"modified":"2019-10-12T15:06:44","modified_gmt":"2019-10-12T13:06:44","slug":"chantiers","status":"publish","type":"page","link":"https:\/\/esomus.com\/index.php\/chantiers\/","title":{"rendered":"Chantiers"},"content":{"rendered":"\n<h1 style=\"text-align:center\" class=\"ticss-3d949cb1 wp-block-heading\"><strong>Le suivi de tous vos chantiers<\/strong><\/h1>\n\n\n<div id=\"metaslider-id-3220\" style=\"width: 100%;\" class=\"ml-slider-3-108-0 metaslider metaslider-flex metaslider-3220 ml-slider has-dots-nav ms-theme-default\" role=\"region\" aria-label=\"chantiers\" data-height=\"300\" data-width=\"700\">\n    <div id=\"metaslider_container_3220\">\n        <div id=\"metaslider_3220\">\n            <ul class='slides'>\n                <li style=\"display: block; width: 100%;\" class=\"slide-3225 ms-image \" aria-roledescription=\"slide\" data-date=\"2019-09-23 13:56:19\" data-filename=\"way-1694101_1280-700x300.jpg\" data-slide-type=\"image\"><img data-recalc-dims=\"1\" loading=\"lazy\" decoding=\"async\" src=\"https:\/\/i0.wp.com\/esomus.com\/wp-content\/uploads\/2019\/09\/way-1694101_1280.jpg?resize=700%2C300&#038;ssl=1\" height=\"300\" width=\"700\" alt=\"Suivez le mat\u00e9riel sur vos chantiers\" class=\"slider-3220 slide-3225 msDefaultImage\" title=\"Suivez le mat\u00e9riel sur vos chantiers\" \/><div class=\"caption-wrap\"><div class=\"caption\">Suivez le mat\u00e9riel sur vos chantiers<\/div><\/div><\/li>\n                <li style=\"display: none; width: 100%;\" class=\"slide-3226 ms-image \" aria-roledescription=\"slide\" data-date=\"2019-09-23 13:56:19\" data-filename=\"construction-2578410_1280-700x300.jpg\" data-slide-type=\"image\"><img data-recalc-dims=\"1\" loading=\"lazy\" decoding=\"async\" src=\"https:\/\/i0.wp.com\/esomus.com\/wp-content\/uploads\/2019\/09\/construction-2578410_1280.jpg?resize=700%2C300&#038;ssl=1\" height=\"300\" width=\"700\" alt=\"Portez vos EPI et installer les EPC\" class=\"slider-3220 slide-3226 msDefaultImage\" title=\"Portez vos EPI et installer les EPC\" \/><div class=\"caption-wrap\"><div class=\"caption\">Portez vos EPI et installer les EPC<\/div><\/div><\/li>\n                <li style=\"display: none; width: 100%;\" class=\"slide-3227 ms-image \" aria-roledescription=\"slide\" data-date=\"2019-09-23 13:56:19\" data-filename=\"construction-228471_1280-700x300.jpg\" data-slide-type=\"image\"><img data-recalc-dims=\"1\" loading=\"lazy\" decoding=\"async\" src=\"https:\/\/i0.wp.com\/esomus.com\/wp-content\/uploads\/2019\/09\/construction-228471_1280.jpg?resize=700%2C300&#038;ssl=1\" height=\"300\" width=\"700\" alt=\"Suivez les contr\u00f4les de vos \u00e9quipements et engins\" class=\"slider-3220 slide-3227 msDefaultImage\" title=\"Suivez les contr\u00f4les de vos \u00e9quipements et engins\" \/><div class=\"caption-wrap\"><div class=\"caption\">Suivez les contr\u00f4les de vos \u00e9quipements et engins<\/div><\/div><\/li>\n            <\/ul>\n        <\/div>\n        \n    <\/div>\n<\/div>\n\n\n\n<p style=\"color:#6b6b6b;text-align:center\" class=\"has-text-color has-medium-font-size\"><strong>ESOMUS<\/strong> permet le suivi de tous vos chantiers.<br>Il permet de <strong>savoir en temps r\u00e9el<\/strong>, o\u00f9 se trouve le mat\u00e9riel, que ce soit dans un conteneur et\/ou dans un v\u00e9hicule. <br><strong>ESOMUS <\/strong>vous permet aussi de connaitre le statut de contr\u00f4le dudit mat\u00e9riel.<br><br><strong>ESOMUS recense l&#8217;ensemble des \u00e9quipements utiles aux chantiers<\/strong>.<\/p>\n\n\n\n\n\n\n\n\n<style id=\"ea_dynamic_css934\">#sp-ea-934 .spcollapsing{height: 0; overflow: hidden; transition-property: height; transition-duration: 10ms;}#sp-ea-934.sp-easy-accordion>.sp-ea-single.eap_inactive>.ea-header a {background-color: #bb0000 !important; color: #fff !important;}#sp-ea-934.sp-easy-accordion>.sp-ea-single{ margin-bottom: 10px; border: 1px none #2f65b0; border-radius: 0;}#sp-ea-934.sp-easy-accordion>.sp-ea-single.ea-expand{ border-color: #2f65b0;}#sp-ea-934.sp-easy-accordion>.sp-ea-single:hover{ border-color: #2f65b0;}#sp-ea-934.sp-easy-accordion>.sp-ea-single>.ea-header a {background: #ffffff;}#sp-ea-934.sp-easy-accordion>.sp-ea-single.ea-expand>.ea-header a {background: #ffffff;}#sp-ea-934.sp-easy-accordion>.sp-ea-single>.ea-header:hover a {background: #ffffff;}#sp-ea-934.sp-easy-accordion>.sp-ea-single>.ea-header a .eap-title-icon { color: #dd3333;font-size: 20px;} #sp-ea-934.sp-easy-accordion>.sp-ea-single>.ea-header a .eap-title-custom-icon {max-width: 20px;}#sp-ea-934.sp-easy-accordion>.sp-ea-single>.ea-header:hover a .eap-title-icon {color: #dd3333;}#sp-ea-934.sp-easy-accordion>.sp-ea-single.ea-expand>.ea-header a .eap-title-icon {color: #dd3333;}#sp-ea-934.sp-easy-accordion>.sp-ea-single>.ea-header a {padding: 15px 15px 15px 15px; color: #444; font-size: 20px; line-height: 30px; text-align: left; letter-spacing: 0px; text-transform: none;}#sp-ea-934.sp-easy-accordion>.sp-ea-single>.ea-header:hover a {color: #444;}#sp-ea-934.sp-easy-accordion>.sp-ea-single.ea-expand>.ea-header a {color: #444;}#sp-ea-934.sp-easy-accordion>.sp-ea-single>.sp-collapse>.ea-body p,#sp-ea-934.sp-easy-accordion>.sp-ea-single>.sp-collapse>.ea-body{background: #fff; padding: 15px 15px 15px 15px; border-radius: 0 0 0 0; color: #444; font-size: 16px; text-align: left; letter-spacing: 0px; line-height: 26px; animation-delay: 200ms; text-transform: none;}#sp-ea-934.sp-easy-accordion>.sp-ea-single>.ea-header a .ea-expand-icon.fa:before {color: #ffffff; font-size: 16px; font-style: normal;}#sp-ea-934.sp-easy-accordion>.sp-ea-single>.ea-header:hover a .ea-expand-icon.fa:before {color: #ffffff;}#sp-ea-934.sp-easy-accordion>.sp-ea-single.ea-expand>.ea-header a .ea-expand-icon.fa:before {color: #ffffff;}#sp-ea-934.sp-easy-accordion>.sp-ea-single>.ea-header a {border-radius: 0;}#sp-ea-934.sp-easy-accordion>.sp-ea-single>.ea-header a .sp-numbering .ea-expand-icon {background: none;}#sp-ea-934.sp-easy-accordion>.sp-ea-single>.ea-header a .sp-numbering {background: #2f65b0; color: #ffffff; line-height: 56px;}#sp-ea-934.sp-easy-accordion>.sp-ea-single>.ea-header:hover a .sp-numbering {background: #2f65b0; color: #ffffff;}#sp-ea-934.sp-easy-accordion>.sp-ea-single.ea-expand>.ea-header a .sp-numbering {background: #2f65b0; color: #ffffff;}#sp-ea-934.sp-easy-accordion>.sp-ea-single{background: none; overflow: visible;}#sp-ea-934.sp-easy-accordion>.sp-ea-single>.ea-header a .sp-numbering {line-height: 60px; color: #ffffff; background: #2f65b0; top: 0;}#sp-ea-934.sp-easy-accordion>.sp-ea-single>.ea-header:hover a .sp-numbering {color: #ffffff; background: #2f65b0;}#sp-ea-934.sp-easy-accordion>.sp-ea-single.ea-expand>.ea-header a .sp-numbering {color: #ffffff; background: #2f65b0;}#sp-ea-934 #eap_faq_search_bar_container {display:none; opacity:0;}#sp-ea-934 #eap_faq_search_bar_container span::before{content:\"\";}#sp-ea-934.sp-easy-accordion>.sp-ea-single>.sp-collapse>.ea-body p{ padding:0px}#sp-ea-934>.sp-ea-single>.sp-collapse>.ea-body .eap-product-price {color: #444;}#sp-ea-934.sp-easy-accordion>.sp-ea-single>.sp-collapse>.ea-body .eap-product-price del{color: rgba(68,68,68,0.71);}#sp-ea-934.sp-easy-accordion>.sp-ea-single>.sp-collapse>.ea-body .eap-product-cart-button .woocommerce a { border: 1px solid #DAD6DA;border-radius: 2px;background-color: transparent;color: #444;}#sp-ea-934.sp-easy-accordion>.sp-ea-single>.sp-collapse>.ea-body .eap-product-cart-button .woocommerce a:hover { border-color: #444;background-color: #444;color: #fff;}#sp-ea-934.sp-easy-accordion>.sp-ea-single>>.sp-collapse>.ea-body .eap-product-cart-button .eap-product-quantity .eap_input_text {border: 1px solid #DAD6DA;}#sp-ea-934.sp-easy-accordion>.sp-ea-single>.sp-collapse>.ea-body .eap-product-cart-button a.add_to_cart_button{position: relative;}<\/style><div id=\"sp-eap-accordion-section-934\" class=\"sp-eap-container\"><div id=\"sp-ea-934\" class=\"sp-ea-fourteen sp-ea-thirteen sp-easy-accordion \" data-ex-icon=\"fa-chevron-right\" data-col-icon=\"fa-chevron-down\" data-ea-active=\"ea-hover\" data-ea-mode=\"vertical\" data-ea-multi-column=\"\" data-ea-coll=\"\" data-keep-accordion=\"\" data-autoclose=\"\" data-preloader=\"\" data-scroll-active-item=\"\" data-offset-to-scroll=\"0\" data-autoplaytime=\"3000\" data-expand=\"\" data-post-id=\"934\" >\t<div class=\"ea-card  sp-ea-single\"  data-accordion-id= \"0\">\n\n\t\t<h2 class=\"ea-header\">\n\t\t\t<a class=\"collapsed\" data-sptoggle=\"spcollapse\" rel=\"nofollow\" data-sptarget=\"#collapse9340\" href=\"#\" data-title=\"efaq-jai-une-roulotte-un-conteneur-de-chantier-comment-je-fais\" aria-expanded=\"false\">\n\t\t\t\t<span class=\"sp-numbering\"> <i class=\"ea-expand-icon fa fa-chevron-down\"><\/i> <\/span>  J'ai une roulotte, un conteneur de chantier, comment je fais ?\t\t\t<\/a>\n\t\t<\/h2>\n\n\t\t<div class=\"sp-collapse spcollapse spcollapse\" id=\"collapse9340\" data-parent=\"#sp-ea-934\">\n\t\t<div class=\"ea-body\"> \n<div class=\"ea-content-wrapper animated fadeIn\"> \n\t<p>ESOMUS, est \u00e9galement pr\u00e9vu <a href=\"http:\/\/esomus.com\/index.php\/vehicules\/\" target=\"_blank\" rel=\"noopener\">pour la mobilit\u00e9<\/a>.<br \/>\nAinsi , vous pourrez suivre \u00e0 tout moment, votre roulotte, votre conteneur,\u00a0 ainsi que tous les \u00e9quipements qui y sont utilis\u00e9s pour votre travail quotidien.<\/p>\n<\/div>\n<\/div>\n\t\t\t<\/div>\n\t<\/div>\n\t\t<div class=\"ea-card  sp-ea-single\"  data-accordion-id= \"1\">\n\n\t\t<h2 class=\"ea-header\">\n\t\t\t<a class=\"collapsed\" data-sptoggle=\"spcollapse\" rel=\"nofollow\" data-sptarget=\"#collapse9341\" href=\"#\" data-title=\"efaq-puis-je-donner-un-acces-esomus-a-mon-coordinateur-de-chantier-et-mon-architecte\" aria-expanded=\"false\">\n\t\t\t\t<span class=\"sp-numbering\"> <i class=\"ea-expand-icon fa fa-chevron-down\"><\/i> <\/span>  Puis-je donner un acc\u00e8s ESOMUS \u00e0 mon coordinateur de chantier et mon architecte ?\t\t\t<\/a>\n\t\t<\/h2>\n\n\t\t<div class=\"sp-collapse spcollapse spcollapse\" id=\"collapse9341\" data-parent=\"#sp-ea-934\">\n\t\t<div class=\"ea-body\"> \n<div class=\"ea-content-wrapper animated fadeIn\"> \n\t<p><span style=\"color: #000000;\">OUI, <strong>ESOMUS<\/strong> vous fournit un acc\u00e8s multi-utilisateurs.<br \/>\nAinsi , selon leurs acc\u00e8s et leurs droits d\u00e9finis, ils pourront compl\u00e9ter, consulter <a href=\"http:\/\/esomus.com\/index.php\/documents\/\" target=\"_blank\" rel=\"noopener\">tous les documents<\/a> n\u00e9cessaires au bon fonctionnement du chantier .<\/span><\/p>\n<\/div>\n<\/div>\n\t\t\t<\/div>\n\t<\/div>\n\t\t<div class=\"ea-card  sp-ea-single\"  data-accordion-id= \"2\">\n\n\t\t<h2 class=\"ea-header\">\n\t\t\t<a class=\"collapsed\" data-sptoggle=\"spcollapse\" rel=\"nofollow\" data-sptarget=\"#collapse9342\" href=\"#\" data-title=\"efaq-je-ne-sais-plus-si-ma-grue-a-ete-controlee\" aria-expanded=\"false\">\n\t\t\t\t<span class=\"sp-numbering\"> <i class=\"ea-expand-icon fa fa-chevron-down\"><\/i> <\/span>  Je ne sais plus si ma grue a \u00e9t\u00e9 contr\u00f4l\u00e9e \t\t\t<\/a>\n\t\t<\/h2>\n\n\t\t<div class=\"sp-collapse spcollapse spcollapse\" id=\"collapse9342\" data-parent=\"#sp-ea-934\">\n\t\t<div class=\"ea-body\"> \n<div class=\"ea-content-wrapper animated fadeIn\"> \n\t<p><span style=\"color: #000000;\">Dans <strong>ESOMUS<\/strong>, vous pourrez connaitre en temps r\u00e9el, le statut de votre grue, si le contr\u00f4le a \u00e9t\u00e9 effectu\u00e9 dans les d\u00e9lais.<br \/>\nLe statut vous indiquera un d\u00e9faut en cas de non contr\u00f4le dans les d\u00e9lais impartis, et toutes informations utiles.<\/span><br \/>\n<span style=\"color: #000000;\">Comme ESOMUS est param\u00e9trable, vous aurez toutes les informations et l'historique des <a href=\"http:\/\/esomus.com\/index.php\/controle\/\" target=\"_blank\" rel=\"noopener\">maintenances, des proc\u00e9dures , des contr\u00f4les<\/a>, ...<\/span><br \/>\n<strong><span style=\"color: #000000;\"><br \/>\nAinsi, sur votre chantier et avec votre tablette, vous aurez cette information directement<\/span>.<\/strong><\/p>\n<\/div>\n<\/div>\n\t\t\t<\/div>\n\t<\/div>\n\t\t<div class=\"ea-card  sp-ea-single\"  data-accordion-id= \"3\">\n\n\t\t<h2 class=\"ea-header\">\n\t\t\t<a class=\"collapsed\" data-sptoggle=\"spcollapse\" rel=\"nofollow\" data-sptarget=\"#collapse9343\" href=\"#\" data-title=\"efaq-jai-un-stock-immense-de-materiel-comment-esomus-peut-il-gerer-mon-stock\" aria-expanded=\"false\">\n\t\t\t\t<span class=\"sp-numbering\"> <i class=\"ea-expand-icon fa fa-chevron-down\"><\/i> <\/span>  J'ai un stock immense de mat\u00e9riel, comment ESOMUS peut-il g\u00e9rer mon stock ?\t\t\t<\/a>\n\t\t<\/h2>\n\n\t\t<div class=\"sp-collapse spcollapse spcollapse\" id=\"collapse9343\" data-parent=\"#sp-ea-934\">\n\t\t<div class=\"ea-body\"> \n<div class=\"ea-content-wrapper animated fadeIn\"> \n\t<p>Gr\u00e2ce \u00e0 <strong><span style=\"color: #333399;\">ESOMUS<\/span><\/strong>, lors <a href=\"http:\/\/esomus.com\/index.php\/cadastre\/\" target=\"_blank\" rel=\"noopener\">des encodages de mat\u00e9riel<\/a>, vous pourrez d\u00e9finir le mat\u00e9riel comme \"mat\u00e9riel stock\u00e9\".<br \/>\nAinsi, vous pourrez faire votre inventaire, en fonction des lieux o\u00f9 se trouvent le mat\u00e9riel, que ce soit dans le stock, dans un autre local et\/ou un conteneur mobile.<\/p>\n<\/div>\n<\/div>\n\t\t\t<\/div>\n\t<\/div>\n\t\t<div class=\"ea-card  sp-ea-single\"  data-accordion-id= \"4\">\n\n\t\t<h2 class=\"ea-header\">\n\t\t\t<a class=\"collapsed\" data-sptoggle=\"spcollapse\" rel=\"nofollow\" data-sptarget=\"#collapse9344\" href=\"#\" data-title=\"efaq-mon-ouvrier-est-tombe-comment-gerer-la-situation\" aria-expanded=\"false\">\n\t\t\t\t<span class=\"sp-numbering\"> <i class=\"ea-expand-icon fa fa-chevron-down\"><\/i> <\/span>  Mon ouvrier est tomb\u00e9, comment g\u00e9rer la situation ?\t\t\t<\/a>\n\t\t<\/h2>\n\n\t\t<div class=\"sp-collapse spcollapse spcollapse\" id=\"collapse9344\" data-parent=\"#sp-ea-934\">\n\t\t<div class=\"ea-body\"> \n<div class=\"ea-content-wrapper animated fadeIn\"> \n\t<p><strong>ESOMUS<\/strong> vous permettra d'encoder les informations de<a href=\"http:\/\/esomus.com\/index.php\/accidents2\/\" target=\"_blank\" rel=\"noopener\"> l'accident<\/a> : le lieu o\u00f9 cela c\u2019est produit, les personnes impliqu\u00e9es, les cons\u00e9quences pour chacune d\u2019elles, l\u2019\u00e9quipement \u00e0 l\u2019origine du probl\u00e8me, <a href=\"http:\/\/esomus.com\/index.php\/documents\/\" target=\"_blank\" rel=\"noopener\">les photos et documents li\u00e9s<\/a>,\u00a0 l'arbre des causes.<\/p>\n<p><em><strong>A partir de l\u00e0, vous allez pouvoir planifier une s\u00e9rie d\u2019actions pour r\u00e9tablir la situation et emp\u00eacher que cela se reproduise.<\/strong><\/em><\/p>\n<\/div>\n<\/div>\n\t\t\t<\/div>\n\t<\/div>\n\t<\/div><\/div>\n\n\n\n\n\n<div class=\"wp-block-button alignright\"><a class=\"wp-block-button__link has-text-color has-background\" href=\"https:\/\/www.esomus.com\" style=\"background-color:#2f65b0;color:#ffffff\">Retour accueil<\/a><\/div>\n\n\n","protected":false},"excerpt":{"rendered":"<p>Le suivi de tous vos chantiers ESOMUS permet le suivi de tous vos chantiers.Il permet de savoir en temps r\u00e9el, o\u00f9 se trouve le mat\u00e9riel, que ce soit dans un conteneur et\/ou dans un v\u00e9hicule. ESOMUS vous permet aussi de connaitre le statut de contr\u00f4le dudit mat\u00e9riel. ESOMUS recense l&#8217;ensemble des \u00e9quipements utiles aux chantiers.<\/p>\n","protected":false},"author":1,"featured_media":0,"parent":0,"menu_order":0,"comment_status":"closed","ping_status":"closed","template":"","meta":{"_seopress_robots_primary_cat":"","_seopress_titles_title":"","_seopress_titles_desc":"","_seopress_robots_index":"","_themeisle_gutenberg_block_has_review":false,"footnotes":""},"class_list":["post-931","page","type-page","status-publish","hentry"],"jetpack_sharing_enabled":true,"_links":{"self":[{"href":"https:\/\/esomus.com\/index.php\/wp-json\/wp\/v2\/pages\/931","targetHints":{"allow":["GET"]}}],"collection":[{"href":"https:\/\/esomus.com\/index.php\/wp-json\/wp\/v2\/pages"}],"about":[{"href":"https:\/\/esomus.com\/index.php\/wp-json\/wp\/v2\/types\/page"}],"author":[{"embeddable":true,"href":"https:\/\/esomus.com\/index.php\/wp-json\/wp\/v2\/users\/1"}],"replies":[{"embeddable":true,"href":"https:\/\/esomus.com\/index.php\/wp-json\/wp\/v2\/comments?post=931"}],"version-history":[{"count":25,"href":"https:\/\/esomus.com\/index.php\/wp-json\/wp\/v2\/pages\/931\/revisions"}],"predecessor-version":[{"id":4299,"href":"https:\/\/esomus.com\/index.php\/wp-json\/wp\/v2\/pages\/931\/revisions\/4299"}],"wp:attachment":[{"href":"https:\/\/esomus.com\/index.php\/wp-json\/wp\/v2\/media?parent=931"}],"curies":[{"name":"wp","href":"https:\/\/api.w.org\/{rel}","templated":true}]}}