{"id":926,"date":"2019-08-31T09:22:49","date_gmt":"2019-08-31T07:22:49","guid":{"rendered":"http:\/\/esomus.com\/?page_id=926"},"modified":"2019-10-10T18:20:16","modified_gmt":"2019-10-10T16:20:16","slug":"analyse-de-risques","status":"publish","type":"page","link":"https:\/\/esomus.com\/index.php\/analyse-de-risques\/","title":{"rendered":"Analyse de risques"},"content":{"rendered":"\n<h1 class=\"wp-block-heading\" style=\"text-align:center\"><span style=\"color: #2f65b0;\"><strong>Int\u00e9grer vos analyses de risques <\/strong><\/span><br><span style=\"color: #2f65b0;\"><strong>dans votre quotidien et <\/strong><strong>sur le terrain<\/strong><\/span><\/h1>\n\n\n\n<figure><\/figure>\n<figure><div id=\"metaslider-id-3014\" style=\"width: 100%;\" class=\"ml-slider-3-108-0 metaslider metaslider-flex metaslider-3014 ml-slider has-dots-nav ms-theme-default\" role=\"region\" aria-label=\"analyse de risques\" data-height=\"300\" data-width=\"700\">\n    <div id=\"metaslider_container_3014\">\n        <div id=\"metaslider_3014\">\n            <ul class='slides'>\n                <li style=\"display: block; width: 100%;\" class=\"slide-3018 ms-image \" aria-roledescription=\"slide\" data-date=\"2019-09-20 11:24:00\" data-filename=\"analyzing-3385076_1280-700x300.jpg\" data-slide-type=\"image\"><img data-recalc-dims=\"1\" loading=\"lazy\" decoding=\"async\" src=\"https:\/\/i0.wp.com\/esomus.com\/wp-content\/uploads\/2019\/09\/analyzing-3385076_1280.jpg?resize=700%2C300&#038;ssl=1\" height=\"300\" width=\"700\" alt=\"Ensemble, analyser vos risques ...\" class=\"slider-3014 slide-3018 msDefaultImage\" title=\"Ensemble, analyser vos risques ...\" \/><div class=\"caption-wrap\"><div class=\"caption\">Ensemble, analyser vos risques ...<\/div><\/div><\/li>\n                <li style=\"display: none; width: 100%;\" class=\"slide-3026 ms-image \" aria-roledescription=\"slide\" data-date=\"2019-09-20 11:29:06\" data-filename=\"rappelling-755399_1280-700x300.jpg\" data-slide-type=\"image\"><img data-recalc-dims=\"1\" loading=\"lazy\" decoding=\"async\" src=\"https:\/\/i0.wp.com\/esomus.com\/wp-content\/uploads\/2019\/09\/rappelling-755399_1280.jpg?resize=700%2C300&#038;ssl=1\" height=\"300\" width=\"700\" alt=\"Le travail se fera en toute s\u00e9curit\u00e9 !!!\" class=\"slider-3014 slide-3026 msDefaultImage\" title=\"Le travail se fera en toute s\u00e9curit\u00e9 !!!\" \/><div class=\"caption-wrap\"><div class=\"caption\">Le travail en toute s\u00e9curit\u00e9 !!!<\/div><\/div><\/li>\n                <li style=\"display: none; width: 100%;\" class=\"slide-3025 ms-image \" aria-roledescription=\"slide\" data-date=\"2019-09-20 11:29:06\" data-filename=\"office-3295556_12801-700x300.jpg\" data-slide-type=\"image\"><img data-recalc-dims=\"1\" loading=\"lazy\" decoding=\"async\" src=\"https:\/\/i0.wp.com\/esomus.com\/wp-content\/uploads\/2019\/09\/office-3295556_12801.jpg?resize=700%2C300&#038;ssl=1\" height=\"300\" width=\"700\" alt=\"Vous aurez de meilleurs r\u00e9sultats pr\u00e9vention et gestion des risques ...\" class=\"slider-3014 slide-3025 msDefaultImage\" title=\"Vous aurez de meilleurs r\u00e9sultats pr\u00e9vention et gestion des risques ...\" \/><div class=\"caption-wrap\"><div class=\"caption\">Vous aurez de meilleurs r\u00e9sultats pr\u00e9vention et gestion des risques<\/div><\/div><\/li>\n            <\/ul>\n        <\/div>\n        \n    <\/div>\n<\/div><\/figure>\n<figure><\/figure>\n\n\n\n<p style=\"color:#0f4361;text-align:center\" class=\"has-text-color has-medium-font-size\"><strong>A tout moment, pour un chantier, une t\u00e2che, une action et\/ou autre, <\/strong><br><strong>cr\u00e9ez vos propres analyses de risques, selon vos besoins &#8230; <\/strong><\/p>\n\n\n\n<h2 class=\"wp-block-heading\" style=\"text-align:center\"><span style=\"color: #2f65b0;\"><strong>Les analyses de risques pour <\/strong><\/span><br><span style=\"color: #ff00ff;\"><strong><span style=\"color: #2f65b0;\">votre entreprise, votre enjeu s\u00e9curit\u00e9<\/span><br><\/strong><\/span><\/h2>\n\n\n\n<p style=\"text-align:center\" class=\"has-medium-font-size\"><strong>ESOMUS<\/strong>, avec l&#8217;ensemble de ses param\u00e8tres de cr\u00e9ation sp\u00e9cifique, vous allez cr\u00e9er vos propres analyses de risques, selon vos besoins, que cela soit pour une action, une t\u00e2che, un chantier ou un poste de travail. <br><strong>ESOMUS <\/strong>vous assiste sur les bonnes mesures de pr\u00e9vention \u00e0 prendre suite \u00e0 l&#8217;analyse des risques.<\/p>\n\n\n\n\n\n\n\n\n<style id=\"ea_dynamic_css927\">#sp-ea-927 .spcollapsing{height: 0; overflow: hidden; transition-property: height; transition-duration: 10ms;}#sp-ea-927.sp-easy-accordion>.sp-ea-single.eap_inactive>.ea-header a {background-color: #bb0000 !important; color: #fff !important;}#sp-ea-927.sp-easy-accordion>.sp-ea-single{ margin-bottom: 10px; border: 1px none #2f65b0; border-radius: 0;}#sp-ea-927.sp-easy-accordion>.sp-ea-single.ea-expand{ border-color: #2f65b0;}#sp-ea-927.sp-easy-accordion>.sp-ea-single:hover{ border-color: #2f65b0;}#sp-ea-927.sp-easy-accordion>.sp-ea-single>.ea-header a {background: #ffffff;}#sp-ea-927.sp-easy-accordion>.sp-ea-single.ea-expand>.ea-header a {background: #ffffff;}#sp-ea-927.sp-easy-accordion>.sp-ea-single>.ea-header:hover a {background: #ffffff;}#sp-ea-927.sp-easy-accordion>.sp-ea-single>.ea-header a .eap-title-icon { color: #dd3333;font-size: 20px;} #sp-ea-927.sp-easy-accordion>.sp-ea-single>.ea-header a .eap-title-custom-icon {max-width: 20px;}#sp-ea-927.sp-easy-accordion>.sp-ea-single>.ea-header:hover a .eap-title-icon {color: #dd3333;}#sp-ea-927.sp-easy-accordion>.sp-ea-single.ea-expand>.ea-header a .eap-title-icon {color: #dd3333;}#sp-ea-927.sp-easy-accordion>.sp-ea-single>.ea-header a {padding: 15px 15px 15px 15px; color: #444; font-size: 20px; line-height: 30px; text-align: left; letter-spacing: 0px; text-transform: none;}#sp-ea-927.sp-easy-accordion>.sp-ea-single>.ea-header:hover a {color: #444;}#sp-ea-927.sp-easy-accordion>.sp-ea-single.ea-expand>.ea-header a {color: #444;}#sp-ea-927.sp-easy-accordion>.sp-ea-single>.sp-collapse>.ea-body p,#sp-ea-927.sp-easy-accordion>.sp-ea-single>.sp-collapse>.ea-body{background: #fff; padding: 25px 25px 25px 25px; border-radius: 0 0 0 0; color: #444; font-size: 16px; text-align: left; letter-spacing: 0px; line-height: 26px; animation-delay: 200ms; text-transform: none;}#sp-ea-927.sp-easy-accordion>.sp-ea-single>.ea-header a .ea-expand-icon.fa:before {color: #ffffff; font-size: 15px; font-style: normal;}#sp-ea-927.sp-easy-accordion>.sp-ea-single>.ea-header:hover a .ea-expand-icon.fa:before {color: #ffffff;}#sp-ea-927.sp-easy-accordion>.sp-ea-single.ea-expand>.ea-header a .ea-expand-icon.fa:before {color: #ffffff;}#sp-ea-927.sp-easy-accordion>.sp-ea-single>.ea-header a {border-radius: 0;}#sp-ea-927.sp-easy-accordion>.sp-ea-single>.ea-header a .sp-numbering .ea-expand-icon {background: none;}#sp-ea-927.sp-easy-accordion>.sp-ea-single>.ea-header a .sp-numbering {background: #2f65b0; color: #ffffff; line-height: 56px;}#sp-ea-927.sp-easy-accordion>.sp-ea-single>.ea-header:hover a .sp-numbering {background: #2f65b0; color: #ffffff;}#sp-ea-927.sp-easy-accordion>.sp-ea-single.ea-expand>.ea-header a .sp-numbering {background: #2f65b0; color: #ffffff;}#sp-ea-927.sp-easy-accordion>.sp-ea-single{background: none; overflow: visible;}#sp-ea-927.sp-easy-accordion>.sp-ea-single>.ea-header a .sp-numbering {line-height: 60px; color: #ffffff; background: #2f65b0; top: 0;}#sp-ea-927.sp-easy-accordion>.sp-ea-single>.ea-header:hover a .sp-numbering {color: #ffffff; background: #2f65b0;}#sp-ea-927.sp-easy-accordion>.sp-ea-single.ea-expand>.ea-header a .sp-numbering {color: #ffffff; background: #2f65b0;}#sp-ea-927 #eap_faq_search_bar_container {display:none; opacity:0;}#sp-ea-927 #eap_faq_search_bar_container span::before{content:\"\";}#sp-ea-927.sp-easy-accordion>.sp-ea-single>.sp-collapse>.ea-body p{ padding:0px}#sp-ea-927>.sp-ea-single>.sp-collapse>.ea-body .eap-product-price {color: #444;}#sp-ea-927.sp-easy-accordion>.sp-ea-single>.sp-collapse>.ea-body .eap-product-price del{color: rgba(68,68,68,0.71);}#sp-ea-927.sp-easy-accordion>.sp-ea-single>.sp-collapse>.ea-body .eap-product-cart-button .woocommerce a { border: 1px solid #DAD6DA;border-radius: 2px;background-color: transparent;color: #444;}#sp-ea-927.sp-easy-accordion>.sp-ea-single>.sp-collapse>.ea-body .eap-product-cart-button .woocommerce a:hover { border-color: #444;background-color: #444;color: #fff;}#sp-ea-927.sp-easy-accordion>.sp-ea-single>>.sp-collapse>.ea-body .eap-product-cart-button .eap-product-quantity .eap_input_text {border: 1px solid #DAD6DA;}#sp-ea-927.sp-easy-accordion>.sp-ea-single>.sp-collapse>.ea-body .eap-product-cart-button a.add_to_cart_button{position: relative;}<\/style><div id=\"sp-eap-accordion-section-927\" class=\"sp-eap-container\"><div id=\"sp-ea-927\" class=\"sp-ea-fourteen sp-ea-thirteen sp-easy-accordion \" data-ex-icon=\"fa-chevron-right\" data-col-icon=\"fa-chevron-down\" data-ea-active=\"ea-hover\" data-ea-mode=\"vertical\" data-ea-multi-column=\"\" data-ea-coll=\"\" data-keep-accordion=\"\" data-autoclose=\"\" data-preloader=\"\" data-scroll-active-item=\"\" data-offset-to-scroll=\"0\" data-autoplaytime=\"3000\" data-expand=\"\" data-post-id=\"927\" >\t<div class=\"ea-card  sp-ea-single\"  data-accordion-id= \"0\">\n\n\t\t<h2 class=\"ea-header\">\n\t\t\t<a class=\"collapsed\" data-sptoggle=\"spcollapse\" rel=\"nofollow\" data-sptarget=\"#collapse9270\" href=\"#\" data-title=\"efaq-dans-esomus-puis-je-accrocher-une-analyse-de-risques\" aria-expanded=\"false\">\n\t\t\t\t<span class=\"sp-numbering\"> <i class=\"ea-expand-icon fa fa-chevron-down\"><\/i> <\/span>  Dans Esomus, puis-je accrocher une analyse de risques ?\t\t\t<\/a>\n\t\t<\/h2>\n\n\t\t<div class=\"sp-collapse spcollapse spcollapse\" id=\"collapse9270\" data-parent=\"#sp-ea-927\">\n\t\t<div class=\"ea-body\"> \n<div class=\"ea-content-wrapper animated fadeIn\"> \n\t<p><span style=\"color: #000000;\">Oui, \u00e0 tout moment, vous pouvez sur un <a href=\"http:\/\/esomus.com\/index.php\/cadastre\/\" target=\"_blank\" rel=\"noopener\">\u00e9quipement<\/a>, un b\u00e2timent, un <a href=\"http:\/\/esomus.com\/index.php\/vehicules\/\" target=\"_blank\" rel=\"noopener\">v\u00e9hicule<\/a>, un poste de travail, ou autres, ajouter votre analyse de risques.<\/span><br \/>\n<span style=\"color: #000000;\">Celle-ci pourra \u00e9galement \u00eatre r\u00e9alis\u00e9e par les formulaires dans le logiciel ESOMUS<\/span><\/p>\n<\/div>\n<\/div>\n\t\t\t<\/div>\n\t<\/div>\n\t\t<div class=\"ea-card  sp-ea-single\"  data-accordion-id= \"1\">\n\n\t\t<h2 class=\"ea-header\">\n\t\t\t<a class=\"collapsed\" data-sptoggle=\"spcollapse\" rel=\"nofollow\" data-sptarget=\"#collapse9271\" href=\"#\" data-title=\"efaq-lanalyse-de-risques-pourrait-elle-etre-adaptee-a-notre-secteur-dactivite\" aria-expanded=\"false\">\n\t\t\t\t<span class=\"sp-numbering\"> <i class=\"ea-expand-icon fa fa-chevron-down\"><\/i> <\/span>  L'analyse de risques pourrait-elle \u00eatre adapt\u00e9e \u00e0 notre secteur d'activit\u00e9 ?\t\t\t<\/a>\n\t\t<\/h2>\n\n\t\t<div class=\"sp-collapse spcollapse spcollapse\" id=\"collapse9271\" data-parent=\"#sp-ea-927\">\n\t\t<div class=\"ea-body\"> \n<div class=\"ea-content-wrapper animated fadeIn\"> \n\t<p><a href=\"http:\/\/esomus.com\/index.php\/cheklist\/\" target=\"_blank\" rel=\"noopener\"><strong>Les formulaires de cr\u00e9ation d'analyse de risques sont param\u00e9trables<\/strong><\/a>, \u00e0 vous de jouer !!<\/p>\n<\/div>\n<\/div>\n\t\t\t<\/div>\n\t<\/div>\n\t\t<div class=\"ea-card  sp-ea-single\"  data-accordion-id= \"2\">\n\n\t\t<h2 class=\"ea-header\">\n\t\t\t<a class=\"collapsed\" data-sptoggle=\"spcollapse\" rel=\"nofollow\" data-sptarget=\"#collapse9272\" href=\"#\" data-title=\"efaq-lanalyse-de-risques-pour-quoi-faire\" aria-expanded=\"false\">\n\t\t\t\t<span class=\"sp-numbering\"> <i class=\"ea-expand-icon fa fa-chevron-down\"><\/i> <\/span>  L'analyse de risques, pour quoi faire !!\t\t\t<\/a>\n\t\t<\/h2>\n\n\t\t<div class=\"sp-collapse spcollapse spcollapse\" id=\"collapse9272\" data-parent=\"#sp-ea-927\">\n\t\t<div class=\"ea-body\"> \n<div class=\"ea-content-wrapper animated fadeIn\"> \n\t<p>Afin d'\u00e9viter les risques d'accidents, ESOMUS a cr\u00e9\u00e9 cet outil sp\u00e9cialis\u00e9 dans la gestion des risques, pour vous aider, <a href=\"http:\/\/esomus.com\/index.php\/temps-reel\/\" target=\"_blank\" rel=\"noopener\">en temps r\u00e9el<\/a>, \u00e0 suivre <a href=\"http:\/\/esomus.com\/index.php\/legislation\/\" target=\"_blank\" rel=\"noopener\">vos obligations<\/a> et prendre toutes les mesures n\u00e9cessaires pour analyser les risques avant <a href=\"http:\/\/esomus.com\/index.php\/chantiers\/\" target=\"_blank\" rel=\"noopener\">un chantier<\/a>, une action, ... et ainsi \u00e9viter un \u00e9ventuel <a href=\"http:\/\/esomus.com\/index.php\/accidents2\/\" target=\"_blank\" rel=\"noopener\">accident<\/a>.<\/p>\n<\/div>\n<\/div>\n\t\t\t<\/div>\n\t<\/div>\n\t<\/div><\/div>\n\n\n\n\n\n<div class=\"wp-block-button alignright\"><a class=\"wp-block-button__link has-text-color has-background\" href=\"https:\/\/www.esomus.com\" style=\"background-color:#2f65b0;color:#ffffff\">Retour accueil<\/a><\/div>\n","protected":false},"excerpt":{"rendered":"<p>Int\u00e9grer vos analyses de risques dans votre quotidien et sur le terrain A tout moment, pour un chantier, une t\u00e2che, une action et\/ou autre, cr\u00e9ez vos propres analyses de risques, selon vos besoins &#8230; Les analyses de risques pour votre entreprise, votre enjeu s\u00e9curit\u00e9 ESOMUS, avec l&#8217;ensemble de ses param\u00e8tres de cr\u00e9ation sp\u00e9cifique, vous allez&hellip; <br \/> <a class=\"read-more\" href=\"https:\/\/esomus.com\/index.php\/analyse-de-risques\/\">Lire la suite<\/a><\/p>\n","protected":false},"author":1,"featured_media":0,"parent":0,"menu_order":0,"comment_status":"closed","ping_status":"closed","template":"","meta":{"_seopress_robots_primary_cat":"","_seopress_titles_title":"Int\u00e9grer vos analyses de risques dans ESOMUS ...","_seopress_titles_desc":"A tout moment, pour un chantier, une t\u00e2che, une action et\/ou autre, Cr\u00e9er vos propres analyses de risques, selon vos besoins, en temps r\u00e9el, suivez vos risques ... ","_seopress_robots_index":"","_themeisle_gutenberg_block_has_review":false,"footnotes":""},"class_list":["post-926","page","type-page","status-publish","hentry"],"jetpack_sharing_enabled":true,"_links":{"self":[{"href":"https:\/\/esomus.com\/index.php\/wp-json\/wp\/v2\/pages\/926","targetHints":{"allow":["GET"]}}],"collection":[{"href":"https:\/\/esomus.com\/index.php\/wp-json\/wp\/v2\/pages"}],"about":[{"href":"https:\/\/esomus.com\/index.php\/wp-json\/wp\/v2\/types\/page"}],"author":[{"embeddable":true,"href":"https:\/\/esomus.com\/index.php\/wp-json\/wp\/v2\/users\/1"}],"replies":[{"embeddable":true,"href":"https:\/\/esomus.com\/index.php\/wp-json\/wp\/v2\/comments?post=926"}],"version-history":[{"count":34,"href":"https:\/\/esomus.com\/index.php\/wp-json\/wp\/v2\/pages\/926\/revisions"}],"predecessor-version":[{"id":4216,"href":"https:\/\/esomus.com\/index.php\/wp-json\/wp\/v2\/pages\/926\/revisions\/4216"}],"wp:attachment":[{"href":"https:\/\/esomus.com\/index.php\/wp-json\/wp\/v2\/media?parent=926"}],"curies":[{"name":"wp","href":"https:\/\/api.w.org\/{rel}","templated":true}]}}