{"id":922,"date":"2019-08-31T09:20:18","date_gmt":"2019-08-31T07:20:18","guid":{"rendered":"http:\/\/esomus.com\/?page_id=922"},"modified":"2019-10-10T18:05:11","modified_gmt":"2019-10-10T16:05:11","slug":"legislation","status":"publish","type":"page","link":"https:\/\/esomus.com\/index.php\/legislation\/","title":{"rendered":"L\u00e9gislation"},"content":{"rendered":"\n<h1 style=\"text-align:center\" class=\"ticss-9bfacda0 wp-block-heading\"><strong>Suivre la l\u00e9gislation en temps r\u00e9el,<br>connaitre le statut de votre entreprise <\/strong><br><strong>par rapport \u00e0 la loi est primordial &#8230;<\/strong><\/h1>\n\n\n\n<figure><\/figure>\n<figure><div id=\"metaslider-id-3005\" style=\"width: 100%;\" class=\"ml-slider-3-108-0 metaslider metaslider-flex metaslider-3005 ml-slider has-dots-nav ms-theme-default\" role=\"region\" aria-label=\"L\u00e9gislation\" data-height=\"300\" data-width=\"700\">\n    <div id=\"metaslider_container_3005\">\n        <div id=\"metaslider_3005\">\n            <ul class='slides'>\n                <li style=\"display: block; width: 100%;\" class=\"slide-3011 ms-image \" aria-roledescription=\"slide\" data-date=\"2019-09-20 11:03:54\" data-filename=\"courtroom-898931_1280-700x300.jpg\" data-slide-type=\"image\"><img data-recalc-dims=\"1\" loading=\"lazy\" decoding=\"async\" src=\"https:\/\/i0.wp.com\/esomus.com\/wp-content\/uploads\/2019\/09\/courtroom-898931_1280.jpg?resize=700%2C300&#038;ssl=1\" height=\"300\" width=\"700\" alt=\"Je n&#039;ai pas envie de me retrouver au tribunal  !!!\" class=\"slider-3005 slide-3011 msDefaultImage\" title=\"Je n&#039;ai pas envie de me retrouver au tribunal  !!!\" \/><div class=\"caption-wrap\"><div class=\"caption\">Je n'ai pas envie de me retrouver au tribunal<\/div><\/div><\/li>\n                <li style=\"display: none; width: 100%;\" class=\"slide-3009 ms-image \" aria-roledescription=\"slide\" data-date=\"2019-09-20 11:03:53\" data-filename=\"book-3089857_1280-700x300.jpg\" data-slide-type=\"image\"><img data-recalc-dims=\"1\" loading=\"lazy\" decoding=\"async\" src=\"https:\/\/i0.wp.com\/esomus.com\/wp-content\/uploads\/2019\/09\/book-3089857_1280.jpg?resize=700%2C300&#038;ssl=1\" height=\"300\" width=\"700\" alt=\"La connaissance des lois est importante ...\" class=\"slider-3005 slide-3009 msDefaultImage\" title=\"La connaissance des lois est importante ...\" \/><div class=\"caption-wrap\"><div class=\"caption\">La connaissance des lois est importante<\/div><\/div><\/li>\n                <li style=\"display: none; width: 100%;\" class=\"slide-3010 ms-image \" aria-roledescription=\"slide\" data-date=\"2019-09-20 11:03:54\" data-filename=\"justice-1509437_1280-700x300.jpg\" data-slide-type=\"image\"><img data-recalc-dims=\"1\" loading=\"lazy\" decoding=\"async\" src=\"https:\/\/i0.wp.com\/esomus.com\/wp-content\/uploads\/2019\/09\/justice-1509437_1280.jpg?resize=700%2C300&#038;ssl=1\" height=\"300\" width=\"700\" alt=\"Alors, Suivez la r\u00e8glementation ...\" class=\"slider-3005 slide-3010 msDefaultImage\" title=\"Alors, Suivez la r\u00e8glementation ...\" \/><div class=\"caption-wrap\"><div class=\"caption\">Alors, suivez la r\u00e8glementation<\/div><\/div><\/li>\n            <\/ul>\n        <\/div>\n        \n    <\/div>\n<\/div><\/figure>\n<figure><\/figure>\n\n\n\n<h2 class=\"wp-block-heading\" style=\"text-align:center\">ESOMUS apprend les r\u00e8gles, puis vous guide pour les respecter<\/h2>\n\n\n\n<p style=\"color:#6b6b6b;text-align:center\" class=\"has-text-color has-medium-font-size\"><strong><em>ESOMUS<\/em><\/strong>, va <a rel=\"noreferrer noopener\" aria-label=\"en temps r\u00e9el (s\u2019ouvre dans un nouvel onglet)\" href=\"http:\/\/newsite.ESOMUS.com\/index.php\/temps-reel\/\" target=\"_blank\">en temps r\u00e9el<\/a>, vous rappeler qu&#8217;il faut imp\u00e9rativement faire les <a rel=\"noreferrer noopener\" aria-label=\"contr\u00f4les (s\u2019ouvre dans un nouvel onglet)\" href=\"http:\/\/newsite.ESOMUS.com\/index.php\/controle\/\" target=\"_blank\">contr\u00f4les<\/a> et effectuer les t\u00e2ches qui ont \u00e9t\u00e9 mises en place par le responsable afin de suivre les impositions l\u00e9gales dans un souci de s\u00e9curit\u00e9 pour l&#8217;ensemble de vos employ\u00e9s, de vos externes et de votre entreprise.<\/p>\n\n\n\n<h2 class=\"wp-block-heading\" style=\"text-align:center\">Partager la connaissance des lois<\/h2>\n\n\n\n<p style=\"text-align:center\" class=\"has-medium-font-size\">Gr\u00e2ce \u00e0 ses liens multiples, ESOMUS vous permet d&#8217;accrocher tout texte l\u00e9gal ; soit \u00e0 une cat\u00e9gorie d&#8217;\u00e9quipements, soit directement \u00e0 une de ses fiches de description. Ainsi, il sera accessible \u00e0 toutes les personnes qui travaillent chez vous pour chaque \u00e9quipement correspondant pr\u00e9sent dans votre entreprise.<\/p>\n\n\n\n<h2 class=\"wp-block-heading\" style=\"text-align:center\">Vous n&#8217;avez pas de conseiller en pr\u00e9vention !<\/h2>\n\n\n\n<p style=\"text-align:center\" class=\"has-medium-font-size\">Quand vous faites appel \u00e0 un <a rel=\"noreferrer noopener\" aria-label=\"SEPP, un conseiller en pr\u00e9vention externe (s\u2019ouvre dans un nouvel onglet)\" href=\"http:\/\/newsite.ESOMUS.com\/index.php\/service\/\" target=\"_blank\">SEPP, un conseiller en pr\u00e9vention externe<\/a>,  il vient, vous dit ce qu&#8217;il faut faire <br>puis s&#8217;en va et vous ne le reverrez peut-\u00eatre pas avant l&#8217;ann\u00e9e prochaine.<\/p>\n\n\n\n<p style=\"color:#6b6b6b;text-align:center\" class=\"has-text-color has-medium-font-size\">Allez plus loin et encodez directement toutes les obligations qu&#8217;il vous a signal\u00e9es, <br>ainsi ESOMUS prendra la suite. ESOMUS vous aura rappel\u00e9 tout ce que vous devez faire pour \u00eatre en conformit\u00e9 avant m\u00eame que le conseiller n&#8217;ait repris rendez-vous avec vous.<\/p>\n\n\n\n<h2 style=\"text-align:center\" class=\"ticss-e7323fda wp-block-heading\">Vous ne connaissez pas toutes les r\u00e9glementations <\/h2>\n\n\n\n<p style=\"color:#6b6b6b;text-align:center\" class=\"has-text-color has-medium-font-size ticss-a254b38c\">Dans votre quotidien <a rel=\"noreferrer noopener\" aria-label=\"les r\u00e8glementations (s\u2019ouvre dans un nouvel onglet)\" href=\"http:\/\/newsite.ESOMUS.com\/index.php\/legislation\/\" target=\"_blank\">les r\u00e9glementations<\/a> sont primordiales, &#8230;.<br>Les responsabilit\u00e9s dans une entreprise sont \u00e9galement tr\u00e8s importantes ainsi, que le suivi de la r\u00e8glementation.<br>N&#8217;attendez pas <a rel=\"noreferrer noopener\" aria-label=\"les incidents, les accidents (s\u2019ouvre dans un nouvel onglet)\" href=\"http:\/\/newsite.ESOMUS.com\/index.php\/accidents2\/\" target=\"_blank\">les incidents, les accidents<\/a>, mettez en place tous les contr\u00f4les, etc&#8230;<br><br><strong>Cela n&#8217;arrive pas qu&#8217;aux autres !!! <\/strong><\/p>\n\n\n\n\n\n\n\n\n<style id=\"ea_dynamic_css923\">#sp-ea-923 .spcollapsing{height: 0; overflow: hidden; transition-property: height; transition-duration: 10ms;}#sp-ea-923.sp-easy-accordion>.sp-ea-single.eap_inactive>.ea-header a {background-color: #bb0000 !important; color: #fff !important;}#sp-ea-923.sp-easy-accordion>.sp-ea-single{ margin-bottom: 10px; border: 1px none #2f65b0; border-radius: 0;}#sp-ea-923.sp-easy-accordion>.sp-ea-single.ea-expand{ border-color: #2f65b0;}#sp-ea-923.sp-easy-accordion>.sp-ea-single:hover{ border-color: #2f65b0;}#sp-ea-923.sp-easy-accordion>.sp-ea-single>.ea-header a {background: #ffffff;}#sp-ea-923.sp-easy-accordion>.sp-ea-single.ea-expand>.ea-header a {background: #ffffff;}#sp-ea-923.sp-easy-accordion>.sp-ea-single>.ea-header:hover a {background: #ffffff;}#sp-ea-923.sp-easy-accordion>.sp-ea-single>.ea-header a .eap-title-icon { color: #dd3333;font-size: 20px;} #sp-ea-923.sp-easy-accordion>.sp-ea-single>.ea-header a .eap-title-custom-icon {max-width: 20px;}#sp-ea-923.sp-easy-accordion>.sp-ea-single>.ea-header:hover a .eap-title-icon {color: #dd3333;}#sp-ea-923.sp-easy-accordion>.sp-ea-single.ea-expand>.ea-header a .eap-title-icon {color: #dd3333;}#sp-ea-923.sp-easy-accordion>.sp-ea-single>.ea-header a {padding: 15px 15px 15px 15px; color: #444; font-size: 20px; line-height: 30px; text-align: left; letter-spacing: 0px; text-transform: none;}#sp-ea-923.sp-easy-accordion>.sp-ea-single>.ea-header:hover a {color: #444;}#sp-ea-923.sp-easy-accordion>.sp-ea-single.ea-expand>.ea-header a {color: #444;}#sp-ea-923.sp-easy-accordion>.sp-ea-single>.sp-collapse>.ea-body p,#sp-ea-923.sp-easy-accordion>.sp-ea-single>.sp-collapse>.ea-body{background: #fff; padding: 15px 15px 15px 15px; border-radius: 0 0 0 0; color: #444; font-size: 16px; text-align: left; letter-spacing: 0px; line-height: 26px; animation-delay: 200ms; text-transform: none;}#sp-ea-923.sp-easy-accordion>.sp-ea-single>.ea-header a .ea-expand-icon.fa:before {color: #ffffff; font-size: 16px; font-style: normal;}#sp-ea-923.sp-easy-accordion>.sp-ea-single>.ea-header:hover a .ea-expand-icon.fa:before {color: #ffffff;}#sp-ea-923.sp-easy-accordion>.sp-ea-single.ea-expand>.ea-header a .ea-expand-icon.fa:before {color: #ffffff;}#sp-ea-923.sp-easy-accordion>.sp-ea-single>.ea-header a {border-radius: 0;}#sp-ea-923.sp-easy-accordion>.sp-ea-single>.ea-header a .sp-numbering .ea-expand-icon {background: none;}#sp-ea-923.sp-easy-accordion>.sp-ea-single>.ea-header a .sp-numbering {background: #2f65b0; color: #ffffff; line-height: 56px;}#sp-ea-923.sp-easy-accordion>.sp-ea-single>.ea-header:hover a .sp-numbering {background: #2f65b0; color: #ffffff;}#sp-ea-923.sp-easy-accordion>.sp-ea-single.ea-expand>.ea-header a .sp-numbering {background: #2f65b0; color: #ffffff;}#sp-ea-923.sp-easy-accordion>.sp-ea-single{background: none; overflow: visible;}#sp-ea-923.sp-easy-accordion>.sp-ea-single>.ea-header a .sp-numbering {line-height: 60px; color: #ffffff; background: #2f65b0; top: 0;}#sp-ea-923.sp-easy-accordion>.sp-ea-single>.ea-header:hover a .sp-numbering {color: #ffffff; background: #2f65b0;}#sp-ea-923.sp-easy-accordion>.sp-ea-single.ea-expand>.ea-header a .sp-numbering {color: #ffffff; background: #2f65b0;}#sp-ea-923 #eap_faq_search_bar_container {display:none; opacity:0;}#sp-ea-923 #eap_faq_search_bar_container span::before{content:\"\";}#sp-ea-923.sp-easy-accordion>.sp-ea-single>.sp-collapse>.ea-body p{ padding:0px}#sp-ea-923>.sp-ea-single>.sp-collapse>.ea-body .eap-product-price {color: #444;}#sp-ea-923.sp-easy-accordion>.sp-ea-single>.sp-collapse>.ea-body .eap-product-price del{color: rgba(68,68,68,0.71);}#sp-ea-923.sp-easy-accordion>.sp-ea-single>.sp-collapse>.ea-body .eap-product-cart-button .woocommerce a { border: 1px solid #DAD6DA;border-radius: 2px;background-color: transparent;color: #444;}#sp-ea-923.sp-easy-accordion>.sp-ea-single>.sp-collapse>.ea-body .eap-product-cart-button .woocommerce a:hover { border-color: #444;background-color: #444;color: #fff;}#sp-ea-923.sp-easy-accordion>.sp-ea-single>>.sp-collapse>.ea-body .eap-product-cart-button .eap-product-quantity .eap_input_text {border: 1px solid #DAD6DA;}#sp-ea-923.sp-easy-accordion>.sp-ea-single>.sp-collapse>.ea-body .eap-product-cart-button a.add_to_cart_button{position: relative;}<\/style><div id=\"sp-eap-accordion-section-923\" class=\"sp-eap-container\"><div id=\"sp-ea-923\" class=\"sp-ea-fourteen sp-ea-thirteen sp-easy-accordion \" data-ex-icon=\"fa-chevron-right\" data-col-icon=\"fa-chevron-down\" data-ea-active=\"ea-hover\" data-ea-mode=\"vertical\" data-ea-multi-column=\"\" data-ea-coll=\"\" data-keep-accordion=\"\" data-autoclose=\"\" data-preloader=\"\" data-scroll-active-item=\"\" data-offset-to-scroll=\"0\" data-autoplaytime=\"3000\" data-expand=\"\" data-post-id=\"923\" >\t<div class=\"ea-card  sp-ea-single\"  data-accordion-id= \"0\">\n\n\t\t<h2 class=\"ea-header\">\n\t\t\t<a class=\"collapsed\" data-sptoggle=\"spcollapse\" rel=\"nofollow\" data-sptarget=\"#collapse9230\" href=\"#\" data-title=\"efaq-la-legislation-me-dit-que-cest-un-controle-annuel\" aria-expanded=\"false\">\n\t\t\t\t<span class=\"sp-numbering\"> <i class=\"ea-expand-icon fa fa-chevron-down\"><\/i> <\/span>  La l\u00e9gislation me dit que c'est un contr\u00f4le annuel ...\t\t\t<\/a>\n\t\t<\/h2>\n\n\t\t<div class=\"sp-collapse spcollapse spcollapse\" id=\"collapse9230\" data-parent=\"#sp-ea-923\">\n\t\t<div class=\"ea-body\"> \n<div class=\"ea-content-wrapper animated fadeIn\"> \n\t<p>Suivant la <a href=\"http:\/\/esomus.com\/index.php\/legislation\/\" target=\"_blank\" rel=\"noopener\">l\u00e9gislation<\/a>, votre <a href=\"http:\/\/esomus.com\/index.php\/controle\/\" target=\"_blank\" rel=\"noopener\">contr\u00f4le<\/a> est annuel et gr\u00e2ce \u00e0 votre encodage dans ESOMUS, l'outil, va vous rappeler anticipativement l'\u00e9ch\u00e9ance du <a href=\"http:\/\/esomus.com\/index.php\/controle\/\" target=\"_blank\" rel=\"noopener\">contr\u00f4le<\/a>.<\/p>\n<p>La l\u00e9gislation change en cours d'ann\u00e9e ? Pas de soucis, ESOMUS y a pens\u00e9... Et fera les modifications tout en gardant l'historique des contr\u00f4les.<\/p>\n<\/div>\n<\/div>\n\t\t\t<\/div>\n\t<\/div>\n\t\t<div class=\"ea-card  sp-ea-single\"  data-accordion-id= \"1\">\n\n\t\t<h2 class=\"ea-header\">\n\t\t\t<a class=\"collapsed\" data-sptoggle=\"spcollapse\" rel=\"nofollow\" data-sptarget=\"#collapse9231\" href=\"#\" data-title=\"efaq-mon-entreprise-suit-elle-correctement-la-reglementation\" aria-expanded=\"false\">\n\t\t\t\t<span class=\"sp-numbering\"> <i class=\"ea-expand-icon fa fa-chevron-down\"><\/i> <\/span>  Mon entreprise suit-elle correctement la r\u00e9glementation ?\t\t\t<\/a>\n\t\t<\/h2>\n\n\t\t<div class=\"sp-collapse spcollapse spcollapse\" id=\"collapse9231\" data-parent=\"#sp-ea-923\">\n\t\t<div class=\"ea-body\"> \n<div class=\"ea-content-wrapper animated fadeIn\"> \n\t<p>Effectivement, suis-je en ordre par rapport \u00e0 la loi, au code du bien-\u00eatre, aux proc\u00e9dures li\u00e9es \u00e0 la l\u00e9gislation, comment le savoir..?<br \/>\nESOMUS fait en sorte que <a href=\"http:\/\/esomus.com\/index.php\/controle\/\" target=\"_blank\" rel=\"noopener\">vous puissiez suivre vos contr\u00f4les<\/a>, vos proc\u00e9dures, vos injonctions d'audits, d' assureurs, des pompiers...<\/p>\n<\/div>\n<\/div>\n\t\t\t<\/div>\n\t<\/div>\n\t\t<div class=\"ea-card  sp-ea-single\"  data-accordion-id= \"2\">\n\n\t\t<h2 class=\"ea-header\">\n\t\t\t<a class=\"collapsed\" data-sptoggle=\"spcollapse\" rel=\"nofollow\" data-sptarget=\"#collapse9232\" href=\"#\" data-title=\"efaq-en-un-seul-coup-doeil\" aria-expanded=\"false\">\n\t\t\t\t<span class=\"sp-numbering\"> <i class=\"ea-expand-icon fa fa-chevron-down\"><\/i> <\/span>  En un seul coup d\u2019\u0153il\t\t\t<\/a>\n\t\t<\/h2>\n\n\t\t<div class=\"sp-collapse spcollapse spcollapse\" id=\"collapse9232\" data-parent=\"#sp-ea-923\">\n\t\t<div class=\"ea-body\"> \n<div class=\"ea-content-wrapper animated fadeIn\"> \n\t<p>Par un simple acc\u00e8s \u00e0 votre compte ESOMUS, vous pourrez savoir \u00e0 tout moment, via le <a href=\"http:\/\/esomus.com\/index.php\/dashboard\/\" target=\"_blank\" rel=\"noopener\">dasboard<\/a> si votre entreprise est en ordre.<br \/>\nVous pourrez aussi <a href=\"http:\/\/esomus.com\/index.php\/temps-reel\/\" target=\"_blank\" rel=\"noopener\">montrer directement<\/a>, \u00e0 vos techniciens, votre directeur, votre CEO, votre <a href=\"http:\/\/esomus.com\/index.php\/service\/\" target=\"_blank\" rel=\"noopener\">assureur<\/a>, votre auditeur o\u00f9 vous en \u00eates aujourd'hui par rapport \u00e0 la r\u00e9glementation.<\/p>\n<\/div>\n<\/div>\n\t\t\t<\/div>\n\t<\/div>\n\t<\/div><\/div>\n\n\n\n\n\n<div class=\"wp-block-button alignright\"><a class=\"wp-block-button__link has-text-color has-background\" href=\"https:\/\/www.esomus.com\" style=\"background-color:#2f65b0;color:#ffffff\">Retour accueil<\/a><\/div>\n","protected":false},"excerpt":{"rendered":"<p>Suivre la l\u00e9gislation en temps r\u00e9el,connaitre le statut de votre entreprise par rapport \u00e0 la loi est primordial &#8230; ESOMUS apprend les r\u00e8gles, puis vous guide pour les respecter ESOMUS, va en temps r\u00e9el, vous rappeler qu&#8217;il faut imp\u00e9rativement faire les contr\u00f4les et effectuer les t\u00e2ches qui ont \u00e9t\u00e9 mises en place par le responsable&hellip; <br \/> <a class=\"read-more\" href=\"https:\/\/esomus.com\/index.php\/legislation\/\">Lire la suite<\/a><\/p>\n","protected":false},"author":1,"featured_media":0,"parent":0,"menu_order":0,"comment_status":"closed","ping_status":"closed","template":"","meta":{"_seopress_robots_primary_cat":"","_seopress_titles_title":"Suivre la l\u00e9gislation en temps r\u00e9el, connaitre le statut de votre entreprise par rapport \u00e0 la loi...","_seopress_titles_desc":"","_seopress_robots_index":"","_themeisle_gutenberg_block_has_review":false,"footnotes":""},"class_list":["post-922","page","type-page","status-publish","hentry"],"jetpack_sharing_enabled":true,"_links":{"self":[{"href":"https:\/\/esomus.com\/index.php\/wp-json\/wp\/v2\/pages\/922","targetHints":{"allow":["GET"]}}],"collection":[{"href":"https:\/\/esomus.com\/index.php\/wp-json\/wp\/v2\/pages"}],"about":[{"href":"https:\/\/esomus.com\/index.php\/wp-json\/wp\/v2\/types\/page"}],"author":[{"embeddable":true,"href":"https:\/\/esomus.com\/index.php\/wp-json\/wp\/v2\/users\/1"}],"replies":[{"embeddable":true,"href":"https:\/\/esomus.com\/index.php\/wp-json\/wp\/v2\/comments?post=922"}],"version-history":[{"count":35,"href":"https:\/\/esomus.com\/index.php\/wp-json\/wp\/v2\/pages\/922\/revisions"}],"predecessor-version":[{"id":4213,"href":"https:\/\/esomus.com\/index.php\/wp-json\/wp\/v2\/pages\/922\/revisions\/4213"}],"wp:attachment":[{"href":"https:\/\/esomus.com\/index.php\/wp-json\/wp\/v2\/media?parent=922"}],"curies":[{"name":"wp","href":"https:\/\/api.w.org\/{rel}","templated":true}]}}