{"id":917,"date":"2019-08-31T09:17:37","date_gmt":"2019-08-31T07:17:37","guid":{"rendered":"http:\/\/esomus.com\/?page_id=917"},"modified":"2019-10-12T10:59:29","modified_gmt":"2019-10-12T08:59:29","slug":"personnels","status":"publish","type":"page","link":"https:\/\/esomus.com\/index.php\/personnels\/","title":{"rendered":"Personnels"},"content":{"rendered":"\n<h1 style=\"text-align:center\" class=\"ticss-cbda93f9 wp-block-heading\"><strong>Fournissez ESOMUS \u00e0 tous vos employ\u00e9s et <\/strong><br><strong>vos externes pour qu&#8217;ils soient acteurs<\/strong><br><strong>de la s\u00e9curit\u00e9 et de la pr\u00e9vention<\/strong><br><strong>dans votre entreprise<\/strong><\/h1>\n\n\n\n<ul class=\"wp-block-gallery columns-3 is-cropped wp-block-gallery-1 is-layout-flex wp-block-gallery-is-layout-flex\"><li class=\"blocks-gallery-item\"><figure><img data-recalc-dims=\"1\" loading=\"lazy\" decoding=\"async\" width=\"1024\" height=\"681\" src=\"https:\/\/i0.wp.com\/newsite.ESOMUS.com\/wp-content\/uploads\/2019\/09\/electrician-2755683_1280-1024x681.jpg?resize=1024%2C681\" alt=\"\" data-id=\"1208\" data-link=\"http:\/\/newsite.ESOMUS.com\/index.php\/personnels\/electrician-2755683_1280\/\" class=\"wp-image-1208\" srcset=\"https:\/\/i0.wp.com\/esomus.com\/wp-content\/uploads\/2019\/09\/electrician-2755683_1280.jpg?resize=1024%2C681&amp;ssl=1 1024w, https:\/\/i0.wp.com\/esomus.com\/wp-content\/uploads\/2019\/09\/electrician-2755683_1280.jpg?resize=300%2C199&amp;ssl=1 300w, https:\/\/i0.wp.com\/esomus.com\/wp-content\/uploads\/2019\/09\/electrician-2755683_1280.jpg?resize=768%2C511&amp;ssl=1 768w, https:\/\/i0.wp.com\/esomus.com\/wp-content\/uploads\/2019\/09\/electrician-2755683_1280.jpg?w=1280&amp;ssl=1 1280w\" sizes=\"auto, (max-width: 1024px) 100vw, 1024px\" \/><\/figure><\/li><li class=\"blocks-gallery-item\"><figure><img data-recalc-dims=\"1\" loading=\"lazy\" decoding=\"async\" width=\"1024\" height=\"640\" src=\"https:\/\/i0.wp.com\/newsite.ESOMUS.com\/wp-content\/uploads\/2019\/09\/meeting-2284501_1280-1024x640.jpg?resize=1024%2C640\" alt=\"\" data-id=\"1207\" data-link=\"http:\/\/newsite.ESOMUS.com\/index.php\/personnels\/meeting-2284501_1280\/\" class=\"wp-image-1207\" srcset=\"https:\/\/i0.wp.com\/esomus.com\/wp-content\/uploads\/2019\/09\/meeting-2284501_1280.jpg?resize=1024%2C640&amp;ssl=1 1024w, https:\/\/i0.wp.com\/esomus.com\/wp-content\/uploads\/2019\/09\/meeting-2284501_1280.jpg?resize=300%2C188&amp;ssl=1 300w, https:\/\/i0.wp.com\/esomus.com\/wp-content\/uploads\/2019\/09\/meeting-2284501_1280.jpg?resize=768%2C480&amp;ssl=1 768w, https:\/\/i0.wp.com\/esomus.com\/wp-content\/uploads\/2019\/09\/meeting-2284501_1280.jpg?w=1280&amp;ssl=1 1280w\" sizes=\"auto, (max-width: 1024px) 100vw, 1024px\" \/><\/figure><\/li><li class=\"blocks-gallery-item\"><figure><img data-recalc-dims=\"1\" loading=\"lazy\" decoding=\"async\" width=\"1024\" height=\"681\" src=\"https:\/\/i0.wp.com\/newsite.ESOMUS.com\/wp-content\/uploads\/2019\/09\/construction-646914_1280-1024x681.jpg?resize=1024%2C681\" alt=\"\" data-id=\"1206\" data-link=\"http:\/\/newsite.ESOMUS.com\/index.php\/personnels\/construction-646914_1280\/\" class=\"wp-image-1206\" srcset=\"https:\/\/i0.wp.com\/esomus.com\/wp-content\/uploads\/2019\/09\/construction-646914_1280.jpg?resize=1024%2C681&amp;ssl=1 1024w, https:\/\/i0.wp.com\/esomus.com\/wp-content\/uploads\/2019\/09\/construction-646914_1280.jpg?resize=300%2C199&amp;ssl=1 300w, https:\/\/i0.wp.com\/esomus.com\/wp-content\/uploads\/2019\/09\/construction-646914_1280.jpg?resize=768%2C511&amp;ssl=1 768w, https:\/\/i0.wp.com\/esomus.com\/wp-content\/uploads\/2019\/09\/construction-646914_1280.jpg?w=1280&amp;ssl=1 1280w\" sizes=\"auto, (max-width: 1024px) 100vw, 1024px\" \/><\/figure><\/li><\/ul>\n\n\n\n<p style=\"color:#125074;text-align:center\" class=\"has-text-color has-medium-font-size\"><strong>ESOMUS<\/strong>, \u00e0 \u00e9t\u00e9 cr\u00e9\u00e9 pour l&#8217;ensemble du personnel, y compris les sous-traitants de l&#8217;entreprise.<br> Selon les droits d\u00e9finis par votre entreprise, ESOMUS peut \u00eatre accessible \u00e0 tous vos sous-traitants et vos fournisseurs afin que l&#8217;ensemble des travailleurs aient connaissance de toutes les informations utiles afin de travailler en toute s\u00e9curit\u00e9 .<\/p>\n\n\n\n\n\n<h1 style=\"text-align:center\" class=\"ticss-caa6e46f wp-block-heading\">Un acc\u00e8s pour tous  = La s\u00e9curit\u00e9 pour tous<\/h1>\n\n\n\n\n<style id=\"ea_dynamic_css912\">#sp-ea-912 .spcollapsing{height: 0; overflow: hidden; transition-property: height; transition-duration: 10ms;}#sp-ea-912.sp-easy-accordion>.sp-ea-single.eap_inactive>.ea-header a {background-color: #bb0000 !important; color: #fff !important;}#sp-ea-912.sp-easy-accordion>.sp-ea-single{ margin-bottom: 10px; border: 1px none #2f65b0; border-radius: 0;}#sp-ea-912.sp-easy-accordion>.sp-ea-single.ea-expand{ border-color: #2f65b0;}#sp-ea-912.sp-easy-accordion>.sp-ea-single:hover{ border-color: #2f65b0;}#sp-ea-912.sp-easy-accordion>.sp-ea-single>.ea-header a {background: #ffffff;}#sp-ea-912.sp-easy-accordion>.sp-ea-single.ea-expand>.ea-header a {background: #ffffff;}#sp-ea-912.sp-easy-accordion>.sp-ea-single>.ea-header:hover a {background: #ffffff;}#sp-ea-912.sp-easy-accordion>.sp-ea-single>.ea-header a .eap-title-icon { color: #dd3333;font-size: 20px;} #sp-ea-912.sp-easy-accordion>.sp-ea-single>.ea-header a .eap-title-custom-icon {max-width: 20px;}#sp-ea-912.sp-easy-accordion>.sp-ea-single>.ea-header:hover a .eap-title-icon {color: #dd3333;}#sp-ea-912.sp-easy-accordion>.sp-ea-single.ea-expand>.ea-header a .eap-title-icon {color: #dd3333;}#sp-ea-912.sp-easy-accordion>.sp-ea-single>.ea-header a {padding: 15px 15px 15px 15px; color: #444; font-size: 20px; line-height: 30px; text-align: left; letter-spacing: 0px; text-transform: none;}#sp-ea-912.sp-easy-accordion>.sp-ea-single>.ea-header:hover a {color: #444;}#sp-ea-912.sp-easy-accordion>.sp-ea-single.ea-expand>.ea-header a {color: #444;}#sp-ea-912.sp-easy-accordion>.sp-ea-single>.sp-collapse>.ea-body p,#sp-ea-912.sp-easy-accordion>.sp-ea-single>.sp-collapse>.ea-body{background: #fff; padding: 15px 15px 15px 15px; border-radius: 0 0 0 0; color: #444; font-size: 16px; text-align: left; letter-spacing: 0px; line-height: 26px; animation-delay: 200ms; text-transform: none;}#sp-ea-912.sp-easy-accordion>.sp-ea-single>.ea-header a .ea-expand-icon.fa:before {color: #ffffff; font-size: 16px; font-style: normal;}#sp-ea-912.sp-easy-accordion>.sp-ea-single>.ea-header:hover a .ea-expand-icon.fa:before {color: #ffffff;}#sp-ea-912.sp-easy-accordion>.sp-ea-single.ea-expand>.ea-header a .ea-expand-icon.fa:before {color: #ffffff;}#sp-ea-912.sp-easy-accordion>.sp-ea-single>.ea-header a {border-radius: 0;}#sp-ea-912.sp-easy-accordion>.sp-ea-single>.ea-header a .sp-numbering .ea-expand-icon {background: none;}#sp-ea-912.sp-easy-accordion>.sp-ea-single>.ea-header a .sp-numbering {background: #2f65b0; color: #ffffff; line-height: 56px;}#sp-ea-912.sp-easy-accordion>.sp-ea-single>.ea-header:hover a .sp-numbering {background: #2f65b0; color: #ffffff;}#sp-ea-912.sp-easy-accordion>.sp-ea-single.ea-expand>.ea-header a .sp-numbering {background: #2f65b0; color: #ffffff;}#sp-ea-912.sp-easy-accordion>.sp-ea-single{background: none; overflow: visible;}#sp-ea-912.sp-easy-accordion>.sp-ea-single>.ea-header a .sp-numbering {line-height: 60px; color: #ffffff; background: #2f65b0; top: 0;}#sp-ea-912.sp-easy-accordion>.sp-ea-single>.ea-header:hover a .sp-numbering {color: #ffffff; background: #2f65b0;}#sp-ea-912.sp-easy-accordion>.sp-ea-single.ea-expand>.ea-header a .sp-numbering {color: #ffffff; background: #2f65b0;}#sp-ea-912 #eap_faq_search_bar_container {display:none; opacity:0;}#sp-ea-912 #eap_faq_search_bar_container span::before{content:\"\";}#sp-ea-912.sp-easy-accordion>.sp-ea-single>.sp-collapse>.ea-body p{ padding:0px}#sp-ea-912>.sp-ea-single>.sp-collapse>.ea-body .eap-product-price {color: #444;}#sp-ea-912.sp-easy-accordion>.sp-ea-single>.sp-collapse>.ea-body .eap-product-price del{color: rgba(68,68,68,0.71);}#sp-ea-912.sp-easy-accordion>.sp-ea-single>.sp-collapse>.ea-body .eap-product-cart-button .woocommerce a { border: 1px solid #DAD6DA;border-radius: 2px;background-color: transparent;color: #444;}#sp-ea-912.sp-easy-accordion>.sp-ea-single>.sp-collapse>.ea-body .eap-product-cart-button .woocommerce a:hover { border-color: #444;background-color: #444;color: #fff;}#sp-ea-912.sp-easy-accordion>.sp-ea-single>>.sp-collapse>.ea-body .eap-product-cart-button .eap-product-quantity .eap_input_text {border: 1px solid #DAD6DA;}#sp-ea-912.sp-easy-accordion>.sp-ea-single>.sp-collapse>.ea-body .eap-product-cart-button a.add_to_cart_button{position: relative;}<\/style><div id=\"sp-eap-accordion-section-912\" class=\"sp-eap-container\"><div id=\"sp-ea-912\" class=\"sp-ea-fourteen sp-ea-thirteen sp-easy-accordion \" data-ex-icon=\"fa-chevron-right\" data-col-icon=\"fa-chevron-down\" data-ea-active=\"ea-hover\" data-ea-mode=\"vertical\" data-ea-multi-column=\"\" data-ea-coll=\"\" data-keep-accordion=\"\" data-autoclose=\"\" data-preloader=\"\" data-scroll-active-item=\"\" data-offset-to-scroll=\"0\" data-autoplaytime=\"3000\" data-expand=\"\" data-post-id=\"912\" >\t<div class=\"ea-card  sp-ea-single\"  data-accordion-id= \"0\">\n\n\t\t<h2 class=\"ea-header\">\n\t\t\t<a class=\"collapsed\" data-sptoggle=\"spcollapse\" rel=\"nofollow\" data-sptarget=\"#collapse9120\" href=\"#\" data-title=\"efaq-sait-on-voir-les-formations-du-personnel-pour-creer-les-taches-et-les-actions\" aria-expanded=\"false\">\n\t\t\t\t<span class=\"sp-numbering\"> <i class=\"ea-expand-icon fa fa-chevron-down\"><\/i> <\/span>  Sait-on voir les formations du personnel pour cr\u00e9er les t\u00e2ches et les actions ?\t\t\t<\/a>\n\t\t<\/h2>\n\n\t\t<div class=\"sp-collapse spcollapse spcollapse\" id=\"collapse9120\" data-parent=\"#sp-ea-912\">\n\t\t<div class=\"ea-body\"> \n<div class=\"ea-content-wrapper animated fadeIn\"> \n\t<p>Suite aux encodages, <strong>ESOMUS<\/strong> connait votre entreprise et votre personnel.<br \/>\n<strong>ESOMUS<\/strong> a pens\u00e9 aux employ\u00e9s internes et externes, afin d'\u00e9viter les risques pour tout un chacun.<br \/>\nLors d'une prestation, l'employ\u00e9, le technicien qui n'a pas le permis, la formation, l'habilitation, l'autorisation et\/ou autre pour ex\u00e9cuter le travail, ne pourra pas \u00eatre y associ\u00e9.<\/p>\n<\/div>\n<\/div>\n\t\t\t<\/div>\n\t<\/div>\n\t\t<div class=\"ea-card  sp-ea-single\"  data-accordion-id= \"1\">\n\n\t\t<h2 class=\"ea-header\">\n\t\t\t<a class=\"collapsed\" data-sptoggle=\"spcollapse\" rel=\"nofollow\" data-sptarget=\"#collapse9121\" href=\"#\" data-title=\"efaq-pourquoi-integrer-le-personnel-externe-dans-esomus\" aria-expanded=\"false\">\n\t\t\t\t<span class=\"sp-numbering\"> <i class=\"ea-expand-icon fa fa-chevron-down\"><\/i> <\/span>  Pourquoi int\u00e9grer le personnel externe dans ESOMUS ?\t\t\t<\/a>\n\t\t<\/h2>\n\n\t\t<div class=\"sp-collapse spcollapse spcollapse\" id=\"collapse9121\" data-parent=\"#sp-ea-912\">\n\t\t<div class=\"ea-body\"> \n<div class=\"ea-content-wrapper animated fadeIn\"> \n\t<p>La volont\u00e9 d'<strong>ESOMUS<\/strong> est de limiter <a href=\"http:\/\/esomus.com\/index.php\/accidents2\/\" target=\"_blank\" rel=\"noopener\">le nombre d'incidents et d'accidents<\/a> au quotidien.<br \/>\nInt\u00e9grer le personnel interne et externe est une volont\u00e9 d'<strong>ESOMUS<\/strong>.<br \/>\nL'externe devient aussi acteur de LA s\u00e9curit\u00e9, de la pr\u00e9vention, de la gestion des risques comme les internes.<\/p>\n<\/div>\n<\/div>\n\t\t\t<\/div>\n\t<\/div>\n\t\t<div class=\"ea-card  sp-ea-single\"  data-accordion-id= \"2\">\n\n\t\t<h2 class=\"ea-header\">\n\t\t\t<a class=\"collapsed\" data-sptoggle=\"spcollapse\" rel=\"nofollow\" data-sptarget=\"#collapse9122\" href=\"#\" data-title=\"efaq-mon-personnel-a-de-limportance\" aria-expanded=\"false\">\n\t\t\t\t<span class=\"sp-numbering\"> <i class=\"ea-expand-icon fa fa-chevron-down\"><\/i> <\/span>  Mon personnel a de l'importance !\t\t\t<\/a>\n\t\t<\/h2>\n\n\t\t<div class=\"sp-collapse spcollapse spcollapse\" id=\"collapse9122\" data-parent=\"#sp-ea-912\">\n\t\t<div class=\"ea-body\"> \n<div class=\"ea-content-wrapper animated fadeIn\"> \n\t<p><strong>ESOMUS<\/strong> est pens\u00e9 pour tous les travailleurs.<br \/>\nProuvez \u00e0 votre personnel que vous pensez \u00e0 sa s\u00e9curit\u00e9 et celle de ses coll\u00e8gues de travail, que tout est mis en \u0153uvre pour la s\u00e9curit\u00e9, la pr\u00e9vention et les risques qui y sont li\u00e9s.<br \/>\n<strong>N'attendez plus<\/strong>, r\u00e9agissez, un accident est non n\u00e9gligeable au sein de votre entreprise.<br \/>\nIl impacte divers niveaux :<\/p>\n<ul>\n<li>le facteur humain,<\/li>\n<li>les co\u00fbts,<\/li>\n<li><strong>il en va aussi de l'image de votre entreprise !!!<\/strong><\/li>\n<\/ul>\n<\/div>\n<\/div>\n\t\t\t<\/div>\n\t<\/div>\n\t<\/div><\/div>\n\n\n\n\n\n<div class=\"wp-block-button alignright\"><a class=\"wp-block-button__link has-text-color has-background\" href=\"https:\/\/www.esomus.com\" style=\"background-color:#2f65b0;color:#ffffff\">Retour accueil<\/a><\/div>\n\n\n\n<p><\/p>\n","protected":false},"excerpt":{"rendered":"<p>Fournissez ESOMUS \u00e0 tous vos employ\u00e9s et vos externes pour qu&#8217;ils soient acteursde la s\u00e9curit\u00e9 et de la pr\u00e9ventiondans votre entreprise ESOMUS, \u00e0 \u00e9t\u00e9 cr\u00e9\u00e9 pour l&#8217;ensemble du personnel, y compris les sous-traitants de l&#8217;entreprise. Selon les droits d\u00e9finis par votre entreprise, ESOMUS peut \u00eatre accessible \u00e0 tous vos sous-traitants et vos fournisseurs afin que&hellip; <br \/> <a class=\"read-more\" href=\"https:\/\/esomus.com\/index.php\/personnels\/\">Lire la suite<\/a><\/p>\n","protected":false},"author":1,"featured_media":0,"parent":0,"menu_order":0,"comment_status":"closed","ping_status":"closed","template":"","meta":{"_seopress_robots_primary_cat":"","_seopress_titles_title":"ESOMUS a tous vos employ\u00e9s et vos externes pour qu&#039;ils soient acteurs de la s\u00e9curit\u00e9 et de la pr\u00e9vention ","_seopress_titles_desc":"Votre entreprise peux fournir un acc\u00e8s ESOMUS a tous vos sous-traitants, vos fournisseurs et contractants afin que l&#039;ensemble des travailleurs, des techniciens, qu&#039;a tout moment, que ce soit sur un site, dans un b\u00e2timent, ou sur un chantier, puisse connaitre toutes les informations utiles afin de travailler en toute s\u00e9curit\u00e9 .","_seopress_robots_index":"","_themeisle_gutenberg_block_has_review":false,"footnotes":""},"class_list":["post-917","page","type-page","status-publish","hentry"],"jetpack_sharing_enabled":true,"_links":{"self":[{"href":"https:\/\/esomus.com\/index.php\/wp-json\/wp\/v2\/pages\/917","targetHints":{"allow":["GET"]}}],"collection":[{"href":"https:\/\/esomus.com\/index.php\/wp-json\/wp\/v2\/pages"}],"about":[{"href":"https:\/\/esomus.com\/index.php\/wp-json\/wp\/v2\/types\/page"}],"author":[{"embeddable":true,"href":"https:\/\/esomus.com\/index.php\/wp-json\/wp\/v2\/users\/1"}],"replies":[{"embeddable":true,"href":"https:\/\/esomus.com\/index.php\/wp-json\/wp\/v2\/comments?post=917"}],"version-history":[{"count":17,"href":"https:\/\/esomus.com\/index.php\/wp-json\/wp\/v2\/pages\/917\/revisions"}],"predecessor-version":[{"id":4268,"href":"https:\/\/esomus.com\/index.php\/wp-json\/wp\/v2\/pages\/917\/revisions\/4268"}],"wp:attachment":[{"href":"https:\/\/esomus.com\/index.php\/wp-json\/wp\/v2\/media?parent=917"}],"curies":[{"name":"wp","href":"https:\/\/api.w.org\/{rel}","templated":true}]}}