{"id":895,"date":"2019-08-31T09:05:11","date_gmt":"2019-08-31T07:05:11","guid":{"rendered":"http:\/\/esomus.com\/?page_id=895"},"modified":"2019-10-12T14:36:21","modified_gmt":"2019-10-12T12:36:21","slug":"documents","status":"publish","type":"page","link":"https:\/\/esomus.com\/index.php\/documents\/","title":{"rendered":"Documents"},"content":{"rendered":"\n<h1 style=\"text-align:center\" class=\"ticss-7387b907 wp-block-heading\"><strong>Tous vos documents li\u00e9s \u00e0 <br>la pr\u00e9vention et \u00e0 la gestion des risques accessibles de partout <\/strong><\/h1>\n\n\n<div id=\"metaslider-id-3271\" style=\"width: 100%;\" class=\"ml-slider-3-108-0 metaslider metaslider-flex metaslider-3271 ml-slider has-dots-nav ms-theme-default\" role=\"region\" aria-label=\"documents\" data-height=\"300\" data-width=\"700\">\n    <div id=\"metaslider_container_3271\">\n        <div id=\"metaslider_3271\">\n            <ul class='slides'>\n                <li style=\"display: block; width: 100%;\" class=\"slide-3276 ms-image \" aria-roledescription=\"slide\" data-date=\"2019-09-23 15:51:09\" data-filename=\"collector-3930337_1280-700x300.jpg\" data-slide-type=\"image\"><img data-recalc-dims=\"1\" loading=\"lazy\" decoding=\"async\" src=\"https:\/\/i0.wp.com\/esomus.com\/wp-content\/uploads\/2019\/09\/collector-3930337_1280.jpg?resize=700%2C300&#038;ssl=1\" height=\"300\" width=\"700\" alt=\"Trop de documents divers et partout dans l&#039;entreprise\" class=\"slider-3271 slide-3276 msDefaultImage\" title=\"Trop de documents divers et partout dans l&#039;entreprise\" \/><div class=\"caption-wrap\"><div class=\"caption\">Trop de documents divers et partout dans l'entreprise<\/div><\/div><\/li>\n                <li style=\"display: none; width: 100%;\" class=\"slide-3277 ms-image \" aria-roledescription=\"slide\" data-date=\"2019-09-23 15:51:09\" data-filename=\"building-plan-354233_1280-700x300.jpg\" data-slide-type=\"image\"><img data-recalc-dims=\"1\" loading=\"lazy\" decoding=\"async\" src=\"https:\/\/i0.wp.com\/esomus.com\/wp-content\/uploads\/2019\/09\/building-plan-354233_1280.jpg?resize=700%2C300&#038;ssl=1\" height=\"300\" width=\"700\" alt=\"Vos proc\u00e9dures, vos plans, ect... en un seul endroit\" class=\"slider-3271 slide-3277 msDefaultImage\" title=\"Vos proc\u00e9dures, vos plans, ect... en un seul endroit\" \/><div class=\"caption-wrap\"><div class=\"caption\">Vos proc\u00e9dures, vos plans, ect... en un seul endroit<\/div><\/div><\/li>\n                <li style=\"display: none; width: 100%;\" class=\"slide-3278 ms-image \" aria-roledescription=\"slide\" data-date=\"2019-09-23 15:51:09\" data-filename=\"office-2717014_19201e-700x300.jpg\" data-slide-type=\"image\"><img data-recalc-dims=\"1\" loading=\"lazy\" decoding=\"async\" src=\"https:\/\/i0.wp.com\/esomus.com\/wp-content\/uploads\/2019\/07\/office-2717014_19201e.jpg?resize=700%2C300&#038;ssl=1\" height=\"300\" width=\"700\" alt=\"Sur tablette, pc, de partout, ayez vos documents de travail de contr\u00f4le et autres de partout en temps r\u00e9el\" class=\"slider-3271 slide-3278 msDefaultImage\" title=\"Sur tablette, pc, de partout, ayez vos documents de travail de contr\u00f4le et autres de partout en temps r\u00e9el\" \/><div class=\"caption-wrap\"><div class=\"caption\">Sur tablette, pc, de partout, ayez vos documents de travail de contr\u00f4le et autres de partout en temps r\u00e9el<\/div><\/div><\/li>\n            <\/ul>\n        <\/div>\n        \n    <\/div>\n<\/div>\n\n\n\n<h2 class=\"wp-block-heading\" style=\"text-align:center\">Toute l&#8217;information \u00e0 port\u00e9e de main<\/h2>\n\n\n\n<p style=\"color:#6b6b6b;text-align:center\" class=\"has-text-color has-medium-font-size\">Que ce soit un mode d&#8217;emploi accroch\u00e9 \u00e0 la fiche d&#8217;achat d&#8217;un \u00e9quipement ou une proc\u00e9dure d&#8217;utilisation li\u00e9e \u00e0 une cat\u00e9gorie d&#8217;\u00e9quipement, o\u00f9 que soit plac\u00e9 l&#8217;\u00e9quipement dans votre entreprise, <br>il sera facilement accessible \u00e0 tout personne en ayant besoin.<\/p>\n\n\n\n<h2 class=\"wp-block-heading\" style=\"text-align:center\">Tous les documents, li\u00e9s \u00e0 l&#8217;entreprise, <br>facilement accessibles et \u00e0 int\u00e9grer<\/h2>\n\n\n\n<p style=\"color:#6b6b6b;text-align:center\" class=\"has-text-color has-medium-font-size\"> <strong>ESOMUS<\/strong> simplifie et uniformise la gestion documentaire en r\u00e9duisant l&#8217;ensemble des documents volants et autres fichiers disparates. Vous cherchez un plan du b\u00e2timent, le r\u00e8glement de travail, une proc\u00e9dure d&#8217;\u00e9vacuation, des actions correctrices, des rapports, des contr\u00f4les, des photos, un mode d&#8217;emploi, une facture, une garantie, un certificat&#8230; ?  <br><strong>ESOMUS fournit les liens n\u00e9cessaires pour acc\u00e9der \u00e0 vos documents o\u00f9 que vous soyez.<\/strong><\/p>\n\n\n\n\n\n\n\n\n<style id=\"ea_dynamic_css885\">#sp-ea-885 .spcollapsing{height: 0; overflow: hidden; transition-property: height; transition-duration: 10ms;}#sp-ea-885.sp-easy-accordion>.sp-ea-single.eap_inactive>.ea-header a {background-color: #bb0000 !important; color: #fff !important;}#sp-ea-885.sp-easy-accordion>.sp-ea-single{ margin-bottom: 10px; border: 1px none #2f65b0; border-radius: 0;}#sp-ea-885.sp-easy-accordion>.sp-ea-single.ea-expand{ border-color: #2f65b0;}#sp-ea-885.sp-easy-accordion>.sp-ea-single:hover{ border-color: #2f65b0;}#sp-ea-885.sp-easy-accordion>.sp-ea-single>.ea-header a {background: #ffffff;}#sp-ea-885.sp-easy-accordion>.sp-ea-single.ea-expand>.ea-header a {background: #ffffff;}#sp-ea-885.sp-easy-accordion>.sp-ea-single>.ea-header:hover a {background: #ffffff;}#sp-ea-885.sp-easy-accordion>.sp-ea-single>.ea-header a .eap-title-icon { color: #dd3333;font-size: 20px;} #sp-ea-885.sp-easy-accordion>.sp-ea-single>.ea-header a .eap-title-custom-icon {max-width: 20px;}#sp-ea-885.sp-easy-accordion>.sp-ea-single>.ea-header:hover a .eap-title-icon {color: #dd3333;}#sp-ea-885.sp-easy-accordion>.sp-ea-single.ea-expand>.ea-header a .eap-title-icon {color: #dd3333;}#sp-ea-885.sp-easy-accordion>.sp-ea-single>.ea-header a {padding: 15px 15px 15px 15px; color: #444; font-size: 20px; line-height: 30px; text-align: left; letter-spacing: 0px; text-transform: none;}#sp-ea-885.sp-easy-accordion>.sp-ea-single>.ea-header:hover a {color: #444;}#sp-ea-885.sp-easy-accordion>.sp-ea-single.ea-expand>.ea-header a {color: #444;}#sp-ea-885.sp-easy-accordion>.sp-ea-single>.sp-collapse>.ea-body p,#sp-ea-885.sp-easy-accordion>.sp-ea-single>.sp-collapse>.ea-body{background: #fff; padding: 15px 15px 15px 15px; border-radius: 0 0 0 0; color: #444; font-size: 16px; text-align: left; letter-spacing: 0px; line-height: 26px; animation-delay: 200ms; text-transform: none;}#sp-ea-885.sp-easy-accordion>.sp-ea-single>.ea-header a .ea-expand-icon.fa:before {color: #ffffff; font-size: 16px; font-style: normal;}#sp-ea-885.sp-easy-accordion>.sp-ea-single>.ea-header:hover a .ea-expand-icon.fa:before {color: #ffffff;}#sp-ea-885.sp-easy-accordion>.sp-ea-single.ea-expand>.ea-header a .ea-expand-icon.fa:before {color: #ffffff;}#sp-ea-885.sp-easy-accordion>.sp-ea-single>.ea-header a {border-radius: 0;}#sp-ea-885.sp-easy-accordion>.sp-ea-single>.ea-header a .sp-numbering .ea-expand-icon {background: none;}#sp-ea-885.sp-easy-accordion>.sp-ea-single>.ea-header a .sp-numbering {background: #2f65b0; color: #ffffff; line-height: 56px;}#sp-ea-885.sp-easy-accordion>.sp-ea-single>.ea-header:hover a .sp-numbering {background: #2f65b0; color: #ffffff;}#sp-ea-885.sp-easy-accordion>.sp-ea-single.ea-expand>.ea-header a .sp-numbering {background: #2f65b0; color: #ffffff;}#sp-ea-885.sp-easy-accordion>.sp-ea-single{background: none; overflow: visible;}#sp-ea-885.sp-easy-accordion>.sp-ea-single>.ea-header a .sp-numbering {line-height: 60px; color: #ffffff; background: #2f65b0; top: 0;}#sp-ea-885.sp-easy-accordion>.sp-ea-single>.ea-header:hover a .sp-numbering {color: #ffffff; background: #2f65b0;}#sp-ea-885.sp-easy-accordion>.sp-ea-single.ea-expand>.ea-header a .sp-numbering {color: #ffffff; background: #2f65b0;}#sp-ea-885 #eap_faq_search_bar_container {display:none; opacity:0;}#sp-ea-885 #eap_faq_search_bar_container span::before{content:\"\";}#sp-ea-885.sp-easy-accordion>.sp-ea-single>.sp-collapse>.ea-body p{ padding:0px}#sp-ea-885>.sp-ea-single>.sp-collapse>.ea-body .eap-product-price {color: #444;}#sp-ea-885.sp-easy-accordion>.sp-ea-single>.sp-collapse>.ea-body .eap-product-price del{color: rgba(68,68,68,0.71);}#sp-ea-885.sp-easy-accordion>.sp-ea-single>.sp-collapse>.ea-body .eap-product-cart-button .woocommerce a { border: 1px solid #DAD6DA;border-radius: 2px;background-color: transparent;color: #444;}#sp-ea-885.sp-easy-accordion>.sp-ea-single>.sp-collapse>.ea-body .eap-product-cart-button .woocommerce a:hover { border-color: #444;background-color: #444;color: #fff;}#sp-ea-885.sp-easy-accordion>.sp-ea-single>>.sp-collapse>.ea-body .eap-product-cart-button .eap-product-quantity .eap_input_text {border: 1px solid #DAD6DA;}#sp-ea-885.sp-easy-accordion>.sp-ea-single>.sp-collapse>.ea-body .eap-product-cart-button a.add_to_cart_button{position: relative;}<\/style><div id=\"sp-eap-accordion-section-885\" class=\"sp-eap-container\"><div id=\"sp-ea-885\" class=\"sp-ea-fourteen sp-ea-thirteen sp-easy-accordion \" data-ex-icon=\"fa-chevron-right\" data-col-icon=\"fa-chevron-down\" data-ea-active=\"ea-hover\" data-ea-mode=\"vertical\" data-ea-multi-column=\"\" data-ea-coll=\"\" data-keep-accordion=\"\" data-autoclose=\"\" data-preloader=\"\" data-scroll-active-item=\"\" data-offset-to-scroll=\"0\" data-autoplaytime=\"3000\" data-expand=\"\" data-post-id=\"885\" >\t<div class=\"ea-card  sp-ea-single\"  data-accordion-id= \"0\">\n\n\t\t<h2 class=\"ea-header\">\n\t\t\t<a class=\"collapsed\" data-sptoggle=\"spcollapse\" rel=\"nofollow\" data-sptarget=\"#collapse8850\" href=\"#\" data-title=\"efaq-jai-trop-de-documents-et-je-ne-sais-pas-toujours-ou-ils-se-trouvent\" aria-expanded=\"false\">\n\t\t\t\t<span class=\"sp-numbering\"> <i class=\"ea-expand-icon fa fa-chevron-down\"><\/i> <\/span>  J'ai trop de documents, et je ne sais pas toujours o\u00f9 ils se trouvent !!!\t\t\t<\/a>\n\t\t<\/h2>\n\n\t\t<div class=\"sp-collapse spcollapse spcollapse\" id=\"collapse8850\" data-parent=\"#sp-ea-885\">\n\t\t<div class=\"ea-body\"> \n<div class=\"ea-content-wrapper animated fadeIn\"> \n\t<p><span style=\"color: #333333;\"><strong>ESOMUS <\/strong><\/span>centralise, l'ensemble de tous vos documents et les rend disponibles de partout en cas de besoin et selon vos droits .<\/p>\n<\/div>\n<\/div>\n\t\t\t<\/div>\n\t<\/div>\n\t\t<div class=\"ea-card  sp-ea-single\"  data-accordion-id= \"1\">\n\n\t\t<h2 class=\"ea-header\">\n\t\t\t<a class=\"collapsed\" data-sptoggle=\"spcollapse\" rel=\"nofollow\" data-sptarget=\"#collapse8851\" href=\"#\" data-title=\"efaq-quels-documents-puis-je-gerer-retrouver-avec-esomus\" aria-expanded=\"false\">\n\t\t\t\t<span class=\"sp-numbering\"> <i class=\"ea-expand-icon fa fa-chevron-down\"><\/i> <\/span>  Quels documents puis-je g\u00e9rer, retrouver avec ESOMUS ?\t\t\t<\/a>\n\t\t<\/h2>\n\n\t\t<div class=\"sp-collapse spcollapse spcollapse\" id=\"collapse8851\" data-parent=\"#sp-ea-885\">\n\t\t<div class=\"ea-body\"> \n<div class=\"ea-content-wrapper animated fadeIn\"> \n\t<p>Que ce soit vos proc\u00e9dures, rapports, le plan interne d'urgence, vos plans, votre plan quinquennal, <a href=\"http:\/\/esomus.com\/index.php\/controle\/\" target=\"_blank\" rel=\"noopener\">vos contr\u00f4les obligatoires ou non<\/a>, permis d'exploitation, vos FDS, vos fiches de poste de travail, <a href=\"http:\/\/esomus.com\/index.php\/analyse-de-risques\/\" target=\"_blank\" rel=\"noopener\">vos analyses de risques<\/a>,\u00a0 plan as-built, rapport <a href=\"http:\/\/esomus.com\/index.php\/accidents2\/\" target=\"_blank\" rel=\"noopener\">d'accidents<\/a>, mode d'emploi, sch\u00e9mas, arbre des causes, <a href=\"http:\/\/esomus.com\/index.php\/chantiers\/\" target=\"_blank\" rel=\"noopener\">ouvertures de chantier<\/a>, autorisations, habilitations, rapport SRI... (Liste non exhaustive).<br \/>\n<strong>\u00a0En r\u00e9sum\u00e9, TOUS vos documents.<\/strong><\/p>\n<\/div>\n<\/div>\n\t\t\t<\/div>\n\t<\/div>\n\t\t<div class=\"ea-card  sp-ea-single\"  data-accordion-id= \"2\">\n\n\t\t<h2 class=\"ea-header\">\n\t\t\t<a class=\"collapsed\" data-sptoggle=\"spcollapse\" rel=\"nofollow\" data-sptarget=\"#collapse8852\" href=\"#\" data-title=\"efaq-jai-recu-un-rapport-et-mon-controle-est-termine\" aria-expanded=\"false\">\n\t\t\t\t<span class=\"sp-numbering\"> <i class=\"ea-expand-icon fa fa-chevron-down\"><\/i> <\/span>  J'ai re\u00e7u un rapport et mon contr\u00f4le est termin\u00e9.\t\t\t<\/a>\n\t\t<\/h2>\n\n\t\t<div class=\"sp-collapse spcollapse spcollapse\" id=\"collapse8852\" data-parent=\"#sp-ea-885\">\n\t\t<div class=\"ea-body\"> \n<div class=\"ea-content-wrapper animated fadeIn\"> \n\t<p>Gr\u00e2ce \u00e0 <span style=\"color: #333333;\"><strong>ESOMUS<\/strong><\/span>, selon <a href=\"http:\/\/esomus.com\/index.php\/controle\/\" target=\"_blank\" rel=\"noopener\">la t\u00e2che<\/a> que vous avez encod\u00e9 ou programm\u00e9 pour votre contr\u00f4leur, celui-ci pourra l'injecter directement dans ESOMUS.<br \/>\nLe rapport et l'historique vont suivre l'\u00e9quipement tout au long de sa vie dans l'entreprise.<\/p>\n<\/div>\n<\/div>\n\t\t\t<\/div>\n\t<\/div>\n\t<\/div><\/div>\n\n\n\n\n\n<div class=\"wp-block-button alignright\"><a class=\"wp-block-button__link has-text-color has-background\" href=\"https:\/\/www.esomus.com\" style=\"background-color:#2f65b0;color:#ffffff\">Retour accueil<\/a><\/div>\n","protected":false},"excerpt":{"rendered":"<p>Tous vos documents li\u00e9s \u00e0 la pr\u00e9vention et \u00e0 la gestion des risques accessibles de partout Toute l&#8217;information \u00e0 port\u00e9e de main Que ce soit un mode d&#8217;emploi accroch\u00e9 \u00e0 la fiche d&#8217;achat d&#8217;un \u00e9quipement ou une proc\u00e9dure d&#8217;utilisation li\u00e9e \u00e0 une cat\u00e9gorie d&#8217;\u00e9quipement, o\u00f9 que soit plac\u00e9 l&#8217;\u00e9quipement dans votre entreprise, il sera facilement&hellip; <br \/> <a class=\"read-more\" href=\"https:\/\/esomus.com\/index.php\/documents\/\">Lire la suite<\/a><\/p>\n","protected":false},"author":1,"featured_media":0,"parent":0,"menu_order":0,"comment_status":"closed","ping_status":"closed","template":"","meta":{"_seopress_robots_primary_cat":"","_seopress_titles_title":"","_seopress_titles_desc":"","_seopress_robots_index":"","_themeisle_gutenberg_block_has_review":false,"footnotes":""},"class_list":["post-895","page","type-page","status-publish","hentry"],"jetpack_sharing_enabled":true,"_links":{"self":[{"href":"https:\/\/esomus.com\/index.php\/wp-json\/wp\/v2\/pages\/895","targetHints":{"allow":["GET"]}}],"collection":[{"href":"https:\/\/esomus.com\/index.php\/wp-json\/wp\/v2\/pages"}],"about":[{"href":"https:\/\/esomus.com\/index.php\/wp-json\/wp\/v2\/types\/page"}],"author":[{"embeddable":true,"href":"https:\/\/esomus.com\/index.php\/wp-json\/wp\/v2\/users\/1"}],"replies":[{"embeddable":true,"href":"https:\/\/esomus.com\/index.php\/wp-json\/wp\/v2\/comments?post=895"}],"version-history":[{"count":35,"href":"https:\/\/esomus.com\/index.php\/wp-json\/wp\/v2\/pages\/895\/revisions"}],"predecessor-version":[{"id":4562,"href":"https:\/\/esomus.com\/index.php\/wp-json\/wp\/v2\/pages\/895\/revisions\/4562"}],"wp:attachment":[{"href":"https:\/\/esomus.com\/index.php\/wp-json\/wp\/v2\/media?parent=895"}],"curies":[{"name":"wp","href":"https:\/\/api.w.org\/{rel}","templated":true}]}}