{"id":886,"date":"2019-08-31T08:56:25","date_gmt":"2019-08-31T06:56:25","guid":{"rendered":"http:\/\/esomus.com\/?page_id=886"},"modified":"2019-10-12T14:50:22","modified_gmt":"2019-10-12T12:50:22","slug":"sous-traitants","status":"publish","type":"page","link":"https:\/\/esomus.com\/index.php\/sous-traitants\/","title":{"rendered":"Fournisseurs"},"content":{"rendered":"\n<h1 style=\"text-align:center\" class=\"ticss-bcaa3f5d wp-block-heading\"><strong>Vos fournisseurs en lien direct <\/strong><br><strong>avec votre entreprise<\/strong><\/h1>\n\n\n\n<ul class=\"wp-block-gallery columns-1 is-cropped wp-block-gallery-1 is-layout-flex wp-block-gallery-is-layout-flex\"><li class=\"blocks-gallery-item\"><figure><img data-recalc-dims=\"1\" loading=\"lazy\" decoding=\"async\" width=\"1024\" height=\"328\" src=\"https:\/\/i0.wp.com\/newsite.ESOMUS.com\/wp-content\/uploads\/2019\/09\/registration-4226949_1280-1024x328.jpg?resize=1024%2C328\" alt=\"\" data-id=\"1240\" data-link=\"http:\/\/newsite.ESOMUS.com\/index.php\/sous-traitants\/registration-4226949_1280\/\" class=\"wp-image-1240\" srcset=\"https:\/\/i0.wp.com\/esomus.com\/wp-content\/uploads\/2019\/09\/registration-4226949_1280.jpg?resize=1024%2C328&amp;ssl=1 1024w, https:\/\/i0.wp.com\/esomus.com\/wp-content\/uploads\/2019\/09\/registration-4226949_1280.jpg?resize=300%2C96&amp;ssl=1 300w, https:\/\/i0.wp.com\/esomus.com\/wp-content\/uploads\/2019\/09\/registration-4226949_1280.jpg?resize=768%2C246&amp;ssl=1 768w, https:\/\/i0.wp.com\/esomus.com\/wp-content\/uploads\/2019\/09\/registration-4226949_1280.jpg?w=1280&amp;ssl=1 1280w\" sizes=\"auto, (max-width: 1024px) 100vw, 1024px\" \/><\/figure><\/li><\/ul>\n\n\n\n<h2 class=\"wp-block-heading\" style=\"text-align:center\">Cr\u00e9er des logins et des profils de droits adapt\u00e9s pour vos sous-traitants, fournisseurs, consultants &#8230;<\/h2>\n\n\n\n<p style=\"color:#6b6b6b;text-align:center\" class=\"has-text-color has-medium-font-size\"> Pour une optimalisation de la gestion quotidienne, de la gestion des  risques, de la pr\u00e9vention, de la maintenance et de la qualit\u00e9, <strong>ESOMUS<\/strong> fournit \u00e0 votre entreprise la possibilit\u00e9 de fournir un acc\u00e8s \u00e0 tous vos externes. <br>Ils pourront ainsi, avec une tablette r\u00e9aliser notamment un contr\u00f4le, un audit, une r\u00e9paration d&#8217;\u00e9quipement, des t\u00e2ches li\u00e9es \u00e0 une machine, un remplacement d&#8217;\u00e9quipement&#8230;<br><\/p>\n\n\n\n\n\n\n\n\n<style id=\"ea_dynamic_css884\">#sp-ea-884 .spcollapsing{height: 0; overflow: hidden; transition-property: height; transition-duration: 10ms;}#sp-ea-884.sp-easy-accordion>.sp-ea-single.eap_inactive>.ea-header a {background-color: #bb0000 !important; color: #fff !important;}#sp-ea-884.sp-easy-accordion>.sp-ea-single{ margin-bottom: 10px; border: 1px none #2f65b0; border-radius: 0;}#sp-ea-884.sp-easy-accordion>.sp-ea-single.ea-expand{ border-color: #2f65b0;}#sp-ea-884.sp-easy-accordion>.sp-ea-single:hover{ border-color: #2f65b0;}#sp-ea-884.sp-easy-accordion>.sp-ea-single>.ea-header a {background: #ffffff;}#sp-ea-884.sp-easy-accordion>.sp-ea-single.ea-expand>.ea-header a {background: #ffffff;}#sp-ea-884.sp-easy-accordion>.sp-ea-single>.ea-header:hover a {background: #ffffff;}#sp-ea-884.sp-easy-accordion>.sp-ea-single>.ea-header a .eap-title-icon { color: #dd3333;font-size: 20px;} #sp-ea-884.sp-easy-accordion>.sp-ea-single>.ea-header a .eap-title-custom-icon {max-width: 20px;}#sp-ea-884.sp-easy-accordion>.sp-ea-single>.ea-header:hover a .eap-title-icon {color: #dd3333;}#sp-ea-884.sp-easy-accordion>.sp-ea-single.ea-expand>.ea-header a .eap-title-icon {color: #dd3333;}#sp-ea-884.sp-easy-accordion>.sp-ea-single>.ea-header a {padding: 15px 15px 15px 15px; color: #444; font-size: 20px; line-height: 30px; text-align: left; letter-spacing: 0px; text-transform: none;}#sp-ea-884.sp-easy-accordion>.sp-ea-single>.ea-header:hover a {color: #444;}#sp-ea-884.sp-easy-accordion>.sp-ea-single.ea-expand>.ea-header a {color: #444;}#sp-ea-884.sp-easy-accordion>.sp-ea-single>.sp-collapse>.ea-body p,#sp-ea-884.sp-easy-accordion>.sp-ea-single>.sp-collapse>.ea-body{background: #fff; padding: 15px 15px 15px 15px; border-radius: 0 0 0 0; color: #444; font-size: 16px; text-align: left; letter-spacing: 0px; line-height: 26px; animation-delay: 200ms; text-transform: none;}#sp-ea-884.sp-easy-accordion>.sp-ea-single>.ea-header a .ea-expand-icon.fa:before {color: #ffffff; font-size: 16px; font-style: normal;}#sp-ea-884.sp-easy-accordion>.sp-ea-single>.ea-header:hover a .ea-expand-icon.fa:before {color: #ffffff;}#sp-ea-884.sp-easy-accordion>.sp-ea-single.ea-expand>.ea-header a .ea-expand-icon.fa:before {color: #ffffff;}#sp-ea-884.sp-easy-accordion>.sp-ea-single>.ea-header a {border-radius: 0;}#sp-ea-884.sp-easy-accordion>.sp-ea-single>.ea-header a .sp-numbering .ea-expand-icon {background: none;}#sp-ea-884.sp-easy-accordion>.sp-ea-single>.ea-header a .sp-numbering {background: #2f65b0; color: #ffffff; line-height: 56px;}#sp-ea-884.sp-easy-accordion>.sp-ea-single>.ea-header:hover a .sp-numbering {background: #2f65b0; color: #ffffff;}#sp-ea-884.sp-easy-accordion>.sp-ea-single.ea-expand>.ea-header a .sp-numbering {background: #2f65b0; color: #ffffff;}#sp-ea-884.sp-easy-accordion>.sp-ea-single{background: none; overflow: visible;}#sp-ea-884.sp-easy-accordion>.sp-ea-single>.ea-header a .sp-numbering {line-height: 60px; color: #ffffff; background: #2f65b0; top: 0;}#sp-ea-884.sp-easy-accordion>.sp-ea-single>.ea-header:hover a .sp-numbering {color: #ffffff; background: #2f65b0;}#sp-ea-884.sp-easy-accordion>.sp-ea-single.ea-expand>.ea-header a .sp-numbering {color: #ffffff; background: #2f65b0;}#sp-ea-884 #eap_faq_search_bar_container {display:none; opacity:0;}#sp-ea-884 #eap_faq_search_bar_container span::before{content:\"\";}#sp-ea-884.sp-easy-accordion>.sp-ea-single>.sp-collapse>.ea-body p{ padding:0px}#sp-ea-884>.sp-ea-single>.sp-collapse>.ea-body .eap-product-price {color: #444;}#sp-ea-884.sp-easy-accordion>.sp-ea-single>.sp-collapse>.ea-body .eap-product-price del{color: rgba(68,68,68,0.71);}#sp-ea-884.sp-easy-accordion>.sp-ea-single>.sp-collapse>.ea-body .eap-product-cart-button .woocommerce a { border: 1px solid #DAD6DA;border-radius: 2px;background-color: transparent;color: #444;}#sp-ea-884.sp-easy-accordion>.sp-ea-single>.sp-collapse>.ea-body .eap-product-cart-button .woocommerce a:hover { border-color: #444;background-color: #444;color: #fff;}#sp-ea-884.sp-easy-accordion>.sp-ea-single>>.sp-collapse>.ea-body .eap-product-cart-button .eap-product-quantity .eap_input_text {border: 1px solid #DAD6DA;}#sp-ea-884.sp-easy-accordion>.sp-ea-single>.sp-collapse>.ea-body .eap-product-cart-button a.add_to_cart_button{position: relative;}<\/style><div id=\"sp-eap-accordion-section-884\" class=\"sp-eap-container\"><div id=\"sp-ea-884\" class=\"sp-ea-fourteen sp-ea-thirteen sp-easy-accordion \" data-ex-icon=\"fa-chevron-right\" data-col-icon=\"fa-chevron-down\" data-ea-active=\"ea-hover\" data-ea-mode=\"vertical\" data-ea-multi-column=\"\" data-ea-coll=\"\" data-keep-accordion=\"\" data-autoclose=\"\" data-preloader=\"\" data-scroll-active-item=\"\" data-offset-to-scroll=\"0\" data-autoplaytime=\"3000\" data-expand=\"\" data-post-id=\"884\" >\t<div class=\"ea-card  sp-ea-single\"  data-accordion-id= \"0\">\n\n\t\t<h2 class=\"ea-header\">\n\t\t\t<a class=\"collapsed\" data-sptoggle=\"spcollapse\" rel=\"nofollow\" data-sptarget=\"#collapse8840\" href=\"#\" data-title=\"efaq-mon-sous-traitant-a-besoin-dun-document-mis-a-jour-dernierement\" aria-expanded=\"false\">\n\t\t\t\t<span class=\"sp-numbering\"> <i class=\"ea-expand-icon fa fa-chevron-down\"><\/i> <\/span>  Mon sous-traitant a besoin d'un document mis \u00e0 jour dernierement.\t\t\t<\/a>\n\t\t<\/h2>\n\n\t\t<div class=\"sp-collapse spcollapse spcollapse\" id=\"collapse8840\" data-parent=\"#sp-ea-884\">\n\t\t<div class=\"ea-body\"> \n<div class=\"ea-content-wrapper animated fadeIn\"> \n\t<p>Gr\u00e2ce \u00e0 un acc\u00e8s sp\u00e9cifique<strong>, ESOMUS<\/strong> fournit \u00e0 mon sous-traitant, la derni\u00e8re version du <a href=\"http:\/\/esomus.com\/index.php\/documents\/\" target=\"_blank\" rel=\"noopener\">document<\/a> pour effectuer sa mission.<\/p>\n<\/div>\n<\/div>\n\t\t\t<\/div>\n\t<\/div>\n\t\t<div class=\"ea-card  sp-ea-single\"  data-accordion-id= \"1\">\n\n\t\t<h2 class=\"ea-header\">\n\t\t\t<a class=\"collapsed\" data-sptoggle=\"spcollapse\" rel=\"nofollow\" data-sptarget=\"#collapse8841\" href=\"#\" data-title=\"efaq-faciliter-les-controles-avec-esomus\" aria-expanded=\"false\">\n\t\t\t\t<span class=\"sp-numbering\"> <i class=\"ea-expand-icon fa fa-chevron-down\"><\/i> <\/span>  Faciliter les contr\u00f4les avec ESOMUS  ?\t\t\t<\/a>\n\t\t<\/h2>\n\n\t\t<div class=\"sp-collapse spcollapse spcollapse\" id=\"collapse8841\" data-parent=\"#sp-ea-884\">\n\t\t<div class=\"ea-body\"> \n<div class=\"ea-content-wrapper animated fadeIn\"> \n\t<p><strong>ESOMUS<\/strong> a pens\u00e9 au gain de temps par un partage d'acc\u00e8s aux informations utiles pour organiser plus facilement tous les contr\u00f4les...<\/p>\n<\/div>\n<\/div>\n\t\t\t<\/div>\n\t<\/div>\n\t\t<div class=\"ea-card  sp-ea-single\"  data-accordion-id= \"2\">\n\n\t\t<h2 class=\"ea-header\">\n\t\t\t<a class=\"collapsed\" data-sptoggle=\"spcollapse\" rel=\"nofollow\" data-sptarget=\"#collapse8842\" href=\"#\" data-title=\"efaq-mon-sous-traitant-peut-il-encoder-une-anomalie\" aria-expanded=\"false\">\n\t\t\t\t<span class=\"sp-numbering\"> <i class=\"ea-expand-icon fa fa-chevron-down\"><\/i> <\/span>  Mon sous-traitant peut-il encoder une anomalie ?\t\t\t<\/a>\n\t\t<\/h2>\n\n\t\t<div class=\"sp-collapse spcollapse spcollapse\" id=\"collapse8842\" data-parent=\"#sp-ea-884\">\n\t\t<div class=\"ea-body\"> \n<div class=\"ea-content-wrapper animated fadeIn\"> \n\t<p>Oui, avec un acc\u00e8s sp\u00e9cifique, il pourra encoder une <a href=\"http:\/\/esomus.com\/index.php\/anomalies\/\" target=\"_blank\" rel=\"noopener\">anomalie<\/a> dans votre entreprise.<br \/>\n<strong>Tout le monde est gagnant !!<\/strong><\/p>\n<\/div>\n<\/div>\n\t\t\t<\/div>\n\t<\/div>\n\t<\/div><\/div>\n\n\n\n\n\n<div class=\"wp-block-button alignright\"><a class=\"wp-block-button__link has-text-color has-background\" href=\"https:\/\/www.esomus.com\" style=\"background-color:#2f65b0;color:#ffffff\">Retour accueil<\/a><\/div>\n","protected":false},"excerpt":{"rendered":"<p>Vos fournisseurs en lien direct avec votre entreprise Cr\u00e9er des logins et des profils de droits adapt\u00e9s pour vos sous-traitants, fournisseurs, consultants &#8230; Pour une optimalisation de la gestion quotidienne, de la gestion des risques, de la pr\u00e9vention, de la maintenance et de la qualit\u00e9, ESOMUS fournit \u00e0 votre entreprise la possibilit\u00e9 de fournir un&hellip; <br \/> <a class=\"read-more\" href=\"https:\/\/esomus.com\/index.php\/sous-traitants\/\">Lire la suite<\/a><\/p>\n","protected":false},"author":1,"featured_media":0,"parent":0,"menu_order":0,"comment_status":"closed","ping_status":"closed","template":"","meta":{"_seopress_robots_primary_cat":"","_seopress_titles_title":"Vos fournisseurs en lien direct avec votre entreprise, fournnissez leur un acc\u00e8s ...","_seopress_titles_desc":"","_seopress_robots_index":"","_themeisle_gutenberg_block_has_review":false,"footnotes":""},"class_list":["post-886","page","type-page","status-publish","hentry"],"jetpack_sharing_enabled":true,"_links":{"self":[{"href":"https:\/\/esomus.com\/index.php\/wp-json\/wp\/v2\/pages\/886","targetHints":{"allow":["GET"]}}],"collection":[{"href":"https:\/\/esomus.com\/index.php\/wp-json\/wp\/v2\/pages"}],"about":[{"href":"https:\/\/esomus.com\/index.php\/wp-json\/wp\/v2\/types\/page"}],"author":[{"embeddable":true,"href":"https:\/\/esomus.com\/index.php\/wp-json\/wp\/v2\/users\/1"}],"replies":[{"embeddable":true,"href":"https:\/\/esomus.com\/index.php\/wp-json\/wp\/v2\/comments?post=886"}],"version-history":[{"count":21,"href":"https:\/\/esomus.com\/index.php\/wp-json\/wp\/v2\/pages\/886\/revisions"}],"predecessor-version":[{"id":4293,"href":"https:\/\/esomus.com\/index.php\/wp-json\/wp\/v2\/pages\/886\/revisions\/4293"}],"wp:attachment":[{"href":"https:\/\/esomus.com\/index.php\/wp-json\/wp\/v2\/media?parent=886"}],"curies":[{"name":"wp","href":"https:\/\/api.w.org\/{rel}","templated":true}]}}