{"id":865,"date":"2019-08-31T08:32:41","date_gmt":"2019-08-31T06:32:41","guid":{"rendered":"http:\/\/esomus.com\/?page_id=865"},"modified":"2019-09-11T06:55:15","modified_gmt":"2019-09-11T04:55:15","slug":"sepp","status":"publish","type":"page","link":"https:\/\/esomus.com\/index.php\/sepp\/","title":{"rendered":"S.E.P.P."},"content":{"rendered":"\n<h2 class=\"wp-block-heading\">LE SERVICE EXTERNE DE PR\u00c9VENTION ET DE PROTECTION<\/h2>\n\n\n\n<ul class=\"wp-block-gallery columns-3 is-cropped wp-block-gallery-1 is-layout-flex wp-block-gallery-is-layout-flex\"><li class=\"blocks-gallery-item\"><figure><img data-recalc-dims=\"1\" loading=\"lazy\" decoding=\"async\" width=\"751\" height=\"1024\" src=\"https:\/\/i0.wp.com\/newsite.ESOMUS.com\/wp-content\/uploads\/2019\/09\/caucasian-people-1822531_1280-751x1024.jpg?resize=751%2C1024\" alt=\"\" data-id=\"1405\" data-link=\"http:\/\/newsite.ESOMUS.com\/index.php\/sepp\/caucasian-people-1822531_1280\/\" class=\"wp-image-1405\" srcset=\"https:\/\/i0.wp.com\/esomus.com\/wp-content\/uploads\/2019\/09\/caucasian-people-1822531_1280.jpg?resize=751%2C1024&amp;ssl=1 751w, https:\/\/i0.wp.com\/esomus.com\/wp-content\/uploads\/2019\/09\/caucasian-people-1822531_1280.jpg?resize=220%2C300&amp;ssl=1 220w, https:\/\/i0.wp.com\/esomus.com\/wp-content\/uploads\/2019\/09\/caucasian-people-1822531_1280.jpg?resize=768%2C1047&amp;ssl=1 768w, https:\/\/i0.wp.com\/esomus.com\/wp-content\/uploads\/2019\/09\/caucasian-people-1822531_1280.jpg?resize=792%2C1080&amp;ssl=1 792w, https:\/\/i0.wp.com\/esomus.com\/wp-content\/uploads\/2019\/09\/caucasian-people-1822531_1280.jpg?w=939&amp;ssl=1 939w\" sizes=\"auto, (max-width: 751px) 100vw, 751px\" \/><\/figure><\/li><li class=\"blocks-gallery-item\"><figure><img data-recalc-dims=\"1\" loading=\"lazy\" decoding=\"async\" width=\"1024\" height=\"681\" src=\"https:\/\/i0.wp.com\/newsite.ESOMUS.com\/wp-content\/uploads\/2019\/09\/control-427512_1280-1024x681.png?resize=1024%2C681\" alt=\"\" data-id=\"1406\" data-link=\"http:\/\/newsite.ESOMUS.com\/index.php\/sepp\/control-427512_1280\/\" class=\"wp-image-1406\" srcset=\"https:\/\/i0.wp.com\/esomus.com\/wp-content\/uploads\/2019\/09\/control-427512_1280.png?resize=1024%2C681&amp;ssl=1 1024w, https:\/\/i0.wp.com\/esomus.com\/wp-content\/uploads\/2019\/09\/control-427512_1280.png?resize=300%2C199&amp;ssl=1 300w, https:\/\/i0.wp.com\/esomus.com\/wp-content\/uploads\/2019\/09\/control-427512_1280.png?resize=768%2C511&amp;ssl=1 768w, https:\/\/i0.wp.com\/esomus.com\/wp-content\/uploads\/2019\/09\/control-427512_1280.png?w=1280&amp;ssl=1 1280w\" sizes=\"auto, (max-width: 1024px) 100vw, 1024px\" \/><\/figure><\/li><li class=\"blocks-gallery-item\"><figure><img data-recalc-dims=\"1\" loading=\"lazy\" decoding=\"async\" width=\"1024\" height=\"642\" src=\"https:\/\/i0.wp.com\/newsite.ESOMUS.com\/wp-content\/uploads\/2019\/09\/paper-3249919_1280-1-1024x642.jpg?resize=1024%2C642\" alt=\"\" data-id=\"1407\" data-link=\"http:\/\/newsite.ESOMUS.com\/index.php\/sepp\/paper-3249919_1280-1\/\" class=\"wp-image-1407\" srcset=\"https:\/\/i0.wp.com\/esomus.com\/wp-content\/uploads\/2019\/09\/paper-3249919_1280-1.jpg?resize=1024%2C642&amp;ssl=1 1024w, https:\/\/i0.wp.com\/esomus.com\/wp-content\/uploads\/2019\/09\/paper-3249919_1280-1.jpg?resize=300%2C188&amp;ssl=1 300w, https:\/\/i0.wp.com\/esomus.com\/wp-content\/uploads\/2019\/09\/paper-3249919_1280-1.jpg?resize=768%2C481&amp;ssl=1 768w, https:\/\/i0.wp.com\/esomus.com\/wp-content\/uploads\/2019\/09\/paper-3249919_1280-1.jpg?w=1280&amp;ssl=1 1280w\" sizes=\"auto, (max-width: 1024px) 100vw, 1024px\" \/><\/figure><\/li><\/ul>\n\n\n\n<p> Vous \u00eates un directeur, responsable d\u2019un organisme, Services Externes de Pr\u00e9vention et Protection et vous souhaiter aider plus efficacement vos  clients, ESOMUS, peut vous aider ainsi que votre client.<br>De lui fournir tous vos rapporte en temps r\u00e9el.<br>Que vos contr\u00f4leurs puisse suivre encore plus efficacement votre client.<br>Pourquoi, ne pas l&#8217;aider en direct, ainsi, dans ESOMUS le client aura directement les  informations concernant son contr\u00f4le de ses \u00e9quipements et infrastructures et ainsi de prendre et mettre en place plus rapidement les actions sans perte de temps et sans attendre  l\u2019\u00e9mail dans sa boite message !!<br>de rendre le rapport dynamique qu&#8217;un simple papier, rapport,rendre efficace le travail pour chacun &#8230; <\/p>\n\n\n\n\n\n<h2 style=\"text-align:center\" class=\"ticss-aeaaa2cd wp-block-heading\">Esomus, un outil de terrain pour la gestion de la pr\u00e9vention et des risques et bien au-del\u00e0, pour toutes vos entreprises<br><\/h2>\n\n\n\n<p style=\"text-align:center\" class=\"has-medium-font-size\"><br>Vous \u00eates Directeur d&#8217;entreprise, G\u00e9rant, Responsable SIPP, Directeur d&#8217;exploitation, Facility manager, Chef de service, Brigadier, Conseiller en pr\u00e9vention, Responsable d&#8217;une ou de plusieurs \u00e9quipes de  maintenance, de travaux..<br><strong><em>ESOMUS <\/em><\/strong>vous a expos\u00e9 ci-dessus quelques difficult\u00e9s rencontr\u00e9es sur le terrain de nos clients.  <br><strong><em>ESOMUS <\/em><\/strong>vous montre comment notre logiciel a pu aider les entreprises \u00e0 <br>r\u00e9soudre les probl\u00e8mes li\u00e9s \u00e0 la pr\u00e9vention et la gestion des risques&#8230;<br><\/p>\n\n\n\n\n\n\n<div class=\"wp-block-button alignright\"><a class=\"wp-block-button__link has-background\" href=\"http:\/\/esomus.com\/#votre-secteur\" style=\"background-color:#2f65b0\">Retour<\/a><\/div>\n\n\n\n<p style=\"color:#231f74\" class=\"has-text-color has-medium-font-size\"> <br><em><a href=\"http:\/\/esomus.com\/index.php\/terrain\/\">En savoir plus sur ESOMUS, &#8230;.<\/a><\/em><\/p>\n","protected":false},"excerpt":{"rendered":"<p>LE SERVICE EXTERNE DE PR\u00c9VENTION ET DE PROTECTION Vous \u00eates un directeur, responsable d\u2019un organisme, Services Externes de Pr\u00e9vention et Protection et vous souhaiter aider plus efficacement vos clients, ESOMUS, peut vous aider ainsi que votre client.De lui fournir tous vos rapporte en temps r\u00e9el.Que vos contr\u00f4leurs puisse suivre encore plus efficacement votre client.Pourquoi, ne&hellip; <br \/> <a class=\"read-more\" href=\"https:\/\/esomus.com\/index.php\/sepp\/\">Lire la suite<\/a><\/p>\n","protected":false},"author":1,"featured_media":165,"parent":0,"menu_order":0,"comment_status":"closed","ping_status":"closed","template":"page-templates\/homepage.php","meta":{"_seopress_robots_primary_cat":"","_seopress_titles_title":"","_seopress_titles_desc":"","_seopress_robots_index":"","_themeisle_gutenberg_block_has_review":false,"footnotes":""},"class_list":["post-865","page","type-page","status-publish","has-post-thumbnail","hentry"],"jetpack_sharing_enabled":true,"_links":{"self":[{"href":"https:\/\/esomus.com\/index.php\/wp-json\/wp\/v2\/pages\/865","targetHints":{"allow":["GET"]}}],"collection":[{"href":"https:\/\/esomus.com\/index.php\/wp-json\/wp\/v2\/pages"}],"about":[{"href":"https:\/\/esomus.com\/index.php\/wp-json\/wp\/v2\/types\/page"}],"author":[{"embeddable":true,"href":"https:\/\/esomus.com\/index.php\/wp-json\/wp\/v2\/users\/1"}],"replies":[{"embeddable":true,"href":"https:\/\/esomus.com\/index.php\/wp-json\/wp\/v2\/comments?post=865"}],"version-history":[{"count":8,"href":"https:\/\/esomus.com\/index.php\/wp-json\/wp\/v2\/pages\/865\/revisions"}],"predecessor-version":[{"id":5341,"href":"https:\/\/esomus.com\/index.php\/wp-json\/wp\/v2\/pages\/865\/revisions\/5341"}],"wp:featuredmedia":[{"embeddable":true,"href":"https:\/\/esomus.com\/index.php\/wp-json\/wp\/v2\/media\/165"}],"wp:attachment":[{"href":"https:\/\/esomus.com\/index.php\/wp-json\/wp\/v2\/media?parent=865"}],"curies":[{"name":"wp","href":"https:\/\/api.w.org\/{rel}","templated":true}]}}