{"id":855,"date":"2019-08-31T08:27:48","date_gmt":"2019-08-31T06:27:48","guid":{"rendered":"http:\/\/esomus.com\/?page_id=855"},"modified":"2019-09-23T13:52:34","modified_gmt":"2019-09-23T11:52:34","slug":"assureurs","status":"publish","type":"page","link":"https:\/\/esomus.com\/index.php\/assureurs\/","title":{"rendered":"Assureurs"},"content":{"rendered":"\n<h1 style=\"text-align:center\" class=\"ticss-c23fbb8c wp-block-heading\"><strong>Assureurs, Courtiers, aidez encore plus efficacement vos clients &#8230;<\/strong><\/h1>\n\n\n<div id=\"metaslider-id-3210\" style=\"width: 100%;\" class=\"ml-slider-3-108-0 metaslider metaslider-flex metaslider-3210 ml-slider has-dots-nav ms-theme-default\" role=\"region\" aria-label=\"assureurs\" data-height=\"300\" data-width=\"700\">\n    <div id=\"metaslider_container_3210\">\n        <div id=\"metaslider_3210\">\n            <ul class='slides'>\n                <li style=\"display: block; width: 100%;\" class=\"slide-3214 ms-image \" aria-roledescription=\"slide\" data-date=\"2019-09-23 13:45:54\" data-filename=\"wheelchair-749985_1280-700x300.jpg\" data-slide-type=\"image\"><img data-recalc-dims=\"1\" loading=\"lazy\" decoding=\"async\" src=\"https:\/\/i0.wp.com\/esomus.com\/wp-content\/uploads\/2019\/09\/wheelchair-749985_1280.jpg?resize=700%2C300&#038;ssl=1\" height=\"300\" width=\"700\" alt=\"Un accident dans l&#039;entreprise de mon client\" class=\"slider-3210 slide-3214 msDefaultImage\" title=\"Un accident dans l&#039;entreprise de mon client\" \/><div class=\"caption-wrap\"><div class=\"caption\">Un accident dans l'entreprise de mon client<\/div><\/div><\/li>\n                <li style=\"display: none; width: 100%;\" class=\"slide-3215 ms-image \" aria-roledescription=\"slide\" data-date=\"2019-09-23 13:45:54\" data-filename=\"calculator-385506_1280-700x300.jpg\" data-slide-type=\"image\"><img data-recalc-dims=\"1\" loading=\"lazy\" decoding=\"async\" src=\"https:\/\/i0.wp.com\/esomus.com\/wp-content\/uploads\/2019\/09\/calculator-385506_1280.jpg?resize=700%2C300&#038;ssl=1\" height=\"300\" width=\"700\" alt=\"Aie, une surprime\" class=\"slider-3210 slide-3215 msDefaultImage\" title=\"Aie, une surprime obligatoire\" \/><div class=\"caption-wrap\"><div class=\"caption\">Aie, une surprime<\/div><\/div><\/li>\n                <li style=\"display: none; width: 100%;\" class=\"slide-3216 ms-image \" aria-roledescription=\"slide\" data-date=\"2019-09-23 13:45:55\" data-filename=\"hammer-620011_1280-700x300.jpg\" data-slide-type=\"image\"><img data-recalc-dims=\"1\" loading=\"lazy\" decoding=\"async\" src=\"https:\/\/i0.wp.com\/esomus.com\/wp-content\/uploads\/2019\/09\/hammer-620011_1280.jpg?resize=700%2C300&#038;ssl=1\" height=\"300\" width=\"700\" alt=\"Discussions et pr\u00e9cisions\" class=\"slider-3210 slide-3216 msDefaultImage\" title=\"Discussions et pr\u00e9cisions au tribunal\" \/><div class=\"caption-wrap\"><div class=\"caption\">Discussions et pr\u00e9cisions<\/div><\/div><\/li>\n            <\/ul>\n        <\/div>\n        \n    <\/div>\n<\/div>\n\n\n\n<p style=\"color:#175274;text-align:center\" class=\"has-text-color has-medium-font-size\"><br>Vous \u00eates assureurs, courtiers, &#8230; <br>Vous souhait\u00e9 aider encore mieux vos clients, vous \u00eates attentifs \u00e0 leurs difficult\u00e9s de tous les jours, \u00eates sensibilisez \u00e0 r\u00e9duire l&#8217;ensemble de leurs risques et le nombre d&#8217;accidents li\u00e9 \u00e0 leur entreprise !!!<br>Vous auditez l&#8217;entreprise de votre client, et oups, il a trop d&#8217;accident, qu&#8217;allez vous faire !!   <br><strong>ESOMUS<\/strong>, aide le client, mais aussi l&#8217;assureur dans la gestion des risques en entreprise, tout secteur confondu&#8230;  <\/p>\n\n\n\n<h2 style=\"text-align:center\" class=\"ticss-aeaaa2cd wp-block-heading\">Esomus, un outil de terrain pour la gestion de la pr\u00e9vention et des risques et bien au-del\u00e0, pour toutes vos entreprises<br><\/h2>\n\n\n\n<p style=\"text-align:center\" class=\"has-medium-font-size\"><br>Vous \u00eates Directeur d&#8217;entreprise, G\u00e9rant, Responsable SIPP, Directeur d&#8217;exploitation, Facility manager, Chef de service, Brigadier, Conseiller en pr\u00e9vention, Responsable d&#8217;une ou de plusieurs \u00e9quipes de  maintenance, de travaux..<br><strong><em>ESOMUS <\/em><\/strong>vous a expos\u00e9 ci-dessus quelques difficult\u00e9s rencontr\u00e9es sur le terrain de nos clients.  <br><strong><em>ESOMUS <\/em><\/strong>vous montre comment notre logiciel a pu aider les entreprises \u00e0 <br>r\u00e9soudre les probl\u00e8mes li\u00e9s \u00e0 la pr\u00e9vention et la gestion des risques&#8230;<br><\/p>\n\n\n\n\n<style id=\"ea_dynamic_css753\">#sp-ea-753 .spcollapsing{height: 0; overflow: hidden; transition-property: height; transition-duration: 10ms;}#sp-ea-753.sp-easy-accordion>.sp-ea-single.eap_inactive>.ea-header a {background-color: #bb0000 !important; color: #fff !important;}#sp-ea-753.sp-easy-accordion>.sp-ea-single{ margin-bottom: 10px; border: 1px none #2f65b0; border-radius: 0;}#sp-ea-753.sp-easy-accordion>.sp-ea-single.ea-expand{ border-color: #2f65b0;}#sp-ea-753.sp-easy-accordion>.sp-ea-single:hover{ border-color: #2f65b0;}#sp-ea-753.sp-easy-accordion>.sp-ea-single>.ea-header a {background: #ffffff;}#sp-ea-753.sp-easy-accordion>.sp-ea-single.ea-expand>.ea-header a {background: #ffffff;}#sp-ea-753.sp-easy-accordion>.sp-ea-single>.ea-header:hover a {background: #ffffff;}#sp-ea-753.sp-easy-accordion>.sp-ea-single>.ea-header a .eap-title-icon { color: #dd3333;font-size: 20px;} #sp-ea-753.sp-easy-accordion>.sp-ea-single>.ea-header a .eap-title-custom-icon {max-width: 20px;}#sp-ea-753.sp-easy-accordion>.sp-ea-single>.ea-header:hover a .eap-title-icon {color: #dd3333;}#sp-ea-753.sp-easy-accordion>.sp-ea-single.ea-expand>.ea-header a .eap-title-icon {color: #dd3333;}#sp-ea-753.sp-easy-accordion>.sp-ea-single>.ea-header a {padding: 15px 15px 15px 15px; color: #444; font-size: 20px; line-height: 30px; text-align: left; letter-spacing: 0px; text-transform: none;}#sp-ea-753.sp-easy-accordion>.sp-ea-single>.ea-header:hover a {color: #444;}#sp-ea-753.sp-easy-accordion>.sp-ea-single.ea-expand>.ea-header a {color: #444;}#sp-ea-753.sp-easy-accordion>.sp-ea-single>.sp-collapse>.ea-body p,#sp-ea-753.sp-easy-accordion>.sp-ea-single>.sp-collapse>.ea-body{background: #fff; padding: 15px 15px 15px 15px; border-radius: 0 0 0 0; color: #444; font-size: 16px; text-align: left; letter-spacing: 0px; line-height: 26px; animation-delay: 200ms; text-transform: none;}#sp-ea-753.sp-easy-accordion>.sp-ea-single>.ea-header a .ea-expand-icon.fa:before {color: #ffffff; font-size: 16px; font-style: normal;}#sp-ea-753.sp-easy-accordion>.sp-ea-single>.ea-header:hover a .ea-expand-icon.fa:before {color: #ffffff;}#sp-ea-753.sp-easy-accordion>.sp-ea-single.ea-expand>.ea-header a .ea-expand-icon.fa:before {color: #ffffff;}#sp-ea-753.sp-easy-accordion>.sp-ea-single>.ea-header a {border-radius: 0;}#sp-ea-753.sp-easy-accordion>.sp-ea-single>.ea-header a .sp-numbering .ea-expand-icon {background: none;}#sp-ea-753.sp-easy-accordion>.sp-ea-single>.ea-header a .sp-numbering {background: #2f65b0; color: #ffffff; line-height: 56px;}#sp-ea-753.sp-easy-accordion>.sp-ea-single>.ea-header:hover a .sp-numbering {background: #2f65b0; color: #ffffff;}#sp-ea-753.sp-easy-accordion>.sp-ea-single.ea-expand>.ea-header a .sp-numbering {background: #2f65b0; color: #ffffff;}#sp-ea-753.sp-easy-accordion>.sp-ea-single{background: none; overflow: visible;}#sp-ea-753.sp-easy-accordion>.sp-ea-single>.ea-header a .sp-numbering {line-height: 60px; color: #ffffff; background: #2f65b0; top: 0;}#sp-ea-753.sp-easy-accordion>.sp-ea-single>.ea-header:hover a .sp-numbering {color: #ffffff; background: #2f65b0;}#sp-ea-753.sp-easy-accordion>.sp-ea-single.ea-expand>.ea-header a .sp-numbering {color: #ffffff; background: #2f65b0;}#sp-ea-753 #eap_faq_search_bar_container {display:none; opacity:0;}#sp-ea-753 #eap_faq_search_bar_container span::before{content:\"\";}#sp-ea-753.sp-easy-accordion>.sp-ea-single>.sp-collapse>.ea-body p{ padding:0px}#sp-ea-753>.sp-ea-single>.sp-collapse>.ea-body .eap-product-price {color: #444;}#sp-ea-753.sp-easy-accordion>.sp-ea-single>.sp-collapse>.ea-body .eap-product-price del{color: rgba(68,68,68,0.71);}#sp-ea-753.sp-easy-accordion>.sp-ea-single>.sp-collapse>.ea-body .eap-product-cart-button .woocommerce a { border: 1px solid #DAD6DA;border-radius: 2px;background-color: transparent;color: #444;}#sp-ea-753.sp-easy-accordion>.sp-ea-single>.sp-collapse>.ea-body .eap-product-cart-button .woocommerce a:hover { border-color: #444;background-color: #444;color: #fff;}#sp-ea-753.sp-easy-accordion>.sp-ea-single>>.sp-collapse>.ea-body .eap-product-cart-button .eap-product-quantity .eap_input_text {border: 1px solid #DAD6DA;}#sp-ea-753.sp-easy-accordion>.sp-ea-single>.sp-collapse>.ea-body .eap-product-cart-button a.add_to_cart_button{position: relative;}<\/style><div id=\"sp-eap-accordion-section-753\" class=\"sp-eap-container\"><div id=\"sp-ea-753\" class=\"sp-ea-fourteen sp-ea-thirteen sp-easy-accordion \" data-ex-icon=\"fa-chevron-right\" data-col-icon=\"fa-chevron-down\" data-ea-active=\"ea-hover\" data-ea-mode=\"vertical\" data-ea-multi-column=\"\" data-ea-coll=\"\" data-keep-accordion=\"\" data-autoclose=\"\" data-preloader=\"\" data-scroll-active-item=\"\" data-offset-to-scroll=\"0\" data-autoplaytime=\"3000\" data-expand=\"\" data-post-id=\"753\" >\t<div class=\"ea-card  sp-ea-single\"  data-accordion-id= \"0\">\n\n\t\t<h2 class=\"ea-header\">\n\t\t\t<a class=\"collapsed\" data-sptoggle=\"spcollapse\" rel=\"nofollow\" data-sptarget=\"#collapse7530\" href=\"#\" data-title=\"efaq-comment-aider-mon-client-qui-a-trop-daccidents\" aria-expanded=\"false\">\n\t\t\t\t<span class=\"sp-numbering\"> <i class=\"ea-expand-icon fa fa-chevron-down\"><\/i> <\/span>  Comment aider mon client qui a trop d'accidents ?\t\t\t<\/a>\n\t\t<\/h2>\n\n\t\t<div class=\"sp-collapse spcollapse spcollapse\" id=\"collapse7530\" data-parent=\"#sp-ea-753\">\n\t\t<div class=\"ea-body\"> \n<div class=\"ea-content-wrapper animated fadeIn\"> \n\t<p><span style=\"color: #333399;\"><em><strong>ESOMUS<\/strong> <\/em><\/span>a \u00e9t\u00e9 cr\u00e9\u00e9 et mis en place dans les entreprises pour r\u00e9duire le nombre d'incidents et d'accidents.<br \/>\nIl permet un meilleur suivi par une gestion optimalis\u00e9e des risques li\u00e9s \u00e0 l'entreprise, quel que soit le secteur d'activit\u00e9s...<br \/>\nVous pouvez l'aider. Contactez vos clients et soumettez-leur l'outil <strong>ESOMUS<\/strong> !!<br \/>\n<span style=\"color: #008000;\"><em><strong>Tout le monde en sort gagnant !!!<\/strong><\/em><\/span><\/p>\n<\/div>\n<\/div>\n\t\t\t<\/div>\n\t<\/div>\n\t\t<div class=\"ea-card  sp-ea-single\"  data-accordion-id= \"1\">\n\n\t\t<h2 class=\"ea-header\">\n\t\t\t<a class=\"collapsed\" data-sptoggle=\"spcollapse\" rel=\"nofollow\" data-sptarget=\"#collapse7531\" href=\"#\" data-title=\"efaq-vous-souhaitez-collaborer-devenir-partenaire-avec-esomus-contactez-nous\" aria-expanded=\"false\">\n\t\t\t\t<span class=\"sp-numbering\"> <i class=\"ea-expand-icon fa fa-chevron-down\"><\/i> <\/span>  Vous souhaitez collaborer, devenir partenaire avec ESOMUS, contactez nous ..\t\t\t<\/a>\n\t\t<\/h2>\n\n\t\t<div class=\"sp-collapse spcollapse spcollapse\" id=\"collapse7531\" data-parent=\"#sp-ea-753\">\n\t\t<div class=\"ea-body\"> \n<div class=\"ea-content-wrapper animated fadeIn\"> \n\t<p>Une collaboration, un partenariat sera profitable pour tous vos clients et les n\u00f4tres, afin de r\u00e9duire <strong>ENSEMBLE<\/strong> les risques en entreprises.<\/p>\n<p><em>N'h\u00e9sitez pas \u00e0 nous contacter via:<\/em><\/p>\n<ul>\n<li><em>notre formulaire de contact :<\/em> <a href=\"http:\/\/esomus.com\/#contact-1\"><em><strong>contact<\/strong><\/em><\/a><\/li>\n<li><em>mail<\/em> : <em><strong><a href=\"mailto:info@esomus.com\">info@esomus.com<\/a>\u00a0<\/strong><\/em><\/li>\n<li><em>courrier : <\/em><strong>Rue de la Plaine, 11 - B.6900 Marche-en-Famenne<\/strong><\/li>\n<li><em>mobile<\/em> : <strong>0471 \/ 49 34 11 \/ <\/strong><em>t\u00e9l\u00e9phone : <\/em><strong>04 \/ 265 61 92<\/strong><\/li>\n<\/ul>\n<\/div>\n<\/div>\n\t\t\t<\/div>\n\t<\/div>\n\t<\/div><\/div>\n\n\n\n<div class=\"wp-block-button alignright\"><a class=\"wp-block-button__link has-text-color has-background\" href=\"https:\/\/www.esomus.com\" style=\"background-color:#2f65b0;color:#ffffff\">Retour accueil<\/a><\/div>\n","protected":false},"excerpt":{"rendered":"<p>Assureurs, Courtiers, aidez encore plus efficacement vos clients &#8230; Vous \u00eates assureurs, courtiers, &#8230; Vous souhait\u00e9 aider encore mieux vos clients, vous \u00eates attentifs \u00e0 leurs difficult\u00e9s de tous les jours, \u00eates sensibilisez \u00e0 r\u00e9duire l&#8217;ensemble de leurs risques et le nombre d&#8217;accidents li\u00e9 \u00e0 leur entreprise !!!Vous auditez l&#8217;entreprise de votre client, et oups,&hellip; <br \/> <a class=\"read-more\" href=\"https:\/\/esomus.com\/index.php\/assureurs\/\">Lire la suite<\/a><\/p>\n","protected":false},"author":1,"featured_media":165,"parent":0,"menu_order":0,"comment_status":"closed","ping_status":"closed","template":"page-templates\/homepage.php","meta":{"_seopress_robots_primary_cat":"","_seopress_titles_title":"Assureurs, aidez encore mieux vos clients ...","_seopress_titles_desc":"Vous souhait\u00e9 aider vos clients \u00e0  r\u00e9duire l&#039;ensemble des risques,  le nombre d&#039;accidents li\u00e9 \u00e0 leur entreprise.\r\nVous auditez l&#039;entreprise de votre client, et oups, il a trop d&#039;accidents, qu&#039;allez vous faire !!   ","_seopress_robots_index":"","_themeisle_gutenberg_block_has_review":false,"footnotes":""},"class_list":["post-855","page","type-page","status-publish","has-post-thumbnail","hentry"],"jetpack_sharing_enabled":true,"_links":{"self":[{"href":"https:\/\/esomus.com\/index.php\/wp-json\/wp\/v2\/pages\/855","targetHints":{"allow":["GET"]}}],"collection":[{"href":"https:\/\/esomus.com\/index.php\/wp-json\/wp\/v2\/pages"}],"about":[{"href":"https:\/\/esomus.com\/index.php\/wp-json\/wp\/v2\/types\/page"}],"author":[{"embeddable":true,"href":"https:\/\/esomus.com\/index.php\/wp-json\/wp\/v2\/users\/1"}],"replies":[{"embeddable":true,"href":"https:\/\/esomus.com\/index.php\/wp-json\/wp\/v2\/comments?post=855"}],"version-history":[{"count":16,"href":"https:\/\/esomus.com\/index.php\/wp-json\/wp\/v2\/pages\/855\/revisions"}],"predecessor-version":[{"id":4922,"href":"https:\/\/esomus.com\/index.php\/wp-json\/wp\/v2\/pages\/855\/revisions\/4922"}],"wp:featuredmedia":[{"embeddable":true,"href":"https:\/\/esomus.com\/index.php\/wp-json\/wp\/v2\/media\/165"}],"wp:attachment":[{"href":"https:\/\/esomus.com\/index.php\/wp-json\/wp\/v2\/media?parent=855"}],"curies":[{"name":"wp","href":"https:\/\/api.w.org\/{rel}","templated":true}]}}