{"id":614,"date":"2019-08-30T10:24:22","date_gmt":"2019-08-30T08:24:22","guid":{"rendered":"http:\/\/esomus.com\/?page_id=614"},"modified":"2019-10-21T14:21:32","modified_gmt":"2019-10-21T12:21:32","slug":"controle","status":"publish","type":"page","link":"https:\/\/esomus.com\/index.php\/controle\/","title":{"rendered":"Contr\u00f4les"},"content":{"rendered":"\n<h1 style=\"text-align:center\" class=\"ticss-b35d41dd wp-block-heading\"><strong>Suivez vos contr\u00f4les obligatoires en temps r\u00e9el<\/strong> <\/h1>\n\n\n\n<h2 class=\"wp-block-heading\" style=\"text-align:center\">Que puis-je contr\u00f4ler ?<\/h2>\n\n\n\n<p style=\"text-align:center\" class=\"has-medium-font-size\">Tout  \u00e9quipement connu d&#8217;ESOMUS peut \u00eatre suivi \u00e0 tout niveau. Que ce soit pour un contr\u00f4le annuel obligatoire impos\u00e9 par la l\u00e9gislation, dans le cadre d&#8217;une attente locale des pompiers ou simplement parce que votre niveau d&#8217;exigence et de qualit\u00e9 sont bien plus \u00e9lev\u00e9es que la norme.<\/p>\n\n\n\n<p style=\"text-align:center\" class=\"has-medium-font-size\">Vous pourrez aussi bien planifier le contr\u00f4le de vos \u00e9quipements incendie, que les contr\u00f4les techniques de votre flotte de v\u00e9hicules, voire m\u00eame le contr\u00f4le quotidien du pH de vos piscines.<\/p>\n\n\n\n<h2 class=\"wp-block-heading\" style=\"text-align:center\">Et si j&#8217;oublie un contr\u00f4le ?<\/h2>\n\n\n\n<p style=\"color:#6b6b6b;text-align:center\" class=\"has-text-color has-medium-font-size\">Quel que soit le type de contr\u00f4le que vous d\u00e9sireriez effectuer, l\u00e9gal ou qualit\u00e9, ESOMUS va vous permettre de les planifier, c&#8217;est-\u00e0-dire de d\u00e9finir leur p\u00e9rim\u00e8tre,  qui s&#8217;en occupe et quand. De plus, il est possible de programmer une r\u00e9currence. Avant la deadline, le logiciel vous rappellera automatiquement, la mise en place de votre contr\u00f4le annuel, qu&#8217;il soit r\u00e9alis\u00e9 en interne ou que vous deviez faire appel \u00e0 une soci\u00e9t\u00e9 externe. Dans ce dernier cas, il r\u00e9alisera un document avec toutes les informations destin\u00e9es \u00e0 ladite soci\u00e9t\u00e9.<\/p>\n\n\n\n<h2 class=\"wp-block-heading\" style=\"text-align:center\">Et tout ce qui n&#8217;est pas contr\u00f4le ?<\/h2>\n\n\n\n<p style=\"text-align:center\" class=\"has-medium-font-size\">Le terme contr\u00f4le est un terme g\u00e9n\u00e9rique. Il regroupe bien plus. Vous pouvez mettre en place des maintenance annuelles, des audits qualit\u00e9, de simples contr\u00f4les visuels&#8230;<\/p>\n\n\n\n<p style=\"text-align:center\" class=\"has-medium-font-size\">De plus, au-del\u00e0 du contr\u00f4le en lui-m\u00eame, tous les documents seront  attach\u00e9s et li\u00e9s \u00e0 tous les \u00e9quipements qui font partie du p\u00e9rim\u00e8tre. Ainsi, vous pourrez facilement avoir acc\u00e8s aux rapports d&#8217;audit, la note de maintenance, le rapport de la soci\u00e9t\u00e9 de contr\u00f4le&#8230;<\/p>\n\n\n\n<h2 class=\"wp-block-heading\" style=\"text-align:center\">Et quand mon \u00e9quipement est p\u00e9rim\u00e9 ?<\/h2>\n\n\n\n<p style=\"text-align:center\" class=\"has-medium-font-size\">De par ses fiches techniques, ESOMUS conna\u00eet toutes les dates de p\u00e9remption de vos \u00e9quipements. Un warning sera d\u00e9clench\u00e9 avant la deadline.  Gr\u00e2ce aux rapports, vous pourrez anticiper les \u00e9quipements \u00e0 remplacer et ainsi budg\u00e9tiser.<\/p>\n\n\n\n<h2 class=\"wp-block-heading\" style=\"text-align:center\">La p\u00e9remption n&#8217;est pas qu&#8217;un probl\u00e8me de l\u00e9galit\u00e9<\/h2>\n\n\n\n<p style=\"text-align:center\" class=\"has-medium-font-size\">La notion de p\u00e9remption peut aussi \u00eatre utilis\u00e9e dans ESOMUS dans le cadre de la qualit\u00e9. Par exemple : un h\u00f4telier peut d\u00e9cider du remplacement des matelas de ses chambre tous les 6 ans. <\/p>\n\n\n\n<p style=\"text-align:center\" class=\"has-medium-font-size\">Ainsi, vous allez pouvoir g\u00e9rer votre budget dans le cadre du remplacement d&#8217;\u00e9quipements que ce soit dans le cadre de la loi ou de  votre strat\u00e9gie d&#8217;entreprise. <\/p>\n\n\n\n\n\n<h1 style=\"text-align:center\" class=\"ticss-011fee6e wp-block-heading\"><strong>Vous pouvez oublier, ESOMUS y pense pour vous !<\/strong><\/h1>\n\n\n\n\n\n\n\n\n<style id=\"ea_dynamic_css793\">#sp-ea-793 .spcollapsing{height: 0; overflow: hidden; transition-property: height; transition-duration: 10ms;}#sp-ea-793.sp-easy-accordion>.sp-ea-single.eap_inactive>.ea-header a {background-color: #bb0000 !important; color: #fff !important;}#sp-ea-793{position: relative;}#sp-ea-793 .ea-card{opacity: 0;}#eap-preloader-793{position: absolute; left: 0; top: 0; height: 100%; width: 100%; text-align: center; display: flex; align-items: center; justify-content: center;}#sp-ea-793.sp-easy-accordion>.sp-ea-single{ margin-bottom: 10px; border: 1px none #2f65b0; border-radius: 0;}#sp-ea-793.sp-easy-accordion>.sp-ea-single.ea-expand{ border-color: #2f65b0;}#sp-ea-793.sp-easy-accordion>.sp-ea-single:hover{ border-color: #2f65b0;}#sp-ea-793.sp-easy-accordion>.sp-ea-single>.ea-header a {background: #ffffff;}#sp-ea-793.sp-easy-accordion>.sp-ea-single.ea-expand>.ea-header a {background: #ffffff;}#sp-ea-793.sp-easy-accordion>.sp-ea-single>.ea-header:hover a {background: #ffffff;}#sp-ea-793.sp-easy-accordion>.sp-ea-single>.ea-header a .eap-title-icon { color: #dd3333;font-size: 20px;} #sp-ea-793.sp-easy-accordion>.sp-ea-single>.ea-header a .eap-title-custom-icon {max-width: 20px;}#sp-ea-793.sp-easy-accordion>.sp-ea-single>.ea-header:hover a .eap-title-icon {color: #dd3333;}#sp-ea-793.sp-easy-accordion>.sp-ea-single.ea-expand>.ea-header a .eap-title-icon {color: #dd3333;}#sp-ea-793.sp-easy-accordion>.sp-ea-single>.ea-header a {padding: 15px 15px 15px 15px; color: #444; font-size: 20px; line-height: 30px; text-align: left; letter-spacing: 0px; text-transform: none;}#sp-ea-793.sp-easy-accordion>.sp-ea-single>.ea-header:hover a {color: #444;}#sp-ea-793.sp-easy-accordion>.sp-ea-single.ea-expand>.ea-header a {color: #444;}#sp-ea-793.sp-easy-accordion>.sp-ea-single>.sp-collapse>.ea-body p,#sp-ea-793.sp-easy-accordion>.sp-ea-single>.sp-collapse>.ea-body{background: #fff; padding: 15px 15px 15px 15px; border-radius: 0 0 0 0; color: #444; font-size: 16px; text-align: left; letter-spacing: 0px; line-height: 26px; animation-delay: 200ms; text-transform: none;}#sp-ea-793.sp-easy-accordion>.sp-ea-single>.ea-header a .ea-expand-icon.fa:before {color: #ffffff; font-size: 7px; font-style: normal;}#sp-ea-793.sp-easy-accordion>.sp-ea-single>.ea-header:hover a .ea-expand-icon.fa:before {color: #ffffff;}#sp-ea-793.sp-easy-accordion>.sp-ea-single.ea-expand>.ea-header a .ea-expand-icon.fa:before {color: #ffffff;}#sp-ea-793.sp-easy-accordion>.sp-ea-single>.ea-header a {border-radius: 0;}#sp-ea-793.sp-easy-accordion>.sp-ea-single>.ea-header a .sp-numbering .ea-expand-icon {background: none;}#sp-ea-793.sp-easy-accordion>.sp-ea-single>.ea-header a .sp-numbering {background: #2f65b0; color: #ffffff; line-height: 56px;}#sp-ea-793.sp-easy-accordion>.sp-ea-single>.ea-header:hover a .sp-numbering {background: #2f65b0; color: #ffffff;}#sp-ea-793.sp-easy-accordion>.sp-ea-single.ea-expand>.ea-header a .sp-numbering {background: #2f65b0; color: #ffffff;}#sp-ea-793.sp-easy-accordion>.sp-ea-single{background: none; overflow: visible;}#sp-ea-793.sp-easy-accordion>.sp-ea-single>.ea-header a .sp-numbering {line-height: 60px; color: #ffffff; background: #2f65b0; top: 0;}#sp-ea-793.sp-easy-accordion>.sp-ea-single>.ea-header:hover a .sp-numbering {color: #ffffff; background: #2f65b0;}#sp-ea-793.sp-easy-accordion>.sp-ea-single.ea-expand>.ea-header a .sp-numbering {color: #ffffff; background: #2f65b0;}#sp-ea-793 #eap_faq_search_bar_container {display:none; opacity:0;}#sp-ea-793 #eap_faq_search_bar_container span::before{content:\"\";}#sp-ea-793.sp-easy-accordion>.sp-ea-single>.sp-collapse>.ea-body p{ padding:0px}#sp-ea-793>.sp-ea-single>.sp-collapse>.ea-body .eap-product-price {color: #444;}#sp-ea-793.sp-easy-accordion>.sp-ea-single>.sp-collapse>.ea-body .eap-product-price del{color: rgba(68,68,68,0.71);}#sp-ea-793.sp-easy-accordion>.sp-ea-single>.sp-collapse>.ea-body .eap-product-cart-button .woocommerce a { border: 1px solid #DAD6DA;border-radius: 2px;background-color: transparent;color: #444;}#sp-ea-793.sp-easy-accordion>.sp-ea-single>.sp-collapse>.ea-body .eap-product-cart-button .woocommerce a:hover { border-color: #444;background-color: #444;color: #fff;}#sp-ea-793.sp-easy-accordion>.sp-ea-single>>.sp-collapse>.ea-body .eap-product-cart-button .eap-product-quantity .eap_input_text {border: 1px solid #DAD6DA;}#sp-ea-793.sp-easy-accordion>.sp-ea-single>.sp-collapse>.ea-body .eap-product-cart-button a.add_to_cart_button{position: relative;}<\/style><div id=\"sp-eap-accordion-section-793\" class=\"sp-eap-container\"><div id=\"sp-ea-793\" class=\"sp-ea-fourteen sp-ea-thirteen sp-easy-accordion \" data-ex-icon=\"fa-chevron-right\" data-col-icon=\"fa-chevron-down\" data-ea-active=\"ea-hover\" data-ea-mode=\"vertical\" data-ea-multi-column=\"\" data-ea-coll=\"\" data-keep-accordion=\"\" data-autoclose=\"\" data-preloader=\"1\" data-scroll-active-item=\"\" data-offset-to-scroll=\"0\" data-autoplaytime=\"3000\" data-expand=\"\" data-post-id=\"793\" ><div id=\"eap-preloader-793\" class=\"accordion-preloader\"><img decoding=\"async\" src=\"https:\/\/esomus.com\/wp-content\/plugins\/easy-accordion-pro\/public\/assets\/spinner.svg\"  alt=\"loader-image\"\/><\/div>\t<div class=\"ea-card  sp-ea-single\"  data-accordion-id= \"0\">\n\n\t\t<h2 class=\"ea-header\">\n\t\t\t<a class=\"collapsed\" data-sptoggle=\"spcollapse\" rel=\"nofollow\" data-sptarget=\"#collapse7930\" href=\"#\" data-title=\"efaq-vos-controles-obligatoires-sont-ils-realises\" aria-expanded=\"false\">\n\t\t\t\t<span class=\"sp-numbering\"> <i class=\"ea-expand-icon fa fa-chevron-down\"><\/i> <\/span>  Vos contr\u00f4les obligatoires, sont-ils r\u00e9alis\u00e9s ?\t\t\t<\/a>\n\t\t<\/h2>\n\n\t\t<div class=\"sp-collapse spcollapse spcollapse\" id=\"collapse7930\" data-parent=\"#sp-ea-793\">\n\t\t<div class=\"ea-body\"> \n<div class=\"ea-content-wrapper animated fadeIn\"> \n\t<p>ESOMUS <a href=\"http:\/\/esomus.com\/index.php\/temps-reel\/\" target=\"_blank\" rel=\"noopener\">suit en temps r\u00e9el<\/a> tous vos contr\u00f4les encod\u00e9s.<\/p>\n<\/div>\n<\/div>\n\t\t\t<\/div>\n\t<\/div>\n\t\t<div class=\"ea-card  sp-ea-single\"  data-accordion-id= \"1\">\n\n\t\t<h2 class=\"ea-header\">\n\t\t\t<a class=\"collapsed\" data-sptoggle=\"spcollapse\" rel=\"nofollow\" data-sptarget=\"#collapse7931\" href=\"#\" data-title=\"efaq-je-ne-trouve-plus-le-dernier-rapport-de-controle-de-ma-machine\" aria-expanded=\"false\">\n\t\t\t\t<span class=\"sp-numbering\"> <i class=\"ea-expand-icon fa fa-chevron-down\"><\/i> <\/span>  Je ne trouve plus le dernier rapport de contr\u00f4le de ma machine \t\t\t<\/a>\n\t\t<\/h2>\n\n\t\t<div class=\"sp-collapse spcollapse spcollapse\" id=\"collapse7931\" data-parent=\"#sp-ea-793\">\n\t\t<div class=\"ea-body\"> \n<div class=\"ea-content-wrapper animated fadeIn\"> \n\t<p>ESOMUS garde l'historique de l'ensemble des contr\u00f4les effectu\u00e9s, ainsi que tous l<a href=\"http:\/\/esomus.com\/index.php\/documents\/\" target=\"_blank\" rel=\"noopener\">es documents et\/ou rapports<\/a>, afin de les fournir et\/ou les envoyer directement aux personnes concern\u00e9es.<\/p>\n<\/div>\n<\/div>\n\t\t\t<\/div>\n\t<\/div>\n\t\t<div class=\"ea-card  sp-ea-single\"  data-accordion-id= \"2\">\n\n\t\t<h2 class=\"ea-header\">\n\t\t\t<a class=\"collapsed\" data-sptoggle=\"spcollapse\" rel=\"nofollow\" data-sptarget=\"#collapse7932\" href=\"#\" data-title=\"efaq-je-suis-absent-et-je-dois-fournir-la-liste-des-equipements-a-controler\" aria-expanded=\"false\">\n\t\t\t\t<span class=\"sp-numbering\"> <i class=\"ea-expand-icon fa fa-chevron-down\"><\/i> <\/span>  Je suis absent et je dois fournir la liste des \u00e9quipements \u00e0 contr\u00f4ler \t\t\t<\/a>\n\t\t<\/h2>\n\n\t\t<div class=\"sp-collapse spcollapse spcollapse\" id=\"collapse7932\" data-parent=\"#sp-ea-793\">\n\t\t<div class=\"ea-body\"> \n<div class=\"ea-content-wrapper animated fadeIn\"> \n\t<p>Avec son acc\u00e8s valide, le <a href=\"http:\/\/esomus.com\/index.php\/sous-traitants\/\" target=\"_blank\" rel=\"noopener\">contr\u00f4leur <\/a>aura automatiquement la liste des \u00e9quipements \u00e0 contr\u00f4ler,\u00a0 y compris les derniers ajouts.<\/p>\n<\/div>\n<\/div>\n\t\t\t<\/div>\n\t<\/div>\n\t\t<div class=\"ea-card  sp-ea-single\"  data-accordion-id= \"3\">\n\n\t\t<h2 class=\"ea-header\">\n\t\t\t<a class=\"collapsed\" data-sptoggle=\"spcollapse\" rel=\"nofollow\" data-sptarget=\"#collapse7933\" href=\"#\" data-title=\"efaq-le-materiel-fourni-a-mon-technicien-est-il-en-ordre-de-controle\" aria-expanded=\"false\">\n\t\t\t\t<span class=\"sp-numbering\"> <i class=\"ea-expand-icon fa fa-chevron-down\"><\/i> <\/span>  Le mat\u00e9riel fourni \u00e0 mon technicien est-il en ordre de contr\u00f4le ?\t\t\t<\/a>\n\t\t<\/h2>\n\n\t\t<div class=\"sp-collapse spcollapse spcollapse\" id=\"collapse7933\" data-parent=\"#sp-ea-793\">\n\t\t<div class=\"ea-body\"> \n<div class=\"ea-content-wrapper animated fadeIn\"> \n\t<p>Gr\u00e2ce \u00e0 ESOMUS, <a href=\"http:\/\/esomus.com\/index.php\/dashboard\/\" target=\"_blank\" rel=\"noopener\">votre technicien pourra v\u00e9rifier<\/a> lui-m\u00eame si le mat\u00e9riel qui lui est fourni a bien \u00e9t\u00e9 contr\u00f4l\u00e9.<br \/>\nEn cas de d\u00e9faillance, de non-contr\u00f4le, le technicien pourra mettre l\u2019\u00e9quipement directement en \"anomalie\", ne pas l'utiliser et ainsi \u00e9viter un \u00e9ventuel accident.<\/p>\n<\/div>\n<\/div>\n\t\t\t<\/div>\n\t<\/div>\n\t\t<div class=\"ea-card  sp-ea-single\"  data-accordion-id= \"4\">\n\n\t\t<h2 class=\"ea-header\">\n\t\t\t<a class=\"collapsed\" data-sptoggle=\"spcollapse\" rel=\"nofollow\" data-sptarget=\"#collapse7934\" href=\"#\" data-title=\"efaq-le-colson-du-dernier-controle-est-absent-comment-savoir-si-je-peux-utiliser-cet-equipement\" aria-expanded=\"false\">\n\t\t\t\t<span class=\"sp-numbering\"> <i class=\"ea-expand-icon fa fa-chevron-down\"><\/i> <\/span>  Le colson du dernier contr\u00f4le est absent, comment savoir si je peux utiliser cet \u00e9quipement ?\t\t\t<\/a>\n\t\t<\/h2>\n\n\t\t<div class=\"sp-collapse spcollapse spcollapse\" id=\"collapse7934\" data-parent=\"#sp-ea-793\">\n\t\t<div class=\"ea-body\"> \n<div class=\"ea-content-wrapper animated fadeIn\"> \n\t<p>ESOMUS gr\u00e2ce au<a href=\"http:\/\/esomus.com\/index.php\/qr-codes\/\" target=\"_blank\" rel=\"noopener\"> QR code<\/a> de l'\u00e9quipement et via une tablette et\/ou un GSM, vous donnera acc\u00e8s au <a href=\"http:\/\/esomus.com\/index.php\/documents\/\" target=\"_blank\" rel=\"noopener\">dernier rapport<\/a> r\u00e9f\u00e9rent mentionnant la date du dernier contr\u00f4le et l'\u00e9tat de l\u2019\u00e9quipement.<\/p>\n<p><strong>Ainsi, \u00e0 tout moment, vous saurez si vous travaillez avec du mat\u00e9riel conforme et en toute s\u00e9curit\u00e9.<\/strong><\/p>\n<\/div>\n<\/div>\n\t\t\t<\/div>\n\t<\/div>\n\t\t<div class=\"ea-card  sp-ea-single\"  data-accordion-id= \"5\">\n\n\t\t<h2 class=\"ea-header\">\n\t\t\t<a class=\"collapsed\" data-sptoggle=\"spcollapse\" rel=\"nofollow\" data-sptarget=\"#collapse7935\" href=\"#\" data-title=\"efaq-jorganise-un-audit-esomus-peut-il-maider\" aria-expanded=\"false\">\n\t\t\t\t<span class=\"sp-numbering\"> <i class=\"ea-expand-icon fa fa-chevron-down\"><\/i> <\/span>  J'organise un audit, ESOMUS peut-il m'aider ?\t\t\t<\/a>\n\t\t<\/h2>\n\n\t\t<div class=\"sp-collapse spcollapse spcollapse\" id=\"collapse7935\" data-parent=\"#sp-ea-793\">\n\t\t<div class=\"ea-body\"> \n<div class=\"ea-content-wrapper animated fadeIn\"> \n\t<p><strong>ESOMUS<\/strong> peut effectivement, cr\u00e9er tous les audits, il suffit de cr\u00e9er une t\u00e2che sp\u00e9cifique avec un nombre d'actions li\u00e9es \u00e0 cet audit.<br \/>\nUn rapport de fin d'audit sera g\u00e9n\u00e9r\u00e9. Vous pourrez ainsi, pr\u00e9senter votre audit en interne, aux certificateurs, assureurs, et\/ou \u00e0 votre direction.<\/p>\n<\/div>\n<\/div>\n\t\t\t<\/div>\n\t<\/div>\n\t<\/div><\/div>\n\n\n\n\n\n<div class=\"wp-block-button alignright\"><a class=\"wp-block-button__link has-text-color has-background\" href=\"https:\/\/www.esomus.com\" style=\"background-color:#2f65b0;color:#ffffff\">Retour accueil<\/a><\/div>\n","protected":false},"excerpt":{"rendered":"<p>Suivez vos contr\u00f4les obligatoires en temps r\u00e9el Que puis-je contr\u00f4ler ? Tout \u00e9quipement connu d&#8217;ESOMUS peut \u00eatre suivi \u00e0 tout niveau. Que ce soit pour un contr\u00f4le annuel obligatoire impos\u00e9 par la l\u00e9gislation, dans le cadre d&#8217;une attente locale des pompiers ou simplement parce que votre niveau d&#8217;exigence et de qualit\u00e9 sont bien plus \u00e9lev\u00e9es&hellip; <br \/> <a class=\"read-more\" href=\"https:\/\/esomus.com\/index.php\/controle\/\">Lire la suite<\/a><\/p>\n","protected":false},"author":1,"featured_media":0,"parent":0,"menu_order":0,"comment_status":"closed","ping_status":"closed","template":"","meta":{"_seopress_robots_primary_cat":"","_seopress_titles_title":"","_seopress_titles_desc":"","_seopress_robots_index":"","_themeisle_gutenberg_block_has_review":false,"footnotes":""},"class_list":["post-614","page","type-page","status-publish","hentry"],"jetpack_sharing_enabled":true,"_links":{"self":[{"href":"https:\/\/esomus.com\/index.php\/wp-json\/wp\/v2\/pages\/614","targetHints":{"allow":["GET"]}}],"collection":[{"href":"https:\/\/esomus.com\/index.php\/wp-json\/wp\/v2\/pages"}],"about":[{"href":"https:\/\/esomus.com\/index.php\/wp-json\/wp\/v2\/types\/page"}],"author":[{"embeddable":true,"href":"https:\/\/esomus.com\/index.php\/wp-json\/wp\/v2\/users\/1"}],"replies":[{"embeddable":true,"href":"https:\/\/esomus.com\/index.php\/wp-json\/wp\/v2\/comments?post=614"}],"version-history":[{"count":42,"href":"https:\/\/esomus.com\/index.php\/wp-json\/wp\/v2\/pages\/614\/revisions"}],"predecessor-version":[{"id":4558,"href":"https:\/\/esomus.com\/index.php\/wp-json\/wp\/v2\/pages\/614\/revisions\/4558"}],"wp:attachment":[{"href":"https:\/\/esomus.com\/index.php\/wp-json\/wp\/v2\/media?parent=614"}],"curies":[{"name":"wp","href":"https:\/\/api.w.org\/{rel}","templated":true}]}}