{"id":506,"date":"2019-08-06T18:57:32","date_gmt":"2019-08-06T16:57:32","guid":{"rendered":"http:\/\/esomus.com\/?page_id=506"},"modified":"2020-08-13T11:45:32","modified_gmt":"2020-08-13T09:45:32","slug":"historique","status":"publish","type":"page","link":"https:\/\/esomus.com\/index.php\/historique\/","title":{"rendered":"Historique"},"content":{"rendered":"\n<h1 class=\"has-text-align-center ticss-a1f43c0a wp-block-heading\"><strong>Historique d&#8217;ESOMUS &#8230;<\/strong><\/h1>\n\n\n<div id=\"metaslider-id-3325\" style=\"width: 100%;\" class=\"ml-slider-3-107-0 metaslider metaslider-flex metaslider-3325 ml-slider has-dots-nav has-carousel-mode ms-theme-default\" role=\"region\" aria-label=\"historique\" data-height=\"300\" data-width=\"700\">\n    <div id=\"metaslider_container_3325\">\n        <div id=\"metaslider_3325\">\n            <ul class='slides'>\n                <li style=\"display: none; width: 100%;\" class=\"slide-3347 ms-image \" aria-roledescription=\"slide\" data-date=\"2019-09-23 17:29:06\" data-filename=\"baby-1681181_1280-700x300.jpg\" data-slide-type=\"image\"><img data-recalc-dims=\"1\" loading=\"lazy\" decoding=\"async\" src=\"https:\/\/i0.wp.com\/esomus.com\/wp-content\/uploads\/2019\/09\/baby-1681181_1280.jpg?resize=700%2C300&#038;ssl=1\" height=\"300\" width=\"700\" alt=\"Naissance 1965\" class=\"slider-3325 slide-3347 msDefaultImage\" title=\"Naissance 1965\" \/><div class=\"caption-wrap\"><div class=\"caption\">Naissance 1965<\/div><\/div><\/li>\n                <li style=\"display: none; width: 100%;\" class=\"slide-3348 ms-image \" aria-roledescription=\"slide\" data-date=\"2019-09-23 17:29:06\" data-filename=\"pencil-918449_1280-700x300.jpg\" data-slide-type=\"image\"><img data-recalc-dims=\"1\" loading=\"lazy\" decoding=\"async\" src=\"https:\/\/i0.wp.com\/esomus.com\/wp-content\/uploads\/2019\/09\/pencil-918449_1280.jpg?resize=700%2C300&#038;ssl=1\" height=\"300\" width=\"700\" alt=\"Sur les bancs de l&#039;\u00e9cole\" class=\"slider-3325 slide-3348 msDefaultImage\" title=\"Sur les bancs de l&#039;\u00e9cole\" \/><div class=\"caption-wrap\"><div class=\"caption\">Sur les bancs de l'\u00e9cole<\/div><\/div><\/li>\n                <li style=\"display: none; width: 100%;\" class=\"slide-3341 ms-image \" aria-roledescription=\"slide\" data-date=\"2019-09-23 17:27:25\" data-filename=\"carpenter-4015109_1280-700x300.jpg\" data-slide-type=\"image\"><img data-recalc-dims=\"1\" loading=\"lazy\" decoding=\"async\" src=\"https:\/\/i0.wp.com\/esomus.com\/wp-content\/uploads\/2019\/09\/carpenter-4015109_1280.jpg?resize=700%2C300&#038;ssl=1\" height=\"300\" width=\"700\" alt=\"Pour devenir \u00e9b\u00e9niste\" class=\"slider-3325 slide-3341 msDefaultImage\" title=\"Pour devenir \u00e9b\u00e9niste\" \/><div class=\"caption-wrap\"><div class=\"caption\">Pour devenir \u00e9b\u00e9niste<\/div><\/div><\/li>\n                <li style=\"display: none; width: 100%;\" class=\"slide-3340 ms-image \" aria-roledescription=\"slide\" data-date=\"2019-09-23 17:27:25\" data-filename=\"technology-785742_1280-700x300.jpg\" data-slide-type=\"image\"><img data-recalc-dims=\"1\" loading=\"lazy\" decoding=\"async\" src=\"https:\/\/i0.wp.com\/esomus.com\/wp-content\/uploads\/2019\/09\/technology-785742_1280.jpg?resize=700%2C300&#038;ssl=1\" height=\"300\" width=\"700\" alt=\"Hobby, l&#039;informatique et la programmation \" class=\"slider-3325 slide-3340 msDefaultImage\" title=\"Hobby, l&#039;informatique et la programmation \" \/><div class=\"caption-wrap\"><div class=\"caption\">Mon hobby, l'informatique et la programmation <\/div><\/div><\/li>\n                <li style=\"display: none; width: 100%;\" class=\"slide-3339 ms-image \" aria-roledescription=\"slide\" data-date=\"2019-09-23 17:27:25\" data-filename=\"hand-357889_1280-700x300.jpg\" data-slide-type=\"image\"><img data-recalc-dims=\"1\" loading=\"lazy\" decoding=\"async\" src=\"https:\/\/i0.wp.com\/esomus.com\/wp-content\/uploads\/2019\/09\/hand-357889_1280.jpg?resize=700%2C300&#038;ssl=1\" height=\"300\" width=\"700\" alt=\"2 accidents graves au travail\" class=\"slider-3325 slide-3339 msDefaultImage\" title=\"2 accidents graves au travail\" \/><div class=\"caption-wrap\"><div class=\"caption\">2 accidents graves au travail<\/div><\/div><\/li>\n                <li style=\"display: none; width: 100%;\" class=\"slide-3338 ms-image \" aria-roledescription=\"slide\" data-date=\"2019-09-23 17:27:25\" data-filename=\"architecture-1643558_1280-700x300.jpg\" data-slide-type=\"image\"><img data-recalc-dims=\"1\" loading=\"lazy\" decoding=\"async\" src=\"https:\/\/i0.wp.com\/esomus.com\/wp-content\/uploads\/2019\/09\/architecture-1643558_1280.jpg?resize=700%2C300&#038;ssl=1\" height=\"300\" width=\"700\" alt=\"Gestionnaire SMI aux hauts-fourneaux \" class=\"slider-3325 slide-3338 msDefaultImage\" title=\"Gestionnaire SMI aux hauts-fourneaux \" \/><div class=\"caption-wrap\"><div class=\"caption\">Gestionnaire SMI aux hauts-fourneaux <\/div><\/div><\/li>\n                <li style=\"display: none; width: 100%;\" class=\"slide-3350 ms-image \" aria-roledescription=\"slide\" data-date=\"2019-09-23 17:31:47\" data-filename=\"factory-building-3337207_1280-700x300.jpg\" data-slide-type=\"image\"><img data-recalc-dims=\"1\" loading=\"lazy\" decoding=\"async\" src=\"https:\/\/i0.wp.com\/esomus.com\/wp-content\/uploads\/2019\/09\/factory-building-3337207_1280.jpg?resize=700%2C300&#038;ssl=1\" height=\"300\" width=\"700\" alt=\"Fermeture des hauts-fourneaux de Li\u00e8ge\" class=\"slider-3325 slide-3350 msDefaultImage\" title=\"Fermeture des hauts-fourneaux de Li\u00e8ge\" \/><div class=\"caption-wrap\"><div class=\"caption\">Fermeture des hauts-fourneaux de Li\u00e8ge<\/div><\/div><\/li>\n                <li style=\"display: none; width: 100%;\" class=\"slide-3329 ms-image \" aria-roledescription=\"slide\" data-date=\"2019-09-23 17:24:24\" data-filename=\"sadness-513527_1280-700x300.jpg\" data-slide-type=\"image\"><img data-recalc-dims=\"1\" loading=\"lazy\" decoding=\"async\" src=\"https:\/\/i0.wp.com\/esomus.com\/wp-content\/uploads\/2019\/09\/sadness-513527_1280.jpg?resize=700%2C300&#038;ssl=1\" height=\"300\" width=\"700\" alt=\"R\u00e9flexion...\" class=\"slider-3325 slide-3329 msDefaultImage\" title=\"R\u00e9flexion...\" \/><div class=\"caption-wrap\"><div class=\"caption\">R\u00e9flexion ...<\/div><\/div><\/li>\n                <li style=\"display: none; width: 100%;\" class=\"slide-3352 ms-image \" aria-roledescription=\"slide\" data-date=\"2019-09-23 17:32:58\" data-filename=\"lens-1209823_1280-700x300.jpg\" data-slide-type=\"image\"><img data-recalc-dims=\"1\" loading=\"lazy\" decoding=\"async\" src=\"https:\/\/i0.wp.com\/esomus.com\/wp-content\/uploads\/2019\/09\/lens-1209823_1280.jpg?resize=700%2C300&#038;ssl=1\" height=\"300\" width=\"700\" alt=\"Un objectif, r\u00e9ussir mon projet ESOMUS et mon entreprise \" class=\"slider-3325 slide-3352 msDefaultImage\" title=\"Un objectif, r\u00e9ussir mon projet ESOMUS et mon entreprise \" \/><div class=\"caption-wrap\"><div class=\"caption\">Un objectif, r\u00e9ussir mon projet ESOMUS<\/div><\/div><\/li>\n                <li style=\"display: none; width: 100%;\" class=\"slide-3336 ms-image \" aria-roledescription=\"slide\" data-date=\"2019-09-23 17:27:24\" data-filename=\"class-1227090_1280-700x300.jpg\" data-slide-type=\"image\"><img data-recalc-dims=\"1\" loading=\"lazy\" decoding=\"async\" src=\"https:\/\/i0.wp.com\/esomus.com\/wp-content\/uploads\/2019\/09\/class-1227090_1280.jpg?resize=700%2C300&#038;ssl=1\" height=\"300\" width=\"700\" alt=\"Formations, retour sur les bancs de l&#039;\u00e9cole\" class=\"slider-3325 slide-3336 msDefaultImage\" title=\"Formations, retour sur les bancs de l&#039;\u00e9cole\" \/><div class=\"caption-wrap\"><div class=\"caption\">Formations, retour sur les bancs de l'\u00e9cole<\/div><\/div><\/li>\n                <li style=\"display: none; width: 100%;\" class=\"slide-3343 ms-image \" aria-roledescription=\"slide\" data-date=\"2019-09-23 17:27:40\" data-filename=\"library-488690_1280-700x300.jpg\" data-slide-type=\"image\"><img data-recalc-dims=\"1\" loading=\"lazy\" decoding=\"async\" src=\"https:\/\/i0.wp.com\/esomus.com\/wp-content\/uploads\/2019\/09\/library-488690_1280.jpg?resize=700%2C300&#038;ssl=1\" height=\"300\" width=\"700\" alt=\"\u00c9tudier, analyser et mettre en place la structure ESOMUS\" class=\"slider-3325 slide-3343 msDefaultImage\" title=\"\u00c9tudier, analyser et mettre en place la structure ESOMUS\" \/><div class=\"caption-wrap\"><div class=\"caption\">Analyser et mettre en place la structure ESOMUS<\/div><\/div><\/li>\n                <li style=\"display: none; width: 100%;\" class=\"slide-3358 ms-image \" aria-roledescription=\"slide\" data-date=\"2019-09-23 17:45:12\" data-filename=\"student-849825_1280-700x300.jpg\" data-slide-type=\"image\"><img data-recalc-dims=\"1\" loading=\"lazy\" decoding=\"async\" src=\"https:\/\/i0.wp.com\/esomus.com\/wp-content\/uploads\/2019\/09\/student-849825_1280.jpg?resize=700%2C300&#038;ssl=1\" height=\"300\" width=\"700\" alt=\"Beaucoup de travail \" class=\"slider-3325 slide-3358 msDefaultImage\" title=\"Beaucoup de travail \" \/><div class=\"caption-wrap\"><div class=\"caption\">Beaucoup de travail <\/div><\/div><\/li>\n                <li style=\"display: none; width: 100%;\" class=\"slide-3357 ms-image \" aria-roledescription=\"slide\" data-date=\"2019-09-23 17:45:12\" data-filename=\"people-3152585_1280-700x300.jpg\" data-slide-type=\"image\"><img data-recalc-dims=\"1\" loading=\"lazy\" decoding=\"async\" src=\"https:\/\/i0.wp.com\/esomus.com\/wp-content\/uploads\/2019\/09\/people-3152585_1280.jpg?resize=700%2C300&#038;ssl=1\" height=\"300\" width=\"700\" alt=\"Rencontrer de belles personnes pour m&#039;accompagner dans ce projet\" class=\"slider-3325 slide-3357 msDefaultImage\" title=\"Rencontrer de belles personnes pour m&#039;accompagner dans ce projet\" \/><div class=\"caption-wrap\"><div class=\"caption\">Rencontrer de belles personnes pour m'accompagner dans ce projet<\/div><\/div><\/li>\n                <li style=\"display: none; width: 100%;\" class=\"slide-3353 ms-image \" aria-roledescription=\"slide\" data-date=\"2019-09-23 17:35:35\" data-filename=\"business-925900a1-e1567414431405-700x300.jpg\" data-slide-type=\"image\"><img data-recalc-dims=\"1\" loading=\"lazy\" decoding=\"async\" src=\"https:\/\/i0.wp.com\/esomus.com\/wp-content\/uploads\/2019\/08\/business-925900a1-e1567414431405-700x300.jpg?resize=700%2C300&#038;ssl=1\" height=\"300\" width=\"700\" alt=\"\" class=\"slider-3325 slide-3353 msDefaultImage\" title=\"business-925900a1\" \/><div class=\"caption-wrap\"><div class=\"caption\">Lancement d'ESOMUS<\/div><\/div><\/li>\n                <li style=\"display: none; width: 100%;\" class=\"slide-3354 ms-image \" aria-roledescription=\"slide\" data-date=\"2019-09-23 17:35:35\" data-filename=\"business-3167295_12801-700x300.jpg\" data-slide-type=\"image\"><img data-recalc-dims=\"1\" loading=\"lazy\" decoding=\"async\" src=\"https:\/\/i0.wp.com\/esomus.com\/wp-content\/uploads\/2019\/09\/business-3167295_12801.jpg?resize=700%2C300&#038;ssl=1\" height=\"300\" width=\"700\" alt=\"Rencontrer les entreprises et proposer ESOMUS\" class=\"slider-3325 slide-3354 msDefaultImage\" title=\"Rencontrer les entreprises et proposer ESOMUS\" \/><div class=\"caption-wrap\"><div class=\"caption\">Proposer ESOMUS aux entreprises<\/div><\/div><\/li>\n                <li style=\"display: none; width: 100%;\" class=\"slide-3360 ms-image \" aria-roledescription=\"slide\" data-date=\"2019-09-23 17:55:44\" data-filename=\"businessman-3492380_1280-700x300.jpg\" data-slide-type=\"image\"><img data-recalc-dims=\"1\" loading=\"lazy\" decoding=\"async\" src=\"https:\/\/i0.wp.com\/esomus.com\/wp-content\/uploads\/2019\/09\/businessman-3492380_1280.jpg?resize=700%2C300&#038;ssl=1\" height=\"300\" width=\"700\" alt=\"Fournir l&#039;exp\u00e9rience et l&#039;expertise de terrain aux entreprises\" class=\"slider-3325 slide-3360 msDefaultImage\" title=\"Fournir l&#039;exp\u00e9rience et l&#039;expertise de terrain aux entreprises\" \/><div class=\"caption-wrap\"><div class=\"caption\">Fournir l'exp\u00e9rience et l'expertise de terrain aux entreprises<\/div><\/div><\/li>\n                <li style=\"display: none; width: 100%;\" class=\"slide-3361 ms-image \" aria-roledescription=\"slide\" data-date=\"2019-09-23 17:56:49\" data-filename=\"card-blanks-in-a-hand2-1-700x300.jpg\" data-slide-type=\"image\"><img data-recalc-dims=\"1\" loading=\"lazy\" decoding=\"async\" src=\"https:\/\/i0.wp.com\/esomus.com\/wp-content\/uploads\/2019\/07\/card-blanks-in-a-hand2-1.jpg?resize=700%2C300&#038;ssl=1\" height=\"300\" width=\"700\" alt=\"N&#039;h\u00e9siter pas \u00e0 nous contact\u00e9\" class=\"slider-3325 slide-3361 msDefaultImage\" title=\"N&#039;h\u00e9siter pas \u00e0 nous contact\u00e9\" \/><div class=\"caption-wrap\"><div class=\"caption\">N'h\u00e9sitez pas \u00e0 nous contacter<\/div><\/div><\/li>\n            <\/ul>\n        <\/div>\n        \n    <\/div>\n<\/div>\n\n\n\n<p class=\"has-text-color has-medium-font-size\" style=\"color:#6b6b6b\"><br><a href=\"https:\/\/www.linkedin.com\/in\/marc-crauwels-ba0b98ab\/\" target=\"_blank\" rel=\"noreferrer noopener\" aria-label=\" (s\u2019ouvre dans un nouvel onglet)\">Marc CRAUWELS<\/a>, CEO est le <strong>fondateur d\u2019ESOMUS<\/strong>.  Avec ses quinze ann\u00e9es d\u2019exp\u00e9riences comme responsable de la gestion du  syst\u00e8me de management, il a \u00e9galement  collabor\u00e9 \u00e9troitement avec le service interne de pr\u00e9vention et de <strong>protection du travail<\/strong> (SIPP).<\/p>\n\n\n\n<p class=\"has-text-color has-medium-font-size\" style=\"color:#6a6a6a\">Son hobby pour l\u2019informatique est devenu une <strong>fonction primordiale<\/strong>\n pour son employeur. Devenu responsable de projets informatiques, il a \nmis alors en place des outils de gestion : l\u2019\u00e9bauche du passeport \ns\u00e9curit\u00e9, gestion des accidents du travail, ouverture de chantier \nautomatis\u00e9e, contr\u00f4les de s\u00e9curit\u00e9 obligatoires, gestion des audits \ninternes suivant les normes et suivi complet des laboratoires, \u2026<\/p>\n\n\n\n<p class=\"has-text-color has-medium-font-size\" style=\"color:#6a6a6a\">L\u2019id\u00e9e du projet ESOMUS a germ\u00e9 suite \u00e0 deux accidents de travail graves. Dans son esprit, <strong>l\u2019am\u00e9lioration de la pr\u00e9vention et la s\u00e9curit\u00e9<\/strong> est devenue une priorit\u00e9.<\/p>\n\n\n\n<p class=\"has-text-color has-medium-font-size\" style=\"color:#6b6b6b\">Apr\u00e8s la fermeture des Hauts Fourneaux de Li\u00e8ge, Monsieur CRAUWELS est pass\u00e9 par la cellule de  reconversion. Cela a \u00e9t\u00e9 <strong>une opportunit\u00e9<\/strong> pour d\u00e9velopper de mani\u00e8re plus professionnelle son outil de <strong>gestion des risques<\/strong> ESOMUS.\u00a0<\/p>\n\n\n\n<p class=\"ticss-07be984a has-text-color has-medium-font-size\" style=\"color:#6b6b6b\">Homme de terrain avec une vision pragmatique, il a ainsi mis au point <strong>un outil n\u00e9cessaire<\/strong>, voire indispensable que \u00ab&nbsp;les entreprises attendaient depuis toujours&nbsp;\u00bb.<\/p>\n\n\n\n<p class=\"has-text-color has-medium-font-size\" style=\"color:#6b6b6b\">ESOMUS est le r\u00e9sultat de pr\u00e8s de quatre ans de r\u00e9flexion, d\u2019analyses et de d\u00e9veloppements de prototypes visant \u00e0 <strong>am\u00e9liorer la gestion dynamique des risques et la pr\u00e9vention<\/strong>.<\/p>\n\n\n\n<p class=\"has-text-color has-medium-font-size\" style=\"color:#6b6b6b\">Monsieur CRAUWELS innove sans cesse l&#8217;outil ESOMUS pour satisfaire l&#8217;ensemble des utilisateurs et pour ce faire, il passe au <strong>salon des innovations<\/strong>, avec le soutien d\u2019INNOVATECH, et permet de pr\u00e9senter les nouveaut\u00e9s de l\u2019outil ESOMUS au public.<\/p>\n\n\n\n<p class=\"has-text-color has-medium-font-size\" style=\"color:#6a6a6a\">Malgr\u00e9 les encombres dans sa vie professionnelle, Marc CRAUWELS a  tenu bon. Et a raison puisque ESOMUS, sa plateforme informatique  destin\u00e9e aux conseillers en pr\u00e9vention et aux employeurs est lanc\u00e9e et <strong>re\u00e7oit un vif int\u00e9r\u00eat des entreprises !<\/strong><\/p>\n\n\n\n<p class=\"has-text-color has-medium-font-size\" style=\"color:#6a6a6a\">Le si\u00e8ge d&#8217;exploitation d&#8217;ESOMUS est implant\u00e9 en <strong>r\u00e9gion Li\u00e9geoise<\/strong>, \u00e0 proximit\u00e9 des entreprises, de parcs d\u2019affaires \u00e9conomiques et facilement accessible.<\/p>\n\n\n\n<p class=\"has-text-color has-medium-font-size\" style=\"color:#000000\"><strong>D\u2019o\u00f9 vient le nom et le logo ESOMUS&nbsp; : <\/strong><\/p>\n\n\n\n<p class=\"has-text-color has-medium-font-size\" style=\"color:#6b6b6b\">C\u2019est l\u2019aboutissement d\u2019une longue r\u00e9flexion et refl\u00e8te parfaitement la personnalit\u00e9 du concept. Un <strong>logo dynamique<\/strong> qui v\u00e9hicule une image facilement identifiable par nos clients et nos partenaires.<\/p>\n\n\n\n<div class=\"wp-block-image\"><figure class=\"aligncenter is-resized\"><img data-recalc-dims=\"1\" loading=\"lazy\" decoding=\"async\" src=\"https:\/\/i0.wp.com\/esomus.com\/wp-content\/uploads\/2019\/10\/esomus-couleur-1.png?resize=825%2C237\" alt=\"\" class=\"wp-image-4315\" width=\"825\" height=\"237\" srcset=\"https:\/\/i0.wp.com\/esomus.com\/wp-content\/uploads\/2019\/10\/esomus-couleur-1.png?w=640&amp;ssl=1 640w, https:\/\/i0.wp.com\/esomus.com\/wp-content\/uploads\/2019\/10\/esomus-couleur-1.png?resize=300%2C86&amp;ssl=1 300w\" sizes=\"auto, (max-width: 825px) 100vw, 825px\" \/><\/figure><\/div>\n\n\n\n<p class=\"has-text-align-center has-text-color\" style=\"color:#2f65b0\"><strong>E<\/strong>somus, c\u2019est la <strong>S<\/strong>olution <strong>O<\/strong>bjective du <strong>M<\/strong>anagement pour l\u2019<strong>U<\/strong>niformisation de la <strong>S<\/strong>\u00e9curit\u00e9<\/p>\n","protected":false},"excerpt":{"rendered":"<p>Historique d&#8217;ESOMUS &#8230; Marc CRAUWELS, CEO est le fondateur d\u2019ESOMUS. Avec ses quinze ann\u00e9es d\u2019exp\u00e9riences comme responsable de la gestion du syst\u00e8me de management, il a \u00e9galement collabor\u00e9 \u00e9troitement avec le service interne de pr\u00e9vention et de protection du travail (SIPP). Son hobby pour l\u2019informatique est devenu une fonction primordiale pour son employeur. Devenu responsable&hellip; <br \/> <a class=\"read-more\" href=\"https:\/\/esomus.com\/index.php\/historique\/\">Lire la suite<\/a><\/p>\n","protected":false},"author":1,"featured_media":0,"parent":0,"menu_order":0,"comment_status":"closed","ping_status":"closed","template":"page-templates\/homepage.php","meta":{"_seopress_robots_primary_cat":"","_seopress_titles_title":"","_seopress_titles_desc":"","_seopress_robots_index":"","_themeisle_gutenberg_block_has_review":false,"footnotes":""},"class_list":["post-506","page","type-page","status-publish","hentry"],"jetpack_sharing_enabled":true,"_links":{"self":[{"href":"https:\/\/esomus.com\/index.php\/wp-json\/wp\/v2\/pages\/506","targetHints":{"allow":["GET"]}}],"collection":[{"href":"https:\/\/esomus.com\/index.php\/wp-json\/wp\/v2\/pages"}],"about":[{"href":"https:\/\/esomus.com\/index.php\/wp-json\/wp\/v2\/types\/page"}],"author":[{"embeddable":true,"href":"https:\/\/esomus.com\/index.php\/wp-json\/wp\/v2\/users\/1"}],"replies":[{"embeddable":true,"href":"https:\/\/esomus.com\/index.php\/wp-json\/wp\/v2\/comments?post=506"}],"version-history":[{"count":21,"href":"https:\/\/esomus.com\/index.php\/wp-json\/wp\/v2\/pages\/506\/revisions"}],"predecessor-version":[{"id":4812,"href":"https:\/\/esomus.com\/index.php\/wp-json\/wp\/v2\/pages\/506\/revisions\/4812"}],"wp:attachment":[{"href":"https:\/\/esomus.com\/index.php\/wp-json\/wp\/v2\/media?parent=506"}],"curies":[{"name":"wp","href":"https:\/\/api.w.org\/{rel}","templated":true}]}}