{"id":4834,"date":"2020-11-15T13:30:00","date_gmt":"2020-11-15T12:30:00","guid":{"rendered":"http:\/\/esomus.com\/?page_id=4834"},"modified":"2020-11-10T13:04:53","modified_gmt":"2020-11-10T12:04:53","slug":"notre-nouveau-partenaire","status":"publish","type":"page","link":"https:\/\/esomus.com\/index.php\/notre-nouveau-partenaire\/","title":{"rendered":"Notre nouveau Partenaire"},"content":{"rendered":"\n<h2 class=\"wp-block-heading\"><strong>Esomus <\/strong><br><strong>deviens le partenaire officiel de SafetyPlus<\/strong><\/h2>\n\n\n\n<p>     <br><br><\/p>\n\n\n\n<figure class=\"wp-block-gallery columns-3 is-cropped wp-block-gallery-1 is-layout-flex wp-block-gallery-is-layout-flex\"><ul class=\"blocks-gallery-grid\"><li class=\"blocks-gallery-item\"><figure><img data-recalc-dims=\"1\" loading=\"lazy\" decoding=\"async\" width=\"535\" height=\"401\" src=\"https:\/\/i0.wp.com\/esomus.com\/wp-content\/uploads\/2020\/11\/logo-carre-1-1.png?resize=535%2C401\" alt=\"\" data-id=\"4858\" data-full-url=\"http:\/\/esomus.com\/wp-content\/uploads\/2020\/11\/logo-carre-1-1.png\" data-link=\"http:\/\/esomus.com\/?attachment_id=4858\" class=\"wp-image-4858\" srcset=\"https:\/\/i0.wp.com\/esomus.com\/wp-content\/uploads\/2020\/11\/logo-carre-1-1.png?w=535&amp;ssl=1 535w, https:\/\/i0.wp.com\/esomus.com\/wp-content\/uploads\/2020\/11\/logo-carre-1-1.png?resize=300%2C225&amp;ssl=1 300w\" sizes=\"auto, (max-width: 535px) 100vw, 535px\" \/><\/figure><\/li><li class=\"blocks-gallery-item\"><figure><img data-recalc-dims=\"1\" loading=\"lazy\" decoding=\"async\" width=\"1024\" height=\"682\" src=\"https:\/\/i0.wp.com\/esomus.com\/wp-content\/uploads\/2019\/09\/business-3167295_12801-1024x682.jpg?resize=1024%2C682\" alt=\"\" data-id=\"3364\" data-full-url=\"http:\/\/esomus.com\/wp-content\/uploads\/2019\/09\/business-3167295_12801.jpg\" data-link=\"http:\/\/esomus.com\/business-3167295_12801\/\" class=\"wp-image-3364\" srcset=\"https:\/\/i0.wp.com\/esomus.com\/wp-content\/uploads\/2019\/09\/business-3167295_12801.jpg?resize=1024%2C682&amp;ssl=1 1024w, https:\/\/i0.wp.com\/esomus.com\/wp-content\/uploads\/2019\/09\/business-3167295_12801.jpg?resize=300%2C200&amp;ssl=1 300w, https:\/\/i0.wp.com\/esomus.com\/wp-content\/uploads\/2019\/09\/business-3167295_12801.jpg?resize=768%2C512&amp;ssl=1 768w, https:\/\/i0.wp.com\/esomus.com\/wp-content\/uploads\/2019\/09\/business-3167295_12801.jpg?w=1280&amp;ssl=1 1280w\" sizes=\"auto, (max-width: 1024px) 100vw, 1024px\" \/><\/figure><\/li><li class=\"blocks-gallery-item\"><figure><img data-recalc-dims=\"1\" loading=\"lazy\" decoding=\"async\" width=\"292\" height=\"255\" src=\"https:\/\/i0.wp.com\/esomus.com\/wp-content\/uploads\/2020\/11\/new-logo-saefety-plus-couleur-2-6-10-2020-1.png?resize=292%2C255\" alt=\"\" data-id=\"4853\" data-full-url=\"http:\/\/esomus.com\/wp-content\/uploads\/2020\/11\/new-logo-saefety-plus-couleur-2-6-10-2020-1.png\" data-link=\"http:\/\/esomus.com\/?attachment_id=4853\" class=\"wp-image-4853\"\/><\/figure><\/li><\/ul><\/figure>\n\n\n\n<p class=\"has-white-color has-text-color\">ESOMUS<\/p>\n\n\n\n<div class=\"wp-block-image\"><figure class=\"aligncenter size-large\"><a href=\"http:\/\/www.safetyplus.be\" target=\"_blank\" rel=\"noopener noreferrer\"><img data-recalc-dims=\"1\" loading=\"lazy\" decoding=\"async\" width=\"292\" height=\"255\" src=\"https:\/\/i0.wp.com\/esomus.com\/wp-content\/uploads\/2020\/11\/new-logo-saefety-plus-couleur-2-6-10-2020.png?resize=292%2C255\" alt=\"\" class=\"wp-image-4835\"\/><\/a><\/figure><\/div>\n\n\n\n<p class=\"has-text-align-center\" style=\"font-size:26px\">Ainsi, SafetyPlus relance les sites d&#8217;informations<br><strong><br><em>de la Pr\u00e9vention et de la Coordination<\/em><\/strong><\/p>\n\n\n\n\n\n\n<style id=\"ea_dynamic_css3745\">#sp-ea-3745 .spcollapsing{height: 0; overflow: hidden; transition-property: height; transition-duration: 10ms;}#sp-ea-3745.sp-easy-accordion>.sp-ea-single.eap_inactive>.ea-header a {background-color: #bb0000 !important; color: #fff !important;}#sp-ea-3745.sp-easy-accordion>.sp-ea-single{ margin-bottom: 10px; border: 1px none #2f65b0; border-radius: 0;}#sp-ea-3745.sp-easy-accordion>.sp-ea-single.ea-expand{ border-color: #2f65b0;}#sp-ea-3745.sp-easy-accordion>.sp-ea-single:hover{ border-color: #2f65b0;}#sp-ea-3745.sp-easy-accordion>.sp-ea-single>.ea-header a {background: #ffffff;}#sp-ea-3745.sp-easy-accordion>.sp-ea-single.ea-expand>.ea-header a {background: #ffffff;}#sp-ea-3745.sp-easy-accordion>.sp-ea-single>.ea-header:hover a {background: #ffffff;}#sp-ea-3745.sp-easy-accordion>.sp-ea-single>.ea-header a .eap-title-icon { color: #dd3333;font-size: 20px;} #sp-ea-3745.sp-easy-accordion>.sp-ea-single>.ea-header a .eap-title-custom-icon {max-width: 20px;}#sp-ea-3745.sp-easy-accordion>.sp-ea-single>.ea-header:hover a .eap-title-icon {color: #dd3333;}#sp-ea-3745.sp-easy-accordion>.sp-ea-single.ea-expand>.ea-header a .eap-title-icon {color: #dd3333;}#sp-ea-3745.sp-easy-accordion>.sp-ea-single>.ea-header a {padding: 15px 15px 15px 15px; color: #444; font-size: 20px; line-height: 30px; text-align: left; letter-spacing: 0px; text-transform: none;}#sp-ea-3745.sp-easy-accordion>.sp-ea-single>.ea-header:hover a {color: #444;}#sp-ea-3745.sp-easy-accordion>.sp-ea-single.ea-expand>.ea-header a {color: #444;}#sp-ea-3745.sp-easy-accordion>.sp-ea-single>.sp-collapse>.ea-body p,#sp-ea-3745.sp-easy-accordion>.sp-ea-single>.sp-collapse>.ea-body{background: #fff; padding: 15px 15px 15px 15px; border-radius: 0 0 0 0; color: #444; font-size: 16px; text-align: left; letter-spacing: 0px; line-height: 26px; animation-delay: 200ms; text-transform: none;}#sp-ea-3745.sp-easy-accordion>.sp-ea-single>.ea-header a .ea-expand-icon.fa:before {color: #ffffff; font-size: 16px; font-style: normal;}#sp-ea-3745.sp-easy-accordion>.sp-ea-single>.ea-header:hover a .ea-expand-icon.fa:before {color: #ffffff;}#sp-ea-3745.sp-easy-accordion>.sp-ea-single.ea-expand>.ea-header a .ea-expand-icon.fa:before {color: #ffffff;}#sp-ea-3745.sp-easy-accordion>.sp-ea-single>.ea-header a {border-radius: 0;}#sp-ea-3745.sp-easy-accordion>.sp-ea-single>.ea-header a .sp-numbering .ea-expand-icon {background: none;}#sp-ea-3745.sp-easy-accordion>.sp-ea-single>.ea-header a .sp-numbering {background: #2f65b0; color: #ffffff; line-height: 56px;}#sp-ea-3745.sp-easy-accordion>.sp-ea-single>.ea-header:hover a .sp-numbering {background: #2f65b0; color: #ffffff;}#sp-ea-3745.sp-easy-accordion>.sp-ea-single.ea-expand>.ea-header a .sp-numbering {background: #2f65b0; color: #ffffff;}#sp-ea-3745.sp-easy-accordion>.sp-ea-single{background: none; overflow: visible;}#sp-ea-3745.sp-easy-accordion>.sp-ea-single>.ea-header a .sp-numbering {line-height: 60px; color: #ffffff; background: #2f65b0; top: 0;}#sp-ea-3745.sp-easy-accordion>.sp-ea-single>.ea-header:hover a .sp-numbering {color: #ffffff; background: #2f65b0;}#sp-ea-3745.sp-easy-accordion>.sp-ea-single.ea-expand>.ea-header a .sp-numbering {color: #ffffff; background: #2f65b0;}#sp-ea-3745 #eap_faq_search_bar_container {display:none; opacity:0;}#sp-ea-3745 #eap_faq_search_bar_container span::before{content:\"\";}#sp-ea-3745.sp-easy-accordion>.sp-ea-single>.sp-collapse>.ea-body p{ padding:0px}#sp-ea-3745>.sp-ea-single>.sp-collapse>.ea-body .eap-product-price {color: #444;}#sp-ea-3745.sp-easy-accordion>.sp-ea-single>.sp-collapse>.ea-body .eap-product-price del{color: rgba(68,68,68,0.71);}#sp-ea-3745.sp-easy-accordion>.sp-ea-single>.sp-collapse>.ea-body .eap-product-cart-button .woocommerce a { border: 1px solid #DAD6DA;border-radius: 2px;background-color: transparent;color: #444;}#sp-ea-3745.sp-easy-accordion>.sp-ea-single>.sp-collapse>.ea-body .eap-product-cart-button .woocommerce a:hover { border-color: #444;background-color: #444;color: #fff;}#sp-ea-3745.sp-easy-accordion>.sp-ea-single>>.sp-collapse>.ea-body .eap-product-cart-button .eap-product-quantity .eap_input_text {border: 1px solid #DAD6DA;}#sp-ea-3745.sp-easy-accordion>.sp-ea-single>.sp-collapse>.ea-body .eap-product-cart-button a.add_to_cart_button{position: relative;}<\/style><div id=\"sp-eap-accordion-section-3745\" class=\"sp-eap-container\"><div id=\"sp-ea-3745\" class=\"sp-ea-fourteen sp-ea-thirteen sp-easy-accordion \" data-ex-icon=\"fa-chevron-right\" data-col-icon=\"fa-chevron-down\" data-ea-active=\"ea-hover\" data-ea-mode=\"vertical\" data-ea-multi-column=\"\" data-ea-coll=\"\" data-keep-accordion=\"\" data-autoclose=\"\" data-preloader=\"\" data-scroll-active-item=\"\" data-offset-to-scroll=\"0\" data-autoplaytime=\"3000\" data-expand=\"\" data-post-id=\"3745\" >\t<div class=\"ea-card  sp-ea-single\"  data-accordion-id= \"0\">\n\n\t\t<h2 class=\"ea-header\">\n\t\t\t<a class=\"collapsed\" data-sptoggle=\"spcollapse\" rel=\"nofollow\" data-sptarget=\"#collapse37450\" href=\"#\" data-title=\"efaq-comment-faire-pour-devenir-sponsor-de-safetyplus\" aria-expanded=\"false\">\n\t\t\t\t<span class=\"sp-numbering\"> <i class=\"ea-expand-icon fa fa-chevron-down\"><\/i> <\/span> <span class=\"fa fa-eur eap-title-icon\"><\/span> Comment faire pour devenir SPONSOR de SafetyPlus ?\t\t\t<\/a>\n\t\t<\/h2>\n\n\t\t<div class=\"sp-collapse spcollapse spcollapse\" id=\"collapse37450\" data-parent=\"#sp-ea-3745\">\n\t\t<div class=\"ea-body\"> \n<div class=\"ea-content-wrapper animated fadeIn\"> \n\t<p><span style=\"color: #0000ff;\"><span style=\"color: #333333;\">Vous aller sur le site de SafetyPlus dans la rubrique Sponsor, lien : <a href=\"http:\/\/www.safetyplus.be\/#sponsors\" target=\"_blank\" rel=\"noopener\">DEVENIR SPONSOR<\/a><\/span><\/span><\/p>\n<p>Toutes les informations utiles sur le site\u00a0 :\u00a0 <a href=\"http:\/\/www.safetyplus.be\">SafetyPlus<\/a><\/p>\n<\/div>\n<\/div>\n\t\t\t<\/div>\n\t<\/div>\n\t\t<div class=\"ea-card  sp-ea-single\"  data-accordion-id= \"1\">\n\n\t\t<h2 class=\"ea-header\">\n\t\t\t<a class=\"collapsed\" data-sptoggle=\"spcollapse\" rel=\"nofollow\" data-sptarget=\"#collapse37451\" href=\"#\" data-title=\"efaq-comment-faire-pour-devenir-annonceur-chez-safetyplus\" aria-expanded=\"false\">\n\t\t\t\t<span class=\"sp-numbering\"> <i class=\"ea-expand-icon fa fa-chevron-down\"><\/i> <\/span> <span class=\"fa fa-comments eap-title-icon\"><\/span> Comment faire pour devenir ANNONCEUR chez SafetyPlus ?\t\t\t<\/a>\n\t\t<\/h2>\n\n\t\t<div class=\"sp-collapse spcollapse spcollapse\" id=\"collapse37451\" data-parent=\"#sp-ea-3745\">\n\t\t<div class=\"ea-body\"> \n<div class=\"ea-content-wrapper animated fadeIn\"> \n\t<p>Vous aller sur le site de SafetyPlus dans la rubrique Annonceurs , lien : <a href=\"http:\/\/www.safetyplus.be\/#valoriser-votre-entreprise\" target=\"_blank\" rel=\"noopener\">DEVENIR ANNONCEUR<\/a><\/p>\n<p>Toutes les informations utiles sur le site\u00a0 :\u00a0 <a href=\"http:\/\/www.safetyplus.be\">SafetyPlus<\/a><\/p>\n<\/div>\n<\/div>\n\t\t\t<\/div>\n\t<\/div>\n\t\t<div class=\"ea-card  sp-ea-single\"  data-accordion-id= \"2\">\n\n\t\t<h2 class=\"ea-header\">\n\t\t\t<a class=\"collapsed\" data-sptoggle=\"spcollapse\" rel=\"nofollow\" data-sptarget=\"#collapse37452\" href=\"#\" data-title=\"efaq-comment-faire-pour-obtenir-un-abonnement-chez-safetyplus\" aria-expanded=\"false\">\n\t\t\t\t<span class=\"sp-numbering\"> <i class=\"ea-expand-icon fa fa-chevron-down\"><\/i> <\/span> <span class=\"fa fa-suitcase eap-title-icon\"><\/span> Comment faire pour obtenir un ABONNEMENT chez SafetyPlus ?\t\t\t<\/a>\n\t\t<\/h2>\n\n\t\t<div class=\"sp-collapse spcollapse spcollapse\" id=\"collapse37452\" data-parent=\"#sp-ea-3745\">\n\t\t<div class=\"ea-body\"> \n<div class=\"ea-content-wrapper animated fadeIn\"> \n\t<p>Vous aller sur le site de SafetyPlus dans la rubrique Abonnements, lien : <a href=\"http:\/\/www.safetyplus.be\/#valoriser-votre-entreprise\" target=\"_blank\" rel=\"noopener\">Obtenir un abonnement<\/a><\/p>\n<p>il il y a un acc\u00e8s gratuit aux sites pour recevoir des informations g\u00e9n\u00e9riques et il y a un abonnement payant pour avoir acc\u00e8s a des outils sp\u00e9cifiques, forum sp\u00e9cialis\u00e9, offres partenaires, une rubrique emploi,\u00a0 documents, ....<\/p>\n<p>Toutes les informations utiles sur le site\u00a0 :\u00a0 <a href=\"http:\/\/www.safetyplus.be\">SafetyPlus<\/a><\/p>\n<\/div>\n<\/div>\n\t\t\t<\/div>\n\t<\/div>\n\t\t<div class=\"ea-card  sp-ea-single\"  data-accordion-id= \"3\">\n\n\t\t<h2 class=\"ea-header\">\n\t\t\t<a class=\"collapsed\" data-sptoggle=\"spcollapse\" rel=\"nofollow\" data-sptarget=\"#collapse37453\" href=\"#\" data-title=\"efaq-que-va-apporrter-safetyplus-a-esomus-par-ce-partenariat\" aria-expanded=\"false\">\n\t\t\t\t<span class=\"sp-numbering\"> <i class=\"ea-expand-icon fa fa-chevron-down\"><\/i> <\/span> <span class=\"fa fa-line-chart eap-title-icon\"><\/span> Que va apporrter SafetyPlus \u00e0 Esomus par ce partenariat ?\t\t\t<\/a>\n\t\t<\/h2>\n\n\t\t<div class=\"sp-collapse spcollapse spcollapse\" id=\"collapse37453\" data-parent=\"#sp-ea-3745\">\n\t\t<div class=\"ea-body\"> \n<div class=\"ea-content-wrapper animated fadeIn\"> \n\t<p>IL \u00e9tait venu le temps de remettre a jour les deux sites de la pr\u00e9vention et de la coordination.<br \/>\nLe CEO d'ESOMUS, <a href=\"https:\/\/www.linkedin.com\/in\/marc-crauwels-ba0b98ab\/\" target=\"_blank\" rel=\"noopener\">Marc Crauwels<\/a> \u00e0 d\u00e9cider de reprendre les deux sites et de les remettre \u00e0 jour et de les dynamiser le plus rapidement possible.<\/p>\n<p>La reprise de ces sites sont la suite logique pour \u00e9galement \u00eatre en liaison permanente avec l'outil professionnel ESOMUS et de rendre toutes les informations utiles et voire n\u00e9cessaires pour un travail au quotidien pour les conseillers en pr\u00e9vention, les coordinateurs, les managers, les responsables d'entreprises ainsi que les directions afin de faire le suivi par Esomus et d'avoir toutes les informations par <a href=\"http:\/\/www.safetyplus.be\" target=\"_blank\" rel=\"noopener\">SafetyPlus<\/a>.<\/p>\n<p>Toutes les informations utiles sur le site\u00a0 :\u00a0 <a href=\"http:\/\/www.safetyplus.be\">SafetyPlus<\/a><\/p>\n<\/div>\n<\/div>\n\t\t\t<\/div>\n\t<\/div>\n\t\t<div class=\"ea-card  sp-ea-single\"  data-accordion-id= \"4\">\n\n\t\t<h2 class=\"ea-header\">\n\t\t\t<a class=\"collapsed\" data-sptoggle=\"spcollapse\" rel=\"nofollow\" data-sptarget=\"#collapse37454\" href=\"#\" data-title=\"efaq-date-de-mise-en-ligne-des-deux-nouveaux-sites\" aria-expanded=\"false\">\n\t\t\t\t<span class=\"sp-numbering\"> <i class=\"ea-expand-icon fa fa-chevron-down\"><\/i> <\/span> <span class=\"fa fa-calendar eap-title-icon\"><\/span> Date de mise en ligne des deux nouveaux sites ?\t\t\t<\/a>\n\t\t<\/h2>\n\n\t\t<div class=\"sp-collapse spcollapse spcollapse\" id=\"collapse37454\" data-parent=\"#sp-ea-3745\">\n\t\t<div class=\"ea-body\"> \n<div class=\"ea-content-wrapper animated fadeIn\"> \n\t<p>Notre \u00e9quipe et nos sous-traitants travaillent depuis quelques mois sur la refonte des deux sites, la mise en ligne se fera tr\u00e8s rapidement, mais pour tous les futur(e)s utilisateurs de ce nouvel outil d'informations, nous voulons \u00eatre prudent en vous annon\u00e7ant la mise en ligne pour le d\u00e9but septembre 2021.<\/p>\n<p>Toutes les informations utiles sur le site\u00a0 :\u00a0 <a href=\"http:\/\/www.safetyplus.be\">SafetyPlus<\/a><\/p>\n<\/div>\n<\/div>\n\t\t\t<\/div>\n\t<\/div>\n\t\t<div class=\"ea-card  sp-ea-single\"  data-accordion-id= \"5\">\n\n\t\t<h2 class=\"ea-header\">\n\t\t\t<a class=\"collapsed\" data-sptoggle=\"spcollapse\" rel=\"nofollow\" data-sptarget=\"#collapse37455\" href=\"#\" data-title=\"efaq-que-va-proposer-safetyplus-sur-ces-nouveaux-sites\" aria-expanded=\"false\">\n\t\t\t\t<span class=\"sp-numbering\"> <i class=\"ea-expand-icon fa fa-chevron-down\"><\/i> <\/span> <span class=\"fa fa-search eap-title-icon\"><\/span> Que va proposer Safetyplus sur ces nouveaux sites ?\t\t\t<\/a>\n\t\t<\/h2>\n\n\t\t<div class=\"sp-collapse spcollapse spcollapse\" id=\"collapse37455\" data-parent=\"#sp-ea-3745\">\n\t\t<div class=\"ea-body\"> \n<div class=\"ea-content-wrapper animated fadeIn\"> \n\t<p><a href=\"http:\/\/www.safetyplus.be\" target=\"_blank\" rel=\"noopener\">SafetyPlus<\/a> va proposer un ensemble de nouvelles fonctionnalit\u00e9s inexistantes, comme un forum professionnel, un site d'annonce d'emploi m\u00e9tier, et bien d'autre choses utiles et n\u00e9cessaires au quotidien pour la pr\u00e9vention, la gestion des risques en entreprises, <a href=\"http:\/\/www.safetyplus.be\/#overlappable-4\" target=\"_blank\" rel=\"noopener\">nouvelles fonctionnalit\u00e9s<\/a><\/p>\n<p>Toutes les informations utiles sur le site\u00a0 :\u00a0 <a href=\"http:\/\/www.safetyplus.be\">SafetyPlus<\/a><\/p>\n<\/div>\n<\/div>\n\t\t\t<\/div>\n\t<\/div>\n\t\t<div class=\"ea-card  sp-ea-single\"  data-accordion-id= \"6\">\n\n\t\t<h2 class=\"ea-header\">\n\t\t\t<a class=\"collapsed\" data-sptoggle=\"spcollapse\" rel=\"nofollow\" data-sptarget=\"#collapse37456\" href=\"#\" data-title=\"efaq-autres-informations-et-contact-safetyplus\" aria-expanded=\"false\">\n\t\t\t\t<span class=\"sp-numbering\"> <i class=\"ea-expand-icon fa fa-chevron-down\"><\/i> <\/span> <span class=\"fa fa-cog eap-title-icon\"><\/span> Autres informations et contact SafetyPlus\t\t\t<\/a>\n\t\t<\/h2>\n\n\t\t<div class=\"sp-collapse spcollapse spcollapse\" id=\"collapse37456\" data-parent=\"#sp-ea-3745\">\n\t\t<div class=\"ea-body\"> \n<div class=\"ea-content-wrapper animated fadeIn\"> \n\t<p>Pour plus de renseignements, vous pouvez aller sur le site de <a href=\"http:\/\/www.savetyplus.be\" target=\"_blank\" rel=\"noopener\">SafetyPlus<\/a><\/p>\n<p><span style=\"color: #008080;\"><strong>Nous contacter :<\/strong> <\/span><\/p>\n<p><strong>Marc CRAUWELS<br \/>\n<\/strong>CEO SAFETYPLUS<\/p>\n<p>Rue de l\u2019Arbre \u00e0 la Croix<br \/>\nBelgique -\u00a0 4460 Horion-Hozemont<\/p>\n<p>BCE : 0757673433 \/ FINTRO : BE08 1431 1330\u00a0 6613<br \/>\nMobile : 0471 \/ 49 34 11\u00a0 \/ T\u00e9l\u00e9phone : 04 \/ 265 61 92<\/p>\n<p>Mail\u00a0: <a href=\"mailto:marc.crauwels@safetyplus.be\">marc.crauwels@safetyplus.be<\/a><br \/>\nSite\u00a0:\u00a0 <a href=\"http:\/\/www.safetyplus.be\/\">www.safetyplus.be<\/a><\/p>\n<\/div>\n<\/div>\n\t\t\t<\/div>\n\t<\/div>\n\t<\/div><\/div>\n\n\n\n\n\n<div class=\"wp-block-button alignright\"><a class=\"wp-block-button__link has-text-color has-background\" href=\"https:\/\/www.esomus.com\" style=\"background-color:#2f65b0;color:#ffffff\">Retour accueil<\/a><\/div>\n","protected":false},"excerpt":{"rendered":"<p>Esomus deviens le partenaire officiel de SafetyPlus ESOMUS Ainsi, SafetyPlus relance les sites d&#8217;informationsde la Pr\u00e9vention et de la Coordination<\/p>\n","protected":false},"author":1,"featured_media":165,"parent":0,"menu_order":0,"comment_status":"closed","ping_status":"closed","template":"page-templates\/homepage.php","meta":{"_seopress_robots_primary_cat":"","_seopress_titles_title":"La s\u00e9curit\u00e9 et la pr\u00e9vention et la gestion des risques dans votre administration","_seopress_titles_desc":"","_seopress_robots_index":"","_themeisle_gutenberg_block_has_review":false,"footnotes":""},"class_list":["post-4834","page","type-page","status-publish","has-post-thumbnail","hentry"],"jetpack_sharing_enabled":true,"_links":{"self":[{"href":"https:\/\/esomus.com\/index.php\/wp-json\/wp\/v2\/pages\/4834","targetHints":{"allow":["GET"]}}],"collection":[{"href":"https:\/\/esomus.com\/index.php\/wp-json\/wp\/v2\/pages"}],"about":[{"href":"https:\/\/esomus.com\/index.php\/wp-json\/wp\/v2\/types\/page"}],"author":[{"embeddable":true,"href":"https:\/\/esomus.com\/index.php\/wp-json\/wp\/v2\/users\/1"}],"replies":[{"embeddable":true,"href":"https:\/\/esomus.com\/index.php\/wp-json\/wp\/v2\/comments?post=4834"}],"version-history":[{"count":19,"href":"https:\/\/esomus.com\/index.php\/wp-json\/wp\/v2\/pages\/4834\/revisions"}],"predecessor-version":[{"id":4862,"href":"https:\/\/esomus.com\/index.php\/wp-json\/wp\/v2\/pages\/4834\/revisions\/4862"}],"wp:featuredmedia":[{"embeddable":true,"href":"https:\/\/esomus.com\/index.php\/wp-json\/wp\/v2\/media\/165"}],"wp:attachment":[{"href":"https:\/\/esomus.com\/index.php\/wp-json\/wp\/v2\/media?parent=4834"}],"curies":[{"name":"wp","href":"https:\/\/api.w.org\/{rel}","templated":true}]}}