{"id":4659,"date":"2020-03-09T09:29:14","date_gmt":"2020-03-09T08:29:14","guid":{"rendered":"http:\/\/esomus.com\/?page_id=4659"},"modified":"2022-07-11T18:23:40","modified_gmt":"2022-07-11T16:23:40","slug":"services-esomus","status":"publish","type":"page","link":"https:\/\/esomus.com\/index.php\/services-esomus\/","title":{"rendered":"Services"},"content":{"rendered":"\n<h1 class=\"has-text-align-center ticss-d334d049 has-text-color wp-block-heading\" style=\"color:#0071a1\">Notre service pour vos entreprises<strong><span style=\"color: #2f6599;\"><\/span><\/strong><\/h1>\n\n\n\n<figure>\n<h4><div id=\"metaslider-id-4666\" style=\"width: 100%;\" class=\"ml-slider-3-109-0 metaslider metaslider-flex metaslider-4666 ml-slider has-dots-nav ms-theme-default\" role=\"region\" aria-label=\"Les Services\" data-height=\"300\" data-width=\"700\">\n    <div id=\"metaslider_container_4666\">\n        <div id=\"metaslider_4666\">\n            <ul class='slides'>\n                <li style=\"display: block; width: 100%;\" class=\"slide-4667 ms-image \" aria-roledescription=\"slide\" data-date=\"2020-02-25 11:55:00\" data-filename=\"digital-marketing-1725340-scaled-700x300.jpg\" data-slide-type=\"image\"><img data-recalc-dims=\"1\" loading=\"lazy\" decoding=\"async\" src=\"https:\/\/i0.wp.com\/esomus.com\/wp-content\/uploads\/2020\/02\/digital-marketing-1725340-scaled.jpg?resize=700%2C300&#038;ssl=1\" height=\"300\" width=\"700\" alt=\"Encodages par nos experts\" class=\"slider-4666 slide-4667 msDefaultImage\" title=\"Encodages par nos experts\" \/><div class=\"caption-wrap\"><div class=\"caption\">Encodages par nos experts<\/div><\/div><\/li>\n                <li style=\"display: none; width: 100%;\" class=\"slide-4668 ms-image \" aria-roledescription=\"slide\" data-date=\"2020-02-25 11:55:00\" data-filename=\"Esomus-consultance-scaled-700x300.jpg\" data-slide-type=\"image\"><img data-recalc-dims=\"1\" loading=\"lazy\" decoding=\"async\" src=\"https:\/\/i0.wp.com\/esomus.com\/wp-content\/uploads\/2020\/02\/Esomus-consultance-scaled.jpg?resize=700%2C300&#038;ssl=1\" height=\"300\" width=\"700\" alt=\"Apport de l&#039;exp\u00e9rience de terrain pour vous assister jours apr\u00e8s jours\" class=\"slider-4666 slide-4668 msDefaultImage\" title=\"Apport de l&#039;exp\u00e9rience de terrain pour vous assister jours apr\u00e8s jours\" \/><div class=\"caption-wrap\"><div class=\"caption\">Apport de l'exp\u00e9rience de terrain pour vous assister jours apr\u00e8s jours<\/div><\/div><\/li>\n                <li style=\"display: none; width: 100%;\" class=\"slide-4669 ms-image \" aria-roledescription=\"slide\" data-date=\"2020-02-25 11:55:00\" data-filename=\"writing-1149962_1280-700x300.jpg\" data-slide-type=\"image\"><img data-recalc-dims=\"1\" loading=\"lazy\" decoding=\"async\" src=\"https:\/\/i0.wp.com\/esomus.com\/wp-content\/uploads\/2019\/09\/writing-1149962_1280.jpg?resize=700%2C300&#038;ssl=1\" height=\"300\" width=\"700\" alt=\"Validation par vos responsables\" class=\"slider-4666 slide-4669 msDefaultImage\" title=\"Validation par vos responsables\" \/><div class=\"caption-wrap\"><div class=\"caption\">Validation par vos responsables<\/div><\/div><\/li>\n            <\/ul>\n        <\/div>\n        \n    <\/div>\n<\/div><\/h4>\n<p>&nbsp;<\/p>\n<\/figure>\n\n\n\n<h2 class=\"has-text-align-center ticss-ea36b4c9 wp-block-heading\"> <strong>Service\u00a0: assistance d\u00e9marrage d&#8217;un de nos logiciels.<\/strong> <\/h2>\n\n\n\n<p class=\"has-text-align-center has-medium-font-size\">L&#8217;exp\u00e9rience d\u00e9montre que les ressources humaines <br>sont essentielles pour assurer la mise en place <br>d&#8217;un nouveau logiciel dans votre entreprise.<br><br><strong>Le service d\u00e9marrage <\/strong><br>vous permet de d\u00e9marrer et d&#8217;utiliser plus rapidement nos outils <br>avec l&#8217;assistance de nos experts .<\/p>\n\n\n\n<h2 class=\"has-text-align-center wp-block-heading\"> Pour bien g\u00e9rer <br><strong>LE  SERVICE D\u00c9MARRAGE<\/strong>,<br>notre entreprises doit comprendre <br>vos besoins, vos objectifs et votre entreprise <\/h2>\n\n\n\n<p class=\"has-text-align-left has-medium-font-size\"><strong>La premi\u00e8re \u00e9tape du service d\u00e9marrage <\/strong>est de comprendre votre structure et le fonctionnement de votre entreprise. <br><strong>La seconde \u00e9tape<\/strong> sera de d\u00e9terminer un agenda de travail pour inventorier les urgences, les besoins et votre validation.<br><strong>L&#8217;\u00e9tape suivante <\/strong>sera l&#8217;inventaire des donn\u00e9es d\u00e9j\u00e0 en votre possession (ensemble des datas.).<\/p>\n\n\n\n<p class=\"has-text-align-center has-medium-font-size\"><br><em>Ces donn\u00e9es, d\u00e9finies nous seront<\/em><br><em>fournies par une seule personne d\u00e9sign\u00e9e par l&#8217;employeur. \u00a0<br>Elles seront r\u00e9pertori\u00e9es et encod\u00e9es de mani\u00e8re ordonn\u00e9es par notre expert <\/em><br><em>dans le logiciel afin d&#8217;\u00eatre rapidement op\u00e9rationnelles. <\/em><\/p>\n\n\n\n<h2 class=\"has-text-align-center ticss-3564d2e8 wp-block-heading\">Tout voir, tout savoir, <br>et \u00eatre pr\u00e9venu de tout \u00e0 TEMPS !<\/h2>\n\n\n\n\n\n<h3 class=\"has-text-align-center has-very-dark-gray-color has-text-color wp-block-heading\">Mieux NOS EXPERTS comprendront <br>le fonctionnement de votre entreprise, <br><strong>plus ils seront efficace pour vous aider dans votre projet <\/strong><br><strong>et r\u00e9aliser vos objectifs.<\/strong><br><strong> <\/strong><\/h3>\n\n\n\n<figure class=\"wp-block-image size-large\"><img data-recalc-dims=\"1\" loading=\"lazy\" decoding=\"async\" width=\"1024\" height=\"683\" src=\"https:\/\/i0.wp.com\/esomus.com\/wp-content\/uploads\/2019\/09\/people-3152585_1280-1024x683.jpg?resize=1024%2C683\" alt=\"\" class=\"wp-image-3355\" srcset=\"https:\/\/i0.wp.com\/esomus.com\/wp-content\/uploads\/2019\/09\/people-3152585_1280.jpg?resize=1024%2C683&amp;ssl=1 1024w, https:\/\/i0.wp.com\/esomus.com\/wp-content\/uploads\/2019\/09\/people-3152585_1280.jpg?resize=300%2C200&amp;ssl=1 300w, https:\/\/i0.wp.com\/esomus.com\/wp-content\/uploads\/2019\/09\/people-3152585_1280.jpg?resize=768%2C512&amp;ssl=1 768w, https:\/\/i0.wp.com\/esomus.com\/wp-content\/uploads\/2019\/09\/people-3152585_1280.jpg?w=1280&amp;ssl=1 1280w\" sizes=\"auto, (max-width: 1024px) 100vw, 1024px\" \/><\/figure>\n\n\n\n<p class=\"has-text-align-center has-very-dark-gray-color has-text-color has-medium-font-size\"><br>Ainsi, vous pourrez \u00e0 tout moment conna\u00eetre le statut de votre entreprise, <br>mais aussi de pouvoir mieux analyser les besoins<br> \u00e0 remettre en \u0153uvre pour votre entreprise par le <br><strong>Suivi complet via les dashboards<\/strong><\/p>\n\n\n\n\n\n\n\n\n<style id=\"ea_dynamic_css4674\">#sp-ea-4674 .spcollapsing{height: 0; overflow: hidden; transition-property: height; transition-duration: 10ms;}#sp-ea-4674.sp-easy-accordion>.sp-ea-single.eap_inactive>.ea-header a {background-color: #bb0000 !important; color: #fff !important;}#sp-ea-4674.sp-easy-accordion>.sp-ea-single{ margin-bottom: 10px; border: 1px none #2f65b0; border-radius: 0;}#sp-ea-4674.sp-easy-accordion>.sp-ea-single.ea-expand{ border-color: #2f65b0;}#sp-ea-4674.sp-easy-accordion>.sp-ea-single:hover{ border-color: #2f65b0;}#sp-ea-4674.sp-easy-accordion>.sp-ea-single>.ea-header a {background: #ffffff;}#sp-ea-4674.sp-easy-accordion>.sp-ea-single.ea-expand>.ea-header a {background: #ffffff;}#sp-ea-4674.sp-easy-accordion>.sp-ea-single>.ea-header:hover a {background: #ffffff;}#sp-ea-4674.sp-easy-accordion>.sp-ea-single>.ea-header a .eap-title-icon { color: #dd3333;font-size: 20px;} #sp-ea-4674.sp-easy-accordion>.sp-ea-single>.ea-header a .eap-title-custom-icon {max-width: 20px;}#sp-ea-4674.sp-easy-accordion>.sp-ea-single>.ea-header:hover a .eap-title-icon {color: #dd3333;}#sp-ea-4674.sp-easy-accordion>.sp-ea-single.ea-expand>.ea-header a .eap-title-icon {color: #dd3333;}#sp-ea-4674.sp-easy-accordion>.sp-ea-single>.ea-header a {padding: 15px 15px 15px 15px; color: #444; font-size: 20px; line-height: 30px; text-align: left; letter-spacing: 0px; text-transform: none;}#sp-ea-4674.sp-easy-accordion>.sp-ea-single>.ea-header:hover a {color: #444;}#sp-ea-4674.sp-easy-accordion>.sp-ea-single.ea-expand>.ea-header a {color: #444;}#sp-ea-4674.sp-easy-accordion>.sp-ea-single>.sp-collapse>.ea-body p,#sp-ea-4674.sp-easy-accordion>.sp-ea-single>.sp-collapse>.ea-body{background: #fff; padding: 15px 15px 15px 15px; border-radius: 0 0 0 0; color: #444; font-size: 16px; text-align: left; letter-spacing: 0px; line-height: 26px; animation-delay: 200ms; text-transform: none;}#sp-ea-4674.sp-easy-accordion>.sp-ea-single>.ea-header a .ea-expand-icon.fa:before {color: #ffffff; font-size: 16px; font-style: normal;}#sp-ea-4674.sp-easy-accordion>.sp-ea-single>.ea-header:hover a .ea-expand-icon.fa:before {color: #ffffff;}#sp-ea-4674.sp-easy-accordion>.sp-ea-single.ea-expand>.ea-header a .ea-expand-icon.fa:before {color: #ffffff;}#sp-ea-4674.sp-easy-accordion>.sp-ea-single>.ea-header a {border-radius: 0;}#sp-ea-4674.sp-easy-accordion>.sp-ea-single>.ea-header a .sp-numbering .ea-expand-icon {background: none;}#sp-ea-4674.sp-easy-accordion>.sp-ea-single>.ea-header a .sp-numbering {background: #2f65b0; color: #ffffff; line-height: 56px;}#sp-ea-4674.sp-easy-accordion>.sp-ea-single>.ea-header:hover a .sp-numbering {background: #2f65b0; color: #ffffff;}#sp-ea-4674.sp-easy-accordion>.sp-ea-single.ea-expand>.ea-header a .sp-numbering {background: #2f65b0; color: #ffffff;}#sp-ea-4674.sp-easy-accordion>.sp-ea-single{background: none; overflow: visible;}#sp-ea-4674.sp-easy-accordion>.sp-ea-single>.ea-header a .sp-numbering {line-height: 60px; color: #ffffff; background: #2f65b0; top: 0;}#sp-ea-4674.sp-easy-accordion>.sp-ea-single>.ea-header:hover a .sp-numbering {color: #ffffff; background: #2f65b0;}#sp-ea-4674.sp-easy-accordion>.sp-ea-single.ea-expand>.ea-header a .sp-numbering {color: #ffffff; background: #2f65b0;}#sp-ea-4674 #eap_faq_search_bar_container {display:none; opacity:0;}#sp-ea-4674 #eap_faq_search_bar_container span::before{content:\"\";}#sp-ea-4674.sp-easy-accordion>.sp-ea-single>.sp-collapse>.ea-body p{ padding:0px}#sp-ea-4674>.sp-ea-single>.sp-collapse>.ea-body .eap-product-price {color: #444;}#sp-ea-4674.sp-easy-accordion>.sp-ea-single>.sp-collapse>.ea-body .eap-product-price del{color: rgba(68,68,68,0.71);}#sp-ea-4674.sp-easy-accordion>.sp-ea-single>.sp-collapse>.ea-body .eap-product-cart-button .woocommerce a { border: 1px solid #DAD6DA;border-radius: 2px;background-color: transparent;color: #444;}#sp-ea-4674.sp-easy-accordion>.sp-ea-single>.sp-collapse>.ea-body .eap-product-cart-button .woocommerce a:hover { border-color: #444;background-color: #444;color: #fff;}#sp-ea-4674.sp-easy-accordion>.sp-ea-single>>.sp-collapse>.ea-body .eap-product-cart-button .eap-product-quantity .eap_input_text {border: 1px solid #DAD6DA;}#sp-ea-4674.sp-easy-accordion>.sp-ea-single>.sp-collapse>.ea-body .eap-product-cart-button a.add_to_cart_button{position: relative;}<\/style><div id=\"sp-eap-accordion-section-4674\" class=\"sp-eap-container\"><div id=\"sp-ea-4674\" class=\"sp-ea-fourteen sp-ea-thirteen sp-easy-accordion \" data-ex-icon=\"fa-chevron-right\" data-col-icon=\"fa-chevron-down\" data-ea-active=\"ea-hover\" data-ea-mode=\"vertical\" data-ea-multi-column=\"\" data-ea-coll=\"\" data-keep-accordion=\"\" data-autoclose=\"\" data-preloader=\"\" data-scroll-active-item=\"\" data-offset-to-scroll=\"0\" data-autoplaytime=\"3000\" data-expand=\"\" data-post-id=\"4674\" data-accordion_mode=\"ea-all-close\">\t<div class=\"ea-card  sp-ea-single\"  data-accordion-id= \"0\">\n\n\t\t<h2 class=\"ea-header\">\n\t\t\t<a class=\"collapsed\" data-sptoggle=\"spcollapse\" rel=\"nofollow\" data-sptarget=\"#collapse46740\" href=\"#\" data-title=\"efaq-doit-on-obligatoirement-passer-par-le-service-avant-laquisition-dune-licence\" aria-expanded=\"false\">\n\t\t\t\t<span class=\"sp-numbering\"> <i class=\"ea-expand-icon fa fa-chevron-down\"><\/i> <\/span>  Doit-on obligatoirement passer par le service avant l'aquisition d'une licence ?\t\t\t<\/a>\n\t\t<\/h2>\n\n\t\t<div class=\"sp-collapse spcollapse spcollapse\" id=\"collapse46740\" data-parent=\"#sp-ea-4674\">\n\t\t<div class=\"ea-body\"> \n<div class=\"ea-content-wrapper animated fadeIn\"> \n\t<p>Non, il vous est loisible de commencer via LE SERVICE suite a un manque de ressources humaines et\/ou pour d\u00e9gager du temps de vos collaborateurs.<\/p>\n<\/div>\n<\/div>\n\t\t\t<\/div>\n\t<\/div>\n\t\t<div class=\"ea-card  sp-ea-single\"  data-accordion-id= \"1\">\n\n\t\t<h2 class=\"ea-header\">\n\t\t\t<a class=\"collapsed\" data-sptoggle=\"spcollapse\" rel=\"nofollow\" data-sptarget=\"#collapse46741\" href=\"#\" data-title=\"efaq-mon-entreprise-na-pas-les-ressources-humaines-suffisantes-pour-encoder-les-informations-dans-loutil-esomus\" aria-expanded=\"false\">\n\t\t\t\t<span class=\"sp-numbering\"> <i class=\"ea-expand-icon fa fa-chevron-down\"><\/i> <\/span>  Mon entreprise n'a pas les ressources humaines suffisantes pour encoder les informations dans l'outil ESOMUS\t\t\t<\/a>\n\t\t<\/h2>\n\n\t\t<div class=\"sp-collapse spcollapse spcollapse\" id=\"collapse46741\" data-parent=\"#sp-ea-4674\">\n\t\t<div class=\"ea-body\"> \n<div class=\"ea-content-wrapper animated fadeIn\"> \n\t<p>notre entreprise vous propose l'envoi d'un expert pour \u00e9valuer votre besoin, et selon un contrat de service ou de licence, nos experts seront a vos c\u00f4t\u00e9s.<\/p>\n<\/div>\n<\/div>\n\t\t\t<\/div>\n\t<\/div>\n\t\t<div class=\"ea-card  sp-ea-single\"  data-accordion-id= \"2\">\n\n\t\t<h2 class=\"ea-header\">\n\t\t\t<a class=\"collapsed\" data-sptoggle=\"spcollapse\" rel=\"nofollow\" data-sptarget=\"#collapse46742\" href=\"#\" data-title=\"efaq-comment-reduire-vos-couts-pour-lutilisation-dun-de-nos-logiciels\" aria-expanded=\"false\">\n\t\t\t\t<span class=\"sp-numbering\"> <i class=\"ea-expand-icon fa fa-chevron-down\"><\/i> <\/span>  Comment r\u00e9duire vos co\u00fbts pour l'utilisation d'un de nos logiciels ?\t\t\t<\/a>\n\t\t<\/h2>\n\n\t\t<div class=\"sp-collapse spcollapse spcollapse\" id=\"collapse46742\" data-parent=\"#sp-ea-4674\">\n\t\t<div class=\"ea-body\"> \n<div class=\"ea-content-wrapper animated fadeIn\"> \n\t<p>Une analyse pr\u00e9alable doit se faire ensemble.<br \/>\nEn cas de besoins, nos experts encodent plus rapidement car le logiciel est connu et maitris\u00e9.<br \/>\nUtilisation r\u00e9duites de vos ressources humaines.<\/p>\n<\/div>\n<\/div>\n\t\t\t<\/div>\n\t<\/div>\n\t\t<div class=\"ea-card  sp-ea-single\"  data-accordion-id= \"3\">\n\n\t\t<h2 class=\"ea-header\">\n\t\t\t<a class=\"collapsed\" data-sptoggle=\"spcollapse\" rel=\"nofollow\" data-sptarget=\"#collapse46743\" href=\"#\" data-title=\"efaq-les-formations-pour-lutilisation-dun-de-nos-logiciels\" aria-expanded=\"false\">\n\t\t\t\t<span class=\"sp-numbering\"> <i class=\"ea-expand-icon fa fa-chevron-down\"><\/i> <\/span>  Les formations pour l'utilisation d'un de nos logiciels ?\t\t\t<\/a>\n\t\t<\/h2>\n\n\t\t<div class=\"sp-collapse spcollapse spcollapse\" id=\"collapse46743\" data-parent=\"#sp-ea-4674\">\n\t\t<div class=\"ea-body\"> \n<div class=\"ea-content-wrapper animated fadeIn\"> \n\t<p>Il est n\u00e9cessaire d'obtenir les formations de d\u00e9part afin de vous familiariser a nos logiciels.<\/p>\n<p>Nous pr\u00e9conisons \u00e9galement une personne de r\u00e9f\u00e9rence dans votre entreprise qui sera d\u00e9nomm\u00e9 le \" MASTER \"<br \/>\nCette personne sera le relais entre notre entreprise et votre entreprise.<\/p>\n<\/div>\n<\/div>\n\t\t\t<\/div>\n\t<\/div>\n\t<\/div><\/div>\n\n\n\n\n\n<div class=\"wp-block-button alignright\"><a class=\"wp-block-button__link has-text-color has-background\" href=\"https:\/\/www.esomus.com\" style=\"background-color:#2f65b0;color:#ffffff\">Retour accueil<\/a><\/div>\n","protected":false},"excerpt":{"rendered":"<p>Notre service pour vos entreprises &nbsp; Service\u00a0: assistance d\u00e9marrage d&#8217;un de nos logiciels. L&#8217;exp\u00e9rience d\u00e9montre que les ressources humaines sont essentielles pour assurer la mise en place d&#8217;un nouveau logiciel dans votre entreprise. Le service d\u00e9marrage vous permet de d\u00e9marrer et d&#8217;utiliser plus rapidement nos outils avec l&#8217;assistance de nos experts . Pour bien g\u00e9rer&hellip; <br \/> <a class=\"read-more\" href=\"https:\/\/esomus.com\/index.php\/services-esomus\/\">Lire la suite<\/a><\/p>\n","protected":false},"author":1,"featured_media":0,"parent":0,"menu_order":0,"comment_status":"closed","ping_status":"closed","template":"","meta":{"_seopress_robots_primary_cat":"","_seopress_titles_title":"Suivez vos infrastructures et vos \u00e9quipements en toute s\u00e9curit\u00e9...","_seopress_titles_desc":"Vous pourrez \u00e0 tout moment conna\u00eetre toutes les informations n\u00e9cessaires au bon fonctionnement de votre entreprise, savoir si vous \u00eatre en ordre, mais aussi pouvoir mieux analyser le risque au travail ou que ce soit dans votre entreprise et surtout en temps r\u00e9el.","_seopress_robots_index":"","_themeisle_gutenberg_block_has_review":false,"footnotes":""},"class_list":["post-4659","page","type-page","status-publish","hentry"],"jetpack_sharing_enabled":true,"_links":{"self":[{"href":"https:\/\/esomus.com\/index.php\/wp-json\/wp\/v2\/pages\/4659","targetHints":{"allow":["GET"]}}],"collection":[{"href":"https:\/\/esomus.com\/index.php\/wp-json\/wp\/v2\/pages"}],"about":[{"href":"https:\/\/esomus.com\/index.php\/wp-json\/wp\/v2\/types\/page"}],"author":[{"embeddable":true,"href":"https:\/\/esomus.com\/index.php\/wp-json\/wp\/v2\/users\/1"}],"replies":[{"embeddable":true,"href":"https:\/\/esomus.com\/index.php\/wp-json\/wp\/v2\/comments?post=4659"}],"version-history":[{"count":40,"href":"https:\/\/esomus.com\/index.php\/wp-json\/wp\/v2\/pages\/4659\/revisions"}],"predecessor-version":[{"id":5318,"href":"https:\/\/esomus.com\/index.php\/wp-json\/wp\/v2\/pages\/4659\/revisions\/5318"}],"wp:attachment":[{"href":"https:\/\/esomus.com\/index.php\/wp-json\/wp\/v2\/media?parent=4659"}],"curies":[{"name":"wp","href":"https:\/\/api.w.org\/{rel}","templated":true}]}}