{"id":3913,"date":"2019-10-04T11:49:22","date_gmt":"2019-10-04T09:49:22","guid":{"rendered":"http:\/\/esomus.com\/?page_id=3913"},"modified":"2019-10-12T10:48:43","modified_gmt":"2019-10-12T08:48:43","slug":"accidents2","status":"publish","type":"page","link":"https:\/\/esomus.com\/index.php\/accidents2\/","title":{"rendered":"Accidents"},"content":{"rendered":"\n<h1 style=\"text-align:center\" class=\"ticss-55c93ab6 wp-block-heading\">R\u00e9duisez l&#8217;exc\u00e8s d&#8217;incidents, de presqu&#8217;accidents et d&#8217;accidents dans votre entreprise<\/h1>\n\n\n\n<p class=\"has-text-color has-medium-font-size\"><strong><div id=\"metaslider-id-2900\" style=\"width: 100%;\" class=\"ml-slider-3-108-0 metaslider metaslider-flex metaslider-2900 ml-slider has-dots-nav ms-theme-default\" role=\"region\" aria-label=\"accidents\" data-height=\"300\" data-width=\"700\">\n    <div id=\"metaslider_container_2900\">\n        <div id=\"metaslider_2900\">\n            <ul class='slides'>\n                <li style=\"display: block; width: 100%;\" class=\"slide-2915 ms-image \" aria-roledescription=\"slide\" data-date=\"2019-09-19 15:50:27\" data-filename=\"calculator-385506_1280-700x300.jpg\" data-slide-type=\"image\"><img data-recalc-dims=\"1\" loading=\"lazy\" decoding=\"async\" src=\"https:\/\/i0.wp.com\/esomus.com\/wp-content\/uploads\/2019\/09\/calculator-385506_1280.jpg?resize=700%2C300&#038;ssl=1\" height=\"300\" width=\"700\" alt=\"Combien vous coutent vos accidents dans votre entreprise !!\" class=\"slider-2900 slide-2915 msDefaultImage\" title=\"Combien vous coutent vos accidents dans votre entreprise !!\" \/><div class=\"caption-wrap\"><div class=\"caption\">Combien vous co\u00fbte un accident dans votre entreprise !!<\/div><\/div><\/li>\n                <li style=\"display: none; width: 100%;\" class=\"slide-2916 ms-image \" aria-roledescription=\"slide\" data-date=\"2019-09-19 15:50:27\" data-filename=\"hammer-620011_1280-700x300.jpg\" data-slide-type=\"image\"><img data-recalc-dims=\"1\" loading=\"lazy\" decoding=\"async\" src=\"https:\/\/i0.wp.com\/esomus.com\/wp-content\/uploads\/2019\/09\/hammer-620011_1280.jpg?resize=700%2C300&#038;ssl=1\" height=\"300\" width=\"700\" alt=\"Aie, nous passons au tribunal ...\" class=\"slider-2900 slide-2916 msDefaultImage\" title=\"Aie, nous passons au tribunal ...\" \/><div class=\"caption-wrap\"><div class=\"caption\">Aie, nous passons au tribunal <\/div><\/div><\/li>\n                <li style=\"display: none; width: 100%;\" class=\"slide-2914 ms-image \" aria-roledescription=\"slide\" data-date=\"2019-09-19 15:50:27\" data-filename=\"wheelchair-749985_1280-700x300.jpg\" data-slide-type=\"image\"><img data-recalc-dims=\"1\" loading=\"lazy\" decoding=\"async\" src=\"https:\/\/i0.wp.com\/esomus.com\/wp-content\/uploads\/2019\/09\/wheelchair-749985_1280.jpg?resize=700%2C300&#038;ssl=1\" height=\"300\" width=\"700\" alt=\"Encore un accident !!\" class=\"slider-2900 slide-2914 msDefaultImage\" title=\"Encore un accident !!\" \/><div class=\"caption-wrap\"><div class=\"caption\">Encore un accident !!<\/div><\/div><\/li>\n            <\/ul>\n        <\/div>\n        \n    <\/div>\n<\/div><\/strong><\/p>\n\n\n\n<h2 style=\"text-align:center\" class=\"has-text-color has-medium-font-size wp-block-heading\">Votre entreprise est r\u00e9guli\u00e8rement confront\u00e9e aux incidents, accidents et surprimes de votre assureur <\/h2>\n\n\n\n<h2 class=\"wp-block-heading\" style=\"text-align:center\">Encodez tous vos incidents, vos presqu&#8217;accidents <br>et vos accidents &#8230;<br><\/h2>\n\n\n\n<p style=\"text-align:center\" class=\"has-medium-font-size\"><br> Gr\u00e2ce \u00e0 ESOMUS, vous allez pouvoir analyser l&#8217;ensemble de tous vos incidents ou presqu&#8217;accidents. <br>Gr\u00e2ce \u00e0 cette gestion, ESOMUS va pouvoir vous <br>informer par le biais de rapports \/ <a rel=\"noreferrer noopener\" href=\"http:\/\/newsite.ESOMUS.com\/index.php\/analyse-de-risques\/\" target=\"_blank\">analyses de risques<\/a> avant l&#8217;accident ultime. <br>ESOMUS,  avec sa gestion des ACCIDENTS, va pouvoir \u00e9galement suivre l\u2019ensemble  de toutes les actions correctrices li\u00e9es \u00e0 l&#8217;accident. Cela vous permettra de r\u00e9aliser l&#8217;arbre des causes, les analyses de risques et ainsi, de prouver ce qui \u00e0 \u00e9t\u00e9 mis en place comme actions correctrices et\/ou ce qui a \u00e9t\u00e9 programm\u00e9.<br>ESOMUS permet de <strong>hi\u00e9rarchiser<\/strong> l&#8217;ensemble des <a rel=\"noreferrer noopener\" href=\"http:\/\/newsite.ESOMUS.com\/index.php\/documents\/\" target=\"_blank\">documents<\/a>, photos, arbre des causes, proc\u00e9dures, actions et suivis ; <br>de fournir en <a rel=\"noreferrer noopener\" href=\"http:\/\/newsite.ESOMUS.com\/index.php\/temps-reel\/\" target=\"_blank\">temps r\u00e9el<\/a> \u00e0 votre directeur, responsable, assureur, toutes les informations ad\u00e9quates sur le suivi des accidents.<br> Selon la probl\u00e9matique, la  gestion des rapports et des d&#8217;analyses peut permettre la mise en place, de nouvelles formations, de modifier les EPI, les proc\u00e9dures, am\u00e9nager le poste de travail&#8230;<\/p>\n\n\n\n\n\n\n\n\n<style id=\"ea_dynamic_css899\">#sp-ea-899 .spcollapsing{height: 0; overflow: hidden; transition-property: height; transition-duration: 10ms;}#sp-ea-899.sp-easy-accordion>.sp-ea-single.eap_inactive>.ea-header a {background-color: #bb0000 !important; color: #fff !important;}#sp-ea-899.sp-easy-accordion>.sp-ea-single{ margin-bottom: 10px; border: 1px none #2f65b0; border-radius: 0;}#sp-ea-899.sp-easy-accordion>.sp-ea-single.ea-expand{ border-color: #2f65b0;}#sp-ea-899.sp-easy-accordion>.sp-ea-single:hover{ border-color: #2f65b0;}#sp-ea-899.sp-easy-accordion>.sp-ea-single>.ea-header a {background: #ffffff;}#sp-ea-899.sp-easy-accordion>.sp-ea-single.ea-expand>.ea-header a {background: #ffffff;}#sp-ea-899.sp-easy-accordion>.sp-ea-single>.ea-header:hover a {background: #ffffff;}#sp-ea-899.sp-easy-accordion>.sp-ea-single>.ea-header a .eap-title-icon { color: #2f65b0;font-size: 20px;} #sp-ea-899.sp-easy-accordion>.sp-ea-single>.ea-header a .eap-title-custom-icon {max-width: 20px;}#sp-ea-899.sp-easy-accordion>.sp-ea-single>.ea-header:hover a .eap-title-icon {color: #2f65b0;}#sp-ea-899.sp-easy-accordion>.sp-ea-single.ea-expand>.ea-header a .eap-title-icon {color: #2f65b0;}#sp-ea-899.sp-easy-accordion>.sp-ea-single>.ea-header a {padding: 15px 15px 15px 15px; color: #444; font-size: 20px; line-height: 30px; text-align: left; letter-spacing: 0px; text-transform: none;}#sp-ea-899.sp-easy-accordion>.sp-ea-single>.ea-header:hover a {color: #444;}#sp-ea-899.sp-easy-accordion>.sp-ea-single.ea-expand>.ea-header a {color: #444;}#sp-ea-899.sp-easy-accordion>.sp-ea-single>.sp-collapse>.ea-body p,#sp-ea-899.sp-easy-accordion>.sp-ea-single>.sp-collapse>.ea-body{background: #fff; padding: 15px 15px 15px 15px; border-radius: 0 0 0 0; color: #444; font-size: 16px; text-align: left; letter-spacing: 0px; line-height: 26px; animation-delay: 200ms; text-transform: none;}#sp-ea-899.sp-easy-accordion>.sp-ea-single>.ea-header a .ea-expand-icon.fa:before {color: #ffffff; font-size: 16px; font-style: normal;}#sp-ea-899.sp-easy-accordion>.sp-ea-single>.ea-header:hover a .ea-expand-icon.fa:before {color: #ffffff;}#sp-ea-899.sp-easy-accordion>.sp-ea-single.ea-expand>.ea-header a .ea-expand-icon.fa:before {color: #ffffff;}#sp-ea-899.sp-easy-accordion>.sp-ea-single>.ea-header a {border-radius: 0;}#sp-ea-899.sp-easy-accordion>.sp-ea-single>.ea-header a .sp-numbering .ea-expand-icon {background: none;}#sp-ea-899.sp-easy-accordion>.sp-ea-single>.ea-header a .sp-numbering {background: #2f65b0; color: #ffffff; line-height: 56px;}#sp-ea-899.sp-easy-accordion>.sp-ea-single>.ea-header:hover a .sp-numbering {background: #2f65b0; color: #ffffff;}#sp-ea-899.sp-easy-accordion>.sp-ea-single.ea-expand>.ea-header a .sp-numbering {background: #2f65b0; color: #ffffff;}#sp-ea-899.sp-easy-accordion>.sp-ea-single{background: none; overflow: visible;}#sp-ea-899.sp-easy-accordion>.sp-ea-single>.ea-header a .sp-numbering {line-height: 60px; color: #ffffff; background: #2f65b0; top: 0;}#sp-ea-899.sp-easy-accordion>.sp-ea-single>.ea-header:hover a .sp-numbering {color: #ffffff; background: #2f65b0;}#sp-ea-899.sp-easy-accordion>.sp-ea-single.ea-expand>.ea-header a .sp-numbering {color: #ffffff; background: #2f65b0;}#sp-ea-899 #eap_faq_search_bar_container {display:none; opacity:0;}#sp-ea-899 #eap_faq_search_bar_container span::before{content:\"\";}#sp-ea-899.sp-easy-accordion>.sp-ea-single>.sp-collapse>.ea-body p{ padding:0px}#sp-ea-899>.sp-ea-single>.sp-collapse>.ea-body .eap-product-price {color: #444;}#sp-ea-899.sp-easy-accordion>.sp-ea-single>.sp-collapse>.ea-body .eap-product-price del{color: rgba(68,68,68,0.71);}#sp-ea-899.sp-easy-accordion>.sp-ea-single>.sp-collapse>.ea-body .eap-product-cart-button .woocommerce a { border: 1px solid #DAD6DA;border-radius: 2px;background-color: transparent;color: #444;}#sp-ea-899.sp-easy-accordion>.sp-ea-single>.sp-collapse>.ea-body .eap-product-cart-button .woocommerce a:hover { border-color: #444;background-color: #444;color: #fff;}#sp-ea-899.sp-easy-accordion>.sp-ea-single>>.sp-collapse>.ea-body .eap-product-cart-button .eap-product-quantity .eap_input_text {border: 1px solid #DAD6DA;}#sp-ea-899.sp-easy-accordion>.sp-ea-single>.sp-collapse>.ea-body .eap-product-cart-button a.add_to_cart_button{position: relative;}<\/style><div id=\"sp-eap-accordion-section-899\" class=\"sp-eap-container\"><div id=\"sp-ea-899\" class=\"sp-ea-fourteen sp-ea-thirteen sp-easy-accordion \" data-ex-icon=\"fa-chevron-right\" data-col-icon=\"fa-chevron-down\" data-ea-active=\"ea-hover\" data-ea-mode=\"vertical\" data-ea-multi-column=\"\" data-ea-coll=\"\" data-keep-accordion=\"\" data-autoclose=\"\" data-preloader=\"\" data-scroll-active-item=\"\" data-offset-to-scroll=\"0\" data-autoplaytime=\"3000\" data-expand=\"\" data-post-id=\"899\" >\t<div class=\"ea-card  sp-ea-single\"  data-accordion-id= \"0\">\n\n\t\t<h2 class=\"ea-header\">\n\t\t\t<a class=\"collapsed\" data-sptoggle=\"spcollapse\" rel=\"nofollow\" data-sptarget=\"#collapse8990\" href=\"#\" data-title=\"efaq-oups-encore-un-incident-sur-mon-poste-de-travail\" aria-expanded=\"false\">\n\t\t\t\t<span class=\"sp-numbering\"> <i class=\"ea-expand-icon fa fa-chevron-down\"><\/i> <\/span>  Oups, encore un incident sur mon poste de travail !!!\t\t\t<\/a>\n\t\t<\/h2>\n\n\t\t<div class=\"sp-collapse spcollapse spcollapse\" id=\"collapse8990\" data-parent=\"#sp-ea-899\">\n\t\t<div class=\"ea-body\"> \n<div class=\"ea-content-wrapper animated fadeIn\"> \n\t<p><span style=\"color: #000000;\"><strong>ESOMUS<\/strong> va pouvoir suivre tous les incidents, presqu'accidents pour ne pas arriver \u00e0 l'accident.<\/span><br \/>\n<span style=\"color: #000000;\">Trop d'incidents pourrait amener \u00e0 l'accident. Il est important pour tous les acteurs de l'entreprise de les notifier dans ESOMUS.<\/span><br \/>\n<span style=\"color: #000000;\">Ainsi, vos responsables pourront\u00a0 g\u00e9n\u00e9rer un ou plusieurs rapports, les analyser et <a href=\"http:\/\/esomus.com\/index.php\/analyse-de-risques\/\" target=\"_blank\" rel=\"noopener\">faire une analyse de risques<\/a> et ainsi \u00e9viter l'accident.<\/span><\/p>\n<p><span style=\"color: #000000;\"><strong>N'attendez pas l'accident !!!<\/strong> <\/span><\/p>\n<\/div>\n<\/div>\n\t\t\t<\/div>\n\t<\/div>\n\t\t<div class=\"ea-card  sp-ea-single\"  data-accordion-id= \"1\">\n\n\t\t<h2 class=\"ea-header\">\n\t\t\t<a class=\"collapsed\" data-sptoggle=\"spcollapse\" rel=\"nofollow\" data-sptarget=\"#collapse8991\" href=\"#\" data-title=\"efaq-jai-trop-daccidents-dans-mon-entreprise\" aria-expanded=\"false\">\n\t\t\t\t<span class=\"sp-numbering\"> <i class=\"ea-expand-icon fa fa-chevron-down\"><\/i> <\/span>  J'ai trop d'accidents dans mon entreprise !!!\t\t\t<\/a>\n\t\t<\/h2>\n\n\t\t<div class=\"sp-collapse spcollapse spcollapse\" id=\"collapse8991\" data-parent=\"#sp-ea-899\">\n\t\t<div class=\"ea-body\"> \n<div class=\"ea-content-wrapper animated fadeIn\"> \n\t<p>Mon <a href=\"http:\/\/esomus.com\/index.php\/assureurs\/\" target=\"_blank\" rel=\"noopener\">assureur<\/a> me r\u00e9clame une SURPRIME. Comment puis-je l'\u00e9viter ?<br \/>\nGr\u00e2ce aux encodages<strong>, ESOMUS<\/strong> va pouvoir suivre la pr\u00e9vention de votre entreprise et mettre en \u00e9vidence tous les risques gr\u00e2ce aux <a href=\"http:\/\/esomus.com\/index.php\/analyse-de-risques\/\" target=\"_blank\" rel=\"noopener\">analyses de risques<\/a>, et limiter les accidents et de le d\u00e9montrer \u00e0 mon assureur.<\/p>\n<\/div>\n<\/div>\n\t\t\t<\/div>\n\t<\/div>\n\t\t<div class=\"ea-card  sp-ea-single\"  data-accordion-id= \"2\">\n\n\t\t<h2 class=\"ea-header\">\n\t\t\t<a class=\"collapsed\" data-sptoggle=\"spcollapse\" rel=\"nofollow\" data-sptarget=\"#collapse8992\" href=\"#\" data-title=\"efaq-jai-un-accident-au-sein-de-mon-entreprise-puis-je-accrocher-mes-actions-correctrices\" aria-expanded=\"false\">\n\t\t\t\t<span class=\"sp-numbering\"> <i class=\"ea-expand-icon fa fa-chevron-down\"><\/i> <\/span>  J'ai un accident au sein de mon entreprise, puis-je accrocher mes actions correctrices ?\t\t\t<\/a>\n\t\t<\/h2>\n\n\t\t<div class=\"sp-collapse spcollapse spcollapse\" id=\"collapse8992\" data-parent=\"#sp-ea-899\">\n\t\t<div class=\"ea-body\"> \n<div class=\"ea-content-wrapper animated fadeIn\"> \n\t<p>Avoir un accident au sein de son entreprise peut \u00eatre dramatique.<\/p>\n<p>Dans le logiciel, vous pourrez ainsi, \u00e0 tout moment, suivre l'\u00e9volution de toutes vos actions correctrices.<br \/>\nVous verrez que la prise en charge des actions est bien effective.<br \/>\nLors d'un contr\u00f4le vous pourrez <a href=\"http:\/\/esomus.com\/index.php\/temps-reel\/\" target=\"_blank\" rel=\"noopener\">d\u00e9montrer<\/a> et prouver que les actions ont \u00e9t\u00e9 prises ou sont en cours.<\/p>\n<\/div>\n<\/div>\n\t\t\t<\/div>\n\t<\/div>\n\t\t<div class=\"ea-card  sp-ea-single\"  data-accordion-id= \"3\">\n\n\t\t<h2 class=\"ea-header\">\n\t\t\t<a class=\"collapsed\" data-sptoggle=\"spcollapse\" rel=\"nofollow\" data-sptarget=\"#collapse8993\" href=\"#\" data-title=\"efaq-gestion-des-risques\" aria-expanded=\"false\">\n\t\t\t\t<span class=\"sp-numbering\"> <i class=\"ea-expand-icon fa fa-chevron-down\"><\/i> <\/span>  Gestion des risques\t\t\t<\/a>\n\t\t<\/h2>\n\n\t\t<div class=\"sp-collapse spcollapse spcollapse\" id=\"collapse8993\" data-parent=\"#sp-ea-899\">\n\t\t<div class=\"ea-body\"> \n<div class=\"ea-content-wrapper animated fadeIn\"> \n\t<p><span style=\"color: #000000;\">ESOMUS a \u00e9t\u00e9 imagin\u00e9 \" PR\u00c9VENTION et GESTION DES RISQUES \".<br \/>\nGr\u00e2ce aux <a href=\"http:\/\/esomus.com\/index.php\/analyse-de-risques\/\" target=\"_blank\" rel=\"noopener\">analyses des risques,<\/a> il est possible de r\u00e9duire les incidents, les presqu'accidents et les accidents li\u00e9s \u00e0 l'activit\u00e9 de votre entreprise.<\/span><\/p>\n<\/div>\n<\/div>\n\t\t\t<\/div>\n\t<\/div>\n\t<\/div><\/div>\n\n\n\n\n\n<div class=\"wp-block-button alignright\"><a class=\"wp-block-button__link has-text-color has-background\" href=\"https:\/\/www.esomus.com\" style=\"background-color:#2f65b0;color:#ffffff\">Retour accueil<\/a><\/div>\n","protected":false},"excerpt":{"rendered":"<p>R\u00e9duisez l&#8217;exc\u00e8s d&#8217;incidents, de presqu&#8217;accidents et d&#8217;accidents dans votre entreprise Votre entreprise est r\u00e9guli\u00e8rement confront\u00e9e aux incidents, accidents et surprimes de votre assureur Encodez tous vos incidents, vos presqu&#8217;accidents et vos accidents &#8230; Gr\u00e2ce \u00e0 ESOMUS, vous allez pouvoir analyser l&#8217;ensemble de tous vos incidents ou presqu&#8217;accidents. Gr\u00e2ce \u00e0 cette gestion, ESOMUS va pouvoir vous&hellip; <br \/> <a class=\"read-more\" href=\"https:\/\/esomus.com\/index.php\/accidents2\/\">Lire la suite<\/a><\/p>\n","protected":false},"author":1,"featured_media":0,"parent":0,"menu_order":0,"comment_status":"closed","ping_status":"closed","template":"","meta":{"_seopress_robots_primary_cat":"","_seopress_titles_title":"Trop d&#039;accidents dans votre entreprise !!! Esomus, peut vous aider...  ","_seopress_titles_desc":"","_seopress_robots_index":"","_themeisle_gutenberg_block_has_review":false,"footnotes":""},"class_list":["post-3913","page","type-page","status-publish","hentry"],"jetpack_sharing_enabled":true,"_links":{"self":[{"href":"https:\/\/esomus.com\/index.php\/wp-json\/wp\/v2\/pages\/3913","targetHints":{"allow":["GET"]}}],"collection":[{"href":"https:\/\/esomus.com\/index.php\/wp-json\/wp\/v2\/pages"}],"about":[{"href":"https:\/\/esomus.com\/index.php\/wp-json\/wp\/v2\/types\/page"}],"author":[{"embeddable":true,"href":"https:\/\/esomus.com\/index.php\/wp-json\/wp\/v2\/users\/1"}],"replies":[{"embeddable":true,"href":"https:\/\/esomus.com\/index.php\/wp-json\/wp\/v2\/comments?post=3913"}],"version-history":[{"count":15,"href":"https:\/\/esomus.com\/index.php\/wp-json\/wp\/v2\/pages\/3913\/revisions"}],"predecessor-version":[{"id":5332,"href":"https:\/\/esomus.com\/index.php\/wp-json\/wp\/v2\/pages\/3913\/revisions\/5332"}],"wp:attachment":[{"href":"https:\/\/esomus.com\/index.php\/wp-json\/wp\/v2\/media?parent=3913"}],"curies":[{"name":"wp","href":"https:\/\/api.w.org\/{rel}","templated":true}]}}