{"id":3726,"date":"2019-10-01T11:46:02","date_gmt":"2019-10-01T09:46:02","guid":{"rendered":"http:\/\/esomus.com\/?page_id=3726"},"modified":"2019-10-12T15:45:26","modified_gmt":"2019-10-12T13:45:26","slug":"cheklist","status":"publish","type":"page","link":"https:\/\/esomus.com\/index.php\/cheklist\/","title":{"rendered":"Les check-list"},"content":{"rendered":"\n<h1 style=\"text-align:center\" class=\"ticss-f412fb52 wp-block-heading\"><span style=\"color: #2f65b0;\"><strong>Cr\u00e9er vos check-list, <\/strong><\/span><br><span style=\"color: #2f65b0;\"><strong>vos formulaires selon vos besoins<\/strong><\/span><strong><br><br><\/strong><\/h1>\n\n\n\n<p class=\"has-text-color has-medium-font-size\"><div id=\"metaslider-id-3732\" style=\"width: 100%;\" class=\"ml-slider-3-107-0 metaslider metaslider-flex metaslider-3732 ml-slider has-dots-nav ms-theme-default\" role=\"region\" aria-label=\"chek-list\" data-height=\"300\" data-width=\"700\">\n    <div id=\"metaslider_container_3732\">\n        <div id=\"metaslider_3732\">\n            <ul class='slides'>\n                <li style=\"display: block; width: 100%;\" class=\"slide-3740 ms-image \" aria-roledescription=\"slide\" data-date=\"2019-10-01 11:55:53\" data-filename=\"composition-3309860_1280-700x300.jpg\" data-slide-type=\"image\"><img data-recalc-dims=\"1\" loading=\"lazy\" decoding=\"async\" src=\"https:\/\/i0.wp.com\/esomus.com\/wp-content\/uploads\/2019\/10\/composition-3309860_1280.jpg?resize=700%2C300&#038;ssl=1\" height=\"300\" width=\"700\" alt=\"Avant, Vos check-list, en papiers\" class=\"slider-3732 slide-3740 msDefaultImage\" title=\"Avant, Vos check-list, en papiers\" \/><div class=\"caption-wrap\"><div class=\"caption\">Avant, vos check-list, en papier<\/div><\/div><\/li>\n                <li style=\"display: none; width: 100%;\" class=\"slide-3741 ms-image \" aria-roledescription=\"slide\" data-date=\"2019-10-01 11:55:53\" data-filename=\"application-3399516_1280-700x300.jpg\" data-slide-type=\"image\"><img data-recalc-dims=\"1\" loading=\"lazy\" decoding=\"async\" src=\"https:\/\/i0.wp.com\/esomus.com\/wp-content\/uploads\/2019\/10\/application-3399516_1280.jpg?resize=700%2C300&#038;ssl=1\" height=\"300\" width=\"700\" alt=\"Cr\u00e9er vos check-list et formulaires une seule fois\" class=\"slider-3732 slide-3741 msDefaultImage\" title=\"Cr\u00e9er vos check-list et formulaires une seule fois\" \/><div class=\"caption-wrap\"><div class=\"caption\">Cr\u00e9er vos check-list et formulaires une seule fois<\/div><\/div><\/li>\n                <li style=\"display: none; width: 100%;\" class=\"slide-3742 ms-image \" aria-roledescription=\"slide\" data-date=\"2019-10-01 11:57:52\" data-filename=\"analysing-3976728_1280-700x300.jpg\" data-slide-type=\"image\"><img data-recalc-dims=\"1\" loading=\"lazy\" decoding=\"async\" src=\"https:\/\/i0.wp.com\/esomus.com\/wp-content\/uploads\/2019\/09\/analysing-3976728_1280.jpg?resize=700%2C300&#038;ssl=1\" height=\"300\" width=\"700\" alt=\"Aujourd&#039;hui, vos check-list et formulaires sur tablette\" class=\"slider-3732 slide-3742 msDefaultImage\" title=\"Aujourd&#039;hui, vos check-list et formulaires sur tablette\" \/><div class=\"caption-wrap\"><div class=\"caption\">Aujourd'hui, vos check-list et formulaires sur tablette<\/div><\/div><\/li>\n            <\/ul>\n        <\/div>\n        \n    <\/div>\n<\/div><\/p>\n\n\n\n<h2 class=\"wp-block-heading\" style=\"text-align:center\">Cr\u00e9ez vos formulaires,  <br>vos analyses de risques selon VOS besoins<\/h2>\n\n\n\n<p style=\"color:#6b6b6b;text-align:center\" class=\"has-text-color has-medium-font-size\"> Vous pourrez param\u00e9trer vos formulaires, tels que :<br>&#8211; Fiches de description d&#8217;\u00e9quipement<br>&#8211; Information sur votre entreprise<br>&#8211; Description d&#8217;une anomalie<br>&#8211; Check-list pour un contr\u00f4le, pour une maintenance, pour un audit, pour une analyse de risques&#8230;  <br>&#8211; Formulaire \u00e0 remplir lors d&#8217;un accident<br>&#8230;<\/p>\n\n\n\n<h2 class=\"wp-block-heading\" style=\"text-align:center\">N&#8217;oubliez rien lorsque vous partez sur la route !<\/h2>\n\n\n\n<p style=\"color:#6b6b6b;text-align:center\" class=\"has-text-color has-medium-font-size ticss-e1fa11a4\">Vous pouvez encoder dans la fiche de description param\u00e9trable <br>les \u00e9quipements dont vous avez besoin pour effectuer vos missions.<\/p>\n\n\n\n\n\n\n\n\n<style id=\"ea_dynamic_css3745\">#sp-ea-3745 .spcollapsing{height: 0; overflow: hidden; transition-property: height; transition-duration: 10ms;}#sp-ea-3745.sp-easy-accordion>.sp-ea-single.eap_inactive>.ea-header a {background-color: #bb0000 !important; color: #fff !important;}#sp-ea-3745.sp-easy-accordion>.sp-ea-single{ margin-bottom: 10px; border: 1px none #2f65b0; border-radius: 0;}#sp-ea-3745.sp-easy-accordion>.sp-ea-single.ea-expand{ border-color: #2f65b0;}#sp-ea-3745.sp-easy-accordion>.sp-ea-single:hover{ border-color: #2f65b0;}#sp-ea-3745.sp-easy-accordion>.sp-ea-single>.ea-header a {background: #ffffff;}#sp-ea-3745.sp-easy-accordion>.sp-ea-single.ea-expand>.ea-header a {background: #ffffff;}#sp-ea-3745.sp-easy-accordion>.sp-ea-single>.ea-header:hover a {background: #ffffff;}#sp-ea-3745.sp-easy-accordion>.sp-ea-single>.ea-header a .eap-title-icon { color: #dd3333;font-size: 20px;} #sp-ea-3745.sp-easy-accordion>.sp-ea-single>.ea-header a .eap-title-custom-icon {max-width: 20px;}#sp-ea-3745.sp-easy-accordion>.sp-ea-single>.ea-header:hover a .eap-title-icon {color: #dd3333;}#sp-ea-3745.sp-easy-accordion>.sp-ea-single.ea-expand>.ea-header a .eap-title-icon {color: #dd3333;}#sp-ea-3745.sp-easy-accordion>.sp-ea-single>.ea-header a {padding: 15px 15px 15px 15px; color: #444; font-size: 20px; line-height: 30px; text-align: left; letter-spacing: 0px; text-transform: none;}#sp-ea-3745.sp-easy-accordion>.sp-ea-single>.ea-header:hover a {color: #444;}#sp-ea-3745.sp-easy-accordion>.sp-ea-single.ea-expand>.ea-header a {color: #444;}#sp-ea-3745.sp-easy-accordion>.sp-ea-single>.sp-collapse>.ea-body p,#sp-ea-3745.sp-easy-accordion>.sp-ea-single>.sp-collapse>.ea-body{background: #fff; padding: 15px 15px 15px 15px; border-radius: 0 0 0 0; color: #444; font-size: 16px; text-align: left; letter-spacing: 0px; line-height: 26px; animation-delay: 200ms; text-transform: none;}#sp-ea-3745.sp-easy-accordion>.sp-ea-single>.ea-header a .ea-expand-icon.fa:before {color: #ffffff; font-size: 16px; font-style: normal;}#sp-ea-3745.sp-easy-accordion>.sp-ea-single>.ea-header:hover a .ea-expand-icon.fa:before {color: #ffffff;}#sp-ea-3745.sp-easy-accordion>.sp-ea-single.ea-expand>.ea-header a .ea-expand-icon.fa:before {color: #ffffff;}#sp-ea-3745.sp-easy-accordion>.sp-ea-single>.ea-header a {border-radius: 0;}#sp-ea-3745.sp-easy-accordion>.sp-ea-single>.ea-header a .sp-numbering .ea-expand-icon {background: none;}#sp-ea-3745.sp-easy-accordion>.sp-ea-single>.ea-header a .sp-numbering {background: #2f65b0; color: #ffffff; line-height: 56px;}#sp-ea-3745.sp-easy-accordion>.sp-ea-single>.ea-header:hover a .sp-numbering {background: #2f65b0; color: #ffffff;}#sp-ea-3745.sp-easy-accordion>.sp-ea-single.ea-expand>.ea-header a .sp-numbering {background: #2f65b0; color: #ffffff;}#sp-ea-3745.sp-easy-accordion>.sp-ea-single{background: none; overflow: visible;}#sp-ea-3745.sp-easy-accordion>.sp-ea-single>.ea-header a .sp-numbering {line-height: 60px; color: #ffffff; background: #2f65b0; top: 0;}#sp-ea-3745.sp-easy-accordion>.sp-ea-single>.ea-header:hover a .sp-numbering {color: #ffffff; background: #2f65b0;}#sp-ea-3745.sp-easy-accordion>.sp-ea-single.ea-expand>.ea-header a .sp-numbering {color: #ffffff; background: #2f65b0;}#sp-ea-3745 #eap_faq_search_bar_container {display:none; opacity:0;}#sp-ea-3745 #eap_faq_search_bar_container span::before{content:\"\";}#sp-ea-3745.sp-easy-accordion>.sp-ea-single>.sp-collapse>.ea-body p{ padding:0px}#sp-ea-3745>.sp-ea-single>.sp-collapse>.ea-body .eap-product-price {color: #444;}#sp-ea-3745.sp-easy-accordion>.sp-ea-single>.sp-collapse>.ea-body .eap-product-price del{color: rgba(68,68,68,0.71);}#sp-ea-3745.sp-easy-accordion>.sp-ea-single>.sp-collapse>.ea-body .eap-product-cart-button .woocommerce a { border: 1px solid #DAD6DA;border-radius: 2px;background-color: transparent;color: #444;}#sp-ea-3745.sp-easy-accordion>.sp-ea-single>.sp-collapse>.ea-body .eap-product-cart-button .woocommerce a:hover { border-color: #444;background-color: #444;color: #fff;}#sp-ea-3745.sp-easy-accordion>.sp-ea-single>>.sp-collapse>.ea-body .eap-product-cart-button .eap-product-quantity .eap_input_text {border: 1px solid #DAD6DA;}#sp-ea-3745.sp-easy-accordion>.sp-ea-single>.sp-collapse>.ea-body .eap-product-cart-button a.add_to_cart_button{position: relative;}<\/style><div id=\"sp-eap-accordion-section-3745\" class=\"sp-eap-container\"><div id=\"sp-ea-3745\" class=\"sp-ea-fourteen sp-ea-thirteen sp-easy-accordion \" data-ex-icon=\"fa-chevron-right\" data-col-icon=\"fa-chevron-down\" data-ea-active=\"ea-hover\" data-ea-mode=\"vertical\" data-ea-multi-column=\"\" data-ea-coll=\"\" data-keep-accordion=\"\" data-autoclose=\"\" data-preloader=\"\" data-scroll-active-item=\"\" data-offset-to-scroll=\"0\" data-autoplaytime=\"3000\" data-expand=\"\" data-post-id=\"3745\" >\t<div class=\"ea-card  sp-ea-single\"  data-accordion-id= \"0\">\n\n\t\t<h2 class=\"ea-header\">\n\t\t\t<a class=\"collapsed\" data-sptoggle=\"spcollapse\" rel=\"nofollow\" data-sptarget=\"#collapse37450\" href=\"#\" data-title=\"efaq-comment-faire-pour-devenir-sponsor-de-safetyplus\" aria-expanded=\"false\">\n\t\t\t\t<span class=\"sp-numbering\"> <i class=\"ea-expand-icon fa fa-chevron-down\"><\/i> <\/span> <span class=\"fa fa-eur eap-title-icon\"><\/span> Comment faire pour devenir SPONSOR de SafetyPlus ?\t\t\t<\/a>\n\t\t<\/h2>\n\n\t\t<div class=\"sp-collapse spcollapse spcollapse\" id=\"collapse37450\" data-parent=\"#sp-ea-3745\">\n\t\t<div class=\"ea-body\"> \n<div class=\"ea-content-wrapper animated fadeIn\"> \n\t<p><span style=\"color: #0000ff;\"><span style=\"color: #333333;\">Vous aller sur le site de SafetyPlus dans la rubrique Sponsor, lien : <a href=\"http:\/\/www.safetyplus.be\/#sponsors\" target=\"_blank\" rel=\"noopener\">DEVENIR SPONSOR<\/a><\/span><\/span><\/p>\n<p>Toutes les informations utiles sur le site\u00a0 :\u00a0 <a href=\"http:\/\/www.safetyplus.be\">SafetyPlus<\/a><\/p>\n<\/div>\n<\/div>\n\t\t\t<\/div>\n\t<\/div>\n\t\t<div class=\"ea-card  sp-ea-single\"  data-accordion-id= \"1\">\n\n\t\t<h2 class=\"ea-header\">\n\t\t\t<a class=\"collapsed\" data-sptoggle=\"spcollapse\" rel=\"nofollow\" data-sptarget=\"#collapse37451\" href=\"#\" data-title=\"efaq-comment-faire-pour-devenir-annonceur-chez-safetyplus\" aria-expanded=\"false\">\n\t\t\t\t<span class=\"sp-numbering\"> <i class=\"ea-expand-icon fa fa-chevron-down\"><\/i> <\/span> <span class=\"fa fa-comments eap-title-icon\"><\/span> Comment faire pour devenir ANNONCEUR chez SafetyPlus ?\t\t\t<\/a>\n\t\t<\/h2>\n\n\t\t<div class=\"sp-collapse spcollapse spcollapse\" id=\"collapse37451\" data-parent=\"#sp-ea-3745\">\n\t\t<div class=\"ea-body\"> \n<div class=\"ea-content-wrapper animated fadeIn\"> \n\t<p>Vous aller sur le site de SafetyPlus dans la rubrique Annonceurs , lien : <a href=\"http:\/\/www.safetyplus.be\/#valoriser-votre-entreprise\" target=\"_blank\" rel=\"noopener\">DEVENIR ANNONCEUR<\/a><\/p>\n<p>Toutes les informations utiles sur le site\u00a0 :\u00a0 <a href=\"http:\/\/www.safetyplus.be\">SafetyPlus<\/a><\/p>\n<\/div>\n<\/div>\n\t\t\t<\/div>\n\t<\/div>\n\t\t<div class=\"ea-card  sp-ea-single\"  data-accordion-id= \"2\">\n\n\t\t<h2 class=\"ea-header\">\n\t\t\t<a class=\"collapsed\" data-sptoggle=\"spcollapse\" rel=\"nofollow\" data-sptarget=\"#collapse37452\" href=\"#\" data-title=\"efaq-comment-faire-pour-obtenir-un-abonnement-chez-safetyplus\" aria-expanded=\"false\">\n\t\t\t\t<span class=\"sp-numbering\"> <i class=\"ea-expand-icon fa fa-chevron-down\"><\/i> <\/span> <span class=\"fa fa-suitcase eap-title-icon\"><\/span> Comment faire pour obtenir un ABONNEMENT chez SafetyPlus ?\t\t\t<\/a>\n\t\t<\/h2>\n\n\t\t<div class=\"sp-collapse spcollapse spcollapse\" id=\"collapse37452\" data-parent=\"#sp-ea-3745\">\n\t\t<div class=\"ea-body\"> \n<div class=\"ea-content-wrapper animated fadeIn\"> \n\t<p>Vous aller sur le site de SafetyPlus dans la rubrique Abonnements, lien : <a href=\"http:\/\/www.safetyplus.be\/#valoriser-votre-entreprise\" target=\"_blank\" rel=\"noopener\">Obtenir un abonnement<\/a><\/p>\n<p>il il y a un acc\u00e8s gratuit aux sites pour recevoir des informations g\u00e9n\u00e9riques et il y a un abonnement payant pour avoir acc\u00e8s a des outils sp\u00e9cifiques, forum sp\u00e9cialis\u00e9, offres partenaires, une rubrique emploi,\u00a0 documents, ....<\/p>\n<p>Toutes les informations utiles sur le site\u00a0 :\u00a0 <a href=\"http:\/\/www.safetyplus.be\">SafetyPlus<\/a><\/p>\n<\/div>\n<\/div>\n\t\t\t<\/div>\n\t<\/div>\n\t\t<div class=\"ea-card  sp-ea-single\"  data-accordion-id= \"3\">\n\n\t\t<h2 class=\"ea-header\">\n\t\t\t<a class=\"collapsed\" data-sptoggle=\"spcollapse\" rel=\"nofollow\" data-sptarget=\"#collapse37453\" href=\"#\" data-title=\"efaq-que-va-apporrter-safetyplus-a-esomus-par-ce-partenariat\" aria-expanded=\"false\">\n\t\t\t\t<span class=\"sp-numbering\"> <i class=\"ea-expand-icon fa fa-chevron-down\"><\/i> <\/span> <span class=\"fa fa-line-chart eap-title-icon\"><\/span> Que va apporrter SafetyPlus \u00e0 Esomus par ce partenariat ?\t\t\t<\/a>\n\t\t<\/h2>\n\n\t\t<div class=\"sp-collapse spcollapse spcollapse\" id=\"collapse37453\" data-parent=\"#sp-ea-3745\">\n\t\t<div class=\"ea-body\"> \n<div class=\"ea-content-wrapper animated fadeIn\"> \n\t<p>IL \u00e9tait venu le temps de remettre a jour les deux sites de la pr\u00e9vention et de la coordination.<br \/>\nLe CEO d'ESOMUS, <a href=\"https:\/\/www.linkedin.com\/in\/marc-crauwels-ba0b98ab\/\" target=\"_blank\" rel=\"noopener\">Marc Crauwels<\/a> \u00e0 d\u00e9cider de reprendre les deux sites et de les remettre \u00e0 jour et de les dynamiser le plus rapidement possible.<\/p>\n<p>La reprise de ces sites sont la suite logique pour \u00e9galement \u00eatre en liaison permanente avec l'outil professionnel ESOMUS et de rendre toutes les informations utiles et voire n\u00e9cessaires pour un travail au quotidien pour les conseillers en pr\u00e9vention, les coordinateurs, les managers, les responsables d'entreprises ainsi que les directions afin de faire le suivi par Esomus et d'avoir toutes les informations par <a href=\"http:\/\/www.safetyplus.be\" target=\"_blank\" rel=\"noopener\">SafetyPlus<\/a>.<\/p>\n<p>Toutes les informations utiles sur le site\u00a0 :\u00a0 <a href=\"http:\/\/www.safetyplus.be\">SafetyPlus<\/a><\/p>\n<\/div>\n<\/div>\n\t\t\t<\/div>\n\t<\/div>\n\t\t<div class=\"ea-card  sp-ea-single\"  data-accordion-id= \"4\">\n\n\t\t<h2 class=\"ea-header\">\n\t\t\t<a class=\"collapsed\" data-sptoggle=\"spcollapse\" rel=\"nofollow\" data-sptarget=\"#collapse37454\" href=\"#\" data-title=\"efaq-date-de-mise-en-ligne-des-deux-nouveaux-sites\" aria-expanded=\"false\">\n\t\t\t\t<span class=\"sp-numbering\"> <i class=\"ea-expand-icon fa fa-chevron-down\"><\/i> <\/span> <span class=\"fa fa-calendar eap-title-icon\"><\/span> Date de mise en ligne des deux nouveaux sites ?\t\t\t<\/a>\n\t\t<\/h2>\n\n\t\t<div class=\"sp-collapse spcollapse spcollapse\" id=\"collapse37454\" data-parent=\"#sp-ea-3745\">\n\t\t<div class=\"ea-body\"> \n<div class=\"ea-content-wrapper animated fadeIn\"> \n\t<p>Notre \u00e9quipe et nos sous-traitants travaillent depuis quelques mois sur la refonte des deux sites, la mise en ligne se fera tr\u00e8s rapidement, mais pour tous les futur(e)s utilisateurs de ce nouvel outil d'informations, nous voulons \u00eatre prudent en vous annon\u00e7ant la mise en ligne pour le d\u00e9but septembre 2021.<\/p>\n<p>Toutes les informations utiles sur le site\u00a0 :\u00a0 <a href=\"http:\/\/www.safetyplus.be\">SafetyPlus<\/a><\/p>\n<\/div>\n<\/div>\n\t\t\t<\/div>\n\t<\/div>\n\t\t<div class=\"ea-card  sp-ea-single\"  data-accordion-id= \"5\">\n\n\t\t<h2 class=\"ea-header\">\n\t\t\t<a class=\"collapsed\" data-sptoggle=\"spcollapse\" rel=\"nofollow\" data-sptarget=\"#collapse37455\" href=\"#\" data-title=\"efaq-que-va-proposer-safetyplus-sur-ces-nouveaux-sites\" aria-expanded=\"false\">\n\t\t\t\t<span class=\"sp-numbering\"> <i class=\"ea-expand-icon fa fa-chevron-down\"><\/i> <\/span> <span class=\"fa fa-search eap-title-icon\"><\/span> Que va proposer Safetyplus sur ces nouveaux sites ?\t\t\t<\/a>\n\t\t<\/h2>\n\n\t\t<div class=\"sp-collapse spcollapse spcollapse\" id=\"collapse37455\" data-parent=\"#sp-ea-3745\">\n\t\t<div class=\"ea-body\"> \n<div class=\"ea-content-wrapper animated fadeIn\"> \n\t<p><a href=\"http:\/\/www.safetyplus.be\" target=\"_blank\" rel=\"noopener\">SafetyPlus<\/a> va proposer un ensemble de nouvelles fonctionnalit\u00e9s inexistantes, comme un forum professionnel, un site d'annonce d'emploi m\u00e9tier, et bien d'autre choses utiles et n\u00e9cessaires au quotidien pour la pr\u00e9vention, la gestion des risques en entreprises, <a href=\"http:\/\/www.safetyplus.be\/#overlappable-4\" target=\"_blank\" rel=\"noopener\">nouvelles fonctionnalit\u00e9s<\/a><\/p>\n<p>Toutes les informations utiles sur le site\u00a0 :\u00a0 <a href=\"http:\/\/www.safetyplus.be\">SafetyPlus<\/a><\/p>\n<\/div>\n<\/div>\n\t\t\t<\/div>\n\t<\/div>\n\t\t<div class=\"ea-card  sp-ea-single\"  data-accordion-id= \"6\">\n\n\t\t<h2 class=\"ea-header\">\n\t\t\t<a class=\"collapsed\" data-sptoggle=\"spcollapse\" rel=\"nofollow\" data-sptarget=\"#collapse37456\" href=\"#\" data-title=\"efaq-autres-informations-et-contact-safetyplus\" aria-expanded=\"false\">\n\t\t\t\t<span class=\"sp-numbering\"> <i class=\"ea-expand-icon fa fa-chevron-down\"><\/i> <\/span> <span class=\"fa fa-cog eap-title-icon\"><\/span> Autres informations et contact SafetyPlus\t\t\t<\/a>\n\t\t<\/h2>\n\n\t\t<div class=\"sp-collapse spcollapse spcollapse\" id=\"collapse37456\" data-parent=\"#sp-ea-3745\">\n\t\t<div class=\"ea-body\"> \n<div class=\"ea-content-wrapper animated fadeIn\"> \n\t<p>Pour plus de renseignements, vous pouvez aller sur le site de <a href=\"http:\/\/www.savetyplus.be\" target=\"_blank\" rel=\"noopener\">SafetyPlus<\/a><\/p>\n<p><span style=\"color: #008080;\"><strong>Nous contacter :<\/strong> <\/span><\/p>\n<p><strong>Marc CRAUWELS<br \/>\n<\/strong>CEO SAFETYPLUS<\/p>\n<p>Rue de l\u2019Arbre \u00e0 la Croix<br \/>\nBelgique -\u00a0 4460 Horion-Hozemont<\/p>\n<p>BCE : 0757673433 \/ FINTRO : BE08 1431 1330\u00a0 6613<br \/>\nMobile : 0471 \/ 49 34 11\u00a0 \/ T\u00e9l\u00e9phone : 04 \/ 265 61 92<\/p>\n<p>Mail\u00a0: <a href=\"mailto:marc.crauwels@safetyplus.be\">marc.crauwels@safetyplus.be<\/a><br \/>\nSite\u00a0:\u00a0 <a href=\"http:\/\/www.safetyplus.be\/\">www.safetyplus.be<\/a><\/p>\n<\/div>\n<\/div>\n\t\t\t<\/div>\n\t<\/div>\n\t<\/div><\/div>\n\n\n\n\n\n<div class=\"wp-block-button alignright\"><a class=\"wp-block-button__link has-text-color has-background\" href=\"https:\/\/www.esomus.com\" style=\"background-color:#2f65b0;color:#ffffff\">Retour accueil<\/a><\/div>\n","protected":false},"excerpt":{"rendered":"<p>Cr\u00e9er vos check-list, vos formulaires selon vos besoins Cr\u00e9ez vos formulaires, vos analyses de risques selon VOS besoins Vous pourrez param\u00e9trer vos formulaires, tels que :&#8211; Fiches de description d&#8217;\u00e9quipement&#8211; Information sur votre entreprise&#8211; Description d&#8217;une anomalie&#8211; Check-list pour un contr\u00f4le, pour une maintenance, pour un audit, pour une analyse de risques&#8230; &#8211; Formulaire \u00e0&hellip; <br \/> <a class=\"read-more\" href=\"https:\/\/esomus.com\/index.php\/cheklist\/\">Lire la suite<\/a><\/p>\n","protected":false},"author":1,"featured_media":0,"parent":0,"menu_order":0,"comment_status":"closed","ping_status":"closed","template":"","meta":{"_seopress_robots_primary_cat":"","_seopress_titles_title":"Trop d&#039;accidents dans votre entreprise !!! Esomus, peut vous aider...  ","_seopress_titles_desc":"","_seopress_robots_index":"","_themeisle_gutenberg_block_has_review":false,"footnotes":""},"class_list":["post-3726","page","type-page","status-publish","hentry"],"jetpack_sharing_enabled":true,"_links":{"self":[{"href":"https:\/\/esomus.com\/index.php\/wp-json\/wp\/v2\/pages\/3726","targetHints":{"allow":["GET"]}}],"collection":[{"href":"https:\/\/esomus.com\/index.php\/wp-json\/wp\/v2\/pages"}],"about":[{"href":"https:\/\/esomus.com\/index.php\/wp-json\/wp\/v2\/types\/page"}],"author":[{"embeddable":true,"href":"https:\/\/esomus.com\/index.php\/wp-json\/wp\/v2\/users\/1"}],"replies":[{"embeddable":true,"href":"https:\/\/esomus.com\/index.php\/wp-json\/wp\/v2\/comments?post=3726"}],"version-history":[{"count":14,"href":"https:\/\/esomus.com\/index.php\/wp-json\/wp\/v2\/pages\/3726\/revisions"}],"predecessor-version":[{"id":4311,"href":"https:\/\/esomus.com\/index.php\/wp-json\/wp\/v2\/pages\/3726\/revisions\/4311"}],"wp:attachment":[{"href":"https:\/\/esomus.com\/index.php\/wp-json\/wp\/v2\/media?parent=3726"}],"curies":[{"name":"wp","href":"https:\/\/api.w.org\/{rel}","templated":true}]}}