{"id":1735,"date":"2019-09-09T06:15:19","date_gmt":"2019-09-09T04:15:19","guid":{"rendered":"http:\/\/esomus.com\/?page_id=1735"},"modified":"2019-10-12T15:24:08","modified_gmt":"2019-10-12T13:24:08","slug":"temps-reel","status":"publish","type":"page","link":"https:\/\/esomus.com\/index.php\/temps-reel\/","title":{"rendered":"En temps r\u00e9el"},"content":{"rendered":"\n<h1 style=\"text-align:center\" class=\"ticss-3a249ccb wp-block-heading\"><strong>Toutes vos informations en temps r\u00e9el <\/strong><\/h1>\n\n\n<div id=\"metaslider-id-3296\" style=\"width: 100%;\" class=\"ml-slider-3-108-0 metaslider metaslider-flex metaslider-3296 ml-slider has-dots-nav ms-theme-default\" role=\"region\" aria-label=\"en temps r\u00e9el\" data-height=\"300\" data-width=\"700\">\n    <div id=\"metaslider_container_3296\">\n        <div id=\"metaslider_3296\">\n            <ul class='slides'>\n                <li style=\"display: block; width: 100%;\" class=\"slide-3300 ms-image \" aria-roledescription=\"slide\" data-date=\"2019-09-23 16:44:22\" data-filename=\"hand-3200400_1280-700x300.jpg\" data-slide-type=\"image\"><img data-recalc-dims=\"1\" loading=\"lazy\" decoding=\"async\" src=\"https:\/\/i0.wp.com\/esomus.com\/wp-content\/uploads\/2019\/09\/hand-3200400_1280.jpg?resize=700%2C300&#038;ssl=1\" height=\"300\" width=\"700\" alt=\"A tout moment, connaitre le statut de son entreprise\" class=\"slider-3296 slide-3300 msDefaultImage\" title=\"A tout moment, connaitre le statut de son entreprise\" \/><div class=\"caption-wrap\"><div class=\"caption\">A tout moment , connaitre le statut de son entreprise<\/div><\/div><\/li>\n                <li style=\"display: none; width: 100%;\" class=\"slide-3301 ms-image \" aria-roledescription=\"slide\" data-date=\"2019-09-23 16:44:23\" data-filename=\"hourglass-620397_1280-700x300.jpg\" data-slide-type=\"image\"><img data-recalc-dims=\"1\" loading=\"lazy\" decoding=\"async\" src=\"https:\/\/i0.wp.com\/esomus.com\/wp-content\/uploads\/2019\/09\/hourglass-620397_1280.jpg?resize=700%2C300&#038;ssl=1\" height=\"300\" width=\"700\" alt=\"Esomus, en temps r\u00e9el\" class=\"slider-3296 slide-3301 msDefaultImage\" title=\"Esomus, en temps r\u00e9el\" \/><div class=\"caption-wrap\"><div class=\"caption\">Esomus, en temps r\u00e9el<\/div><\/div><\/li>\n                <li style=\"display: none; width: 100%;\" class=\"slide-3302 ms-image \" aria-roledescription=\"slide\" data-date=\"2019-09-23 16:44:23\" data-filename=\"moon-1859616_1280-700x300.jpg\" data-slide-type=\"image\"><img data-recalc-dims=\"1\" loading=\"lazy\" decoding=\"async\" src=\"https:\/\/i0.wp.com\/esomus.com\/wp-content\/uploads\/2019\/09\/moon-1859616_1280.jpg?resize=700%2C300&#038;ssl=1\" height=\"300\" width=\"700\" alt=\"De partout et m\u00eame d&#039;ailleurs, en tout temps, je suis mon entreprise\" class=\"slider-3296 slide-3302 msDefaultImage\" title=\"De partout et m\u00eame d&#039;ailleurs, en tout temps, je suis mon entreprise\" \/><div class=\"caption-wrap\"><div class=\"caption\">De partout et m\u00eame d'ailleurs, en tout temps, je suis mon entreprise<\/div><\/div><\/li>\n            <\/ul>\n        <\/div>\n        \n    <\/div>\n<\/div>\n\n\n\n<p style=\"color:#6a6a6a;text-align:center\" class=\"has-text-color has-medium-font-size\">Pourquoi en temps r\u00e9el ? Pour qu&#8217;\u00e0 chaque instant, vous puissiez d\u00e9crire une anomalie, trouver le document n\u00e9cessaire, le dernier rapport&#8230;<br>Aussi, vous pourrez fournir et partager directement les derniers rapports et connaitre le statut de votre entreprise et de tous vos \u00e9quipements, ainsi que les risques li\u00e9s.<br><strong>\u00catre efficace \u00e0 tout moment !!<\/strong><\/p>\n\n\n\n\n\n<h2 style=\"text-align:center\" class=\"ticss-63887dc6 wp-block-heading\">   Votre entreprise a de l&#8217;importance <\/h2>\n\n\n\n<p style=\"color:#6b6b6b;text-align:center\" class=\"has-text-color has-medium-font-size\"><strong><em>ESOMUS<\/em><\/strong>, de par son m\u00e9canisme, vous assiste et vous informe en temps r\u00e9el, sur les priorit\u00e9s, les deadlines, les urgences pour une organisation de la s\u00e9curit\u00e9 plus efficace .<\/p>\n\n\n\n\n\n\n\n\n<style id=\"ea_dynamic_css1738\">#sp-ea-1738 .spcollapsing{height: 0; overflow: hidden; transition-property: height; transition-duration: 10ms;}#sp-ea-1738.sp-easy-accordion>.sp-ea-single.eap_inactive>.ea-header a {background-color: #bb0000 !important; color: #fff !important;}#sp-ea-1738.sp-easy-accordion>.sp-ea-single{ margin-bottom: 10px; border: 1px none #2f65b0; border-radius: 0;}#sp-ea-1738.sp-easy-accordion>.sp-ea-single.ea-expand{ border-color: #2f65b0;}#sp-ea-1738.sp-easy-accordion>.sp-ea-single:hover{ border-color: #2f65b0;}#sp-ea-1738.sp-easy-accordion>.sp-ea-single>.ea-header a {background: #ffffff;}#sp-ea-1738.sp-easy-accordion>.sp-ea-single.ea-expand>.ea-header a {background: #ffffff;}#sp-ea-1738.sp-easy-accordion>.sp-ea-single>.ea-header:hover a {background: #ffffff;}#sp-ea-1738.sp-easy-accordion>.sp-ea-single>.ea-header a .eap-title-icon { color: #dd3333;font-size: 20px;} #sp-ea-1738.sp-easy-accordion>.sp-ea-single>.ea-header a .eap-title-custom-icon {max-width: 20px;}#sp-ea-1738.sp-easy-accordion>.sp-ea-single>.ea-header:hover a .eap-title-icon {color: #dd3333;}#sp-ea-1738.sp-easy-accordion>.sp-ea-single.ea-expand>.ea-header a .eap-title-icon {color: #dd3333;}#sp-ea-1738.sp-easy-accordion>.sp-ea-single>.ea-header a {padding: 15px 15px 15px 15px; color: #444; font-size: 20px; line-height: 30px; text-align: left; letter-spacing: 0px; text-transform: none;}#sp-ea-1738.sp-easy-accordion>.sp-ea-single>.ea-header:hover a {color: #444;}#sp-ea-1738.sp-easy-accordion>.sp-ea-single.ea-expand>.ea-header a {color: #444;}#sp-ea-1738.sp-easy-accordion>.sp-ea-single>.sp-collapse>.ea-body p,#sp-ea-1738.sp-easy-accordion>.sp-ea-single>.sp-collapse>.ea-body{background: #fff; padding: 15px 15px 15px 15px; border-radius: 0 0 0 0; color: #444; font-size: 16px; text-align: left; letter-spacing: 0px; line-height: 26px; animation-delay: 200ms; text-transform: none;}#sp-ea-1738.sp-easy-accordion>.sp-ea-single>.ea-header a .ea-expand-icon.fa:before {color: #ffffff; font-size: 16px; font-style: normal;}#sp-ea-1738.sp-easy-accordion>.sp-ea-single>.ea-header:hover a .ea-expand-icon.fa:before {color: #ffffff;}#sp-ea-1738.sp-easy-accordion>.sp-ea-single.ea-expand>.ea-header a .ea-expand-icon.fa:before {color: #ffffff;}#sp-ea-1738.sp-easy-accordion>.sp-ea-single>.ea-header a {border-radius: 0;}#sp-ea-1738.sp-easy-accordion>.sp-ea-single>.ea-header a .sp-numbering .ea-expand-icon {background: none;}#sp-ea-1738.sp-easy-accordion>.sp-ea-single>.ea-header a .sp-numbering {background: #2f65b0; color: #ffffff; line-height: 56px;}#sp-ea-1738.sp-easy-accordion>.sp-ea-single>.ea-header:hover a .sp-numbering {background: #2f65b0; color: #ffffff;}#sp-ea-1738.sp-easy-accordion>.sp-ea-single.ea-expand>.ea-header a .sp-numbering {background: #2f65b0; color: #ffffff;}#sp-ea-1738.sp-easy-accordion>.sp-ea-single{background: none; overflow: visible;}#sp-ea-1738.sp-easy-accordion>.sp-ea-single>.ea-header a .sp-numbering {line-height: 60px; color: #ffffff; background: #2f65b0; top: 0;}#sp-ea-1738.sp-easy-accordion>.sp-ea-single>.ea-header:hover a .sp-numbering {color: #ffffff; background: #2f65b0;}#sp-ea-1738.sp-easy-accordion>.sp-ea-single.ea-expand>.ea-header a .sp-numbering {color: #ffffff; background: #2f65b0;}#sp-ea-1738 #eap_faq_search_bar_container {display:none; opacity:0;}#sp-ea-1738 #eap_faq_search_bar_container span::before{content:\"\";}#sp-ea-1738.sp-easy-accordion>.sp-ea-single>.sp-collapse>.ea-body p{ padding:0px}#sp-ea-1738>.sp-ea-single>.sp-collapse>.ea-body .eap-product-price {color: #444;}#sp-ea-1738.sp-easy-accordion>.sp-ea-single>.sp-collapse>.ea-body .eap-product-price del{color: rgba(68,68,68,0.71);}#sp-ea-1738.sp-easy-accordion>.sp-ea-single>.sp-collapse>.ea-body .eap-product-cart-button .woocommerce a { border: 1px solid #DAD6DA;border-radius: 2px;background-color: transparent;color: #444;}#sp-ea-1738.sp-easy-accordion>.sp-ea-single>.sp-collapse>.ea-body .eap-product-cart-button .woocommerce a:hover { border-color: #444;background-color: #444;color: #fff;}#sp-ea-1738.sp-easy-accordion>.sp-ea-single>>.sp-collapse>.ea-body .eap-product-cart-button .eap-product-quantity .eap_input_text {border: 1px solid #DAD6DA;}#sp-ea-1738.sp-easy-accordion>.sp-ea-single>.sp-collapse>.ea-body .eap-product-cart-button a.add_to_cart_button{position: relative;}<\/style><div id=\"sp-eap-accordion-section-1738\" class=\"sp-eap-container\"><div id=\"sp-ea-1738\" class=\"sp-ea-fourteen sp-ea-thirteen sp-easy-accordion \" data-ex-icon=\"fa-chevron-right\" data-col-icon=\"fa-chevron-down\" data-ea-active=\"ea-hover\" data-ea-mode=\"vertical\" data-ea-multi-column=\"\" data-ea-coll=\"\" data-keep-accordion=\"\" data-autoclose=\"\" data-preloader=\"\" data-scroll-active-item=\"\" data-offset-to-scroll=\"0\" data-autoplaytime=\"3000\" data-expand=\"\" data-post-id=\"1738\" >\t<div class=\"ea-card  sp-ea-single\"  data-accordion-id= \"0\">\n\n\t\t<h2 class=\"ea-header\">\n\t\t\t<a class=\"collapsed\" data-sptoggle=\"spcollapse\" rel=\"nofollow\" data-sptarget=\"#collapse17380\" href=\"#\" data-title=\"efaq-les-documents-a-jour\" aria-expanded=\"false\">\n\t\t\t\t<span class=\"sp-numbering\"> <i class=\"ea-expand-icon fa fa-chevron-down\"><\/i> <\/span>  Les documents \u00e0 jour \t\t\t<\/a>\n\t\t<\/h2>\n\n\t\t<div class=\"sp-collapse spcollapse spcollapse\" id=\"collapse17380\" data-parent=\"#sp-ea-1738\">\n\t\t<div class=\"ea-body\"> \n<div class=\"ea-content-wrapper animated fadeIn\"> \n\t<p><strong>ESOMUS<\/strong> fournit aux utilisateurs les mises \u00e0 jour de tous les documents, les derni\u00e8res informations, les derniers contr\u00f4les et les <a href=\"http:\/\/esomus.com\/index.php\/documents\/\" target=\"_blank\" rel=\"noopener\">derniers rapports.<\/a><\/p>\n<\/div>\n<\/div>\n\t\t\t<\/div>\n\t<\/div>\n\t\t<div class=\"ea-card  sp-ea-single\"  data-accordion-id= \"1\">\n\n\t\t<h2 class=\"ea-header\">\n\t\t\t<a class=\"collapsed\" data-sptoggle=\"spcollapse\" rel=\"nofollow\" data-sptarget=\"#collapse17381\" href=\"#\" data-title=\"efaq-mon-entreprise-et-le-temps-reel\" aria-expanded=\"false\">\n\t\t\t\t<span class=\"sp-numbering\"> <i class=\"ea-expand-icon fa fa-chevron-down\"><\/i> <\/span>  Mon entreprise et le temps r\u00e9el\t\t\t<\/a>\n\t\t<\/h2>\n\n\t\t<div class=\"sp-collapse spcollapse spcollapse\" id=\"collapse17381\" data-parent=\"#sp-ea-1738\">\n\t\t<div class=\"ea-body\"> \n<div class=\"ea-content-wrapper animated fadeIn\"> \n\t<p>En temps r\u00e9el, avec <strong>ESOMUS<\/strong>, vous allez pouvoir <a href=\"http:\/\/esomus.com\/index.php\/dashboard\/\" target=\"_blank\" rel=\"noopener\">suivre<\/a>, analyser et recevoir les bonnes informations pour prendre en charge les priorit\u00e9s, voire les urgences.<br \/>\n<strong>Connaitre le statut de votre entreprise en temps r\u00e9el a toute son importance<\/strong><\/p>\n<\/div>\n<\/div>\n\t\t\t<\/div>\n\t<\/div>\n\t\t<div class=\"ea-card  sp-ea-single\"  data-accordion-id= \"2\">\n\n\t\t<h2 class=\"ea-header\">\n\t\t\t<a class=\"collapsed\" data-sptoggle=\"spcollapse\" rel=\"nofollow\" data-sptarget=\"#collapse17382\" href=\"#\" data-title=\"efaq-pourquoi-avoir-les-informations-en-temps-reel\" aria-expanded=\"false\">\n\t\t\t\t<span class=\"sp-numbering\"> <i class=\"ea-expand-icon fa fa-chevron-down\"><\/i> <\/span>  Pourquoi avoir les informations en temps r\u00e9el ?\t\t\t<\/a>\n\t\t<\/h2>\n\n\t\t<div class=\"sp-collapse spcollapse spcollapse\" id=\"collapse17382\" data-parent=\"#sp-ea-1738\">\n\t\t<div class=\"ea-body\"> \n<div class=\"ea-content-wrapper animated fadeIn\"> \n\t<p><span style=\"color: #0000ff;\"><span style=\"color: #333333;\">Pour plus d'efficacit\u00e9 \u00e0 tout moment, pouvoir fournir, recevoir et trouver la bonne information.<br \/>\nNe plus chercher <a href=\"http:\/\/esomus.com\/index.php\/documents\/\" target=\"_blank\" rel=\"noopener\">le dernier document<\/a>, le rapport et le fournir directement.<br \/>\nCela vous donnera un avantage suppl\u00e9mentaire sur votre organisation dans votre entreprise.<br \/>\n<\/span><\/span><\/p>\n<\/div>\n<\/div>\n\t\t\t<\/div>\n\t<\/div>\n\t<\/div><\/div>\n\n\n\n\n\n<div class=\"wp-block-button alignright\"><a class=\"wp-block-button__link has-text-color has-background\" href=\"https:\/\/www.esomus.com\" style=\"background-color:#2f65b0;color:#ffffff\">Retour accueil<\/a><\/div>\n","protected":false},"excerpt":{"rendered":"<p>Toutes vos informations en temps r\u00e9el Pourquoi en temps r\u00e9el ? Pour qu&#8217;\u00e0 chaque instant, vous puissiez d\u00e9crire une anomalie, trouver le document n\u00e9cessaire, le dernier rapport&#8230;Aussi, vous pourrez fournir et partager directement les derniers rapports et connaitre le statut de votre entreprise et de tous vos \u00e9quipements, ainsi que les risques li\u00e9s.\u00catre efficace \u00e0&hellip; <br \/> <a class=\"read-more\" href=\"https:\/\/esomus.com\/index.php\/temps-reel\/\">Lire la suite<\/a><\/p>\n","protected":false},"author":1,"featured_media":0,"parent":0,"menu_order":0,"comment_status":"closed","ping_status":"closed","template":"","meta":{"_seopress_robots_primary_cat":"","_seopress_titles_title":"Toutes vos informations en temps r\u00e9el... ","_seopress_titles_desc":"A chaque instant, vous pouvez d\u00e9crire une anomalie, trouvez le document n\u00e9cessaire, le dernier rapport, ...\r\nAussi, vous pourrez fournir et partager directement les derniers rapports, et de connaitre le statut de votre entreprise, de votre infrastructure et de tous vos \u00e9quipements, ainsi que les risques.\r\n\u00catre efficace \u00e0 tout moment !!","_seopress_robots_index":"","_themeisle_gutenberg_block_has_review":false,"footnotes":""},"class_list":["post-1735","page","type-page","status-publish","hentry"],"jetpack_sharing_enabled":true,"_links":{"self":[{"href":"https:\/\/esomus.com\/index.php\/wp-json\/wp\/v2\/pages\/1735","targetHints":{"allow":["GET"]}}],"collection":[{"href":"https:\/\/esomus.com\/index.php\/wp-json\/wp\/v2\/pages"}],"about":[{"href":"https:\/\/esomus.com\/index.php\/wp-json\/wp\/v2\/types\/page"}],"author":[{"embeddable":true,"href":"https:\/\/esomus.com\/index.php\/wp-json\/wp\/v2\/users\/1"}],"replies":[{"embeddable":true,"href":"https:\/\/esomus.com\/index.php\/wp-json\/wp\/v2\/comments?post=1735"}],"version-history":[{"count":16,"href":"https:\/\/esomus.com\/index.php\/wp-json\/wp\/v2\/pages\/1735\/revisions"}],"predecessor-version":[{"id":4305,"href":"https:\/\/esomus.com\/index.php\/wp-json\/wp\/v2\/pages\/1735\/revisions\/4305"}],"wp:attachment":[{"href":"https:\/\/esomus.com\/index.php\/wp-json\/wp\/v2\/media?parent=1735"}],"curies":[{"name":"wp","href":"https:\/\/api.w.org\/{rel}","templated":true}]}}