{"id":1620,"date":"2019-09-08T05:29:24","date_gmt":"2019-09-08T03:29:24","guid":{"rendered":"http:\/\/esomus.com\/?page_id=1620"},"modified":"2019-10-12T15:14:36","modified_gmt":"2019-10-12T13:14:36","slug":"qr-codes","status":"publish","type":"page","link":"https:\/\/esomus.com\/index.php\/qr-codes\/","title":{"rendered":"QR-CODES"},"content":{"rendered":"\n<h1 style=\"text-align:center\" class=\"ticss-65a7c400 wp-block-heading\"><strong>Vos \u00e9quipements suivis par les QR codes <\/strong><br><strong>pour plus d&#8217;efficacit\u00e9 sur le terrain<\/strong><\/h1>\n\n\n<div id=\"metaslider-id-3387\" style=\"width: 100%;\" class=\"ml-slider-3-109-0 metaslider metaslider-flex metaslider-3387 ml-slider has-dots-nav ms-theme-default\" role=\"region\" aria-label=\"qr codes\" data-height=\"300\" data-width=\"700\">\n    <div id=\"metaslider_container_3387\">\n        <div id=\"metaslider_3387\">\n            <ul class='slides'>\n                <li style=\"display: block; width: 100%;\" class=\"slide-3408 ms-image \" aria-roledescription=\"slide\" data-date=\"2019-09-23 19:20:46\" data-filename=\"qr-code-1903447_1280-700x300.jpg\" data-slide-type=\"image\"><img data-recalc-dims=\"1\" loading=\"lazy\" decoding=\"async\" src=\"https:\/\/i0.wp.com\/esomus.com\/wp-content\/uploads\/2019\/09\/qr-code-1903447_1280.jpg?resize=700%2C300&#038;ssl=1\" height=\"300\" width=\"700\" alt=\"Lecteur QR-Code\" class=\"slider-3387 slide-3408 msDefaultImage\" title=\"Lecteur QR-Code\" \/><div class=\"caption-wrap\"><div class=\"caption\">Appli et Lecteur QR-Code<\/div><\/div><\/li>\n                <li style=\"display: none; width: 100%;\" class=\"slide-3409 ms-image \" aria-roledescription=\"slide\" data-date=\"2019-09-23 19:22:52\" data-filename=\"analysing-3976728_1280-700x300.jpg\" data-slide-type=\"image\"><img data-recalc-dims=\"1\" loading=\"lazy\" decoding=\"async\" src=\"https:\/\/i0.wp.com\/esomus.com\/wp-content\/uploads\/2019\/09\/analysing-3976728_1280.jpg?resize=700%2C300&#038;ssl=1\" height=\"300\" width=\"700\" alt=\"Une connexion valide\" class=\"slider-3387 slide-3409 msDefaultImage\" title=\"Une connexion valide\" \/><div class=\"caption-wrap\"><div class=\"caption\">Une connexion valide<\/div><\/div><\/li>\n                <li style=\"display: none; width: 100%;\" class=\"slide-3407 ms-image \" aria-roledescription=\"slide\" data-date=\"2019-09-23 19:20:46\" data-filename=\"paper-3249919_12801-700x300.jpg\" data-slide-type=\"image\"><img data-recalc-dims=\"1\" loading=\"lazy\" decoding=\"async\" src=\"https:\/\/i0.wp.com\/esomus.com\/wp-content\/uploads\/2019\/09\/paper-3249919_12801.jpg?resize=700%2C300&#038;ssl=1\" height=\"300\" width=\"700\" alt=\"Connaitre les infos , le statut de l&#039;\u00e9quipement, en ordre, pas en ordre \" class=\"slider-3387 slide-3407 msDefaultImage\" title=\"Connaitre les infos , le statut de l&#039;\u00e9quipement, en ordre, pas en ordre \" \/><div class=\"caption-wrap\"><div class=\"caption\">Connaitre les infos de l'\u00e9quipement en ordre, pas en ordre <\/div><\/div><\/li>\n            <\/ul>\n        <\/div>\n        \n    <\/div>\n<\/div>\n\n\n\n<p style=\"color:#6b6b6b;text-align:center\" class=\"has-text-color has-medium-font-size\"><strong><em>A tout moment,<\/em><\/strong> avec votre tablette, votre smartphone vous pourrez, en scannant le QR-code, encoder une anomalie de l&#8217;\u00e9quipement d\u00e9fectueux.<br><strong><em>Avec votre tablette et un acc\u00e8s valide<\/em><\/strong>, en scannant le QR-code, <strong>ESOMUS <\/strong>vous montrera \u00e9galement l&#8217;historique, les derniers rapports, les proc\u00e9dures, les fiches, l&#8217;ensemble des risques li\u00e9s \u00e0 un \u00e9quipement, et de savoir, le cas \u00e9ch\u00e9ant, s&#8217;il est en ordre, en cours de  contr\u00f4le, voire d\u00e9fectueux  &#8230;<\/p>\n\n\n\n<h3 style=\"text-align:center\" class=\"ticss-a95ff035 wp-block-heading\">Vous allez encore \u00eatre plus efficace et gagner du temps <\/h3>\n\n\n\n\n\n\n\n\n<style id=\"ea_dynamic_css1629\">#sp-ea-1629 .spcollapsing{height: 0; overflow: hidden; transition-property: height; transition-duration: 10ms;}#sp-ea-1629.sp-easy-accordion>.sp-ea-single.eap_inactive>.ea-header a {background-color: #bb0000 !important; color: #fff !important;}#sp-ea-1629.sp-easy-accordion>.sp-ea-single{ margin-bottom: 10px; border: 1px none #2f65b0; border-radius: 0;}#sp-ea-1629.sp-easy-accordion>.sp-ea-single.ea-expand{ border-color: #2f65b0;}#sp-ea-1629.sp-easy-accordion>.sp-ea-single:hover{ border-color: #2f65b0;}#sp-ea-1629.sp-easy-accordion>.sp-ea-single>.ea-header a {background: #ffffff;}#sp-ea-1629.sp-easy-accordion>.sp-ea-single.ea-expand>.ea-header a {background: #ffffff;}#sp-ea-1629.sp-easy-accordion>.sp-ea-single>.ea-header:hover a {background: #ffffff;}#sp-ea-1629.sp-easy-accordion>.sp-ea-single>.ea-header a .eap-title-icon { color: #dd3333;font-size: 20px;} #sp-ea-1629.sp-easy-accordion>.sp-ea-single>.ea-header a .eap-title-custom-icon {max-width: 20px;}#sp-ea-1629.sp-easy-accordion>.sp-ea-single>.ea-header:hover a .eap-title-icon {color: #dd3333;}#sp-ea-1629.sp-easy-accordion>.sp-ea-single.ea-expand>.ea-header a .eap-title-icon {color: #dd3333;}#sp-ea-1629.sp-easy-accordion>.sp-ea-single>.ea-header a {padding: 15px 15px 15px 15px; color: #444; font-size: 20px; line-height: 30px; text-align: left; letter-spacing: 0px; text-transform: none;}#sp-ea-1629.sp-easy-accordion>.sp-ea-single>.ea-header:hover a {color: #444;}#sp-ea-1629.sp-easy-accordion>.sp-ea-single.ea-expand>.ea-header a {color: #444;}#sp-ea-1629.sp-easy-accordion>.sp-ea-single>.sp-collapse>.ea-body p,#sp-ea-1629.sp-easy-accordion>.sp-ea-single>.sp-collapse>.ea-body{background: #fff; padding: 15px 15px 15px 15px; border-radius: 0 0 0 0; color: #444; font-size: 16px; text-align: left; letter-spacing: 0px; line-height: 26px; animation-delay: 200ms; text-transform: none;}#sp-ea-1629.sp-easy-accordion>.sp-ea-single>.ea-header a .ea-expand-icon.fa:before {color: #ffffff; font-size: 16px; font-style: normal;}#sp-ea-1629.sp-easy-accordion>.sp-ea-single>.ea-header:hover a .ea-expand-icon.fa:before {color: #ffffff;}#sp-ea-1629.sp-easy-accordion>.sp-ea-single.ea-expand>.ea-header a .ea-expand-icon.fa:before {color: #ffffff;}#sp-ea-1629.sp-easy-accordion>.sp-ea-single>.ea-header a {border-radius: 0;}#sp-ea-1629.sp-easy-accordion>.sp-ea-single>.ea-header a .sp-numbering .ea-expand-icon {background: none;}#sp-ea-1629.sp-easy-accordion>.sp-ea-single>.ea-header a .sp-numbering {background: #2f65b0; color: #ffffff; line-height: 56px;}#sp-ea-1629.sp-easy-accordion>.sp-ea-single>.ea-header:hover a .sp-numbering {background: #2f65b0; color: #ffffff;}#sp-ea-1629.sp-easy-accordion>.sp-ea-single.ea-expand>.ea-header a .sp-numbering {background: #2f65b0; color: #ffffff;}#sp-ea-1629.sp-easy-accordion>.sp-ea-single{background: none; overflow: visible;}#sp-ea-1629.sp-easy-accordion>.sp-ea-single>.ea-header a .sp-numbering {line-height: 60px; color: #ffffff; background: #2f65b0; top: 0;}#sp-ea-1629.sp-easy-accordion>.sp-ea-single>.ea-header:hover a .sp-numbering {color: #ffffff; background: #2f65b0;}#sp-ea-1629.sp-easy-accordion>.sp-ea-single.ea-expand>.ea-header a .sp-numbering {color: #ffffff; background: #2f65b0;}#sp-ea-1629 #eap_faq_search_bar_container {display:none; opacity:0;}#sp-ea-1629 #eap_faq_search_bar_container span::before{content:\"\";}#sp-ea-1629.sp-easy-accordion>.sp-ea-single>.sp-collapse>.ea-body p{ padding:0px}#sp-ea-1629>.sp-ea-single>.sp-collapse>.ea-body .eap-product-price {color: #444;}#sp-ea-1629.sp-easy-accordion>.sp-ea-single>.sp-collapse>.ea-body .eap-product-price del{color: rgba(68,68,68,0.71);}#sp-ea-1629.sp-easy-accordion>.sp-ea-single>.sp-collapse>.ea-body .eap-product-cart-button .woocommerce a { border: 1px solid #DAD6DA;border-radius: 2px;background-color: transparent;color: #444;}#sp-ea-1629.sp-easy-accordion>.sp-ea-single>.sp-collapse>.ea-body .eap-product-cart-button .woocommerce a:hover { border-color: #444;background-color: #444;color: #fff;}#sp-ea-1629.sp-easy-accordion>.sp-ea-single>>.sp-collapse>.ea-body .eap-product-cart-button .eap-product-quantity .eap_input_text {border: 1px solid #DAD6DA;}#sp-ea-1629.sp-easy-accordion>.sp-ea-single>.sp-collapse>.ea-body .eap-product-cart-button a.add_to_cart_button{position: relative;}<\/style><div id=\"sp-eap-accordion-section-1629\" class=\"sp-eap-container\"><div id=\"sp-ea-1629\" class=\"sp-ea-fourteen sp-ea-thirteen sp-easy-accordion \" data-ex-icon=\"fa-chevron-right\" data-col-icon=\"fa-chevron-down\" data-ea-active=\"ea-hover\" data-ea-mode=\"vertical\" data-ea-multi-column=\"\" data-ea-coll=\"\" data-keep-accordion=\"\" data-autoclose=\"\" data-preloader=\"\" data-scroll-active-item=\"\" data-offset-to-scroll=\"0\" data-autoplaytime=\"3000\" data-expand=\"\" data-post-id=\"1629\" data-accordion_mode=\"ea-all-close\">\t<div class=\"ea-card  sp-ea-single\"  data-accordion-id= \"0\">\n\n\t\t<h2 class=\"ea-header\">\n\t\t\t<a class=\"collapsed\" data-sptoggle=\"spcollapse\" rel=\"nofollow\" data-sptarget=\"#collapse16290\" href=\"#\" data-title=\"efaq-dois-je-mettre-des-qr-codes\" aria-expanded=\"false\">\n\t\t\t\t<span class=\"sp-numbering\"> <i class=\"ea-expand-icon fa fa-chevron-down\"><\/i> <\/span>  Dois-je mettre des QR-codes ?\t\t\t<\/a>\n\t\t<\/h2>\n\n\t\t<div class=\"sp-collapse spcollapse spcollapse\" id=\"collapse16290\" data-parent=\"#sp-ea-1629\">\n\t\t<div class=\"ea-body\"> \n<div class=\"ea-content-wrapper animated fadeIn\"> \n\t<p><span style=\"color: #0000ff;\"><span style=\"color: #333333;\"><strong>ESOMUS<\/strong> vous laisse le choix, mais pour \u00eatre encore plus efficace dans le traitement des donn\u00e9es, la gestion et le suivi, nous vous conseillons de placer les QR-codes.<br \/>\nPar smartphone, scannez le qr-code pour <a href=\"http:\/\/esomus.com\/index.php\/anomalies\/\" target=\"_blank\" rel=\"noopener\">d\u00e9clarer une anomalie<\/a> pr\u00e9cise sur un \u00e9quipement\u00a0 d\u00e9fectueux.<br \/>\nP<\/span><\/span><span style=\"color: #0000ff;\"><span style=\"color: #333333;\">ar tablette, vous pourrez suivre <\/span><\/span><a href=\"http:\/\/esomus.com\/index.php\/cadastre\/\" target=\"_blank\" rel=\"noopener\">l'ensemble de vos \u00e9quipements<\/a>, connaitre le statut, savoir s'il est en\u00a0 cours de contr\u00f4le, mais aussi d\u2019<a href=\"http:\/\/esomus.com\/index.php\/documents\/\" target=\"_blank\" rel=\"noopener\">acc\u00e9der aux documents<\/a>, derniers rapports, derni\u00e8res maintenances...<\/p>\n<\/div>\n<\/div>\n\t\t\t<\/div>\n\t<\/div>\n\t\t<div class=\"ea-card  sp-ea-single\"  data-accordion-id= \"1\">\n\n\t\t<h2 class=\"ea-header\">\n\t\t\t<a class=\"collapsed\" data-sptoggle=\"spcollapse\" rel=\"nofollow\" data-sptarget=\"#collapse16291\" href=\"#\" data-title=\"efaq-combien-de-temps-dure-un-qr-code\" aria-expanded=\"false\">\n\t\t\t\t<span class=\"sp-numbering\"> <i class=\"ea-expand-icon fa fa-chevron-down\"><\/i> <\/span>  Combien de temps dure un QR-code ?\t\t\t<\/a>\n\t\t<\/h2>\n\n\t\t<div class=\"sp-collapse spcollapse spcollapse\" id=\"collapse16291\" data-parent=\"#sp-ea-1629\">\n\t\t<div class=\"ea-body\"> \n<div class=\"ea-content-wrapper animated fadeIn\"> \n\t<p>Avec notre partenaire, nous pouvons fournir des QR-code sp\u00e9cifiques selon votre secteur d'activit\u00e9.<br \/>\nEn cas de doute sur la long\u00e9vit\u00e9 des QR-codes, veuillez nous contacter.<\/p>\n<\/div>\n<\/div>\n\t\t\t<\/div>\n\t<\/div>\n\t\t<div class=\"ea-card  sp-ea-single\"  data-accordion-id= \"2\">\n\n\t\t<h2 class=\"ea-header\">\n\t\t\t<a class=\"collapsed\" data-sptoggle=\"spcollapse\" rel=\"nofollow\" data-sptarget=\"#collapse16292\" href=\"#\" data-title=\"efaq-puis-je-imprimer-moi-meme-mes-qr-codes\" aria-expanded=\"false\">\n\t\t\t\t<span class=\"sp-numbering\"> <i class=\"ea-expand-icon fa fa-chevron-down\"><\/i> <\/span>  Puis-je imprimer moi-m\u00eame mes QR-codes ?\t\t\t<\/a>\n\t\t<\/h2>\n\n\t\t<div class=\"sp-collapse spcollapse spcollapse\" id=\"collapse16292\" data-parent=\"#sp-ea-1629\">\n\t\t<div class=\"ea-body\"> \n<div class=\"ea-content-wrapper animated fadeIn\"> \n\t<p>Oui, mais<strong><em>, <\/em><\/strong><strong>ESOMUS<\/strong>, ne sera pas responsable de la long\u00e9vit\u00e9 et de la qualit\u00e9 des QR-codes imprim\u00e9s.<br \/>\nNous vous conseillons d\u00e8s lors, de contacter un fournisseur sp\u00e9cialis\u00e9, qui pourra vous informer sur la qualit\u00e9, long\u00e9vit\u00e9 par rapport \u00e0 vos besoins...<\/p>\n<\/div>\n<\/div>\n\t\t\t<\/div>\n\t<\/div>\n\t<\/div><\/div>\n\n\n\n\n\n<div class=\"wp-block-button alignright\"><a class=\"wp-block-button__link has-text-color has-background\" href=\"https:\/\/www.esomus.com\" style=\"background-color:#2f65b0;color:#ffffff\">Retour accueil<\/a><\/div>\n","protected":false},"excerpt":{"rendered":"<p>Vos \u00e9quipements suivis par les QR codes pour plus d&#8217;efficacit\u00e9 sur le terrain A tout moment, avec votre tablette, votre smartphone vous pourrez, en scannant le QR-code, encoder une anomalie de l&#8217;\u00e9quipement d\u00e9fectueux.Avec votre tablette et un acc\u00e8s valide, en scannant le QR-code, ESOMUS vous montrera \u00e9galement l&#8217;historique, les derniers rapports, les proc\u00e9dures, les fiches,&hellip; <br \/> <a class=\"read-more\" href=\"https:\/\/esomus.com\/index.php\/qr-codes\/\">Lire la suite<\/a><\/p>\n","protected":false},"author":1,"featured_media":0,"parent":0,"menu_order":0,"comment_status":"closed","ping_status":"closed","template":"","meta":{"_seopress_robots_primary_cat":"","_seopress_titles_title":"","_seopress_titles_desc":"","_seopress_robots_index":"","_themeisle_gutenberg_block_has_review":false,"footnotes":""},"class_list":["post-1620","page","type-page","status-publish","hentry"],"jetpack_sharing_enabled":true,"_links":{"self":[{"href":"https:\/\/esomus.com\/index.php\/wp-json\/wp\/v2\/pages\/1620","targetHints":{"allow":["GET"]}}],"collection":[{"href":"https:\/\/esomus.com\/index.php\/wp-json\/wp\/v2\/pages"}],"about":[{"href":"https:\/\/esomus.com\/index.php\/wp-json\/wp\/v2\/types\/page"}],"author":[{"embeddable":true,"href":"https:\/\/esomus.com\/index.php\/wp-json\/wp\/v2\/users\/1"}],"replies":[{"embeddable":true,"href":"https:\/\/esomus.com\/index.php\/wp-json\/wp\/v2\/comments?post=1620"}],"version-history":[{"count":17,"href":"https:\/\/esomus.com\/index.php\/wp-json\/wp\/v2\/pages\/1620\/revisions"}],"predecessor-version":[{"id":4303,"href":"https:\/\/esomus.com\/index.php\/wp-json\/wp\/v2\/pages\/1620\/revisions\/4303"}],"wp:attachment":[{"href":"https:\/\/esomus.com\/index.php\/wp-json\/wp\/v2\/media?parent=1620"}],"curies":[{"name":"wp","href":"https:\/\/api.w.org\/{rel}","templated":true}]}}