{"id":1563,"date":"2019-09-07T08:01:37","date_gmt":"2019-09-07T06:01:37","guid":{"rendered":"http:\/\/esomus.com\/?page_id=1563"},"modified":"2019-10-21T14:20:19","modified_gmt":"2019-10-21T12:20:19","slug":"anomalies","status":"publish","type":"page","link":"https:\/\/esomus.com\/index.php\/anomalies\/","title":{"rendered":"Anomalies"},"content":{"rendered":"\n<h2 style=\"text-align:center\" class=\"ticss-2aaa1780 wp-block-heading\"> <strong>Partout, encodez et suivez<br>l&#8217;ensemble des anomalies en direct &#8230;<\/strong> <\/h2>\n\n\n\n<figure><div id=\"metaslider-id-2986\" style=\"width: 100%;\" class=\"ml-slider-3-107-0 metaslider metaslider-flex metaslider-2986 ml-slider has-dots-nav ms-theme-default\" role=\"region\" aria-label=\"anomalies\" data-height=\"300\" data-width=\"700\">\n    <div id=\"metaslider_container_2986\">\n        <div id=\"metaslider_2986\">\n            <ul class='slides'>\n                <li style=\"display: block; width: 100%;\" class=\"slide-2993 ms-image \" aria-roledescription=\"slide\" data-date=\"2019-09-20 10:45:29\" data-filename=\"road-414462_1280-700x300.jpg\" data-slide-type=\"image\"><img data-recalc-dims=\"1\" loading=\"lazy\" decoding=\"async\" src=\"https:\/\/i0.wp.com\/esomus.com\/wp-content\/uploads\/2019\/09\/road-414462_1280.jpg?resize=700%2C300&#038;ssl=1\" height=\"300\" width=\"700\" alt=\"J&#039;ai trouv\u00e9 une anomalie ...\" class=\"slider-2986 slide-2993 msDefaultImage\" title=\"J&#039;ai trouv\u00e9 une anomalie ...\" \/><div class=\"caption-wrap\"><div class=\"caption\">J'ai trouv\u00e9 une anomalie<\/div><\/div><\/li>\n                <li style=\"display: none; width: 100%;\" class=\"slide-2992 ms-image \" aria-roledescription=\"slide\" data-date=\"2019-09-20 10:45:28\" data-filename=\"road-1892348_1280-700x300.jpg\" data-slide-type=\"image\"><img data-recalc-dims=\"1\" loading=\"lazy\" decoding=\"async\" src=\"https:\/\/i0.wp.com\/esomus.com\/wp-content\/uploads\/2019\/09\/road-1892348_1280.jpg?resize=700%2C300&#038;ssl=1\" height=\"300\" width=\"700\" alt=\"Mon chantier est en cours ...\" class=\"slider-2986 slide-2992 msDefaultImage\" title=\"Mon chantier est en cours ...\" \/><div class=\"caption-wrap\"><div class=\"caption\">Mon chantier est en cours<\/div><\/div><\/li>\n                <li style=\"display: none; width: 100%;\" class=\"slide-2994 ms-image \" aria-roledescription=\"slide\" data-date=\"2019-09-20 10:45:29\" data-filename=\"california-210913_1280-700x300.jpg\" data-slide-type=\"image\"><img data-recalc-dims=\"1\" loading=\"lazy\" decoding=\"async\" src=\"https:\/\/i0.wp.com\/esomus.com\/wp-content\/uploads\/2019\/09\/california-210913_1280.jpg?resize=700%2C300&#038;ssl=1\" height=\"300\" width=\"700\" alt=\"Fin de l&#039;anomalie et de mon chantier !!!\" class=\"slider-2986 slide-2994 msDefaultImage\" title=\"Fin de l&#039;anomalie et de mon chantier !!!\" \/><div class=\"caption-wrap\"><div class=\"caption\">Fin de l'anomalie et de mon chantier<\/div><\/div><\/li>\n            <\/ul>\n        <\/div>\n        \n    <\/div>\n<\/div><\/figure>\n\n\n\n<h2 class=\"wp-block-heading\" style=\"text-align:center\">Encodez les probl\u00e8mes quotidiens<\/h2>\n\n\n\n<p style=\"text-align:center\" class=\"has-medium-font-size\">A tout moment, encodez un probl\u00e8me constat\u00e9, que ce soit \u00e0 partir de <a href=\"http:\/\/newsite.ESOMUS.com\/index.php\/temps-reel\/\">votre smartphone, d&#8217;une tablette<\/a>, sur votre PC. Que vous soyez chef de service ou technicien, soyez acteur de votre s\u00e9curit\u00e9 et signalez toute anomalie constat\u00e9e.<\/p>\n\n\n\n<h2 class=\"wp-block-heading\" style=\"text-align:center\">Prenez la bonne d\u00e9cision pour traiter les probl\u00e8mes<\/h2>\n\n\n\n<p style=\"text-align:center\" class=\"has-medium-font-size\"><br><strong>L&#8217;anomalie sera plac\u00e9e dans ESOMUS<\/strong> et arrivera dans le <a rel=\"noreferrer noopener\" aria-label=\"tableau de bord (s\u2019ouvre dans un nouvel onglet)\" href=\"http:\/\/newsite.ESOMUS.com\/index.php\/temps-reel\/\" target=\"_blank\">tableau de bord<\/a> du responsable, selon la famille \u00e0 laquelle appartient <a rel=\"noreferrer noopener\" aria-label=\"l'\u00e9quipement (s\u2019ouvre dans un nouvel onglet)\" href=\"http:\/\/newsite.ESOMUS.com\/index.php\/cadastre\/\" target=\"_blank\">l&#8217;\u00e9quipement<\/a> incrimin\u00e9. Ainsi, il aura une vue d&#8217;ensemble des anomalies, <br>qu&#8217;elles soient li\u00e9es au type d&#8217;\u00e9quipements ou \u00e0 l&#8217;endroit o\u00f9 ils se trouvent.<\/p>\n\n\n\n<h2 class=\"wp-block-heading\" style=\"text-align:center\">Mettez en place les actions n\u00e9cessaires<\/h2>\n\n\n\n<p style=\"text-align:center\" class=\"has-medium-font-size\"> Le responsable pourra prendre en charge l&#8217;anomalie et mettre en place une action correctrice <br><strong>\u00e0 r\u00e9aliser selon le degr\u00e9 d&#8217;urgence ou de priorit\u00e9<\/strong>. <br>Selon les imp\u00e9ratifs li\u00e9s aux risques, \u00e0 l&#8217;entreprise et aux besoins, selon la priorit\u00e9 et l&#8217;urgence, il attribuera cette nouvelle action aux personnes sp\u00e9cialis\u00e9es pour la r\u00e9soudre. Il pourra ainsi g\u00e9rer le planning de son \u00e9quipe.<\/p>\n\n\n\n\n\n\n\n\n<style id=\"ea_dynamic_css1566\">#sp-ea-1566 .spcollapsing{height: 0; overflow: hidden; transition-property: height; transition-duration: 10ms;}#sp-ea-1566.sp-easy-accordion>.sp-ea-single.eap_inactive>.ea-header a {background-color: #bb0000 !important; color: #fff !important;}#sp-ea-1566.sp-easy-accordion>.sp-ea-single{ margin-bottom: 10px; border: 1px none #2f65b0; border-radius: 0;}#sp-ea-1566.sp-easy-accordion>.sp-ea-single.ea-expand{ border-color: #2f65b0;}#sp-ea-1566.sp-easy-accordion>.sp-ea-single:hover{ border-color: #2f65b0;}#sp-ea-1566.sp-easy-accordion>.sp-ea-single>.ea-header a {background: #ffffff;}#sp-ea-1566.sp-easy-accordion>.sp-ea-single.ea-expand>.ea-header a {background: #ffffff;}#sp-ea-1566.sp-easy-accordion>.sp-ea-single>.ea-header:hover a {background: #ffffff;}#sp-ea-1566.sp-easy-accordion>.sp-ea-single>.ea-header a .eap-title-icon { color: #dd3333;font-size: 20px;} #sp-ea-1566.sp-easy-accordion>.sp-ea-single>.ea-header a .eap-title-custom-icon {max-width: 20px;}#sp-ea-1566.sp-easy-accordion>.sp-ea-single>.ea-header:hover a .eap-title-icon {color: #dd3333;}#sp-ea-1566.sp-easy-accordion>.sp-ea-single.ea-expand>.ea-header a .eap-title-icon {color: #dd3333;}#sp-ea-1566.sp-easy-accordion>.sp-ea-single>.ea-header a {padding: 15px 15px 15px 15px; color: #444; font-size: 20px; line-height: 30px; text-align: left; letter-spacing: 0px; text-transform: none;}#sp-ea-1566.sp-easy-accordion>.sp-ea-single>.ea-header:hover a {color: #444;}#sp-ea-1566.sp-easy-accordion>.sp-ea-single.ea-expand>.ea-header a {color: #444;}#sp-ea-1566.sp-easy-accordion>.sp-ea-single>.sp-collapse>.ea-body p,#sp-ea-1566.sp-easy-accordion>.sp-ea-single>.sp-collapse>.ea-body{background: #fff; padding: 15px 15px 15px 15px; border-radius: 0 0 0 0; color: #444; font-size: 16px; text-align: left; letter-spacing: 0px; line-height: 26px; animation-delay: 200ms; text-transform: none;}#sp-ea-1566.sp-easy-accordion>.sp-ea-single>.ea-header a .ea-expand-icon.fa:before {color: #ffffff; font-size: 16px; font-style: normal;}#sp-ea-1566.sp-easy-accordion>.sp-ea-single>.ea-header:hover a .ea-expand-icon.fa:before {color: #ffffff;}#sp-ea-1566.sp-easy-accordion>.sp-ea-single.ea-expand>.ea-header a .ea-expand-icon.fa:before {color: #ffffff;}#sp-ea-1566.sp-easy-accordion>.sp-ea-single>.ea-header a {border-radius: 0;}#sp-ea-1566.sp-easy-accordion>.sp-ea-single>.ea-header a .sp-numbering .ea-expand-icon {background: none;}#sp-ea-1566.sp-easy-accordion>.sp-ea-single>.ea-header a .sp-numbering {background: #2f65b0; color: #ffffff; line-height: 56px;}#sp-ea-1566.sp-easy-accordion>.sp-ea-single>.ea-header:hover a .sp-numbering {background: #2f65b0; color: #ffffff;}#sp-ea-1566.sp-easy-accordion>.sp-ea-single.ea-expand>.ea-header a .sp-numbering {background: #2f65b0; color: #ffffff;}#sp-ea-1566.sp-easy-accordion>.sp-ea-single{background: none; overflow: visible;}#sp-ea-1566.sp-easy-accordion>.sp-ea-single>.ea-header a .sp-numbering {line-height: 60px; color: #ffffff; background: #2f65b0; top: 0;}#sp-ea-1566.sp-easy-accordion>.sp-ea-single>.ea-header:hover a .sp-numbering {color: #ffffff; background: #2f65b0;}#sp-ea-1566.sp-easy-accordion>.sp-ea-single.ea-expand>.ea-header a .sp-numbering {color: #ffffff; background: #2f65b0;}#sp-ea-1566 #eap_faq_search_bar_container {display:none; opacity:0;}#sp-ea-1566 #eap_faq_search_bar_container span::before{content:\"\";}#sp-ea-1566.sp-easy-accordion>.sp-ea-single>.sp-collapse>.ea-body p{ padding:0px}#sp-ea-1566>.sp-ea-single>.sp-collapse>.ea-body .eap-product-price {color: #444;}#sp-ea-1566.sp-easy-accordion>.sp-ea-single>.sp-collapse>.ea-body .eap-product-price del{color: rgba(68,68,68,0.71);}#sp-ea-1566.sp-easy-accordion>.sp-ea-single>.sp-collapse>.ea-body .eap-product-cart-button .woocommerce a { border: 1px solid #DAD6DA;border-radius: 2px;background-color: transparent;color: #444;}#sp-ea-1566.sp-easy-accordion>.sp-ea-single>.sp-collapse>.ea-body .eap-product-cart-button .woocommerce a:hover { border-color: #444;background-color: #444;color: #fff;}#sp-ea-1566.sp-easy-accordion>.sp-ea-single>>.sp-collapse>.ea-body .eap-product-cart-button .eap-product-quantity .eap_input_text {border: 1px solid #DAD6DA;}#sp-ea-1566.sp-easy-accordion>.sp-ea-single>.sp-collapse>.ea-body .eap-product-cart-button a.add_to_cart_button{position: relative;}<\/style><div id=\"sp-eap-accordion-section-1566\" class=\"sp-eap-container\"><div id=\"sp-ea-1566\" class=\"sp-ea-fourteen sp-ea-thirteen sp-easy-accordion \" data-ex-icon=\"fa-chevron-right\" data-col-icon=\"fa-chevron-down\" data-ea-active=\"ea-hover\" data-ea-mode=\"vertical\" data-ea-multi-column=\"\" data-ea-coll=\"\" data-keep-accordion=\"\" data-autoclose=\"\" data-preloader=\"\" data-scroll-active-item=\"\" data-offset-to-scroll=\"0\" data-autoplaytime=\"3000\" data-expand=\"\" data-post-id=\"1566\" >\t<div class=\"ea-card  sp-ea-single\"  data-accordion-id= \"0\">\n\n\t\t<h2 class=\"ea-header\">\n\t\t\t<a class=\"collapsed\" data-sptoggle=\"spcollapse\" rel=\"nofollow\" data-sptarget=\"#collapse15660\" href=\"#\" data-title=\"efaq-comment-jencode-une-anomalie\" aria-expanded=\"false\">\n\t\t\t\t<span class=\"sp-numbering\"> <i class=\"ea-expand-icon fa fa-chevron-down\"><\/i> <\/span>  Comment j'encode une anomalie ?\t\t\t<\/a>\n\t\t<\/h2>\n\n\t\t<div class=\"sp-collapse spcollapse spcollapse\" id=\"collapse15660\" data-parent=\"#sp-ea-1566\">\n\t\t<div class=\"ea-body\"> \n<div class=\"ea-content-wrapper animated fadeIn\"> \n\t<p><span style=\"color: #000000;\">Par smartphone, par tablette ou pc.<\/span><br \/>\n<span style=\"color: #000000;\"><strong>ESOMUS<\/strong> centralise, l'ensemble de vos anomalies ;\u00a0<a href=\"http:\/\/esomus.com\/index.php\/dashboard\/\" target=\"_blank\" rel=\"noopener\">Vos responsables analysent les anomalies rentrantes<\/a>, les priorisent et les distribuent en t\u00e2ches,\u00a0 en fonction de l'urgence et\/ou de la gravit\u00e9.<\/span><br \/>\n<span style=\"color: #000000;\">Elle seront transform\u00e9es en t\u00e2ches ou actions, et au besoin elles pourront \u00eatre programm\u00e9es.<\/span><br \/>\n<span style=\"color: #000000;\">Ensuite, comme toutes les t\u00e2ches ou actions, elles seront suivies en <a style=\"color: #000000;\" href=\"http:\/\/esomus.com\/index.php\/temps-reel\/\" target=\"_blank\" rel=\"noopener\">temps r\u00e9el<\/a>.<\/span><\/p>\n<\/div>\n<\/div>\n\t\t\t<\/div>\n\t<\/div>\n\t\t<div class=\"ea-card  sp-ea-single\"  data-accordion-id= \"1\">\n\n\t\t<h2 class=\"ea-header\">\n\t\t\t<a class=\"collapsed\" data-sptoggle=\"spcollapse\" rel=\"nofollow\" data-sptarget=\"#collapse15661\" href=\"#\" data-title=\"efaq-comment-pourrais-je-savoir-si-mon-anomalie-est-prise-en-charge\" aria-expanded=\"false\">\n\t\t\t\t<span class=\"sp-numbering\"> <i class=\"ea-expand-icon fa fa-chevron-down\"><\/i> <\/span>  Comment pourrais-je savoir si mon anomalie est prise en charge ?\t\t\t<\/a>\n\t\t<\/h2>\n\n\t\t<div class=\"sp-collapse spcollapse spcollapse\" id=\"collapse15661\" data-parent=\"#sp-ea-1566\">\n\t\t<div class=\"ea-body\"> \n<div class=\"ea-content-wrapper animated fadeIn\"> \n\t<p>De partout avec un acc\u00e8s valide, vous pourrez connaitre le statut de votre anomalie.<br \/>\nVous pourrez savoir si cette anomalie a \u00e9t\u00e9 transform\u00e9e en t\u00e2che, voir si elle vous a \u00e9t\u00e9 attribu\u00e9e via votre <a href=\"http:\/\/esomus.com\/index.php\/dashboard\/\" target=\"_blank\" rel=\"noopener\">dashboard<\/a> et aussi ce qu'il reste \u00e0 faire dans la liste de vos t\u00e2ches...<\/p>\n<\/div>\n<\/div>\n\t\t\t<\/div>\n\t<\/div>\n\t\t<div class=\"ea-card  sp-ea-single\"  data-accordion-id= \"2\">\n\n\t\t<h2 class=\"ea-header\">\n\t\t\t<a class=\"collapsed\" data-sptoggle=\"spcollapse\" rel=\"nofollow\" data-sptarget=\"#collapse15662\" href=\"#\" data-title=\"efaq-mon-sous-traitant-peut-il-encoder-une-anomalie\" aria-expanded=\"false\">\n\t\t\t\t<span class=\"sp-numbering\"> <i class=\"ea-expand-icon fa fa-chevron-down\"><\/i> <\/span>  Mon sous-traitant peut-il encoder une anomalie ?\t\t\t<\/a>\n\t\t<\/h2>\n\n\t\t<div class=\"sp-collapse spcollapse spcollapse\" id=\"collapse15662\" data-parent=\"#sp-ea-1566\">\n\t\t<div class=\"ea-body\"> \n<div class=\"ea-content-wrapper animated fadeIn\"> \n\t<p><span style=\"color: #000000;\">Bien sur que oui, c'est le but d'<strong>ESOMUS<\/strong> : r\u00e9duire les risques.<\/span><br \/>\n<span style=\"color: #000000;\"><a href=\"http:\/\/esomus.com\/index.php\/sous-traitants\/\" target=\"_blank\" rel=\"noopener\">Vous fournissez un acc\u00e8s \u00e0 votre ESOMUS<\/a>, ainsi, comme tout utilisateur interne, il pourra encoder une anomalie en direct.<\/span><\/p>\n<\/div>\n<\/div>\n\t\t\t<\/div>\n\t<\/div>\n\t<\/div><\/div>\n\n\n\n\n\n<div class=\"wp-block-button alignright\"><a class=\"wp-block-button__link has-text-color has-background\" href=\"https:\/\/www.esomus.com\" style=\"background-color:#2f65b0;color:#ffffff\">Retour accueil<\/a><\/div>\n","protected":false},"excerpt":{"rendered":"<p>Partout, encodez et suivezl&#8217;ensemble des anomalies en direct &#8230; Encodez les probl\u00e8mes quotidiens A tout moment, encodez un probl\u00e8me constat\u00e9, que ce soit \u00e0 partir de votre smartphone, d&#8217;une tablette, sur votre PC. Que vous soyez chef de service ou technicien, soyez acteur de votre s\u00e9curit\u00e9 et signalez toute anomalie constat\u00e9e. Prenez la bonne d\u00e9cision&hellip; <br \/> <a class=\"read-more\" href=\"https:\/\/esomus.com\/index.php\/anomalies\/\">Lire la suite<\/a><\/p>\n","protected":false},"author":1,"featured_media":0,"parent":0,"menu_order":0,"comment_status":"closed","ping_status":"closed","template":"","meta":{"_seopress_robots_primary_cat":"","_seopress_titles_title":"A tout moment,  vous pouvez en temps r\u00e9el avec votre tablette, votre smartphone  encodez une anomalie ","_seopress_titles_desc":"L&#039;anomalie sera placer dans ESOMUS, le responsable pourra la prendre en charge et modifier cette anomalie en t\u00e2che et\/ou en action \u00e0 r\u00e9alis\u00e9 selon le degr\u00e9 d&#039;urgence ou de priorit\u00e9. \r\nLe responsable attribuera cette nouvelle t\u00e2che \/ action aux personnes sp\u00e9cialis\u00e9es pour en faire la r\u00e9paration, le suivi selon les imp\u00e9ratifs li\u00e9s aux risques, \u00e0 l&#039;entreprise selon la priorit\u00e9, son urgence et\/ou au besoin, de la programmer. ","_seopress_robots_index":"","_themeisle_gutenberg_block_has_review":false,"footnotes":""},"class_list":["post-1563","page","type-page","status-publish","hentry"],"jetpack_sharing_enabled":true,"_links":{"self":[{"href":"https:\/\/esomus.com\/index.php\/wp-json\/wp\/v2\/pages\/1563","targetHints":{"allow":["GET"]}}],"collection":[{"href":"https:\/\/esomus.com\/index.php\/wp-json\/wp\/v2\/pages"}],"about":[{"href":"https:\/\/esomus.com\/index.php\/wp-json\/wp\/v2\/types\/page"}],"author":[{"embeddable":true,"href":"https:\/\/esomus.com\/index.php\/wp-json\/wp\/v2\/users\/1"}],"replies":[{"embeddable":true,"href":"https:\/\/esomus.com\/index.php\/wp-json\/wp\/v2\/comments?post=1563"}],"version-history":[{"count":40,"href":"https:\/\/esomus.com\/index.php\/wp-json\/wp\/v2\/pages\/1563\/revisions"}],"predecessor-version":[{"id":4557,"href":"https:\/\/esomus.com\/index.php\/wp-json\/wp\/v2\/pages\/1563\/revisions\/4557"}],"wp:attachment":[{"href":"https:\/\/esomus.com\/index.php\/wp-json\/wp\/v2\/media?parent=1563"}],"curies":[{"name":"wp","href":"https:\/\/api.w.org\/{rel}","templated":true}]}}